{"id":2644,"date":"2022-10-24T03:33:30","date_gmt":"2022-10-24T03:33:30","guid":{"rendered":"https:\/\/aircraftrecovery.com\/?page_id=2644"},"modified":"2026-02-17T14:42:08","modified_gmt":"2026-02-17T22:42:08","slug":"about-ams-aircraft-recovery","status":"publish","type":"page","link":"https:\/\/aircraftrecovery.com\/de\/about-ams-aircraft-recovery\/","title":{"rendered":"\u00dcber"},"content":{"rendered":"<div data-elementor-type=\"wp-page\" data-elementor-id=\"2644\" class=\"elementor elementor-2644\" data-elementor-post-type=\"page\">\n\t\t\t\t\t\t<section class=\"elementor-section elementor-top-section elementor-element elementor-element-b302906 elementor-section-boxed elementor-section-height-default elementor-section-height-default\" data-id=\"b302906\" data-element_type=\"section\" data-e-type=\"section\">\n\t\t\t\t\t\t<div class=\"elementor-container elementor-column-gap-default\">\n\t\t\t\t\t<div class=\"elementor-column elementor-col-100 elementor-top-column elementor-element elementor-element-e5cb2f5\" data-id=\"e5cb2f5\" data-element_type=\"column\" data-e-type=\"column\">\n\t\t\t<div class=\"elementor-widget-wrap elementor-element-populated\">\n\t\t\t\t\t\t<div class=\"elementor-element elementor-element-d797e3d elementor-widget elementor-widget-spacer\" data-id=\"d797e3d\" data-element_type=\"widget\" data-e-type=\"widget\" data-widget_type=\"spacer.default\">\n\t\t\t\t<div class=\"elementor-widget-container\">\n\t\t\t\t\t\t\t<div class=\"elementor-spacer\">\n\t\t\t<div class=\"elementor-spacer-inner\"><\/div>\n\t\t<\/div>\n\t\t\t\t\t\t<\/div>\n\t\t\t\t<\/div>\n\t\t\t\t<div class=\"elementor-element elementor-element-1003f83 elementor-widget elementor-widget-heading\" data-id=\"1003f83\" data-element_type=\"widget\" data-e-type=\"widget\" data-widget_type=\"heading.default\">\n\t\t\t\t<div class=\"elementor-widget-container\">\n\t\t\t\t\t<h2 class=\"elementor-heading-title elementor-size-default\">\u00dcber AMS Aircraft Recovery<\/h2>\t\t\t\t<\/div>\n\t\t\t\t<\/div>\n\t\t\t\t<div class=\"elementor-element elementor-element-835465e elementor-widget elementor-widget-text-editor\" data-id=\"835465e\" data-element_type=\"widget\" data-e-type=\"widget\" data-widget_type=\"text-editor.default\">\n\t\t\t\t<div class=\"elementor-widget-container\">\n\t\t\t\t\t\t\t\t\t<p><span style=\"font-weight: 400;\">Seit unserer Gr\u00fcndung im Jahr 1988 bietet AMS der weltweiten Luftfahrtgemeinschaft innovative und robuste L\u00f6sungen f\u00fcr Flugzeugabsturz-Bergungen und -Szenarien.\u00a0<\/span><\/p><p><span style=\"font-weight: 400;\">Im Laufe der Jahre haben wir uns zum f\u00fchrenden Anbieter von CDDAR-Ausr\u00fcstung (Crash Damaged &amp; Disabled Aircraft Recovery) f\u00fcr das Milit\u00e4r und zu einem vertrauensw\u00fcrdigen Zulieferer und Partner f\u00fcr Verkehrsflugh\u00e4fen und Fluggesellschaften in aller Welt entwickelt.<\/span><\/p><p><span style=\"font-weight: 400;\">In all den Jahren unserer Gesch\u00e4ftst\u00e4tigkeit haben wir uns von unseren Prinzipien leiten lassen:<\/span><\/p><ul><li><span style=\"font-weight: 400;\">Mit Ehrlichkeit und Integrit\u00e4t mit unseren Kunden zusammenzuarbeiten und gemeinsam L\u00f6sungen zu finden, die technisch solide und sicher f\u00fcr das Personal sind und einen au\u00dfergew\u00f6hnlichen Wert bieten.<\/span><\/li><li style=\"font-weight: 400;\" aria-level=\"1\"><span style=\"font-weight: 400;\">Stets die Sicherheits- und technischen Standards einhalten, einschlie\u00dflich der von den Flugzeugherstellern bereitgestellten Handb\u00fccher und Dokumente zur Bergung von Luftfahrzeugen (ARM\/ARD).<\/span><\/li><li style=\"font-weight: 400;\" aria-level=\"1\"><span style=\"font-weight: 400;\">Wir stehen mit einem erstklassigen technischen Support hinter unseren Ger\u00e4ten.<\/span><\/li><li style=\"font-weight: 400;\" aria-level=\"1\"><span style=\"font-weight: 400;\">Wir unterst\u00fctzen unsere Kunden mit Pr\u00e4senz- und Praxisschulungen in unserem Schulungszentrum in Gro\u00dfbritannien und an Kundenstandorten weltweit.<\/span><\/li><li style=\"font-weight: 400;\" aria-level=\"1\"><span style=\"font-weight: 400;\">Innovation und Entwicklung neuer Methoden und Instrumente zur Flugzeugbergung, um die Anforderungen eines sich ver\u00e4ndernden Luftfahrtumfelds zu erf\u00fcllen und zu \u00fcbertreffen.<\/span><\/li><\/ul><p><br \/>Im Jahr 2020 fusionierten wir mit AGE Logistics Corp., dem f\u00fchrenden Anbieter von CDDAR-Ausr\u00fcstung f\u00fcr das US-Milit\u00e4r und die Luftstreitkr\u00e4fte von Verb\u00fcndeten in aller Welt. Als ein Unternehmen freuen wir uns, Sie von unseren Standorten in den USA und im Vereinigten K\u00f6nigreich sowie \u00fcber unser Netz von Vertriebsh\u00e4ndlern und Vertretern auf der ganzen Welt bedienen zu k\u00f6nnen.<\/p>\t\t\t\t\t\t\t\t<\/div>\n\t\t\t\t<\/div>\n\t\t\t\t<div class=\"elementor-element elementor-element-5e12117 elementor-widget elementor-widget-premium-addon-person\" data-id=\"5e12117\" data-element_type=\"widget\" data-e-type=\"widget\" data-settings=\"{&quot;persons_per_row&quot;:&quot;25%&quot;,&quot;persons_per_row_tablet&quot;:&quot;100%&quot;,&quot;persons_per_row_mobile&quot;:&quot;100%&quot;}\" data-widget_type=\"premium-addon-person.default\">\n\t\t\t\t<div class=\"elementor-widget-container\">\n\t\t\t\t\t\t\t<div class=\"premium-persons-container premium-person-style2 multiple-persons\" data-persons-equal=\"yes\">\n\t\t\t\t\t\t\t\t<div class=\"premium-person-container premium-person-zoomin-effect\">\n\t\t\t\t\t\t<div class=\"premium-person-image-container\">\n\t\t\t\t\t\t<img fetchpriority=\"high\" decoding=\"async\" width=\"300\" height=\"300\" src=\"https:\/\/aircraftrecovery.com\/wp-content\/uploads\/Jim-Sameth-Photo-300x300.jpg\" class=\"attachment-medium size-medium wp-image-2392\" alt=\"\" srcset=\"https:\/\/aircraftrecovery.com\/wp-content\/uploads\/Jim-Sameth-Photo-300x300.jpg 300w, https:\/\/aircraftrecovery.com\/wp-content\/uploads\/Jim-Sameth-Photo-150x150.jpg 150w, https:\/\/aircraftrecovery.com\/wp-content\/uploads\/Jim-Sameth-Photo-12x12.jpg 12w, https:\/\/aircraftrecovery.com\/wp-content\/uploads\/Jim-Sameth-Photo.jpg 361w\" sizes=\"(max-width: 300px) 100vw, 300px\" \/>\t\t\t\t\t\t\t\t\t\t\t\t\t<\/div>\n\t\t\t\t\t\t<div class=\"premium-person-info\">\n\t\t\t\t\t\t\t\t\t\t<div class=\"premium-person-info-container\">\n\t\t\t\t\t\t\t\t\t<h2 class=\"premium-person-name\">JAMES SAMETH<\/h2>\n\t\t\t\t\t\t\t\t\t\t\t<h4 class=\"premium-person-title\">\n\t\t\t\t\t\t\t<span>Pr\u00e4sident<\/span>\n\t\t\t\t\t\t<\/h4>\n\t\t\t\t\t\t\t\t<\/div>\n\t\t\t\t\t\t\t\t\t<\/div>\n\t\t\t\t\t<\/div>\n\t\t\t\t\t\t\t\t\t\t<div class=\"premium-person-container premium-person-zoomin-effect\">\n\t\t\t\t\t\t<div class=\"premium-person-image-container\">\n\t\t\t\t\t\t<img decoding=\"async\" width=\"300\" height=\"293\" src=\"https:\/\/aircraftrecovery.com\/wp-content\/uploads\/Yudie-Fishman-Photo-300x293.jpg\" class=\"attachment-medium size-medium wp-image-2399\" alt=\"Yudie Fishman AMS \/ AGE Logistik\" srcset=\"https:\/\/aircraftrecovery.com\/wp-content\/uploads\/Yudie-Fishman-Photo-300x293.jpg 300w, https:\/\/aircraftrecovery.com\/wp-content\/uploads\/Yudie-Fishman-Photo-1024x999.jpg 1024w, https:\/\/aircraftrecovery.com\/wp-content\/uploads\/Yudie-Fishman-Photo-768x749.jpg 768w, https:\/\/aircraftrecovery.com\/wp-content\/uploads\/Yudie-Fishman-Photo-1536x1499.jpg 1536w, https:\/\/aircraftrecovery.com\/wp-content\/uploads\/Yudie-Fishman-Photo-2048x1998.jpg 2048w, https:\/\/aircraftrecovery.com\/wp-content\/uploads\/Yudie-Fishman-Photo-12x12.jpg 12w\" sizes=\"(max-width: 300px) 100vw, 300px\" \/>\t\t\t\t\t\t\t\t\t\t\t\t\t\t\t<div class=\"premium-person-social\">\n\t\t\t\t\t\t\t\t\t<ul class=\"premium-person-social-list\"><\/ul>\t\t\t\t\t\t\t\t<\/div>\n\t\t\t\t\t\t\t\t\t\t\t\t\t<\/div>\n\t\t\t\t\t\t<div class=\"premium-person-info\">\n\t\t\t\t\t\t\t\t\t\t<div class=\"premium-person-info-container\">\n\t\t\t\t\t\t\t\t\t<h2 class=\"premium-person-name\">YUDIE FISHMAN<\/h2>\n\t\t\t\t\t\t\t\t\t\t\t<h4 class=\"premium-person-title\">\n\t\t\t\t\t\t\t<span>Gesch\u00e4ftsf\u00fchrender Direktor<\/span>\n\t\t\t\t\t\t<\/h4>\n\t\t\t\t\t\t\t\t<\/div>\n\t\t\t\t\t\t\t\t\t<\/div>\n\t\t\t\t\t<\/div>\n\t\t\t\t\t\t\t\t\t\t<div class=\"premium-person-container premium-person-zoomin-effect\">\n\t\t\t\t\t\t<div class=\"premium-person-image-container\">\n\t\t\t\t\t\t<img decoding=\"async\" width=\"300\" height=\"300\" src=\"https:\/\/aircraftrecovery.com\/wp-content\/uploads\/Mark_Knight-300x300.jpg\" class=\"attachment-medium size-medium wp-image-2735\" alt=\"Bild von Mark Knight AMS Aircraft Recovery\" srcset=\"https:\/\/aircraftrecovery.com\/wp-content\/uploads\/Mark_Knight-300x300.jpg 300w, https:\/\/aircraftrecovery.com\/wp-content\/uploads\/Mark_Knight-150x150.jpg 150w, https:\/\/aircraftrecovery.com\/wp-content\/uploads\/Mark_Knight-768x767.jpg 768w, https:\/\/aircraftrecovery.com\/wp-content\/uploads\/Mark_Knight-12x12.jpg 12w, https:\/\/aircraftrecovery.com\/wp-content\/uploads\/Mark_Knight.jpg 1024w\" sizes=\"(max-width: 300px) 100vw, 300px\" \/>\t\t\t\t\t\t\t\t\t\t\t\t\t<\/div>\n\t\t\t\t\t\t<div class=\"premium-person-info\">\n\t\t\t\t\t\t\t\t\t\t<div class=\"premium-person-info-container\">\n\t\t\t\t\t\t\t\t\t<h2 class=\"premium-person-name\">MARK KNIGHT<\/h2>\n\t\t\t\t\t\t\t\t\t\t\t<h4 class=\"premium-person-title\">\n\t\t\t\t\t\t\t<span>Technischer Direktor<\/span>\n\t\t\t\t\t\t<\/h4>\n\t\t\t\t\t\t\t\t<\/div>\n\t\t\t\t\t\t\t\t\t<\/div>\n\t\t\t\t\t<\/div>\n\t\t\t\t\t\t\t\t\t\t<div class=\"premium-person-container premium-person-zoomin-effect\">\n\t\t\t\t\t\t<div class=\"premium-person-image-container\">\n\t\t\t\t\t\t<img loading=\"lazy\" decoding=\"async\" width=\"300\" height=\"300\" src=\"https:\/\/aircraftrecovery.com\/wp-content\/uploads\/Paul-Yder-Profile-Picture-1-300x300.jpg\" class=\"attachment-medium size-medium wp-image-2378\" alt=\"\" srcset=\"https:\/\/aircraftrecovery.com\/wp-content\/uploads\/Paul-Yder-Profile-Picture-1-300x300.jpg 300w, https:\/\/aircraftrecovery.com\/wp-content\/uploads\/Paul-Yder-Profile-Picture-1-1024x1024.jpg 1024w, https:\/\/aircraftrecovery.com\/wp-content\/uploads\/Paul-Yder-Profile-Picture-1-150x150.jpg 150w, https:\/\/aircraftrecovery.com\/wp-content\/uploads\/Paul-Yder-Profile-Picture-1-768x769.jpg 768w, https:\/\/aircraftrecovery.com\/wp-content\/uploads\/Paul-Yder-Profile-Picture-1-12x12.jpg 12w, https:\/\/aircraftrecovery.com\/wp-content\/uploads\/Paul-Yder-Profile-Picture-1.jpg 1395w\" sizes=\"(max-width: 300px) 100vw, 300px\" \/>\t\t\t\t\t\t\t\t\t\t\t\t\t<\/div>\n\t\t\t\t\t\t<div class=\"premium-person-info\">\n\t\t\t\t\t\t\t\t\t\t<div class=\"premium-person-info-container\">\n\t\t\t\t\t\t\t\t\t<h2 class=\"premium-person-name\">PAUL RYDER<\/h2>\n\t\t\t\t\t\t\t\t\t\t\t<h4 class=\"premium-person-title\">\n\t\t\t\t\t\t\t<span>Verkaufsdirektor<\/span>\n\t\t\t\t\t\t<\/h4>\n\t\t\t\t\t\t\t\t<\/div>\n\t\t\t\t\t\t\t\t\t<\/div>\n\t\t\t\t\t<\/div>\n\t\t\t\t\t\t\t<\/div>\n\t\t\t\t\t\t<\/div>\n\t\t\t\t<\/div>\n\t\t\t\t<div class=\"elementor-element elementor-element-1a0b709 elementor-widget elementor-widget-spacer\" data-id=\"1a0b709\" data-element_type=\"widget\" data-e-type=\"widget\" data-widget_type=\"spacer.default\">\n\t\t\t\t<div class=\"elementor-widget-container\">\n\t\t\t\t\t\t\t<div class=\"elementor-spacer\">\n\t\t\t<div class=\"elementor-spacer-inner\"><\/div>\n\t\t<\/div>\n\t\t\t\t\t\t<\/div>\n\t\t\t\t<\/div>\n\t\t\t\t\t<\/div>\n\t\t<\/div>\n\t\t\t\t\t<\/div>\n\t\t<\/section>\n\t\t\t\t<section class=\"elementor-section elementor-top-section elementor-element elementor-element-d872e03 elementor-section-boxed elementor-section-height-default elementor-section-height-default\" data-id=\"d872e03\" data-element_type=\"section\" data-e-type=\"section\">\n\t\t\t\t\t\t<div class=\"elementor-container elementor-column-gap-default\">\n\t\t\t\t\t<div class=\"elementor-column elementor-col-100 elementor-top-column elementor-element elementor-element-e2313b1\" data-id=\"e2313b1\" data-element_type=\"column\" data-e-type=\"column\">\n\t\t\t<div class=\"elementor-widget-wrap elementor-element-populated\">\n\t\t\t\t\t\t<div class=\"elementor-element elementor-element-7273029 elementor-widget elementor-widget-text-editor\" data-id=\"7273029\" data-element_type=\"widget\" data-e-type=\"widget\" data-widget_type=\"text-editor.default\">\n\t\t\t\t<div class=\"elementor-widget-container\">\n\t\t\t\t\t\t\t\t\t<h3><span style=\"color: #022368;\">Qualit\u00e4tsstandards bei AMS Aircraft Recovery Limited<\/span><\/h3><p>Bei AMS Aircraft Recovery Limited haben wir uns zu Spitzenleistungen bei der Konzeption, Entwicklung und Lieferung von ma\u00dfgeschneiderten Flugzeugbergungsl\u00f6sungen verpflichtet. Unser Engagement f\u00fcr die Einhaltung der h\u00f6chsten Industriestandards wird durch unsere ISO 9001:2015-Zertifizierung untermauert, die unser robustes Qualit\u00e4tsmanagementsystem best\u00e4tigt.<br \/><br \/>Unser Betrieb wird von einer von UKAS akkreditierten Zertifizierungsstelle gepr\u00fcft, um sicherzustellen, dass unsere Qualit\u00e4tsprozesse strengen internationalen Ma\u00dfst\u00e4ben entsprechen. Das Zertifikat ist auf Anfrage erh\u00e4ltlich.<\/p>\t\t\t\t\t\t\t\t<\/div>\n\t\t\t\t<\/div>\n\t\t\t\t\t<\/div>\n\t\t<\/div>\n\t\t\t\t\t<\/div>\n\t\t<\/section>\n\t\t\t\t<\/div>","protected":false},"excerpt":{"rendered":"<p>About AMS Aircraft Recovery Since our founding in 1988, AMS has served the Worldwide Aviation Community with innovative and robust solutions to Aircraft Crash Recovery Incidents and Scenarios.\u00a0 Over the years, we have become the leading supplier of Crash Damaged &amp; Disabled Aircraft Recovery (CDDAR) equipment to the military and a trusted supplier-partner to commercial [&hellip;]<\/p>\n","protected":false},"author":1,"featured_media":2729,"parent":0,"menu_order":0,"comment_status":"closed","ping_status":"closed","template":"","meta":{"footnotes":""},"categories":[],"tags":[],"class_list":["post-2644","page","type-page","status-publish","has-post-thumbnail","hentry"],"yoast_head":"<!-- This site is optimized with the Yoast SEO Premium plugin v27.4 (Yoast SEO v27.4) - https:\/\/yoast.com\/product\/yoast-seo-premium-wordpress\/ -->\n<title>About - AMS Aircraft Recovery<\/title>\n<meta name=\"description\" content=\"Since our founding in 1988, AMS has served the Worldwide Aviation Community with innovative and robust solutions to Aircraft Crash Recovery Incidents and Scenarios.\" \/>\n<meta name=\"robots\" content=\"index, follow, max-snippet:-1, max-image-preview:large, max-video-preview:-1\" \/>\n<link rel=\"canonical\" href=\"https:\/\/aircraftrecovery.com\/de\/about-ams-aircraft-recovery\/\" \/>\n<meta property=\"og:locale\" content=\"de_DE\" \/>\n<meta property=\"og:type\" content=\"article\" \/>\n<meta property=\"og:title\" content=\"About\" \/>\n<meta property=\"og:description\" content=\"Since our founding in 1988, AMS has served the Worldwide Aviation Community with innovative and robust solutions to Aircraft Crash Recovery Incidents and Scenarios.\" \/>\n<meta property=\"og:url\" content=\"https:\/\/aircraftrecovery.com\/de\/about-ams-aircraft-recovery\/\" \/>\n<meta property=\"og:site_name\" content=\"AMS Aircraft Recovery\" \/>\n<meta property=\"article:modified_time\" content=\"2026-02-17T22:42:08+00:00\" \/>\n<meta property=\"og:image\" content=\"https:\/\/aircraftrecovery.com\/wp-content\/uploads\/cropped-AMS-icon-logo.png\" \/>\n\t<meta property=\"og:image:width\" content=\"512\" \/>\n\t<meta property=\"og:image:height\" content=\"512\" \/>\n\t<meta property=\"og:image:type\" content=\"image\/png\" \/>\n<meta name=\"twitter:card\" content=\"summary_large_image\" \/>\n<meta name=\"twitter:label1\" content=\"Gesch\u00e4tzte Lesezeit\" \/>\n\t<meta name=\"twitter:data1\" content=\"3\u00a0Minuten\" \/>\n<script type=\"application\/ld+json\" class=\"yoast-schema-graph\">{\"@context\":\"https:\\\/\\\/schema.org\",\"@graph\":[{\"@type\":\"WebPage\",\"@id\":\"https:\\\/\\\/aircraftrecovery.com\\\/about-ams-aircraft-recovery\\\/\",\"url\":\"https:\\\/\\\/aircraftrecovery.com\\\/about-ams-aircraft-recovery\\\/\",\"name\":\"About - AMS Aircraft Recovery\",\"isPartOf\":{\"@id\":\"https:\\\/\\\/aircraftrecovery.com\\\/de\\\/#website\"},\"primaryImageOfPage\":{\"@id\":\"https:\\\/\\\/aircraftrecovery.com\\\/about-ams-aircraft-recovery\\\/#primaryimage\"},\"image\":{\"@id\":\"https:\\\/\\\/aircraftrecovery.com\\\/about-ams-aircraft-recovery\\\/#primaryimage\"},\"thumbnailUrl\":\"https:\\\/\\\/aircraftrecovery.com\\\/wp-content\\\/uploads\\\/cropped-AMS-icon-logo.png\",\"datePublished\":\"2022-10-24T03:33:30+00:00\",\"dateModified\":\"2026-02-17T22:42:08+00:00\",\"description\":\"Since our founding in 1988, AMS has served the Worldwide Aviation Community with innovative and robust solutions to Aircraft Crash Recovery Incidents and Scenarios.\",\"breadcrumb\":{\"@id\":\"https:\\\/\\\/aircraftrecovery.com\\\/about-ams-aircraft-recovery\\\/#breadcrumb\"},\"inLanguage\":\"de\",\"potentialAction\":[{\"@type\":\"ReadAction\",\"target\":[\"https:\\\/\\\/aircraftrecovery.com\\\/about-ams-aircraft-recovery\\\/\"]}]},{\"@type\":\"ImageObject\",\"inLanguage\":\"de\",\"@id\":\"https:\\\/\\\/aircraftrecovery.com\\\/about-ams-aircraft-recovery\\\/#primaryimage\",\"url\":\"https:\\\/\\\/aircraftrecovery.com\\\/wp-content\\\/uploads\\\/cropped-AMS-icon-logo.png\",\"contentUrl\":\"https:\\\/\\\/aircraftrecovery.com\\\/wp-content\\\/uploads\\\/cropped-AMS-icon-logo.png\",\"width\":512,\"height\":512},{\"@type\":\"BreadcrumbList\",\"@id\":\"https:\\\/\\\/aircraftrecovery.com\\\/about-ams-aircraft-recovery\\\/#breadcrumb\",\"itemListElement\":[{\"@type\":\"ListItem\",\"position\":1,\"name\":\"Home\",\"item\":\"https:\\\/\\\/aircraftrecovery.com\\\/\"},{\"@type\":\"ListItem\",\"position\":2,\"name\":\"About\"}]},{\"@type\":\"WebSite\",\"@id\":\"https:\\\/\\\/aircraftrecovery.com\\\/de\\\/#website\",\"url\":\"https:\\\/\\\/aircraftrecovery.com\\\/de\\\/\",\"name\":\"AMS Aircraft Recovery\",\"description\":\"LIFTING - TOWING - TRANSPORT - TRAINING\",\"publisher\":{\"@id\":\"https:\\\/\\\/aircraftrecovery.com\\\/de\\\/#organization\"},\"potentialAction\":[{\"@type\":\"SearchAction\",\"target\":{\"@type\":\"EntryPoint\",\"urlTemplate\":\"https:\\\/\\\/aircraftrecovery.com\\\/de\\\/?s={search_term_string}\"},\"query-input\":{\"@type\":\"PropertyValueSpecification\",\"valueRequired\":true,\"valueName\":\"search_term_string\"}}],\"inLanguage\":\"de\"},{\"@type\":\"Organization\",\"@id\":\"https:\\\/\\\/aircraftrecovery.com\\\/de\\\/#organization\",\"name\":\"AMS Aircraft Recovery\",\"alternateName\":\"AGE Logistics Corporation\",\"url\":\"https:\\\/\\\/aircraftrecovery.com\\\/de\\\/\",\"logo\":{\"@type\":\"ImageObject\",\"inLanguage\":\"de\",\"@id\":\"https:\\\/\\\/aircraftrecovery.com\\\/de\\\/#\\\/schema\\\/logo\\\/image\\\/\",\"url\":\"https:\\\/\\\/aircraftrecovery.com\\\/wp-content\\\/uploads\\\/cropped-AMS-icon-logo.png\",\"contentUrl\":\"https:\\\/\\\/aircraftrecovery.com\\\/wp-content\\\/uploads\\\/cropped-AMS-icon-logo.png\",\"width\":512,\"height\":512,\"caption\":\"AMS Aircraft Recovery\"},\"image\":{\"@id\":\"https:\\\/\\\/aircraftrecovery.com\\\/de\\\/#\\\/schema\\\/logo\\\/image\\\/\"},\"sameAs\":[\"https:\\\/\\\/www.linkedin.com\\\/company\\\/ams-aircraft-recovery\\\/\"]}]}<\/script>\n<!-- \/ Yoast SEO Premium plugin. -->","yoast_head_json":{"title":"\u00dcber - AMS Aircraft Recovery","description":"Seit unserer Gr\u00fcndung im Jahr 1988 bietet AMS der weltweiten Luftfahrtgemeinschaft innovative und robuste L\u00f6sungen f\u00fcr Flugzeugabsturz-Bergungen und -Szenarien.","robots":{"index":"index","follow":"follow","max-snippet":"max-snippet:-1","max-image-preview":"max-image-preview:large","max-video-preview":"max-video-preview:-1"},"canonical":"https:\/\/aircraftrecovery.com\/de\/about-ams-aircraft-recovery\/","og_locale":"de_DE","og_type":"article","og_title":"About","og_description":"Since our founding in 1988, AMS has served the Worldwide Aviation Community with innovative and robust solutions to Aircraft Crash Recovery Incidents and Scenarios.","og_url":"https:\/\/aircraftrecovery.com\/de\/about-ams-aircraft-recovery\/","og_site_name":"AMS Aircraft Recovery","article_modified_time":"2026-02-17T22:42:08+00:00","og_image":[{"width":512,"height":512,"url":"https:\/\/aircraftrecovery.com\/wp-content\/uploads\/cropped-AMS-icon-logo.png","type":"image\/png"}],"twitter_card":"summary_large_image","twitter_misc":{"Gesch\u00e4tzte Lesezeit":"3\u00a0Minuten"},"schema":{"@context":"https:\/\/schema.org","@graph":[{"@type":"WebPage","@id":"https:\/\/aircraftrecovery.com\/about-ams-aircraft-recovery\/","url":"https:\/\/aircraftrecovery.com\/about-ams-aircraft-recovery\/","name":"\u00dcber - AMS Aircraft Recovery","isPartOf":{"@id":"https:\/\/aircraftrecovery.com\/de\/#website"},"primaryImageOfPage":{"@id":"https:\/\/aircraftrecovery.com\/about-ams-aircraft-recovery\/#primaryimage"},"image":{"@id":"https:\/\/aircraftrecovery.com\/about-ams-aircraft-recovery\/#primaryimage"},"thumbnailUrl":"https:\/\/aircraftrecovery.com\/wp-content\/uploads\/cropped-AMS-icon-logo.png","datePublished":"2022-10-24T03:33:30+00:00","dateModified":"2026-02-17T22:42:08+00:00","description":"Seit unserer Gr\u00fcndung im Jahr 1988 bietet AMS der weltweiten Luftfahrtgemeinschaft innovative und robuste L\u00f6sungen f\u00fcr Flugzeugabsturz-Bergungen und -Szenarien.","breadcrumb":{"@id":"https:\/\/aircraftrecovery.com\/about-ams-aircraft-recovery\/#breadcrumb"},"inLanguage":"de","potentialAction":[{"@type":"ReadAction","target":["https:\/\/aircraftrecovery.com\/about-ams-aircraft-recovery\/"]}]},{"@type":"ImageObject","inLanguage":"de","@id":"https:\/\/aircraftrecovery.com\/about-ams-aircraft-recovery\/#primaryimage","url":"https:\/\/aircraftrecovery.com\/wp-content\/uploads\/cropped-AMS-icon-logo.png","contentUrl":"https:\/\/aircraftrecovery.com\/wp-content\/uploads\/cropped-AMS-icon-logo.png","width":512,"height":512},{"@type":"BreadcrumbList","@id":"https:\/\/aircraftrecovery.com\/about-ams-aircraft-recovery\/#breadcrumb","itemListElement":[{"@type":"ListItem","position":1,"name":"Home","item":"https:\/\/aircraftrecovery.com\/"},{"@type":"ListItem","position":2,"name":"About"}]},{"@type":"WebSite","@id":"https:\/\/aircraftrecovery.com\/de\/#website","url":"https:\/\/aircraftrecovery.com\/de\/","name":"AMS Luftfahrzeugbergung","description":"HEBEN - SCHLEPPEN - TRANSPORTIEREN - AUSBILDUNG","publisher":{"@id":"https:\/\/aircraftrecovery.com\/de\/#organization"},"potentialAction":[{"@type":"SearchAction","target":{"@type":"EntryPoint","urlTemplate":"https:\/\/aircraftrecovery.com\/de\/?s={search_term_string}"},"query-input":{"@type":"PropertyValueSpecification","valueRequired":true,"valueName":"search_term_string"}}],"inLanguage":"de"},{"@type":"Organization","@id":"https:\/\/aircraftrecovery.com\/de\/#organization","name":"AMS Luftfahrzeugbergung","alternateName":"AGE Logistics Corporation","url":"https:\/\/aircraftrecovery.com\/de\/","logo":{"@type":"ImageObject","inLanguage":"de","@id":"https:\/\/aircraftrecovery.com\/de\/#\/schema\/logo\/image\/","url":"https:\/\/aircraftrecovery.com\/wp-content\/uploads\/cropped-AMS-icon-logo.png","contentUrl":"https:\/\/aircraftrecovery.com\/wp-content\/uploads\/cropped-AMS-icon-logo.png","width":512,"height":512,"caption":"AMS Aircraft Recovery"},"image":{"@id":"https:\/\/aircraftrecovery.com\/de\/#\/schema\/logo\/image\/"},"sameAs":["https:\/\/www.linkedin.com\/company\/ams-aircraft-recovery\/"]}]}},"_links":{"self":[{"href":"https:\/\/aircraftrecovery.com\/de\/wp-json\/wp\/v2\/pages\/2644","targetHints":{"allow":["GET"]}}],"collection":[{"href":"https:\/\/aircraftrecovery.com\/de\/wp-json\/wp\/v2\/pages"}],"about":[{"href":"https:\/\/aircraftrecovery.com\/de\/wp-json\/wp\/v2\/types\/page"}],"author":[{"embeddable":true,"href":"https:\/\/aircraftrecovery.com\/de\/wp-json\/wp\/v2\/users\/1"}],"replies":[{"embeddable":true,"href":"https:\/\/aircraftrecovery.com\/de\/wp-json\/wp\/v2\/comments?post=2644"}],"version-history":[{"count":10,"href":"https:\/\/aircraftrecovery.com\/de\/wp-json\/wp\/v2\/pages\/2644\/revisions"}],"predecessor-version":[{"id":5558,"href":"https:\/\/aircraftrecovery.com\/de\/wp-json\/wp\/v2\/pages\/2644\/revisions\/5558"}],"wp:featuredmedia":[{"embeddable":true,"href":"https:\/\/aircraftrecovery.com\/de\/wp-json\/wp\/v2\/media\/2729"}],"wp:attachment":[{"href":"https:\/\/aircraftrecovery.com\/de\/wp-json\/wp\/v2\/media?parent=2644"}],"wp:term":[{"taxonomy":"category","embeddable":true,"href":"https:\/\/aircraftrecovery.com\/de\/wp-json\/wp\/v2\/categories?post=2644"},{"taxonomy":"post_tag","embeddable":true,"href":"https:\/\/aircraftrecovery.com\/de\/wp-json\/wp\/v2\/tags?post=2644"}],"curies":[{"name":"wp","href":"https:\/\/api.w.org\/{rel}","templated":true}]}}