{"id":37,"date":"2023-01-29T23:09:35","date_gmt":"2023-01-29T23:09:35","guid":{"rendered":"https:\/\/dev.aircraftrecovery.com\/?page_id=37"},"modified":"2023-06-10T00:00:13","modified_gmt":"2023-06-10T00:00:13","slug":"privacy-policy","status":"publish","type":"page","link":"https:\/\/aircraftrecovery.com\/de\/privacy-policy\/","title":{"rendered":"Datenschutzbestimmungen"},"content":{"rendered":"<div data-elementor-type=\"wp-page\" data-elementor-id=\"37\" class=\"elementor elementor-37\" data-elementor-post-type=\"page\">\n\t\t\t\t\t\t<section class=\"elementor-section elementor-top-section elementor-element elementor-element-fd1cd15 elementor-section-boxed elementor-section-height-default elementor-section-height-default\" data-id=\"fd1cd15\" data-element_type=\"section\" data-e-type=\"section\">\n\t\t\t\t\t\t<div class=\"elementor-container elementor-column-gap-default\">\n\t\t\t\t\t<div class=\"elementor-column elementor-col-100 elementor-top-column elementor-element elementor-element-56e00af6\" data-id=\"56e00af6\" data-element_type=\"column\" data-e-type=\"column\">\n\t\t\t<div class=\"elementor-widget-wrap elementor-element-populated\">\n\t\t\t\t\t\t<div class=\"elementor-element elementor-element-8ce2ebc elementor-widget elementor-widget-heading\" data-id=\"8ce2ebc\" data-element_type=\"widget\" data-e-type=\"widget\" data-widget_type=\"heading.default\">\n\t\t\t\t<div class=\"elementor-widget-container\">\n\t\t\t\t\t<h2 class=\"elementor-heading-title elementor-size-default\">Datenschutzbestimmungen unseres Unternehmens<\/h2>\t\t\t\t<\/div>\n\t\t\t\t<\/div>\n\t\t\t\t<div class=\"elementor-element elementor-element-4eb85e60 elementor-widget elementor-widget-text-editor\" data-id=\"4eb85e60\" data-element_type=\"widget\" data-e-type=\"widget\" data-widget_type=\"text-editor.default\">\n\t\t\t\t<div class=\"elementor-widget-container\">\n\t\t\t\t\t\t\t\t\t<p><\/p>\n<p><span style=\"color: var( --e-global-color-f5164e3 );\"> In dieser Datenschutzerkl\u00e4rung wird erl\u00e4utert, wie AMS Aircraft Recovery Ltd und AGE Logistics Corporation d.b.a. AMS Aircraft Recovery die pers\u00f6nlichen Daten verwenden, die wir von Ihnen bei der Nutzung unserer Website erheben.<\/span>\u00a0 Unsere Website-Adresse lautet: http:\/\/aircraftrecovery.com.<\/p>\n<p><strong>Themen:<\/strong><\/p>\n<ul>\n<li>Welche Daten sammeln wir?<\/li>\n<li>Wie sammeln wir Ihre Daten?<\/li>\n<li>Wie werden wir Ihre Daten verwenden?<\/li>\n<li>Wie speichern wir Ihre Daten?<\/li>\n<li>Marketing<\/li>\n<li>Welche Rechte haben Sie in Bezug auf den Datenschutz?<\/li>\n<li>Was sind Cookies und wie verwenden wir sie?<\/li>\n<li>Welche Arten von Cookies verwenden wir?<\/li>\n<li>Wie Sie Ihre Cookies verwalten<\/li>\n<li>Datenschutzrichtlinien anderer Websites<\/li>\n<li>\u00c4nderungen an unserer Datenschutzpolitik<\/li>\n<li>Wie Sie uns kontaktieren k\u00f6nnen<\/li>\n<li>Kontaktaufnahme mit den zust\u00e4ndigen Beh\u00f6rden<\/li>\n<\/ul>\n<div>\u00a0<\/div>\n<p><strong>Welche Daten sammeln wir?<\/strong><\/p>\n<p>Unser Unternehmen sammelt die folgenden Daten: Pers\u00f6nliche Identifikationsdaten (Name, Firmenname, E-Mail-Adresse, Telefonnummer, Informationsanfragen usw.).  Wir sammeln auch Informationen \u00fcber Ihr Ger\u00e4t und Ihre Nutzung unserer Websites oder E-Mails (z. B. Internetprotokoll (IP)-Adressen oder andere Identifikatoren),<br \/><br \/><strong>Wie sammeln wir Ihre Daten?<br \/><\/strong><br \/>Die meisten der von uns erfassten Daten stellen Sie unserem Unternehmen direkt zur Verf\u00fcgung. Wir sammeln Daten und verarbeiten Daten, wenn Sie:<\/p>\n<ul>\n<li>F\u00fcllen Sie das Formular Kontakt AMS Aircraft Recovery auf unserer Website aus.<\/li>\n<li>Freiwillig eine Kundenumfrage ausf\u00fcllen oder auf einer unserer Social-Media-Seiten oder per E-Mail Feedback geben.<\/li>\n<li>Sie k\u00f6nnen unsere Website \u00fcber die Cookies Ihres Browsers nutzen oder ansehen.<br \/><br \/><\/li>\n<\/ul>\n<p>Unser Unternehmen kann Ihre Daten auch indirekt aus den folgenden Quellen erhalten:<\/p>\n<ul>\n<li>Branchenverzeichnisse<\/li>\n<li>Fachmessen \/ Ausstellungen<\/li>\n<li>Berufsverb\u00e4nde und Konferenzen<br \/><br \/><\/li>\n<\/ul>\n<p><strong>Wie werden wir Ihre Daten verwenden?<br \/><br \/><\/strong>Unser Unternehmen sammelt Ihre Daten, damit wir sie nutzen k\u00f6nnen:<\/p>\n<ul>\n<li>Bearbeiten Sie Ihre Bestellung und verwalten Sie Ihr Konto.<\/li>\n<li>Kontaktaufnahme mit Ihnen per Telefon oder E-Mail bez\u00fcglich Ihrer Bestellungen.<\/li>\n<li>Ihnen per E-Mail Informationen \u00fcber Produkte oder Dienstleistungen, die Sie gekauft oder f\u00fcr die Sie Interesse bekundet haben, oder \u00fcber verwandte Produkte und Dienstleistungen zukommen zu lassen.<\/li>\n<li>Gelegentliche Zusendung von Newslettern, von denen wir glauben, dass sie f\u00fcr Sie von Interesse sein k\u00f6nnten.  Sie k\u00f6nnen sich jederzeit abmelden.<\/li>\n<\/ul>\n<p><br \/>Wenn unser Unternehmen Ihre Bestellung bearbeitet, kann es Ihnen Informationsanfragen senden und Informationen von Regierungs- und Kreditauskunfteien einholen, um die geltenden Vorschriften einzuhalten und um betr\u00fcgerische K\u00e4ufe zu verhindern.<\/p>\n<p><strong>Wie speichern wir Ihre Daten?<br \/><\/strong><br \/>Unser Unternehmen speichert Ihre Daten sicher in unseren B\u00fcros in den USA und im Vereinigten K\u00f6nigreich.   Wir verwenden eine sichere Serverumgebung, die eine Firewall und andere fortschrittliche Technologien einsetzt, um St\u00f6rungen oder den Zugriff von au\u00dfen zu verhindern.  Die Kundendaten werden auf verschl\u00fcsselten Speicherger\u00e4ten auf Servern, Desktops und Laptops gespeichert.  Backups von Kundendaten werden verschl\u00fcsselt. Wir nutzen auch Cloud-Speicherdienste von Google f\u00fcr die Speicherung von E-Mails und Dateien.  Alle Daten werden bei der \u00dcbertragung und Speicherung verschl\u00fcsselt.  Wir verwenden ein Kundenbeziehungsmanagement-System von Salesforce.  Alle Kundendaten werden bei der \u00dcbertragung und im Ruhezustand verschl\u00fcsselt.<\/p>\n<p>Unser Unternehmen speichert Ihre Kunden- und Bestelldaten f\u00fcr verschiedene Zeitr\u00e4ume, die von den Aufsichtsbeh\u00f6rden gefordert werden.   Metadaten wie Browsertyp, Betriebssystem und IP-Adresse werden automatisch in Protokolldateien gespeichert.  Diese Dateien werden h\u00f6chstens zwei Jahre lang aufbewahrt und dann gel\u00f6scht.\u00a0<\/p>\n<p><strong>Marketing<br \/><\/strong><br \/>Unser Unternehmen m\u00f6chte Ihnen Informationen \u00fcber unsere Produkte und Dienstleistungen zusenden, von denen wir glauben, dass sie f\u00fcr Sie von Interesse sein k\u00f6nnten.  Wenn Sie dem Erhalt von Marketinginformationen zugestimmt haben, k\u00f6nnen Sie sich jederzeit zu einem sp\u00e4teren Zeitpunkt abmelden.<\/p>\n<p>Sie haben jederzeit das Recht, Unser Unternehmen daran zu hindern, Sie zu Marketingzwecken zu kontaktieren oder Ihre Daten an andere Mitglieder der Gruppe Unser Unternehmen weiterzugeben.<\/p>\n<p><strong>Welche Rechte haben Sie in Bezug auf den Datenschutz?<br \/><\/strong><br \/>Unser Unternehmen m\u00f6chte sicherstellen, dass Sie \u00fcber alle Ihre Datenschutzrechte informiert sind. Jeder Nutzer hat Anspruch auf die folgenden Rechte:<\/p>\n<ul>\n<li>Das Recht auf Zugang - Sie haben das Recht, unser Unternehmen um Kopien Ihrer pers\u00f6nlichen Daten zu bitten.<\/li>\n<li>Das Recht auf Berichtigung - Sie haben das Recht, unser Unternehmen aufzufordern, alle Informationen zu korrigieren, von denen Sie glauben, dass sie ungenau sind. Sie haben au\u00dferdem das Recht, unser Unternehmen aufzufordern, die Informationen zu vervollst\u00e4ndigen, von denen Sie glauben, dass sie unvollst\u00e4ndig sind.<\/li>\n<li>Das Recht auf L\u00f6schung - Sie haben das Recht, unter bestimmten Bedingungen zu verlangen, dass unser Unternehmen Ihre pers\u00f6nlichen Daten l\u00f6scht.<\/li>\n<li>Das Recht auf Einschr\u00e4nkung der Verarbeitung - Sie haben das Recht zu verlangen, dass unser Unternehmen die Verarbeitung Ihrer personenbezogenen Daten unter bestimmten Bedingungen einschr\u00e4nkt.<\/li>\n<li>Recht auf Widerspruch gegen die Verarbeitung - Sie haben das Recht, der Verarbeitung Ihrer personenbezogenen Daten durch unser Unternehmen unter bestimmten Bedingungen zu widersprechen.<\/li>\n<li>Das Recht auf Daten\u00fcbertragbarkeit - Sie haben das Recht zu verlangen, dass unser Unternehmen die Daten, die wir gesammelt haben, unter bestimmten Bedingungen an eine andere Organisation oder direkt an Sie weitergibt.<\/li>\n<\/ul>\n<p>Wenn Sie eine Anfrage stellen, haben wir einen Monat Zeit, Ihnen zu antworten. Wenn Sie eines dieser Rechte aus\u00fcben m\u00f6chten, nehmen Sie bitte Kontakt mit uns auf:<\/p>\n<ul>\n<li>Nutzung der Website <a href=\"https:\/\/aircraftrecovery.com\/de\/contact-us\/\">Kontakt-Formular<\/a><\/li>\n<li>Rufen Sie uns an unter UK: +44 20 3289 9320 oder US: +1 626 243 5253<\/li>\n<li>Oder schreiben Sie uns:\n<ul>\n<li>\n<p>AMS Aircraft Recovery Ltd.<br \/>Flughafen Farnborough, Farnborough<br \/>Hampshire GU14 7JF, Vereinigtes K\u00f6nigreich<\/p>\n<\/li>\n<li>\n<p>AGE Logistik Corp.<br \/>426 East Duarte Road<br \/>Monrovia, CA 91016 USA<\/p>\n<\/li>\n<\/ul>\n<\/li>\n<\/ul>\n<p><strong>Cookies<br \/><\/strong><br \/>Cookies sind Textdateien, die auf Ihrem Computer abgelegt werden, um Standard-Internetprotokolldaten und Informationen \u00fcber das Besucherverhalten zu sammeln. Wenn Sie unsere Websites besuchen, k\u00f6nnen wir \u00fcber Cookies oder \u00e4hnliche Technologien automatisch Informationen \u00fcber Sie sammeln.<\/p>\n<p>Wie verwenden wir Cookies?<br \/><br \/>Unser Unternehmen verwendet Cookies auf verschiedene Weise, um Ihre Erfahrung auf unserer Website zu verbessern und zu verstehen, wie Sie unsere Website nutzen.  Es gibt eine Reihe von verschiedenen Arten von Cookies, aber unsere Website verwendet:<\/p>\n<p>Funktionalit\u00e4t - Unser Unternehmen verwendet diese Cookies, um Sie auf unserer Website zu erkennen und sich an Ihre zuvor gew\u00e4hlten Einstellungen zu erinnern. Dazu k\u00f6nnte geh\u00f6ren, welche Sprache Sie bevorzugen und wo Sie sich aufhalten.\u00a0<\/p>\n<p>Analytics - Unser Unternehmen verwendet diese Cookies und Codeschnipsel, um zu messen, wie viele Besucher die Website nutzen, welche Arten von Browsern sie verwenden und von welchem Ort aus Sie die Website besuchen.<br \/><br \/>Wie man Cookies verwaltet<br \/>Sie k\u00f6nnen Ihren Browser so einstellen, dass er keine Cookies akzeptiert.  Unsere Website sollte, aber m\u00f6glicherweise nicht immer, mit dieser Einstellung normal funktionieren.<\/p>\n<p><strong>Datenschutzrichtlinien anderer Websites<br \/><\/strong><br \/>Die Website von AircraftRecovery.comy enth\u00e4lt Links zu anderen Websites. Unsere Datenschutzbestimmungen gelten nur f\u00fcr unsere Website. Wenn Sie also auf einen Link zu einer anderen Website klicken, sollten Sie deren Datenschutzbestimmungen lesen.<\/p>\n<p><strong>\u00c4nderungen an unserer Datenschutzpolitik<br \/><\/strong><br \/>Unser Unternehmen \u00fcberpr\u00fcft seine Datenschutzpolitik regelm\u00e4\u00dfig und ver\u00f6ffentlicht alle Aktualisierungen auf dieser Webseite. Diese Datenschutzrichtlinie wurde zuletzt am 30. Januar 2023 aktualisiert.<\/p>\n<p><strong>Wie Sie uns kontaktieren k\u00f6nnen<br \/><\/strong><br \/>Wenn Sie Fragen zur Datenschutzpolitik unseres Unternehmens haben, zu den Daten, die wir \u00fcber Sie speichern, oder wenn Sie eines Ihrer Datenschutzrechte aus\u00fcben m\u00f6chten, z\u00f6gern Sie bitte nicht, uns zu kontaktieren.<\/p>\n<ul>\n<li>Nutzung der Website <a href=\"https:\/\/aircraftrecovery.com\/de\/contact-us\/\">Kontakt-Formular<\/a><\/li>\n<li>Rufen Sie uns an unter UK: +44 20 3289 9320 oder US: +1 626 243 5253<\/li>\n<li>Oder schreiben Sie uns:\n<ul>\n<li>\n<p>AMS Aircraft Recovery Ltd.<br \/>Flughafen Farnborough, Farnborough<br \/>Hampshire GU14 7JF, Vereinigtes K\u00f6nigreich<\/p>\n<\/li>\n<li>\n<p>AGE Logistik Corp.<br \/>426 East Duarte Road<br \/>Monrovia, CA 91016 USA<\/p>\n<\/li>\n<\/ul>\n<\/li>\n<\/ul>\n<p><strong>Kontaktaufnahme mit der zust\u00e4ndigen Beh\u00f6rde<br \/><\/strong><\/p>\n<p>EU<\/p>\n<p>Wenn Sie eine Beschwerde vorbringen m\u00f6chten oder der Meinung sind, dass Unser Unternehmen Ihr Anliegen nicht zufriedenstellend behandelt hat, k\u00f6nnen Sie sich an die Datenschutzbeh\u00f6rde des EU-Mitgliedstaats wenden, in dem Ihr Unternehmen\/Ihre Organisation ans\u00e4ssig ist.  Eine Liste der DPAs finden Sie unter <a href=\"https:\/\/edpb.europa.eu\/about-edpb\/about-edpb\/members_en\">https:\/\/edpb.europa.eu\/about-edpb\/about-edpb\/members_en<\/a>.<\/p>\n<p>Kalifornien\u00a0<\/p>\n<p>Das kalifornische Verbraucherschutzgesetz (California Consumer Privacy Act, CCPA) sieht besondere Datenschutzrechte f\u00fcr Einwohner Kaliforniens vor.  Einwohner Kaliforniens k\u00f6nnen sich an das B\u00fcro des kalifornischen Generalstaatsanwalts wenden <a href=\"https:\/\/oag.ca.gov\/privacy\/ccpa\">https:\/\/oag.ca.gov\/privacy\/ccpa<\/a><\/p>\n<p>Bundeshandelskommission<\/p>\n<p><a href=\"https:\/\/www.ftc.gov\/news-events\/topics\/protecting-consumer-privacy-security\">https:\/\/www.ftc.gov\/news-events\/topics\/protecting-consumer-privacy-security<\/a><\/p>\n<p>\u00a0<\/p>\n<p><\/p>\t\t\t\t\t\t\t\t<\/div>\n\t\t\t\t<\/div>\n\t\t\t\t\t<\/div>\n\t\t<\/div>\n\t\t\t\t\t<\/div>\n\t\t<\/section>\n\t\t\t\t<\/div>","protected":false},"excerpt":{"rendered":"<p>Our Company Privacy Policy This privacy policy will explain how AMS Aircraft Recovery Ltd and AGE Logistics Corporation d.b.a. AMS Aircraft Recovery use the personal data we collect from you when you use our website.\u00a0 Our website address is: http:\/\/aircraftrecovery.com. Topics: What data do we collect? How do we collect your data? How will we [&hellip;]<\/p>\n","protected":false},"author":1,"featured_media":0,"parent":0,"menu_order":0,"comment_status":"closed","ping_status":"closed","template":"","meta":{"footnotes":""},"categories":[],"tags":[],"class_list":["post-37","page","type-page","status-publish","hentry"],"yoast_head":"<!-- This site is optimized with the Yoast SEO Premium plugin v27.3 (Yoast SEO v27.4) - https:\/\/yoast.com\/product\/yoast-seo-premium-wordpress\/ -->\n<title>Privacy Policy - AMS Aircraft Recovery<\/title>\n<meta name=\"robots\" content=\"index, follow, max-snippet:-1, max-image-preview:large, max-video-preview:-1\" \/>\n<link rel=\"canonical\" href=\"https:\/\/aircraftrecovery.com\/de\/privacy-policy\/\" \/>\n<meta property=\"og:locale\" content=\"de_DE\" \/>\n<meta property=\"og:type\" content=\"article\" \/>\n<meta property=\"og:title\" content=\"Privacy Policy\" \/>\n<meta property=\"og:description\" content=\"Our Company Privacy Policy This privacy policy will explain how AMS Aircraft Recovery Ltd and AGE Logistics Corporation d.b.a. AMS Aircraft Recovery use the personal data we collect from you when you use our website.\u00a0 Our website address is: http:\/\/aircraftrecovery.com. Topics: What data do we collect? How do we collect your data? How will we [&hellip;]\" \/>\n<meta property=\"og:url\" content=\"https:\/\/aircraftrecovery.com\/de\/privacy-policy\/\" \/>\n<meta property=\"og:site_name\" content=\"AMS Aircraft Recovery\" \/>\n<meta property=\"article:modified_time\" content=\"2023-06-10T00:00:13+00:00\" \/>\n<meta name=\"twitter:card\" content=\"summary_large_image\" \/>\n<script type=\"application\/ld+json\" class=\"yoast-schema-graph\">{\"@context\":\"https:\\\/\\\/schema.org\",\"@graph\":[{\"@type\":\"WebPage\",\"@id\":\"https:\\\/\\\/aircraftrecovery.com\\\/privacy-policy\\\/\",\"url\":\"https:\\\/\\\/aircraftrecovery.com\\\/privacy-policy\\\/\",\"name\":\"Privacy Policy - AMS Aircraft Recovery\",\"isPartOf\":{\"@id\":\"https:\\\/\\\/aircraftrecovery.com\\\/de\\\/#website\"},\"datePublished\":\"2023-01-29T23:09:35+00:00\",\"dateModified\":\"2023-06-10T00:00:13+00:00\",\"breadcrumb\":{\"@id\":\"https:\\\/\\\/aircraftrecovery.com\\\/privacy-policy\\\/#breadcrumb\"},\"inLanguage\":\"de\",\"potentialAction\":[{\"@type\":\"ReadAction\",\"target\":[\"https:\\\/\\\/aircraftrecovery.com\\\/privacy-policy\\\/\"]}]},{\"@type\":\"BreadcrumbList\",\"@id\":\"https:\\\/\\\/aircraftrecovery.com\\\/privacy-policy\\\/#breadcrumb\",\"itemListElement\":[{\"@type\":\"ListItem\",\"position\":1,\"name\":\"Home\",\"item\":\"https:\\\/\\\/aircraftrecovery.com\\\/\"},{\"@type\":\"ListItem\",\"position\":2,\"name\":\"Privacy Policy\"}]},{\"@type\":\"WebSite\",\"@id\":\"https:\\\/\\\/aircraftrecovery.com\\\/de\\\/#website\",\"url\":\"https:\\\/\\\/aircraftrecovery.com\\\/de\\\/\",\"name\":\"AMS Aircraft Recovery\",\"description\":\"LIFTING - TOWING - TRANSPORT - TRAINING\",\"publisher\":{\"@id\":\"https:\\\/\\\/aircraftrecovery.com\\\/de\\\/#organization\"},\"potentialAction\":[{\"@type\":\"SearchAction\",\"target\":{\"@type\":\"EntryPoint\",\"urlTemplate\":\"https:\\\/\\\/aircraftrecovery.com\\\/de\\\/?s={search_term_string}\"},\"query-input\":{\"@type\":\"PropertyValueSpecification\",\"valueRequired\":true,\"valueName\":\"search_term_string\"}}],\"inLanguage\":\"de\"},{\"@type\":\"Organization\",\"@id\":\"https:\\\/\\\/aircraftrecovery.com\\\/de\\\/#organization\",\"name\":\"AMS Aircraft Recovery\",\"alternateName\":\"AGE Logistics Corporation\",\"url\":\"https:\\\/\\\/aircraftrecovery.com\\\/de\\\/\",\"logo\":{\"@type\":\"ImageObject\",\"inLanguage\":\"de\",\"@id\":\"https:\\\/\\\/aircraftrecovery.com\\\/de\\\/#\\\/schema\\\/logo\\\/image\\\/\",\"url\":\"https:\\\/\\\/aircraftrecovery.com\\\/wp-content\\\/uploads\\\/cropped-AMS-icon-logo.png\",\"contentUrl\":\"https:\\\/\\\/aircraftrecovery.com\\\/wp-content\\\/uploads\\\/cropped-AMS-icon-logo.png\",\"width\":512,\"height\":512,\"caption\":\"AMS Aircraft Recovery\"},\"image\":{\"@id\":\"https:\\\/\\\/aircraftrecovery.com\\\/de\\\/#\\\/schema\\\/logo\\\/image\\\/\"},\"sameAs\":[\"https:\\\/\\\/www.linkedin.com\\\/company\\\/ams-aircraft-recovery\\\/\"]}]}<\/script>\n<!-- \/ Yoast SEO Premium plugin. -->","yoast_head_json":{"title":"Datenschutzrichtlinie - AMS Aircraft Recovery","robots":{"index":"index","follow":"follow","max-snippet":"max-snippet:-1","max-image-preview":"max-image-preview:large","max-video-preview":"max-video-preview:-1"},"canonical":"https:\/\/aircraftrecovery.com\/de\/privacy-policy\/","og_locale":"de_DE","og_type":"article","og_title":"Privacy Policy","og_description":"Our Company Privacy Policy This privacy policy will explain how AMS Aircraft Recovery Ltd and AGE Logistics Corporation d.b.a. AMS Aircraft Recovery use the personal data we collect from you when you use our website.\u00a0 Our website address is: http:\/\/aircraftrecovery.com. Topics: What data do we collect? How do we collect your data? How will we [&hellip;]","og_url":"https:\/\/aircraftrecovery.com\/de\/privacy-policy\/","og_site_name":"AMS Aircraft Recovery","article_modified_time":"2023-06-10T00:00:13+00:00","twitter_card":"summary_large_image","schema":{"@context":"https:\/\/schema.org","@graph":[{"@type":"WebPage","@id":"https:\/\/aircraftrecovery.com\/privacy-policy\/","url":"https:\/\/aircraftrecovery.com\/privacy-policy\/","name":"Datenschutzrichtlinie - AMS Aircraft Recovery","isPartOf":{"@id":"https:\/\/aircraftrecovery.com\/de\/#website"},"datePublished":"2023-01-29T23:09:35+00:00","dateModified":"2023-06-10T00:00:13+00:00","breadcrumb":{"@id":"https:\/\/aircraftrecovery.com\/privacy-policy\/#breadcrumb"},"inLanguage":"de","potentialAction":[{"@type":"ReadAction","target":["https:\/\/aircraftrecovery.com\/privacy-policy\/"]}]},{"@type":"BreadcrumbList","@id":"https:\/\/aircraftrecovery.com\/privacy-policy\/#breadcrumb","itemListElement":[{"@type":"ListItem","position":1,"name":"Home","item":"https:\/\/aircraftrecovery.com\/"},{"@type":"ListItem","position":2,"name":"Privacy Policy"}]},{"@type":"WebSite","@id":"https:\/\/aircraftrecovery.com\/de\/#website","url":"https:\/\/aircraftrecovery.com\/de\/","name":"AMS Luftfahrzeugbergung","description":"HEBEN - SCHLEPPEN - TRANSPORTIEREN - AUSBILDUNG","publisher":{"@id":"https:\/\/aircraftrecovery.com\/de\/#organization"},"potentialAction":[{"@type":"SearchAction","target":{"@type":"EntryPoint","urlTemplate":"https:\/\/aircraftrecovery.com\/de\/?s={search_term_string}"},"query-input":{"@type":"PropertyValueSpecification","valueRequired":true,"valueName":"search_term_string"}}],"inLanguage":"de"},{"@type":"Organization","@id":"https:\/\/aircraftrecovery.com\/de\/#organization","name":"AMS Luftfahrzeugbergung","alternateName":"AGE Logistics Corporation","url":"https:\/\/aircraftrecovery.com\/de\/","logo":{"@type":"ImageObject","inLanguage":"de","@id":"https:\/\/aircraftrecovery.com\/de\/#\/schema\/logo\/image\/","url":"https:\/\/aircraftrecovery.com\/wp-content\/uploads\/cropped-AMS-icon-logo.png","contentUrl":"https:\/\/aircraftrecovery.com\/wp-content\/uploads\/cropped-AMS-icon-logo.png","width":512,"height":512,"caption":"AMS Aircraft Recovery"},"image":{"@id":"https:\/\/aircraftrecovery.com\/de\/#\/schema\/logo\/image\/"},"sameAs":["https:\/\/www.linkedin.com\/company\/ams-aircraft-recovery\/"]}]}},"_links":{"self":[{"href":"https:\/\/aircraftrecovery.com\/de\/wp-json\/wp\/v2\/pages\/37","targetHints":{"allow":["GET"]}}],"collection":[{"href":"https:\/\/aircraftrecovery.com\/de\/wp-json\/wp\/v2\/pages"}],"about":[{"href":"https:\/\/aircraftrecovery.com\/de\/wp-json\/wp\/v2\/types\/page"}],"author":[{"embeddable":true,"href":"https:\/\/aircraftrecovery.com\/de\/wp-json\/wp\/v2\/users\/1"}],"replies":[{"embeddable":true,"href":"https:\/\/aircraftrecovery.com\/de\/wp-json\/wp\/v2\/comments?post=37"}],"version-history":[{"count":0,"href":"https:\/\/aircraftrecovery.com\/de\/wp-json\/wp\/v2\/pages\/37\/revisions"}],"wp:attachment":[{"href":"https:\/\/aircraftrecovery.com\/de\/wp-json\/wp\/v2\/media?parent=37"}],"wp:term":[{"taxonomy":"category","embeddable":true,"href":"https:\/\/aircraftrecovery.com\/de\/wp-json\/wp\/v2\/categories?post=37"},{"taxonomy":"post_tag","embeddable":true,"href":"https:\/\/aircraftrecovery.com\/de\/wp-json\/wp\/v2\/tags?post=37"}],"curies":[{"name":"wp","href":"https:\/\/api.w.org\/{rel}","templated":true}]}}