{"id":4915,"date":"2024-11-19T20:27:23","date_gmt":"2024-11-19T20:27:23","guid":{"rendered":"https:\/\/aircraftrecovery.com\/?page_id=4915"},"modified":"2025-12-06T13:50:23","modified_gmt":"2025-12-06T21:50:23","slug":"aircraft-recovery-dolly-38-tonne-capacity","status":"publish","type":"page","link":"https:\/\/aircraftrecovery.com\/de\/aircraft-recovery-dolly-38-tonne-capacity\/","title":{"rendered":"Flugzeug-Bergungsdolly - 38 Tonnen Kapazit\u00e4t"},"content":{"rendered":"<h2>Laden Sie das technische Datenblatt des AMS 38-Tonnen-Flugzeugbergungsdollys herunter\n<\/h2>\t\t\n\t\t<p>Geplatzte oder besch\u00e4digte Reifen und R\u00e4der sind die Ursache f\u00fcr die meisten Vorf\u00e4lle bei der Bergung von Flugzeugen. Der AMS Recovery Dolly ist ein eigenst\u00e4ndiges Werkzeug, das es Flugh\u00e4fen und Betreibern erm\u00f6glicht, Start- und Landebahnen ohne Verz\u00f6gerungen zu r\u00e4umen und gleichzeitig Sekund\u00e4rsch\u00e4den am Flugzeug oder der Start- und Landebahn zu minimieren.<\/p>\n<p><!-- \/wp:post-content --><!-- wp:paragraph --><\/p>\n<p>Der AMS Bergedolly mit einer Kapazit\u00e4t von 38 Tonnen hat folgende Merkmale:<\/p>\n<ul>\n<li style=\"text-align: left;\">Fahrwerk f\u00fcr den schnellen Transport zum Einsatzort<br \/><\/li>\n<!-- \/wp:paragraph --><!-- wp:list-item -->\n<li style=\"text-align: left;\">Hydraulik zum Absenken des Decks auf den Boden<\/li>\n<!-- \/wp:list-item --><!-- wp:list-item -->\n<li style=\"text-align: left;\">Vorw\u00e4rts schleppen oder zur\u00fcckschieben, um die Landebahn schnell zu r\u00e4umen<\/li>\n<!-- \/wp:list-item --><!-- wp:list-item -->\n<li style=\"text-align: left;\">38-Tonnen-Kapazit\u00e4t f\u00fcr das gesamte Bugfahrwerk und das einachsige Hauptfahrwerk<\/li>\n<\/ul>\n<p>\u00a0<\/p>\n<p>R\u00fcsten Sie Ihren Flughafen mit dem AMS Aircraft Recovery Dolly aus, um eine schnelle Reaktion, k\u00fcrzere Ausfallzeiten und eine effiziente Startbahnr\u00e4umung zu gew\u00e4hrleisten.\u00a0<\/p>\n<p><!-- \/wp:list-item --><!-- wp:paragraph --><\/p>\n<p>Setzen Sie sich noch heute mit uns in Verbindung, um mehr zu erfahren und herauszufinden, wie wir Ihnen helfen k\u00f6nnen, Ihre Startbahn-R\u00fcckgewinnungsma\u00dfnahmen zu verbessern.<\/p>\n<p><!-- \/wp:paragraph --><!-- wp:image {\"id\":4949,\"sizeSlug\":\"large\",\"linkDestination\":\"none\"} \/--><!-- wp:paragraph --><\/p>\n<p><!-- \/wp:paragraph --><\/p>\t\t\n\t\t\t<figure class='gallery-item'>\n\t\t\t\t<a data-elementor-open-lightbox=\"yes\" data-elementor-lightbox-slideshow=\"175fc1f\" data-elementor-lightbox-title=\"10060-243 - 38t Dolly, Landing Gear Strapped\" data-e-action-hash=\"#elementor-action%3Aaction%3Dlightbox%26settings%3DeyJpZCI6NDk0OSwidXJsIjoiaHR0cHM6XC9cL2FpcmNyYWZ0cmVjb3ZlcnkuY29tXC93cC1jb250ZW50XC91cGxvYWRzXC9JTUdfMzIwOC0xLXNjYWxlZC5qcGciLCJzbGlkZXNob3ciOiIxNzVmYzFmIn0%3D\" href='https:\/\/aircraftrecovery.com\/wp-content\/uploads\/IMG_3208-1-scaled.jpg'><img fetchpriority=\"high\" width=\"2560\" height=\"1920\" src=\"https:\/\/aircraftrecovery.com\/wp-content\/uploads\/IMG_3208-1-scaled.jpg\" alt=\"Flugzeugbergungswagen\" decoding=\"async\" srcset=\"https:\/\/aircraftrecovery.com\/wp-content\/uploads\/IMG_3208-1-scaled.jpg 2560w, https:\/\/aircraftrecovery.com\/wp-content\/uploads\/IMG_3208-1-300x225.jpg 300w, https:\/\/aircraftrecovery.com\/wp-content\/uploads\/IMG_3208-1-1024x768.jpg 1024w, https:\/\/aircraftrecovery.com\/wp-content\/uploads\/IMG_3208-1-768x576.jpg 768w, https:\/\/aircraftrecovery.com\/wp-content\/uploads\/IMG_3208-1-1536x1152.jpg 1536w, https:\/\/aircraftrecovery.com\/wp-content\/uploads\/IMG_3208-1-2048x1536.jpg 2048w, https:\/\/aircraftrecovery.com\/wp-content\/uploads\/IMG_3208-1-16x12.jpg 16w\" sizes=\"(max-width: 2560px) 100vw, 2560px\" \/><\/a>\n\t\t\t<\/figure><figure class='gallery-item'>\n\t\t\t\t<a data-elementor-open-lightbox=\"yes\" data-elementor-lightbox-slideshow=\"175fc1f\" data-elementor-lightbox-title=\"10060-243 - 38t Dolly, Running Gear\" data-e-action-hash=\"#elementor-action%3Aaction%3Dlightbox%26settings%3DeyJpZCI6NDk0NCwidXJsIjoiaHR0cHM6XC9cL2FpcmNyYWZ0cmVjb3ZlcnkuY29tXC93cC1jb250ZW50XC91cGxvYWRzXC8xMDA2MC0yNDMtMzh0LURvbGx5LVJ1bm5pbmctR2Vhci1zY2FsZWQuanBnIiwic2xpZGVzaG93IjoiMTc1ZmMxZiJ9\" href='https:\/\/aircraftrecovery.com\/wp-content\/uploads\/10060-243-38t-Dolly-Running-Gear-scaled.jpg'><img width=\"2560\" height=\"1928\" src=\"https:\/\/aircraftrecovery.com\/wp-content\/uploads\/10060-243-38t-Dolly-Running-Gear-scaled.jpg\" alt=\"\" decoding=\"async\" srcset=\"https:\/\/aircraftrecovery.com\/wp-content\/uploads\/10060-243-38t-Dolly-Running-Gear-scaled.jpg 2560w, https:\/\/aircraftrecovery.com\/wp-content\/uploads\/10060-243-38t-Dolly-Running-Gear-300x226.jpg 300w, https:\/\/aircraftrecovery.com\/wp-content\/uploads\/10060-243-38t-Dolly-Running-Gear-1024x771.jpg 1024w, https:\/\/aircraftrecovery.com\/wp-content\/uploads\/10060-243-38t-Dolly-Running-Gear-768x578.jpg 768w, https:\/\/aircraftrecovery.com\/wp-content\/uploads\/10060-243-38t-Dolly-Running-Gear-1536x1157.jpg 1536w, https:\/\/aircraftrecovery.com\/wp-content\/uploads\/10060-243-38t-Dolly-Running-Gear-2048x1542.jpg 2048w, https:\/\/aircraftrecovery.com\/wp-content\/uploads\/10060-243-38t-Dolly-Running-Gear-16x12.jpg 16w\" sizes=\"(max-width: 2560px) 100vw, 2560px\" \/><\/a>\n\t\t\t<\/figure>","protected":false},"excerpt":{"rendered":"<p>Download the AMS 38 Tonne Capacity Aircraft Recovery Dolly Technical Data Sheet Burst or damaged tires and wheels account for most Aircraft Recovery incidents. The AMS Recovery Dolly is a self-contained tool empowering Airports and Operators to clear runways without delays while minimizing secondary damage to the Aircraft or Runway. The AMS 38-tonne Capacity Recovery [&hellip;]<\/p>\n","protected":false},"author":1,"featured_media":0,"parent":0,"menu_order":0,"comment_status":"closed","ping_status":"closed","template":"","meta":{"footnotes":""},"categories":[28,56],"tags":[],"class_list":["post-4915","page","type-page","status-publish","hentry","category-aircraft-towing","category-news"],"yoast_head":"<!-- This site is optimized with the Yoast SEO Premium plugin v27.4 (Yoast SEO v27.4) - https:\/\/yoast.com\/product\/yoast-seo-premium-wordpress\/ -->\n<title>Aircraft Recovery Dolly - 38 Tonne Capacity - AMS Aircraft Recovery<\/title>\n<meta name=\"robots\" content=\"index, follow, max-snippet:-1, max-image-preview:large, max-video-preview:-1\" \/>\n<link rel=\"canonical\" href=\"https:\/\/aircraftrecovery.com\/de\/aircraft-recovery-dolly-38-tonne-capacity\/\" \/>\n<meta property=\"og:locale\" content=\"de_DE\" \/>\n<meta property=\"og:type\" content=\"article\" \/>\n<meta property=\"og:title\" content=\"Aircraft Recovery Dolly - 38 Tonne Capacity\" \/>\n<meta property=\"og:description\" content=\"Download the AMS 38 Tonne Capacity Aircraft Recovery Dolly Technical Data Sheet Burst or damaged tires and wheels account for most Aircraft Recovery incidents. The AMS Recovery Dolly is a self-contained tool empowering Airports and Operators to clear runways without delays while minimizing secondary damage to the Aircraft or Runway. The AMS 38-tonne Capacity Recovery [&hellip;]\" \/>\n<meta property=\"og:url\" content=\"https:\/\/aircraftrecovery.com\/de\/aircraft-recovery-dolly-38-tonne-capacity\/\" \/>\n<meta property=\"og:site_name\" content=\"AMS Aircraft Recovery\" \/>\n<meta property=\"article:modified_time\" content=\"2025-12-06T21:50:23+00:00\" \/>\n<meta property=\"og:image\" content=\"https:\/\/aircraftrecovery.com\/wp-content\/uploads\/IMG_3208-1-scaled.jpg\" \/>\n<meta name=\"twitter:card\" content=\"summary_large_image\" \/>\n<meta name=\"twitter:label1\" content=\"Gesch\u00e4tzte Lesezeit\" \/>\n\t<meta name=\"twitter:data1\" content=\"1\u00a0Minute\" \/>\n<script type=\"application\/ld+json\" class=\"yoast-schema-graph\">{\"@context\":\"https:\\\/\\\/schema.org\",\"@graph\":[{\"@type\":\"WebPage\",\"@id\":\"https:\\\/\\\/aircraftrecovery.com\\\/aircraft-recovery-dolly-38-tonne-capacity\\\/\",\"url\":\"https:\\\/\\\/aircraftrecovery.com\\\/aircraft-recovery-dolly-38-tonne-capacity\\\/\",\"name\":\"Aircraft Recovery Dolly - 38 Tonne Capacity - AMS Aircraft Recovery\",\"isPartOf\":{\"@id\":\"https:\\\/\\\/aircraftrecovery.com\\\/de\\\/#website\"},\"primaryImageOfPage\":{\"@id\":\"https:\\\/\\\/aircraftrecovery.com\\\/aircraft-recovery-dolly-38-tonne-capacity\\\/#primaryimage\"},\"image\":{\"@id\":\"https:\\\/\\\/aircraftrecovery.com\\\/aircraft-recovery-dolly-38-tonne-capacity\\\/#primaryimage\"},\"thumbnailUrl\":\"https:\\\/\\\/aircraftrecovery.com\\\/wp-content\\\/uploads\\\/IMG_3208-1-scaled.jpg\",\"datePublished\":\"2024-11-19T20:27:23+00:00\",\"dateModified\":\"2025-12-06T21:50:23+00:00\",\"breadcrumb\":{\"@id\":\"https:\\\/\\\/aircraftrecovery.com\\\/aircraft-recovery-dolly-38-tonne-capacity\\\/#breadcrumb\"},\"inLanguage\":\"de\",\"potentialAction\":[{\"@type\":\"ReadAction\",\"target\":[\"https:\\\/\\\/aircraftrecovery.com\\\/aircraft-recovery-dolly-38-tonne-capacity\\\/\"]}]},{\"@type\":\"ImageObject\",\"inLanguage\":\"de\",\"@id\":\"https:\\\/\\\/aircraftrecovery.com\\\/aircraft-recovery-dolly-38-tonne-capacity\\\/#primaryimage\",\"url\":\"https:\\\/\\\/aircraftrecovery.com\\\/wp-content\\\/uploads\\\/IMG_3208-1-scaled.jpg\",\"contentUrl\":\"https:\\\/\\\/aircraftrecovery.com\\\/wp-content\\\/uploads\\\/IMG_3208-1-scaled.jpg\"},{\"@type\":\"BreadcrumbList\",\"@id\":\"https:\\\/\\\/aircraftrecovery.com\\\/aircraft-recovery-dolly-38-tonne-capacity\\\/#breadcrumb\",\"itemListElement\":[{\"@type\":\"ListItem\",\"position\":1,\"name\":\"Home\",\"item\":\"https:\\\/\\\/aircraftrecovery.com\\\/\"},{\"@type\":\"ListItem\",\"position\":2,\"name\":\"Aircraft Recovery Dolly &#8211; 38 Tonne Capacity\"}]},{\"@type\":\"WebSite\",\"@id\":\"https:\\\/\\\/aircraftrecovery.com\\\/de\\\/#website\",\"url\":\"https:\\\/\\\/aircraftrecovery.com\\\/de\\\/\",\"name\":\"AMS Aircraft Recovery\",\"description\":\"LIFTING - TOWING - TRANSPORT - TRAINING\",\"publisher\":{\"@id\":\"https:\\\/\\\/aircraftrecovery.com\\\/de\\\/#organization\"},\"potentialAction\":[{\"@type\":\"SearchAction\",\"target\":{\"@type\":\"EntryPoint\",\"urlTemplate\":\"https:\\\/\\\/aircraftrecovery.com\\\/de\\\/?s={search_term_string}\"},\"query-input\":{\"@type\":\"PropertyValueSpecification\",\"valueRequired\":true,\"valueName\":\"search_term_string\"}}],\"inLanguage\":\"de\"},{\"@type\":\"Organization\",\"@id\":\"https:\\\/\\\/aircraftrecovery.com\\\/de\\\/#organization\",\"name\":\"AMS Aircraft Recovery\",\"alternateName\":\"AGE Logistics Corporation\",\"url\":\"https:\\\/\\\/aircraftrecovery.com\\\/de\\\/\",\"logo\":{\"@type\":\"ImageObject\",\"inLanguage\":\"de\",\"@id\":\"https:\\\/\\\/aircraftrecovery.com\\\/de\\\/#\\\/schema\\\/logo\\\/image\\\/\",\"url\":\"https:\\\/\\\/aircraftrecovery.com\\\/wp-content\\\/uploads\\\/cropped-AMS-icon-logo.png\",\"contentUrl\":\"https:\\\/\\\/aircraftrecovery.com\\\/wp-content\\\/uploads\\\/cropped-AMS-icon-logo.png\",\"width\":512,\"height\":512,\"caption\":\"AMS Aircraft Recovery\"},\"image\":{\"@id\":\"https:\\\/\\\/aircraftrecovery.com\\\/de\\\/#\\\/schema\\\/logo\\\/image\\\/\"},\"sameAs\":[\"https:\\\/\\\/www.linkedin.com\\\/company\\\/ams-aircraft-recovery\\\/\"]}]}<\/script>\n<!-- \/ Yoast SEO Premium plugin. -->","yoast_head_json":{"title":"Aircraft Recovery Dolly - 38 Tonnen Kapazit\u00e4t - AMS Aircraft Recovery","robots":{"index":"index","follow":"follow","max-snippet":"max-snippet:-1","max-image-preview":"max-image-preview:large","max-video-preview":"max-video-preview:-1"},"canonical":"https:\/\/aircraftrecovery.com\/de\/aircraft-recovery-dolly-38-tonne-capacity\/","og_locale":"de_DE","og_type":"article","og_title":"Aircraft Recovery Dolly - 38 Tonne Capacity","og_description":"Download the AMS 38 Tonne Capacity Aircraft Recovery Dolly Technical Data Sheet Burst or damaged tires and wheels account for most Aircraft Recovery incidents. The AMS Recovery Dolly is a self-contained tool empowering Airports and Operators to clear runways without delays while minimizing secondary damage to the Aircraft or Runway. The AMS 38-tonne Capacity Recovery [&hellip;]","og_url":"https:\/\/aircraftrecovery.com\/de\/aircraft-recovery-dolly-38-tonne-capacity\/","og_site_name":"AMS Aircraft Recovery","article_modified_time":"2025-12-06T21:50:23+00:00","og_image":[{"url":"https:\/\/aircraftrecovery.com\/wp-content\/uploads\/IMG_3208-1-scaled.jpg","type":"","width":"","height":""}],"twitter_card":"summary_large_image","twitter_misc":{"Gesch\u00e4tzte Lesezeit":"1\u00a0Minute"},"schema":{"@context":"https:\/\/schema.org","@graph":[{"@type":"WebPage","@id":"https:\/\/aircraftrecovery.com\/aircraft-recovery-dolly-38-tonne-capacity\/","url":"https:\/\/aircraftrecovery.com\/aircraft-recovery-dolly-38-tonne-capacity\/","name":"Aircraft Recovery Dolly - 38 Tonnen Kapazit\u00e4t - AMS Aircraft Recovery","isPartOf":{"@id":"https:\/\/aircraftrecovery.com\/de\/#website"},"primaryImageOfPage":{"@id":"https:\/\/aircraftrecovery.com\/aircraft-recovery-dolly-38-tonne-capacity\/#primaryimage"},"image":{"@id":"https:\/\/aircraftrecovery.com\/aircraft-recovery-dolly-38-tonne-capacity\/#primaryimage"},"thumbnailUrl":"https:\/\/aircraftrecovery.com\/wp-content\/uploads\/IMG_3208-1-scaled.jpg","datePublished":"2024-11-19T20:27:23+00:00","dateModified":"2025-12-06T21:50:23+00:00","breadcrumb":{"@id":"https:\/\/aircraftrecovery.com\/aircraft-recovery-dolly-38-tonne-capacity\/#breadcrumb"},"inLanguage":"de","potentialAction":[{"@type":"ReadAction","target":["https:\/\/aircraftrecovery.com\/aircraft-recovery-dolly-38-tonne-capacity\/"]}]},{"@type":"ImageObject","inLanguage":"de","@id":"https:\/\/aircraftrecovery.com\/aircraft-recovery-dolly-38-tonne-capacity\/#primaryimage","url":"https:\/\/aircraftrecovery.com\/wp-content\/uploads\/IMG_3208-1-scaled.jpg","contentUrl":"https:\/\/aircraftrecovery.com\/wp-content\/uploads\/IMG_3208-1-scaled.jpg"},{"@type":"BreadcrumbList","@id":"https:\/\/aircraftrecovery.com\/aircraft-recovery-dolly-38-tonne-capacity\/#breadcrumb","itemListElement":[{"@type":"ListItem","position":1,"name":"Home","item":"https:\/\/aircraftrecovery.com\/"},{"@type":"ListItem","position":2,"name":"Aircraft Recovery Dolly &#8211; 38 Tonne Capacity"}]},{"@type":"WebSite","@id":"https:\/\/aircraftrecovery.com\/de\/#website","url":"https:\/\/aircraftrecovery.com\/de\/","name":"AMS Luftfahrzeugbergung","description":"HEBEN - SCHLEPPEN - TRANSPORTIEREN - AUSBILDUNG","publisher":{"@id":"https:\/\/aircraftrecovery.com\/de\/#organization"},"potentialAction":[{"@type":"SearchAction","target":{"@type":"EntryPoint","urlTemplate":"https:\/\/aircraftrecovery.com\/de\/?s={search_term_string}"},"query-input":{"@type":"PropertyValueSpecification","valueRequired":true,"valueName":"search_term_string"}}],"inLanguage":"de"},{"@type":"Organization","@id":"https:\/\/aircraftrecovery.com\/de\/#organization","name":"AMS Luftfahrzeugbergung","alternateName":"AGE Logistics Corporation","url":"https:\/\/aircraftrecovery.com\/de\/","logo":{"@type":"ImageObject","inLanguage":"de","@id":"https:\/\/aircraftrecovery.com\/de\/#\/schema\/logo\/image\/","url":"https:\/\/aircraftrecovery.com\/wp-content\/uploads\/cropped-AMS-icon-logo.png","contentUrl":"https:\/\/aircraftrecovery.com\/wp-content\/uploads\/cropped-AMS-icon-logo.png","width":512,"height":512,"caption":"AMS Aircraft Recovery"},"image":{"@id":"https:\/\/aircraftrecovery.com\/de\/#\/schema\/logo\/image\/"},"sameAs":["https:\/\/www.linkedin.com\/company\/ams-aircraft-recovery\/"]}]}},"_links":{"self":[{"href":"https:\/\/aircraftrecovery.com\/de\/wp-json\/wp\/v2\/pages\/4915","targetHints":{"allow":["GET"]}}],"collection":[{"href":"https:\/\/aircraftrecovery.com\/de\/wp-json\/wp\/v2\/pages"}],"about":[{"href":"https:\/\/aircraftrecovery.com\/de\/wp-json\/wp\/v2\/types\/page"}],"author":[{"embeddable":true,"href":"https:\/\/aircraftrecovery.com\/de\/wp-json\/wp\/v2\/users\/1"}],"replies":[{"embeddable":true,"href":"https:\/\/aircraftrecovery.com\/de\/wp-json\/wp\/v2\/comments?post=4915"}],"version-history":[{"count":10,"href":"https:\/\/aircraftrecovery.com\/de\/wp-json\/wp\/v2\/pages\/4915\/revisions"}],"predecessor-version":[{"id":5529,"href":"https:\/\/aircraftrecovery.com\/de\/wp-json\/wp\/v2\/pages\/4915\/revisions\/5529"}],"wp:attachment":[{"href":"https:\/\/aircraftrecovery.com\/de\/wp-json\/wp\/v2\/media?parent=4915"}],"wp:term":[{"taxonomy":"category","embeddable":true,"href":"https:\/\/aircraftrecovery.com\/de\/wp-json\/wp\/v2\/categories?post=4915"},{"taxonomy":"post_tag","embeddable":true,"href":"https:\/\/aircraftrecovery.com\/de\/wp-json\/wp\/v2\/tags?post=4915"}],"curies":[{"name":"wp","href":"https:\/\/api.w.org\/{rel}","templated":true}]}}