{"id":2471,"date":"2022-10-23T00:28:54","date_gmt":"2022-10-23T00:28:54","guid":{"rendered":"https:\/\/dev.aircraftrecovery.com\/?page_id=2471"},"modified":"2024-10-16T18:42:57","modified_gmt":"2024-10-16T18:42:57","slug":"video-resources","status":"publish","type":"page","link":"https:\/\/aircraftrecovery.com\/es\/video-resources\/","title":{"rendered":"Recursos de v\u00eddeo"},"content":{"rendered":"<div data-elementor-type=\"wp-page\" data-elementor-id=\"2471\" class=\"elementor elementor-2471\" data-elementor-post-type=\"page\">\n\t\t\t\t\t\t<section class=\"elementor-section elementor-top-section elementor-element elementor-element-59b6f7c elementor-section-boxed elementor-section-height-default elementor-section-height-default\" data-id=\"59b6f7c\" data-element_type=\"section\" data-e-type=\"section\">\n\t\t\t\t\t\t<div class=\"elementor-container elementor-column-gap-default\">\n\t\t\t\t\t<div class=\"elementor-column elementor-col-100 elementor-top-column elementor-element elementor-element-57fb42f\" data-id=\"57fb42f\" data-element_type=\"column\" data-e-type=\"column\">\n\t\t\t<div class=\"elementor-widget-wrap elementor-element-populated\">\n\t\t\t\t\t\t<div class=\"elementor-element elementor-element-e37afcb elementor-widget elementor-widget-heading\" data-id=\"e37afcb\" data-element_type=\"widget\" data-e-type=\"widget\" data-widget_type=\"heading.default\">\n\t\t\t\t<div class=\"elementor-widget-container\">\n\t\t\t\t\t<h2 class=\"elementor-heading-title elementor-size-default\">Recursos de v\u00eddeo sobre recuperaci\u00f3n de aeronaves<\/h2>\t\t\t\t<\/div>\n\t\t\t\t<\/div>\n\t\t\t\t\t<\/div>\n\t\t<\/div>\n\t\t\t\t\t<\/div>\n\t\t<\/section>\n\t\t\t\t<section class=\"elementor-section elementor-top-section elementor-element elementor-element-8cbef02 elementor-section-full_width elementor-section-height-default elementor-section-height-default\" data-id=\"8cbef02\" data-element_type=\"section\" data-e-type=\"section\">\n\t\t\t\t\t\t<div class=\"elementor-container elementor-column-gap-default\">\n\t\t\t\t\t<div class=\"elementor-column elementor-col-100 elementor-top-column elementor-element elementor-element-c2ea301\" data-id=\"c2ea301\" data-element_type=\"column\" data-e-type=\"column\">\n\t\t\t<div class=\"elementor-widget-wrap elementor-element-populated\">\n\t\t\t\t\t\t<div class=\"elementor-element elementor-element-c3bb078 elementor-grid-3 elementor-grid-tablet-2 elementor-grid-mobile-1 elementor-posts--thumbnail-top elementor-card-shadow-yes elementor-posts__hover-gradient elementor-widget elementor-widget-posts\" data-id=\"c3bb078\" data-element_type=\"widget\" data-e-type=\"widget\" data-settings=\"{&quot;pagination_type&quot;:&quot;prev_next&quot;,&quot;cards_columns&quot;:&quot;3&quot;,&quot;cards_columns_tablet&quot;:&quot;2&quot;,&quot;cards_columns_mobile&quot;:&quot;1&quot;,&quot;cards_row_gap&quot;:{&quot;unit&quot;:&quot;px&quot;,&quot;size&quot;:35,&quot;sizes&quot;:[]},&quot;cards_row_gap_tablet&quot;:{&quot;unit&quot;:&quot;px&quot;,&quot;size&quot;:&quot;&quot;,&quot;sizes&quot;:[]},&quot;cards_row_gap_mobile&quot;:{&quot;unit&quot;:&quot;px&quot;,&quot;size&quot;:&quot;&quot;,&quot;sizes&quot;:[]}}\" data-widget_type=\"posts.cards\">\n\t\t\t\t<div class=\"elementor-widget-container\">\n\t\t\t\t\t\t\t<div class=\"elementor-posts-container elementor-posts elementor-posts--skin-cards elementor-grid\" role=\"list\">\n\t\t\t\t<article class=\"elementor-post elementor-grid-item post-4693 post type-post status-publish format-standard has-post-thumbnail hentry category-aircraft-recovery category-aircraft-recovery-training category-video\" role=\"listitem\">\n\t\t\t<div class=\"elementor-post__card\">\n\t\t\t\t<a class=\"elementor-post__thumbnail__link\" href=\"https:\/\/aircraftrecovery.com\/es\/air-national-guard-and-active-duty-airmen-have-what-it-takes-to-clear-their-runway-of-disabled-aircraft\/\" tabindex=\"-1\" ><div class=\"elementor-post__thumbnail\"><img fetchpriority=\"high\" decoding=\"async\" width=\"2270\" height=\"1272\" src=\"https:\/\/aircraftrecovery.com\/wp-content\/uploads\/Screenshot-2024-10-17-at-5.08.08\u202fPM.png\" class=\"attachment-full size-full wp-image-4702\" alt=\"\" srcset=\"https:\/\/aircraftrecovery.com\/wp-content\/uploads\/Screenshot-2024-10-17-at-5.08.08\u202fPM.png 2270w, https:\/\/aircraftrecovery.com\/wp-content\/uploads\/Screenshot-2024-10-17-at-5.08.08\u202fPM-300x168.png 300w, https:\/\/aircraftrecovery.com\/wp-content\/uploads\/Screenshot-2024-10-17-at-5.08.08\u202fPM-1024x574.png 1024w, https:\/\/aircraftrecovery.com\/wp-content\/uploads\/Screenshot-2024-10-17-at-5.08.08\u202fPM-768x430.png 768w, https:\/\/aircraftrecovery.com\/wp-content\/uploads\/Screenshot-2024-10-17-at-5.08.08\u202fPM-1536x861.png 1536w, https:\/\/aircraftrecovery.com\/wp-content\/uploads\/Screenshot-2024-10-17-at-5.08.08\u202fPM-2048x1148.png 2048w, https:\/\/aircraftrecovery.com\/wp-content\/uploads\/Screenshot-2024-10-17-at-5.08.08\u202fPM-18x10.png 18w\" sizes=\"(max-width: 2270px) 100vw, 2270px\" \/><\/div><\/a>\n\t\t\t\t<div class=\"elementor-post__badge\">Recuperaci\u00f3n de aeronaves<\/div>\n\t\t\t\t<div class=\"elementor-post__text\">\n\t\t\t\t<h3 class=\"elementor-post__title\">\n\t\t\t<a href=\"https:\/\/aircraftrecovery.com\/es\/air-national-guard-and-active-duty-airmen-have-what-it-takes-to-clear-their-runway-of-disabled-aircraft\/\" >\n\t\t\t\tLos aviadores de la Guardia Nacional A\u00e9rea y en servicio activo tienen lo que hace falta para despejar la pista de aviones inutilizados.\t\t\t<\/a>\n\t\t<\/h3>\n\t\t\t\t<div class=\"elementor-post__excerpt\">\n\t\t\t<p>HAWAI, ESTADOS UNIDOS 01.14.2015 En Hickam Field, si un avi\u00f3n queda inutilizado al aterrizar, un equipo de aviadores de la Guardia Nacional A\u00e9rea de Haw\u00e1i y<\/p>\n\t\t<\/div>\n\t\t\n\t\t<a class=\"elementor-post__read-more\" href=\"https:\/\/aircraftrecovery.com\/es\/air-national-guard-and-active-duty-airmen-have-what-it-takes-to-clear-their-runway-of-disabled-aircraft\/\" aria-label=\"M\u00e1s informaci\u00f3n sobre Air National Guard and Active Duty Airmen Have What it Takes to Clear Their Runway of Disabled Aircraft.\" tabindex=\"-1\" >\n\t\t\tLeer m\u00e1s \"\t\t<\/a>\n\n\t\t\t\t<\/div>\n\t\t\t\t\t<\/div>\n\t\t<\/article>\n\t\t\t\t<article class=\"elementor-post elementor-grid-item post-2887 post type-post status-publish format-standard has-post-thumbnail hentry category-lift category-aircraft-recovery category-aircraft-transport category-commercial category-video\" role=\"listitem\">\n\t\t\t<div class=\"elementor-post__card\">\n\t\t\t\t<a class=\"elementor-post__thumbnail__link\" href=\"https:\/\/aircraftrecovery.com\/es\/fuselage-lifting-system-turntable-by-ams-3\/\" tabindex=\"-1\" ><div class=\"elementor-post__thumbnail\"><img decoding=\"async\" width=\"915\" height=\"416\" src=\"https:\/\/aircraftrecovery.com\/wp-content\/uploads\/Screenshot-2024-10-17-at-10.26.09 AM.png\" class=\"attachment-full size-full wp-image-4675\" alt=\"\" srcset=\"https:\/\/aircraftrecovery.com\/wp-content\/uploads\/Screenshot-2024-10-17-at-10.26.09\u202fAM.png 915w, https:\/\/aircraftrecovery.com\/wp-content\/uploads\/Screenshot-2024-10-17-at-10.26.09\u202fAM-300x136.png 300w, https:\/\/aircraftrecovery.com\/wp-content\/uploads\/Screenshot-2024-10-17-at-10.26.09\u202fAM-768x349.png 768w, https:\/\/aircraftrecovery.com\/wp-content\/uploads\/Screenshot-2024-10-17-at-10.26.09\u202fAM-18x8.png 18w\" sizes=\"(max-width: 915px) 100vw, 915px\" \/><\/div><\/a>\n\t\t\t\t<div class=\"elementor-post__badge\">Elevaci\u00f3n de aeronaves<\/div>\n\t\t\t\t<div class=\"elementor-post__text\">\n\t\t\t\t<h3 class=\"elementor-post__title\">\n\t\t\t<a href=\"https:\/\/aircraftrecovery.com\/es\/fuselage-lifting-system-turntable-by-ams-3\/\" >\n\t\t\t\tSistema de elevaci\u00f3n del fuselaje y plataforma giratoria de AMS\t\t\t<\/a>\n\t\t<\/h3>\n\t\t\t\t<div class=\"elementor-post__excerpt\">\n\t\t\t<p>Sistema de elevaci\u00f3n del fuselaje y plataforma giratoria de AMS Sistema de elevaci\u00f3n del fuselaje desplegado para elevar el morro de un avi\u00f3n a reacci\u00f3n de fuselaje ancho antes de bajarlo a una plataforma giratoria de 50<\/p>\n\t\t<\/div>\n\t\t\n\t\t<a class=\"elementor-post__read-more\" href=\"https:\/\/aircraftrecovery.com\/es\/fuselage-lifting-system-turntable-by-ams-3\/\" aria-label=\"M\u00e1s informaci\u00f3n sobre Fuselage Lifting System &amp; Turntable by AMS\" tabindex=\"-1\" >\n\t\t\tLeer m\u00e1s \"\t\t<\/a>\n\n\t\t\t\t<\/div>\n\t\t\t\t\t<\/div>\n\t\t<\/article>\n\t\t\t\t<article class=\"elementor-post elementor-grid-item post-3361 post type-post status-publish format-standard has-post-thumbnail hentry category-aircraft-recovery category-commercial category-video\" role=\"listitem\">\n\t\t\t<div class=\"elementor-post__card\">\n\t\t\t\t<a class=\"elementor-post__thumbnail__link\" href=\"https:\/\/aircraftrecovery.com\/es\/aircraft-lifting-and-recovery-demonstration-by-ams\/\" tabindex=\"-1\" ><div class=\"elementor-post__thumbnail\"><img decoding=\"async\" width=\"1884\" height=\"1058\" src=\"https:\/\/aircraftrecovery.com\/wp-content\/uploads\/AMS_Aircraft_Lifting_2013-1.png\" class=\"attachment-full size-full wp-image-3364\" alt=\"V\u00eddeo en alem\u00e1n de la elevaci\u00f3n de aeronaves de AMS Aircraft Recovery\" srcset=\"https:\/\/aircraftrecovery.com\/wp-content\/uploads\/AMS_Aircraft_Lifting_2013-1.png 1884w, https:\/\/aircraftrecovery.com\/wp-content\/uploads\/AMS_Aircraft_Lifting_2013-1-300x168.png 300w, https:\/\/aircraftrecovery.com\/wp-content\/uploads\/AMS_Aircraft_Lifting_2013-1-1024x575.png 1024w, https:\/\/aircraftrecovery.com\/wp-content\/uploads\/AMS_Aircraft_Lifting_2013-1-768x431.png 768w, https:\/\/aircraftrecovery.com\/wp-content\/uploads\/AMS_Aircraft_Lifting_2013-1-1536x863.png 1536w, https:\/\/aircraftrecovery.com\/wp-content\/uploads\/AMS_Aircraft_Lifting_2013-1-18x10.png 18w\" sizes=\"(max-width: 1884px) 100vw, 1884px\" \/><\/div><\/a>\n\t\t\t\t<div class=\"elementor-post__badge\">Recuperaci\u00f3n de aeronaves<\/div>\n\t\t\t\t<div class=\"elementor-post__text\">\n\t\t\t\t<h3 class=\"elementor-post__title\">\n\t\t\t<a href=\"https:\/\/aircraftrecovery.com\/es\/aircraft-lifting-and-recovery-demonstration-by-ams\/\" >\n\t\t\t\tDemostraci\u00f3n de elevaci\u00f3n y recuperaci\u00f3n de aeronaves por AMS\t\t\t<\/a>\n\t\t<\/h3>\n\t\t\t\t<div class=\"elementor-post__excerpt\">\n\t\t\t<p>Elevaci\u00f3n completa de la aeronave con elevaci\u00f3n de airbags y movimiento del transportador en la aeronave Trident 3 por AMS, especialistas en recuperaci\u00f3n de aeronaves. El v\u00eddeo muestra la preparaci\u00f3n<\/p>\n\t\t<\/div>\n\t\t\n\t\t<a class=\"elementor-post__read-more\" href=\"https:\/\/aircraftrecovery.com\/es\/aircraft-lifting-and-recovery-demonstration-by-ams\/\" aria-label=\"M\u00e1s informaci\u00f3n sobre Demostraci\u00f3n de elevaci\u00f3n y recuperaci\u00f3n de aeronaves por AMS\" tabindex=\"-1\" >\n\t\t\tLeer m\u00e1s \"\t\t<\/a>\n\n\t\t\t\t<\/div>\n\t\t\t\t\t<\/div>\n\t\t<\/article>\n\t\t\t\t<article class=\"elementor-post elementor-grid-item post-2849 post type-post status-publish format-standard has-post-thumbnail hentry category-aircraft-recovery category-aircraft-recovery-training category-video\" role=\"listitem\">\n\t\t\t<div class=\"elementor-post__card\">\n\t\t\t\t<a class=\"elementor-post__thumbnail__link\" href=\"https:\/\/aircraftrecovery.com\/es\/aircraft-recovery-equipment-training-exercise-by-ams-specialists-in-aircraft-recovery-training-and-aircraft-recovery-equipment\/\" tabindex=\"-1\" ><div class=\"elementor-post__thumbnail\"><img loading=\"lazy\" decoding=\"async\" width=\"1480\" height=\"904\" src=\"https:\/\/aircraftrecovery.com\/wp-content\/uploads\/Screenshot-2023-01-08-at-4.13.14-PM.png\" class=\"attachment-full size-full wp-image-2854\" alt=\"V\u00eddeo de formaci\u00f3n sobre recuperaci\u00f3n de aeronaves de AMS\" srcset=\"https:\/\/aircraftrecovery.com\/wp-content\/uploads\/Screenshot-2023-01-08-at-4.13.14-PM.png 1480w, https:\/\/aircraftrecovery.com\/wp-content\/uploads\/Screenshot-2023-01-08-at-4.13.14-PM-300x183.png 300w, https:\/\/aircraftrecovery.com\/wp-content\/uploads\/Screenshot-2023-01-08-at-4.13.14-PM-1024x625.png 1024w, https:\/\/aircraftrecovery.com\/wp-content\/uploads\/Screenshot-2023-01-08-at-4.13.14-PM-768x469.png 768w, https:\/\/aircraftrecovery.com\/wp-content\/uploads\/Screenshot-2023-01-08-at-4.13.14-PM-18x12.png 18w\" sizes=\"(max-width: 1480px) 100vw, 1480px\" \/><\/div><\/a>\n\t\t\t\t<div class=\"elementor-post__badge\">Recuperaci\u00f3n de aeronaves<\/div>\n\t\t\t\t<div class=\"elementor-post__text\">\n\t\t\t\t<h3 class=\"elementor-post__title\">\n\t\t\t<a href=\"https:\/\/aircraftrecovery.com\/es\/aircraft-recovery-equipment-training-exercise-by-ams-specialists-in-aircraft-recovery-training-and-aircraft-recovery-equipment\/\" >\n\t\t\t\tFormaci\u00f3n en equipos de recuperaci\u00f3n por AMS\t\t\t<\/a>\n\t\t<\/h3>\n\t\t\t\t<div class=\"elementor-post__excerpt\">\n\t\t\t<p>El v\u00eddeo muestra uno de los ejercicios pr\u00e1cticos de los que se benefician los estudiantes en las instalaciones de formaci\u00f3n de AMS en el Reino Unido. En este ejemplo, los alumnos despliegan airbags para levantar el fuselaje de un avi\u00f3n B737 que se hab\u00eda preparado para representar un fallo del tren de aterrizaje delantero. <\/p>\n\t\t<\/div>\n\t\t\n\t\t<a class=\"elementor-post__read-more\" href=\"https:\/\/aircraftrecovery.com\/es\/aircraft-recovery-equipment-training-exercise-by-ams-specialists-in-aircraft-recovery-training-and-aircraft-recovery-equipment\/\" aria-label=\"M\u00e1s informaci\u00f3n sobre Formaci\u00f3n en equipos de recuperaci\u00f3n por AMS\" tabindex=\"-1\" >\n\t\t\tLeer m\u00e1s \"\t\t<\/a>\n\n\t\t\t\t<\/div>\n\t\t\t\t\t<\/div>\n\t\t<\/article>\n\t\t\t\t<article class=\"elementor-post elementor-grid-item post-2461 post type-post status-publish format-standard has-post-thumbnail hentry category-aircraft-recovery category-commercial category-video\" role=\"listitem\">\n\t\t\t<div class=\"elementor-post__card\">\n\t\t\t\t<a class=\"elementor-post__thumbnail__link\" href=\"https:\/\/aircraftrecovery.com\/es\/sledge-recovery-video\/\" tabindex=\"-1\" ><div class=\"elementor-post__thumbnail\"><img loading=\"lazy\" decoding=\"async\" width=\"2670\" height=\"1552\" src=\"https:\/\/aircraftrecovery.com\/wp-content\/uploads\/AMS-Sledge-Video.png\" class=\"attachment-full size-full wp-image-2491\" alt=\"V\u00eddeo del sistema de trineo AMS\" srcset=\"https:\/\/aircraftrecovery.com\/wp-content\/uploads\/AMS-Sledge-Video.png 2670w, https:\/\/aircraftrecovery.com\/wp-content\/uploads\/AMS-Sledge-Video-300x174.png 300w, https:\/\/aircraftrecovery.com\/wp-content\/uploads\/AMS-Sledge-Video-1024x595.png 1024w, https:\/\/aircraftrecovery.com\/wp-content\/uploads\/AMS-Sledge-Video-768x446.png 768w, https:\/\/aircraftrecovery.com\/wp-content\/uploads\/AMS-Sledge-Video-1536x893.png 1536w, https:\/\/aircraftrecovery.com\/wp-content\/uploads\/AMS-Sledge-Video-2048x1190.png 2048w, https:\/\/aircraftrecovery.com\/wp-content\/uploads\/AMS-Sledge-Video-18x10.png 18w\" sizes=\"(max-width: 2670px) 100vw, 2670px\" \/><\/div><\/a>\n\t\t\t\t<div class=\"elementor-post__badge\">Recuperaci\u00f3n de aeronaves<\/div>\n\t\t\t\t<div class=\"elementor-post__text\">\n\t\t\t\t<h3 class=\"elementor-post__title\">\n\t\t\t<a href=\"https:\/\/aircraftrecovery.com\/es\/sledge-recovery-video\/\" >\n\t\t\t\tSistema de movimiento de trineos AMS para la recuperaci\u00f3n de aeronaves\t\t\t<\/a>\n\t\t<\/h3>\n\t\t\t\t<div class=\"elementor-post__excerpt\">\n\t\t\t<p>AMS Sledge Movement System for Aircraft Recovery Este video es presentado por Jerry Paluszek, Ingeniero Principal de Boeing Company. Muestra el movimiento de trineo de AMS<\/p>\n\t\t<\/div>\n\t\t\n\t\t<a class=\"elementor-post__read-more\" href=\"https:\/\/aircraftrecovery.com\/es\/sledge-recovery-video\/\" aria-label=\"M\u00e1s informaci\u00f3n sobre Sistema de movimiento de trineos AMS para recuperaci\u00f3n de aeronaves\" tabindex=\"-1\" >\n\t\t\tLeer m\u00e1s \"\t\t<\/a>\n\n\t\t\t\t<\/div>\n\t\t\t\t\t<\/div>\n\t\t<\/article>\n\t\t\t\t<\/div>\n\t\t\n\t\t\t\t\t\t<\/div>\n\t\t\t\t<\/div>\n\t\t\t\t\t<\/div>\n\t\t<\/div>\n\t\t\t\t\t<\/div>\n\t\t<\/section>\n\t\t\t\t<\/div>","protected":false},"excerpt":{"rendered":"<p>Recursos de v\u00eddeo sobre recuperaci\u00f3n de aeronaves<\/p>","protected":false},"author":1,"featured_media":0,"parent":0,"menu_order":0,"comment_status":"closed","ping_status":"closed","template":"","meta":{"footnotes":""},"categories":[],"tags":[],"class_list":["post-2471","page","type-page","status-publish","hentry"],"yoast_head":"<!-- This site is optimized with the Yoast SEO Premium plugin v27.5 (Yoast SEO v27.5) - https:\/\/yoast.com\/product\/yoast-seo-premium-wordpress\/ -->\n<title>Video Resources - AMS Aircraft Recovery<\/title>\n<meta name=\"description\" content=\"Aircraft Recovery Video Resources from AMS Aircraft Recovery\" \/>\n<meta name=\"robots\" content=\"index, follow, max-snippet:-1, max-image-preview:large, max-video-preview:-1\" \/>\n<link rel=\"canonical\" href=\"https:\/\/aircraftrecovery.com\/es\/video-resources\/\" \/>\n<meta property=\"og:locale\" content=\"es_ES\" \/>\n<meta property=\"og:type\" content=\"article\" \/>\n<meta property=\"og:title\" content=\"Video Resources\" \/>\n<meta property=\"og:description\" content=\"Aircraft Recovery Video Resources from AMS Aircraft Recovery\" \/>\n<meta property=\"og:url\" content=\"https:\/\/aircraftrecovery.com\/es\/video-resources\/\" \/>\n<meta property=\"og:site_name\" content=\"AMS Aircraft Recovery\" \/>\n<meta property=\"article:modified_time\" content=\"2024-10-16T18:42:57+00:00\" \/>\n<meta name=\"twitter:card\" content=\"summary_large_image\" \/>\n<meta name=\"twitter:label1\" content=\"Tiempo de lectura\" \/>\n\t<meta name=\"twitter:data1\" content=\"2 minutos\" \/>\n<script type=\"application\/ld+json\" class=\"yoast-schema-graph\">{\"@context\":\"https:\\\/\\\/schema.org\",\"@graph\":[{\"@type\":\"WebPage\",\"@id\":\"https:\\\/\\\/aircraftrecovery.com\\\/video-resources\\\/\",\"url\":\"https:\\\/\\\/aircraftrecovery.com\\\/video-resources\\\/\",\"name\":\"Video Resources - AMS Aircraft Recovery\",\"isPartOf\":{\"@id\":\"https:\\\/\\\/aircraftrecovery.com\\\/de\\\/#website\"},\"datePublished\":\"2022-10-23T00:28:54+00:00\",\"dateModified\":\"2024-10-16T18:42:57+00:00\",\"description\":\"Aircraft Recovery Video Resources from AMS Aircraft Recovery\",\"breadcrumb\":{\"@id\":\"https:\\\/\\\/aircraftrecovery.com\\\/video-resources\\\/#breadcrumb\"},\"inLanguage\":\"es\",\"potentialAction\":[{\"@type\":\"ReadAction\",\"target\":[\"https:\\\/\\\/aircraftrecovery.com\\\/video-resources\\\/\"]}]},{\"@type\":\"BreadcrumbList\",\"@id\":\"https:\\\/\\\/aircraftrecovery.com\\\/video-resources\\\/#breadcrumb\",\"itemListElement\":[{\"@type\":\"ListItem\",\"position\":1,\"name\":\"Home\",\"item\":\"https:\\\/\\\/aircraftrecovery.com\\\/\"},{\"@type\":\"ListItem\",\"position\":2,\"name\":\"Video Resources\"}]},{\"@type\":\"WebSite\",\"@id\":\"https:\\\/\\\/aircraftrecovery.com\\\/de\\\/#website\",\"url\":\"https:\\\/\\\/aircraftrecovery.com\\\/de\\\/\",\"name\":\"AMS Aircraft Recovery\",\"description\":\"LIFTING - TOWING - TRANSPORT - TRAINING\",\"publisher\":{\"@id\":\"https:\\\/\\\/aircraftrecovery.com\\\/de\\\/#organization\"},\"potentialAction\":[{\"@type\":\"SearchAction\",\"target\":{\"@type\":\"EntryPoint\",\"urlTemplate\":\"https:\\\/\\\/aircraftrecovery.com\\\/de\\\/?s={search_term_string}\"},\"query-input\":{\"@type\":\"PropertyValueSpecification\",\"valueRequired\":true,\"valueName\":\"search_term_string\"}}],\"inLanguage\":\"es\"},{\"@type\":\"Organization\",\"@id\":\"https:\\\/\\\/aircraftrecovery.com\\\/de\\\/#organization\",\"name\":\"AMS Aircraft Recovery\",\"alternateName\":\"AGE Logistics Corporation\",\"url\":\"https:\\\/\\\/aircraftrecovery.com\\\/de\\\/\",\"logo\":{\"@type\":\"ImageObject\",\"inLanguage\":\"es\",\"@id\":\"https:\\\/\\\/aircraftrecovery.com\\\/de\\\/#\\\/schema\\\/logo\\\/image\\\/\",\"url\":\"https:\\\/\\\/aircraftrecovery.com\\\/wp-content\\\/uploads\\\/cropped-AMS-icon-logo.png\",\"contentUrl\":\"https:\\\/\\\/aircraftrecovery.com\\\/wp-content\\\/uploads\\\/cropped-AMS-icon-logo.png\",\"width\":512,\"height\":512,\"caption\":\"AMS Aircraft Recovery\"},\"image\":{\"@id\":\"https:\\\/\\\/aircraftrecovery.com\\\/de\\\/#\\\/schema\\\/logo\\\/image\\\/\"},\"sameAs\":[\"https:\\\/\\\/www.linkedin.com\\\/company\\\/ams-aircraft-recovery\\\/\"]}]}<\/script>\n<!-- \/ Yoast SEO Premium plugin. -->","yoast_head_json":{"title":"Recursos de v\u00eddeo - Recuperaci\u00f3n de aeronaves AMS","description":"Recursos de v\u00eddeo de recuperaci\u00f3n de aeronaves de AMS Aircraft Recovery","robots":{"index":"index","follow":"follow","max-snippet":"max-snippet:-1","max-image-preview":"max-image-preview:large","max-video-preview":"max-video-preview:-1"},"canonical":"https:\/\/aircraftrecovery.com\/es\/video-resources\/","og_locale":"es_ES","og_type":"article","og_title":"Video Resources","og_description":"Aircraft Recovery Video Resources from AMS Aircraft Recovery","og_url":"https:\/\/aircraftrecovery.com\/es\/video-resources\/","og_site_name":"AMS Aircraft Recovery","article_modified_time":"2024-10-16T18:42:57+00:00","twitter_card":"summary_large_image","twitter_misc":{"Tiempo de lectura":"2 minutos"},"schema":{"@context":"https:\/\/schema.org","@graph":[{"@type":"WebPage","@id":"https:\/\/aircraftrecovery.com\/video-resources\/","url":"https:\/\/aircraftrecovery.com\/video-resources\/","name":"Recursos de v\u00eddeo - Recuperaci\u00f3n de aeronaves AMS","isPartOf":{"@id":"https:\/\/aircraftrecovery.com\/de\/#website"},"datePublished":"2022-10-23T00:28:54+00:00","dateModified":"2024-10-16T18:42:57+00:00","description":"Recursos de v\u00eddeo de recuperaci\u00f3n de aeronaves de AMS Aircraft Recovery","breadcrumb":{"@id":"https:\/\/aircraftrecovery.com\/video-resources\/#breadcrumb"},"inLanguage":"es","potentialAction":[{"@type":"ReadAction","target":["https:\/\/aircraftrecovery.com\/video-resources\/"]}]},{"@type":"BreadcrumbList","@id":"https:\/\/aircraftrecovery.com\/video-resources\/#breadcrumb","itemListElement":[{"@type":"ListItem","position":1,"name":"Home","item":"https:\/\/aircraftrecovery.com\/"},{"@type":"ListItem","position":2,"name":"Video Resources"}]},{"@type":"WebSite","@id":"https:\/\/aircraftrecovery.com\/de\/#website","url":"https:\/\/aircraftrecovery.com\/de\/","name":"Recuperaci\u00f3n de aeronaves AMS","description":"ELEVACI\u00d3N - REMOLQUE - TRANSPORTE - FORMACI\u00d3N","publisher":{"@id":"https:\/\/aircraftrecovery.com\/de\/#organization"},"potentialAction":[{"@type":"SearchAction","target":{"@type":"EntryPoint","urlTemplate":"https:\/\/aircraftrecovery.com\/de\/?s={search_term_string}"},"query-input":{"@type":"PropertyValueSpecification","valueRequired":true,"valueName":"search_term_string"}}],"inLanguage":"es"},{"@type":"Organization","@id":"https:\/\/aircraftrecovery.com\/de\/#organization","name":"Recuperaci\u00f3n de aeronaves AMS","alternateName":"AGE Logistics Corporation","url":"https:\/\/aircraftrecovery.com\/de\/","logo":{"@type":"ImageObject","inLanguage":"es","@id":"https:\/\/aircraftrecovery.com\/de\/#\/schema\/logo\/image\/","url":"https:\/\/aircraftrecovery.com\/wp-content\/uploads\/cropped-AMS-icon-logo.png","contentUrl":"https:\/\/aircraftrecovery.com\/wp-content\/uploads\/cropped-AMS-icon-logo.png","width":512,"height":512,"caption":"AMS Aircraft Recovery"},"image":{"@id":"https:\/\/aircraftrecovery.com\/de\/#\/schema\/logo\/image\/"},"sameAs":["https:\/\/www.linkedin.com\/company\/ams-aircraft-recovery\/"]}]}},"_links":{"self":[{"href":"https:\/\/aircraftrecovery.com\/es\/wp-json\/wp\/v2\/pages\/2471","targetHints":{"allow":["GET"]}}],"collection":[{"href":"https:\/\/aircraftrecovery.com\/es\/wp-json\/wp\/v2\/pages"}],"about":[{"href":"https:\/\/aircraftrecovery.com\/es\/wp-json\/wp\/v2\/types\/page"}],"author":[{"embeddable":true,"href":"https:\/\/aircraftrecovery.com\/es\/wp-json\/wp\/v2\/users\/1"}],"replies":[{"embeddable":true,"href":"https:\/\/aircraftrecovery.com\/es\/wp-json\/wp\/v2\/comments?post=2471"}],"version-history":[{"count":10,"href":"https:\/\/aircraftrecovery.com\/es\/wp-json\/wp\/v2\/pages\/2471\/revisions"}],"predecessor-version":[{"id":4654,"href":"https:\/\/aircraftrecovery.com\/es\/wp-json\/wp\/v2\/pages\/2471\/revisions\/4654"}],"wp:attachment":[{"href":"https:\/\/aircraftrecovery.com\/es\/wp-json\/wp\/v2\/media?parent=2471"}],"wp:term":[{"taxonomy":"category","embeddable":true,"href":"https:\/\/aircraftrecovery.com\/es\/wp-json\/wp\/v2\/categories?post=2471"},{"taxonomy":"post_tag","embeddable":true,"href":"https:\/\/aircraftrecovery.com\/es\/wp-json\/wp\/v2\/tags?post=2471"}],"curies":[{"name":"wp","href":"https:\/\/api.w.org\/{rel}","templated":true}]}}