{"id":2644,"date":"2022-10-24T03:33:30","date_gmt":"2022-10-24T03:33:30","guid":{"rendered":"https:\/\/aircraftrecovery.com\/?page_id=2644"},"modified":"2026-02-17T14:42:08","modified_gmt":"2026-02-17T22:42:08","slug":"about-ams-aircraft-recovery","status":"publish","type":"page","link":"https:\/\/aircraftrecovery.com\/es\/about-ams-aircraft-recovery\/","title":{"rendered":"Acerca de"},"content":{"rendered":"<div data-elementor-type=\"wp-page\" data-elementor-id=\"2644\" class=\"elementor elementor-2644\" data-elementor-post-type=\"page\">\n\t\t\t\t\t\t<section class=\"elementor-section elementor-top-section elementor-element elementor-element-b302906 elementor-section-boxed elementor-section-height-default elementor-section-height-default\" data-id=\"b302906\" data-element_type=\"section\" data-e-type=\"section\">\n\t\t\t\t\t\t<div class=\"elementor-container elementor-column-gap-default\">\n\t\t\t\t\t<div class=\"elementor-column elementor-col-100 elementor-top-column elementor-element elementor-element-e5cb2f5\" data-id=\"e5cb2f5\" data-element_type=\"column\" data-e-type=\"column\">\n\t\t\t<div class=\"elementor-widget-wrap elementor-element-populated\">\n\t\t\t\t\t\t<div class=\"elementor-element elementor-element-d797e3d elementor-widget elementor-widget-spacer\" data-id=\"d797e3d\" data-element_type=\"widget\" data-e-type=\"widget\" data-widget_type=\"spacer.default\">\n\t\t\t\t<div class=\"elementor-widget-container\">\n\t\t\t\t\t\t\t<div class=\"elementor-spacer\">\n\t\t\t<div class=\"elementor-spacer-inner\"><\/div>\n\t\t<\/div>\n\t\t\t\t\t\t<\/div>\n\t\t\t\t<\/div>\n\t\t\t\t<div class=\"elementor-element elementor-element-1003f83 elementor-widget elementor-widget-heading\" data-id=\"1003f83\" data-element_type=\"widget\" data-e-type=\"widget\" data-widget_type=\"heading.default\">\n\t\t\t\t<div class=\"elementor-widget-container\">\n\t\t\t\t\t<h2 class=\"elementor-heading-title elementor-size-default\">Acerca de AMS Aircraft Recovery<\/h2>\t\t\t\t<\/div>\n\t\t\t\t<\/div>\n\t\t\t\t<div class=\"elementor-element elementor-element-835465e elementor-widget elementor-widget-text-editor\" data-id=\"835465e\" data-element_type=\"widget\" data-e-type=\"widget\" data-widget_type=\"text-editor.default\">\n\t\t\t\t<div class=\"elementor-widget-container\">\n\t\t\t\t\t\t\t\t\t<p><span style=\"font-weight: 400;\">Desde nuestra fundaci\u00f3n en 1988, AMS ha servido a la comunidad aeron\u00e1utica mundial con soluciones innovadoras y s\u00f3lidas para la recuperaci\u00f3n de incidentes y escenarios de accidentes a\u00e9reos.\u00a0<\/span><\/p><p><span style=\"font-weight: 400;\">A lo largo de los a\u00f1os, nos hemos convertido en el principal proveedor de equipos de recuperaci\u00f3n de aeronaves accidentadas e inutilizadas (CDDAR) para el ej\u00e9rcito y en un socio proveedor de confianza para los aeropuertos comerciales y las aerol\u00edneas de todo el mundo.<\/span><\/p><p><span style=\"font-weight: 400;\">A lo largo de nuestros a\u00f1os de actividad, nos hemos guiado por nuestros principios:<\/span><\/p><ul><li><span style=\"font-weight: 400;\">Comprometernos con honestidad e integridad con nuestros clientes y, juntos, llegar a soluciones t\u00e9cnicamente s\u00f3lidas, seguras para el personal y que aporten un valor excepcional.<\/span><\/li><li style=\"font-weight: 400;\" aria-level=\"1\"><span style=\"font-weight: 400;\">Cumplir en todo momento las normas t\u00e9cnicas y de seguridad, incluidos los manuales y documentos de recuperaci\u00f3n de aeronaves (ARM\/ARD) proporcionados por los fabricantes de fuselajes.<\/span><\/li><li style=\"font-weight: 400;\" aria-level=\"1\"><span style=\"font-weight: 400;\">Respaldar nuestros equipos con un servicio t\u00e9cnico de primera clase.<\/span><\/li><li style=\"font-weight: 400;\" aria-level=\"1\"><span style=\"font-weight: 400;\">Apoyar a nuestros clientes con formaci\u00f3n presencial y pr\u00e1ctica en nuestro Centro de Formaci\u00f3n en el Reino Unido, y en las sedes de los clientes en todo el mundo.<\/span><\/li><li style=\"font-weight: 400;\" aria-level=\"1\"><span style=\"font-weight: 400;\">Innovar y desarrollar nuevos m\u00e9todos y herramientas de recuperaci\u00f3n de aeronaves para cumplir y superar los requisitos de un entorno de aviaci\u00f3n cambiante.<\/span><\/li><\/ul><p><br \/>En 2020 nos fusionamos con AGE Logistics Corp., el principal proveedor de equipos CDDAR para las Fuerzas Armadas de los Estados Unidos y las Fuerzas A\u00e9reas de los aliados de todo el mundo. Como una sola empresa, nos complace servirle desde nuestras ubicaciones en los Estados Unidos y el Reino Unido, as\u00ed como a trav\u00e9s de nuestra red de distribuidores y agentes en todo el mundo.<\/p>\t\t\t\t\t\t\t\t<\/div>\n\t\t\t\t<\/div>\n\t\t\t\t<div class=\"elementor-element elementor-element-5e12117 elementor-widget elementor-widget-premium-addon-person\" data-id=\"5e12117\" data-element_type=\"widget\" data-e-type=\"widget\" data-settings=\"{&quot;persons_per_row&quot;:&quot;25%&quot;,&quot;persons_per_row_tablet&quot;:&quot;100%&quot;,&quot;persons_per_row_mobile&quot;:&quot;100%&quot;}\" data-widget_type=\"premium-addon-person.default\">\n\t\t\t\t<div class=\"elementor-widget-container\">\n\t\t\t\t\t\t\t<div class=\"premium-persons-container premium-person-style2 multiple-persons\" data-persons-equal=\"\">\n\t\t\t\t\t\t\t\t<div class=\"premium-person-container premium-person-zoomin-effect\">\n\t\t\t\t\t\t<div class=\"premium-person-image-container\">\n\t\t\t\t\t\t<img fetchpriority=\"high\" decoding=\"async\" width=\"300\" height=\"300\" src=\"https:\/\/aircraftrecovery.com\/wp-content\/uploads\/Jim-Sameth-Photo-300x300.jpg\" class=\"attachment-medium size-medium wp-image-2392\" alt=\"\" srcset=\"https:\/\/aircraftrecovery.com\/wp-content\/uploads\/Jim-Sameth-Photo-300x300.jpg 300w, https:\/\/aircraftrecovery.com\/wp-content\/uploads\/Jim-Sameth-Photo-150x150.jpg 150w, https:\/\/aircraftrecovery.com\/wp-content\/uploads\/Jim-Sameth-Photo-12x12.jpg 12w, https:\/\/aircraftrecovery.com\/wp-content\/uploads\/Jim-Sameth-Photo.jpg 361w\" sizes=\"(max-width: 300px) 100vw, 300px\" \/>\t\t\t\t\t\t\t\t\t\t\t\t\t<\/div>\n\t\t\t\t\t\t<div class=\"premium-person-info\">\n\t\t\t\t\t\t\t\t\t\t<div class=\"premium-person-info-container\">\n\t\t\t\t\t\t\t\t\t<h2 class=\"premium-person-name\">JAMES SAMETH<\/h2>\n\t\t\t\t\t\t\t\t\t\t\t<h4 class=\"premium-person-title\">\n\t\t\t\t\t\t\t<span>Presidente<\/span>\n\t\t\t\t\t\t<\/h4>\n\t\t\t\t\t\t\t\t<\/div>\n\t\t\t\t\t\t\t\t\t<\/div>\n\t\t\t\t\t<\/div>\n\t\t\t\t\t\t\t\t\t\t<div class=\"premium-person-container premium-person-zoomin-effect\">\n\t\t\t\t\t\t<div class=\"premium-person-image-container\">\n\t\t\t\t\t\t<img decoding=\"async\" width=\"300\" height=\"293\" src=\"https:\/\/aircraftrecovery.com\/wp-content\/uploads\/Yudie-Fishman-Photo-300x293.jpg\" class=\"attachment-medium size-medium wp-image-2399\" alt=\"Yudie Fishman AMS \/ AGE Logistics\" srcset=\"https:\/\/aircraftrecovery.com\/wp-content\/uploads\/Yudie-Fishman-Photo-300x293.jpg 300w, https:\/\/aircraftrecovery.com\/wp-content\/uploads\/Yudie-Fishman-Photo-1024x999.jpg 1024w, https:\/\/aircraftrecovery.com\/wp-content\/uploads\/Yudie-Fishman-Photo-768x749.jpg 768w, https:\/\/aircraftrecovery.com\/wp-content\/uploads\/Yudie-Fishman-Photo-1536x1499.jpg 1536w, https:\/\/aircraftrecovery.com\/wp-content\/uploads\/Yudie-Fishman-Photo-2048x1998.jpg 2048w, https:\/\/aircraftrecovery.com\/wp-content\/uploads\/Yudie-Fishman-Photo-12x12.jpg 12w\" sizes=\"(max-width: 300px) 100vw, 300px\" \/>\t\t\t\t\t\t\t\t\t\t\t\t\t\t\t<div class=\"premium-person-social\">\n\t\t\t\t\t\t\t\t\t<ul class=\"premium-person-social-list\"><\/ul>\t\t\t\t\t\t\t\t<\/div>\n\t\t\t\t\t\t\t\t\t\t\t\t\t<\/div>\n\t\t\t\t\t\t<div class=\"premium-person-info\">\n\t\t\t\t\t\t\t\t\t\t<div class=\"premium-person-info-container\">\n\t\t\t\t\t\t\t\t\t<h2 class=\"premium-person-name\">YUDIE FISHMAN<\/h2>\n\t\t\t\t\t\t\t\t\t\t\t<h4 class=\"premium-person-title\">\n\t\t\t\t\t\t\t<span>Director General<\/span>\n\t\t\t\t\t\t<\/h4>\n\t\t\t\t\t\t\t\t<\/div>\n\t\t\t\t\t\t\t\t\t<\/div>\n\t\t\t\t\t<\/div>\n\t\t\t\t\t\t\t\t\t\t<div class=\"premium-person-container premium-person-zoomin-effect\">\n\t\t\t\t\t\t<div class=\"premium-person-image-container\">\n\t\t\t\t\t\t<img decoding=\"async\" width=\"300\" height=\"300\" src=\"https:\/\/aircraftrecovery.com\/wp-content\/uploads\/Mark_Knight-300x300.jpg\" class=\"attachment-medium size-medium wp-image-2735\" alt=\"Foto de Mark Knight AMS Aircraft Recovery\" srcset=\"https:\/\/aircraftrecovery.com\/wp-content\/uploads\/Mark_Knight-300x300.jpg 300w, https:\/\/aircraftrecovery.com\/wp-content\/uploads\/Mark_Knight-150x150.jpg 150w, https:\/\/aircraftrecovery.com\/wp-content\/uploads\/Mark_Knight-768x767.jpg 768w, https:\/\/aircraftrecovery.com\/wp-content\/uploads\/Mark_Knight-12x12.jpg 12w, https:\/\/aircraftrecovery.com\/wp-content\/uploads\/Mark_Knight.jpg 1024w\" sizes=\"(max-width: 300px) 100vw, 300px\" \/>\t\t\t\t\t\t\t\t\t\t\t\t\t<\/div>\n\t\t\t\t\t\t<div class=\"premium-person-info\">\n\t\t\t\t\t\t\t\t\t\t<div class=\"premium-person-info-container\">\n\t\t\t\t\t\t\t\t\t<h2 class=\"premium-person-name\">MARK KNIGHT<\/h2>\n\t\t\t\t\t\t\t\t\t\t\t<h4 class=\"premium-person-title\">\n\t\t\t\t\t\t\t<span>Director t\u00e9cnico<\/span>\n\t\t\t\t\t\t<\/h4>\n\t\t\t\t\t\t\t\t<\/div>\n\t\t\t\t\t\t\t\t\t<\/div>\n\t\t\t\t\t<\/div>\n\t\t\t\t\t\t\t\t\t\t<div class=\"premium-person-container premium-person-zoomin-effect\">\n\t\t\t\t\t\t<div class=\"premium-person-image-container\">\n\t\t\t\t\t\t<img loading=\"lazy\" decoding=\"async\" width=\"300\" height=\"300\" src=\"https:\/\/aircraftrecovery.com\/wp-content\/uploads\/Paul-Yder-Profile-Picture-1-300x300.jpg\" class=\"attachment-medium size-medium wp-image-2378\" alt=\"\" srcset=\"https:\/\/aircraftrecovery.com\/wp-content\/uploads\/Paul-Yder-Profile-Picture-1-300x300.jpg 300w, https:\/\/aircraftrecovery.com\/wp-content\/uploads\/Paul-Yder-Profile-Picture-1-1024x1024.jpg 1024w, https:\/\/aircraftrecovery.com\/wp-content\/uploads\/Paul-Yder-Profile-Picture-1-150x150.jpg 150w, https:\/\/aircraftrecovery.com\/wp-content\/uploads\/Paul-Yder-Profile-Picture-1-768x769.jpg 768w, https:\/\/aircraftrecovery.com\/wp-content\/uploads\/Paul-Yder-Profile-Picture-1-12x12.jpg 12w, https:\/\/aircraftrecovery.com\/wp-content\/uploads\/Paul-Yder-Profile-Picture-1.jpg 1395w\" sizes=\"(max-width: 300px) 100vw, 300px\" \/>\t\t\t\t\t\t\t\t\t\t\t\t\t<\/div>\n\t\t\t\t\t\t<div class=\"premium-person-info\">\n\t\t\t\t\t\t\t\t\t\t<div class=\"premium-person-info-container\">\n\t\t\t\t\t\t\t\t\t<h2 class=\"premium-person-name\">PAUL RYDER<\/h2>\n\t\t\t\t\t\t\t\t\t\t\t<h4 class=\"premium-person-title\">\n\t\t\t\t\t\t\t<span>Director de ventas<\/span>\n\t\t\t\t\t\t<\/h4>\n\t\t\t\t\t\t\t\t<\/div>\n\t\t\t\t\t\t\t\t\t<\/div>\n\t\t\t\t\t<\/div>\n\t\t\t\t\t\t\t<\/div>\n\t\t\t\t\t\t<\/div>\n\t\t\t\t<\/div>\n\t\t\t\t<div class=\"elementor-element elementor-element-1a0b709 elementor-widget elementor-widget-spacer\" data-id=\"1a0b709\" data-element_type=\"widget\" data-e-type=\"widget\" data-widget_type=\"spacer.default\">\n\t\t\t\t<div class=\"elementor-widget-container\">\n\t\t\t\t\t\t\t<div class=\"elementor-spacer\">\n\t\t\t<div class=\"elementor-spacer-inner\"><\/div>\n\t\t<\/div>\n\t\t\t\t\t\t<\/div>\n\t\t\t\t<\/div>\n\t\t\t\t\t<\/div>\n\t\t<\/div>\n\t\t\t\t\t<\/div>\n\t\t<\/section>\n\t\t\t\t<section class=\"elementor-section elementor-top-section elementor-element elementor-element-d872e03 elementor-section-boxed elementor-section-height-default elementor-section-height-default\" data-id=\"d872e03\" data-element_type=\"section\" data-e-type=\"section\">\n\t\t\t\t\t\t<div class=\"elementor-container elementor-column-gap-default\">\n\t\t\t\t\t<div class=\"elementor-column elementor-col-100 elementor-top-column elementor-element elementor-element-e2313b1\" data-id=\"e2313b1\" data-element_type=\"column\" data-e-type=\"column\">\n\t\t\t<div class=\"elementor-widget-wrap elementor-element-populated\">\n\t\t\t\t\t\t<div class=\"elementor-element elementor-element-7273029 elementor-widget elementor-widget-text-editor\" data-id=\"7273029\" data-element_type=\"widget\" data-e-type=\"widget\" data-widget_type=\"text-editor.default\">\n\t\t\t\t<div class=\"elementor-widget-container\">\n\t\t\t\t\t\t\t\t\t<h3><span style=\"color: #022368;\">Normas de calidad en AMS Aircraft Recovery Limited<\/span><\/h3><p>En AMS Aircraft Recovery Limited, estamos comprometidos con la excelencia en el dise\u00f1o, desarrollo y suministro de soluciones de recuperaci\u00f3n de aeronaves a medida. Nuestra dedicaci\u00f3n a mantener los m\u00e1s altos est\u00e1ndares de la industria est\u00e1 respaldada por nuestra certificaci\u00f3n ISO 9001:2015, que valida nuestro s\u00f3lido Sistema de Gesti\u00f3n de Calidad.<br \/><br \/>Nuestras operaciones se eval\u00faan a trav\u00e9s de un organismo de certificaci\u00f3n acreditado por UKAS para garantizar que nuestros procesos de calidad cumplen rigurosos par\u00e1metros internacionales. El certificado est\u00e1 disponible previa solicitud.<\/p>\t\t\t\t\t\t\t\t<\/div>\n\t\t\t\t<\/div>\n\t\t\t\t\t<\/div>\n\t\t<\/div>\n\t\t\t\t\t<\/div>\n\t\t<\/section>\n\t\t\t\t<\/div>","protected":false},"excerpt":{"rendered":"<p>About AMS Aircraft Recovery Since our founding in 1988, AMS has served the Worldwide Aviation Community with innovative and robust solutions to Aircraft Crash Recovery Incidents and Scenarios.\u00a0 Over the years, we have become the leading supplier of Crash Damaged &amp; Disabled Aircraft Recovery (CDDAR) equipment to the military and a trusted supplier-partner to commercial [&hellip;]<\/p>\n","protected":false},"author":1,"featured_media":2729,"parent":0,"menu_order":0,"comment_status":"closed","ping_status":"closed","template":"","meta":{"footnotes":""},"categories":[],"tags":[],"class_list":["post-2644","page","type-page","status-publish","has-post-thumbnail","hentry"],"yoast_head":"<!-- This site is optimized with the Yoast SEO Premium plugin v27.3 (Yoast SEO v27.3) - https:\/\/yoast.com\/product\/yoast-seo-premium-wordpress\/ -->\n<title>About - AMS Aircraft Recovery<\/title>\n<meta name=\"description\" content=\"Since our founding in 1988, AMS has served the Worldwide Aviation Community with innovative and robust solutions to Aircraft Crash Recovery Incidents and Scenarios.\" \/>\n<meta name=\"robots\" content=\"index, follow, max-snippet:-1, max-image-preview:large, max-video-preview:-1\" \/>\n<link rel=\"canonical\" href=\"https:\/\/aircraftrecovery.com\/es\/about-ams-aircraft-recovery\/\" \/>\n<meta property=\"og:locale\" content=\"es_ES\" \/>\n<meta property=\"og:type\" content=\"article\" \/>\n<meta property=\"og:title\" content=\"About\" \/>\n<meta property=\"og:description\" content=\"Since our founding in 1988, AMS has served the Worldwide Aviation Community with innovative and robust solutions to Aircraft Crash Recovery Incidents and Scenarios.\" \/>\n<meta property=\"og:url\" content=\"https:\/\/aircraftrecovery.com\/es\/about-ams-aircraft-recovery\/\" \/>\n<meta property=\"og:site_name\" content=\"AMS Aircraft Recovery\" \/>\n<meta property=\"article:modified_time\" content=\"2026-02-17T22:42:08+00:00\" \/>\n<meta property=\"og:image\" content=\"https:\/\/aircraftrecovery.com\/wp-content\/uploads\/cropped-AMS-icon-logo.png\" \/>\n\t<meta property=\"og:image:width\" content=\"512\" \/>\n\t<meta property=\"og:image:height\" content=\"512\" \/>\n\t<meta property=\"og:image:type\" content=\"image\/png\" \/>\n<meta name=\"twitter:card\" content=\"summary_large_image\" \/>\n<meta name=\"twitter:label1\" content=\"Tiempo de lectura\" \/>\n\t<meta name=\"twitter:data1\" content=\"3 minutos\" \/>\n<script type=\"application\/ld+json\" class=\"yoast-schema-graph\">{\"@context\":\"https:\\\/\\\/schema.org\",\"@graph\":[{\"@type\":\"WebPage\",\"@id\":\"https:\\\/\\\/aircraftrecovery.com\\\/about-ams-aircraft-recovery\\\/\",\"url\":\"https:\\\/\\\/aircraftrecovery.com\\\/about-ams-aircraft-recovery\\\/\",\"name\":\"About - AMS Aircraft Recovery\",\"isPartOf\":{\"@id\":\"https:\\\/\\\/aircraftrecovery.com\\\/de\\\/#website\"},\"primaryImageOfPage\":{\"@id\":\"https:\\\/\\\/aircraftrecovery.com\\\/about-ams-aircraft-recovery\\\/#primaryimage\"},\"image\":{\"@id\":\"https:\\\/\\\/aircraftrecovery.com\\\/about-ams-aircraft-recovery\\\/#primaryimage\"},\"thumbnailUrl\":\"https:\\\/\\\/aircraftrecovery.com\\\/wp-content\\\/uploads\\\/cropped-AMS-icon-logo.png\",\"datePublished\":\"2022-10-24T03:33:30+00:00\",\"dateModified\":\"2026-02-17T22:42:08+00:00\",\"description\":\"Since our founding in 1988, AMS has served the Worldwide Aviation Community with innovative and robust solutions to Aircraft Crash Recovery Incidents and Scenarios.\",\"breadcrumb\":{\"@id\":\"https:\\\/\\\/aircraftrecovery.com\\\/about-ams-aircraft-recovery\\\/#breadcrumb\"},\"inLanguage\":\"es\",\"potentialAction\":[{\"@type\":\"ReadAction\",\"target\":[\"https:\\\/\\\/aircraftrecovery.com\\\/about-ams-aircraft-recovery\\\/\"]}]},{\"@type\":\"ImageObject\",\"inLanguage\":\"es\",\"@id\":\"https:\\\/\\\/aircraftrecovery.com\\\/about-ams-aircraft-recovery\\\/#primaryimage\",\"url\":\"https:\\\/\\\/aircraftrecovery.com\\\/wp-content\\\/uploads\\\/cropped-AMS-icon-logo.png\",\"contentUrl\":\"https:\\\/\\\/aircraftrecovery.com\\\/wp-content\\\/uploads\\\/cropped-AMS-icon-logo.png\",\"width\":512,\"height\":512},{\"@type\":\"BreadcrumbList\",\"@id\":\"https:\\\/\\\/aircraftrecovery.com\\\/about-ams-aircraft-recovery\\\/#breadcrumb\",\"itemListElement\":[{\"@type\":\"ListItem\",\"position\":1,\"name\":\"Home\",\"item\":\"https:\\\/\\\/aircraftrecovery.com\\\/\"},{\"@type\":\"ListItem\",\"position\":2,\"name\":\"About\"}]},{\"@type\":\"WebSite\",\"@id\":\"https:\\\/\\\/aircraftrecovery.com\\\/de\\\/#website\",\"url\":\"https:\\\/\\\/aircraftrecovery.com\\\/de\\\/\",\"name\":\"AMS Aircraft Recovery\",\"description\":\"LIFTING - TOWING - TRANSPORT - TRAINING\",\"publisher\":{\"@id\":\"https:\\\/\\\/aircraftrecovery.com\\\/de\\\/#organization\"},\"potentialAction\":[{\"@type\":\"SearchAction\",\"target\":{\"@type\":\"EntryPoint\",\"urlTemplate\":\"https:\\\/\\\/aircraftrecovery.com\\\/de\\\/?s={search_term_string}\"},\"query-input\":{\"@type\":\"PropertyValueSpecification\",\"valueRequired\":true,\"valueName\":\"search_term_string\"}}],\"inLanguage\":\"es\"},{\"@type\":\"Organization\",\"@id\":\"https:\\\/\\\/aircraftrecovery.com\\\/de\\\/#organization\",\"name\":\"AMS Aircraft Recovery\",\"alternateName\":\"AGE Logistics Corporation\",\"url\":\"https:\\\/\\\/aircraftrecovery.com\\\/de\\\/\",\"logo\":{\"@type\":\"ImageObject\",\"inLanguage\":\"es\",\"@id\":\"https:\\\/\\\/aircraftrecovery.com\\\/de\\\/#\\\/schema\\\/logo\\\/image\\\/\",\"url\":\"https:\\\/\\\/aircraftrecovery.com\\\/wp-content\\\/uploads\\\/cropped-AMS-icon-logo.png\",\"contentUrl\":\"https:\\\/\\\/aircraftrecovery.com\\\/wp-content\\\/uploads\\\/cropped-AMS-icon-logo.png\",\"width\":512,\"height\":512,\"caption\":\"AMS Aircraft Recovery\"},\"image\":{\"@id\":\"https:\\\/\\\/aircraftrecovery.com\\\/de\\\/#\\\/schema\\\/logo\\\/image\\\/\"},\"sameAs\":[\"https:\\\/\\\/www.linkedin.com\\\/company\\\/ams-aircraft-recovery\\\/\"]}]}<\/script>\n<!-- \/ Yoast SEO Premium plugin. -->","yoast_head_json":{"title":"Acerca de - AMS Aircraft Recovery","description":"Desde nuestra fundaci\u00f3n en 1988, AMS ha servido a la comunidad aeron\u00e1utica mundial con soluciones innovadoras y s\u00f3lidas para la recuperaci\u00f3n de incidentes y escenarios de accidentes a\u00e9reos.","robots":{"index":"index","follow":"follow","max-snippet":"max-snippet:-1","max-image-preview":"max-image-preview:large","max-video-preview":"max-video-preview:-1"},"canonical":"https:\/\/aircraftrecovery.com\/es\/about-ams-aircraft-recovery\/","og_locale":"es_ES","og_type":"article","og_title":"About","og_description":"Since our founding in 1988, AMS has served the Worldwide Aviation Community with innovative and robust solutions to Aircraft Crash Recovery Incidents and Scenarios.","og_url":"https:\/\/aircraftrecovery.com\/es\/about-ams-aircraft-recovery\/","og_site_name":"AMS Aircraft Recovery","article_modified_time":"2026-02-17T22:42:08+00:00","og_image":[{"width":512,"height":512,"url":"https:\/\/aircraftrecovery.com\/wp-content\/uploads\/cropped-AMS-icon-logo.png","type":"image\/png"}],"twitter_card":"summary_large_image","twitter_misc":{"Tiempo de lectura":"3 minutos"},"schema":{"@context":"https:\/\/schema.org","@graph":[{"@type":"WebPage","@id":"https:\/\/aircraftrecovery.com\/about-ams-aircraft-recovery\/","url":"https:\/\/aircraftrecovery.com\/about-ams-aircraft-recovery\/","name":"Acerca de - AMS Aircraft Recovery","isPartOf":{"@id":"https:\/\/aircraftrecovery.com\/de\/#website"},"primaryImageOfPage":{"@id":"https:\/\/aircraftrecovery.com\/about-ams-aircraft-recovery\/#primaryimage"},"image":{"@id":"https:\/\/aircraftrecovery.com\/about-ams-aircraft-recovery\/#primaryimage"},"thumbnailUrl":"https:\/\/aircraftrecovery.com\/wp-content\/uploads\/cropped-AMS-icon-logo.png","datePublished":"2022-10-24T03:33:30+00:00","dateModified":"2026-02-17T22:42:08+00:00","description":"Desde nuestra fundaci\u00f3n en 1988, AMS ha servido a la comunidad aeron\u00e1utica mundial con soluciones innovadoras y s\u00f3lidas para la recuperaci\u00f3n de incidentes y escenarios de accidentes a\u00e9reos.","breadcrumb":{"@id":"https:\/\/aircraftrecovery.com\/about-ams-aircraft-recovery\/#breadcrumb"},"inLanguage":"es","potentialAction":[{"@type":"ReadAction","target":["https:\/\/aircraftrecovery.com\/about-ams-aircraft-recovery\/"]}]},{"@type":"ImageObject","inLanguage":"es","@id":"https:\/\/aircraftrecovery.com\/about-ams-aircraft-recovery\/#primaryimage","url":"https:\/\/aircraftrecovery.com\/wp-content\/uploads\/cropped-AMS-icon-logo.png","contentUrl":"https:\/\/aircraftrecovery.com\/wp-content\/uploads\/cropped-AMS-icon-logo.png","width":512,"height":512},{"@type":"BreadcrumbList","@id":"https:\/\/aircraftrecovery.com\/about-ams-aircraft-recovery\/#breadcrumb","itemListElement":[{"@type":"ListItem","position":1,"name":"Home","item":"https:\/\/aircraftrecovery.com\/"},{"@type":"ListItem","position":2,"name":"About"}]},{"@type":"WebSite","@id":"https:\/\/aircraftrecovery.com\/de\/#website","url":"https:\/\/aircraftrecovery.com\/de\/","name":"Recuperaci\u00f3n de aeronaves AMS","description":"ELEVACI\u00d3N - REMOLQUE - TRANSPORTE - FORMACI\u00d3N","publisher":{"@id":"https:\/\/aircraftrecovery.com\/de\/#organization"},"potentialAction":[{"@type":"SearchAction","target":{"@type":"EntryPoint","urlTemplate":"https:\/\/aircraftrecovery.com\/de\/?s={search_term_string}"},"query-input":{"@type":"PropertyValueSpecification","valueRequired":true,"valueName":"search_term_string"}}],"inLanguage":"es"},{"@type":"Organization","@id":"https:\/\/aircraftrecovery.com\/de\/#organization","name":"Recuperaci\u00f3n de aeronaves AMS","alternateName":"AGE Logistics Corporation","url":"https:\/\/aircraftrecovery.com\/de\/","logo":{"@type":"ImageObject","inLanguage":"es","@id":"https:\/\/aircraftrecovery.com\/de\/#\/schema\/logo\/image\/","url":"https:\/\/aircraftrecovery.com\/wp-content\/uploads\/cropped-AMS-icon-logo.png","contentUrl":"https:\/\/aircraftrecovery.com\/wp-content\/uploads\/cropped-AMS-icon-logo.png","width":512,"height":512,"caption":"AMS Aircraft Recovery"},"image":{"@id":"https:\/\/aircraftrecovery.com\/de\/#\/schema\/logo\/image\/"},"sameAs":["https:\/\/www.linkedin.com\/company\/ams-aircraft-recovery\/"]}]}},"_links":{"self":[{"href":"https:\/\/aircraftrecovery.com\/es\/wp-json\/wp\/v2\/pages\/2644","targetHints":{"allow":["GET"]}}],"collection":[{"href":"https:\/\/aircraftrecovery.com\/es\/wp-json\/wp\/v2\/pages"}],"about":[{"href":"https:\/\/aircraftrecovery.com\/es\/wp-json\/wp\/v2\/types\/page"}],"author":[{"embeddable":true,"href":"https:\/\/aircraftrecovery.com\/es\/wp-json\/wp\/v2\/users\/1"}],"replies":[{"embeddable":true,"href":"https:\/\/aircraftrecovery.com\/es\/wp-json\/wp\/v2\/comments?post=2644"}],"version-history":[{"count":10,"href":"https:\/\/aircraftrecovery.com\/es\/wp-json\/wp\/v2\/pages\/2644\/revisions"}],"predecessor-version":[{"id":5558,"href":"https:\/\/aircraftrecovery.com\/es\/wp-json\/wp\/v2\/pages\/2644\/revisions\/5558"}],"wp:featuredmedia":[{"embeddable":true,"href":"https:\/\/aircraftrecovery.com\/es\/wp-json\/wp\/v2\/media\/2729"}],"wp:attachment":[{"href":"https:\/\/aircraftrecovery.com\/es\/wp-json\/wp\/v2\/media?parent=2644"}],"wp:term":[{"taxonomy":"category","embeddable":true,"href":"https:\/\/aircraftrecovery.com\/es\/wp-json\/wp\/v2\/categories?post=2644"},{"taxonomy":"post_tag","embeddable":true,"href":"https:\/\/aircraftrecovery.com\/es\/wp-json\/wp\/v2\/tags?post=2644"}],"curies":[{"name":"wp","href":"https:\/\/api.w.org\/{rel}","templated":true}]}}