{"id":37,"date":"2023-01-29T23:09:35","date_gmt":"2023-01-29T23:09:35","guid":{"rendered":"https:\/\/dev.aircraftrecovery.com\/?page_id=37"},"modified":"2023-06-10T00:00:13","modified_gmt":"2023-06-10T00:00:13","slug":"privacy-policy","status":"publish","type":"page","link":"https:\/\/aircraftrecovery.com\/es\/privacy-policy\/","title":{"rendered":"Pol\u00edtica de privacidad"},"content":{"rendered":"<div data-elementor-type=\"wp-page\" data-elementor-id=\"37\" class=\"elementor elementor-37\" data-elementor-post-type=\"page\">\n\t\t\t\t\t\t<section class=\"elementor-section elementor-top-section elementor-element elementor-element-fd1cd15 elementor-section-boxed elementor-section-height-default elementor-section-height-default\" data-id=\"fd1cd15\" data-element_type=\"section\" data-e-type=\"section\">\n\t\t\t\t\t\t<div class=\"elementor-container elementor-column-gap-default\">\n\t\t\t\t\t<div class=\"elementor-column elementor-col-100 elementor-top-column elementor-element elementor-element-56e00af6\" data-id=\"56e00af6\" data-element_type=\"column\" data-e-type=\"column\">\n\t\t\t<div class=\"elementor-widget-wrap elementor-element-populated\">\n\t\t\t\t\t\t<div class=\"elementor-element elementor-element-8ce2ebc elementor-widget elementor-widget-heading\" data-id=\"8ce2ebc\" data-element_type=\"widget\" data-e-type=\"widget\" data-widget_type=\"heading.default\">\n\t\t\t\t<div class=\"elementor-widget-container\">\n\t\t\t\t\t<h2 class=\"elementor-heading-title elementor-size-default\">Pol\u00edtica de privacidad de nuestra empresa<\/h2>\t\t\t\t<\/div>\n\t\t\t\t<\/div>\n\t\t\t\t<div class=\"elementor-element elementor-element-4eb85e60 elementor-widget elementor-widget-text-editor\" data-id=\"4eb85e60\" data-element_type=\"widget\" data-e-type=\"widget\" data-widget_type=\"text-editor.default\">\n\t\t\t\t<div class=\"elementor-widget-container\">\n\t\t\t\t\t\t\t\t\t<p><\/p>\n<p><span style=\"color: var( --e-global-color-f5164e3 );\"> Esta pol\u00edtica de privacidad explicar\u00e1 c\u00f3mo AMS Aircraft Recovery Ltd y AGE Logistics Corporation d.b.a. AMS Aircraft Recovery utilizan los datos personales que obtenemos de usted cuando utiliza nuestro sitio web.<\/span>\u00a0 La direcci\u00f3n de nuestro sitio web es: http:\/\/aircraftrecovery.com.<\/p>\n<p><strong>Temas:<\/strong><\/p>\n<ul>\n<li>\u00bfQu\u00e9 datos recogemos?<\/li>\n<li>\u00bfC\u00f3mo recogemos sus datos?<\/li>\n<li>\u00bfC\u00f3mo utilizaremos sus datos?<\/li>\n<li>\u00bfC\u00f3mo almacenamos sus datos?<\/li>\n<li>Marketing<\/li>\n<li>\u00bfCu\u00e1les son sus derechos en materia de protecci\u00f3n de datos?<\/li>\n<li>\u00bfQu\u00e9 son las cookies y c\u00f3mo las utilizamos?<\/li>\n<li>\u00bfQu\u00e9 tipos de cookies utilizamos?<\/li>\n<li>C\u00f3mo gestionar sus cookies<\/li>\n<li>Pol\u00edticas de privacidad de otros sitios web<\/li>\n<li>Cambios en nuestra pol\u00edtica de privacidad<\/li>\n<li>C\u00f3mo ponerse en contacto con nosotros<\/li>\n<li>C\u00f3mo ponerse en contacto con las autoridades competentes<\/li>\n<\/ul>\n<div>\u00a0<\/div>\n<p><strong>\u00bfQu\u00e9 datos recogemos?<\/strong><\/p>\n<p>Nuestra empresa recoge los siguientes datos: Informaci\u00f3n de identificaci\u00f3n personal (Nombre, nombre de la empresa, direcci\u00f3n de correo electr\u00f3nico, n\u00famero de tel\u00e9fono, solicitudes de informaci\u00f3n, etc.).  Tambi\u00e9n recopilamos informaci\u00f3n sobre su dispositivo y su uso de nuestros sitios web o correos electr\u00f3nicos (como direcciones de protocolo de Internet (IP) u otros identificadores),<br \/><br \/><strong>\u00bfC\u00f3mo recogemos sus datos?<br \/><\/strong><br \/>Usted proporciona directamente a Nuestra Empresa la mayor\u00eda de los datos que recopilamos. Recogemos datos y los procesamos cuando usted:<\/p>\n<ul>\n<li>Env\u00ede un formulario de Contacto con AMS Recuperaci\u00f3n de Aeronaves en nuestro sitio web.<\/li>\n<li>Rellene voluntariamente una encuesta de clientes o env\u00ede sus comentarios en cualquiera de nuestras p\u00e1ginas de redes sociales o por correo electr\u00f3nico.<\/li>\n<li>Utilizar o ver nuestro sitio web a trav\u00e9s de las cookies de su navegador.<br \/><br \/><\/li>\n<\/ul>\n<p>Nuestra empresa tambi\u00e9n puede recibir sus datos indirectamente de las siguientes fuentes:<\/p>\n<ul>\n<li>Directorios comerciales<\/li>\n<li>Ferias y exposiciones<\/li>\n<li>Sociedades profesionales y conferencias<br \/><br \/><\/li>\n<\/ul>\n<p><strong>\u00bfC\u00f3mo utilizaremos sus datos?<br \/><br \/><\/strong>Nuestra empresa recopila sus datos para que podamos:<\/p>\n<ul>\n<li>Tramitar su pedido y gestionar su cuenta.<\/li>\n<li>Ponernos en contacto con usted por tel\u00e9fono o correo electr\u00f3nico en relaci\u00f3n con sus pedidos.<\/li>\n<li>Enviarle por correo electr\u00f3nico informaci\u00f3n sobre productos o servicios que haya adquirido o por los que haya expresado inter\u00e9s, o sobre productos y servicios relacionados.<\/li>\n<li>Enviarle ocasionalmente boletines informativos que consideremos de su inter\u00e9s.  Puede darse de baja en cualquier momento.<\/li>\n<\/ul>\n<p><br \/>Cuando Nuestra Empresa procesa su pedido, puede enviarle solicitudes de informaci\u00f3n y recopilar informaci\u00f3n de agencias gubernamentales y de referencia de cr\u00e9dito para cumplir con la normativa aplicable y evitar compras fraudulentas.<\/p>\n<p><strong>\u00bfC\u00f3mo almacenamos sus datos?<br \/><\/strong><br \/>Nuestra empresa almacena sus datos de forma segura en nuestras oficinas de EE.UU. y el Reino Unido.   Empleamos un entorno de servidor seguro que utiliza un cortafuegos y otras tecnolog\u00edas avanzadas para evitar interferencias o el acceso de intrusos externos.  Los datos de los clientes se almacenan en dispositivos de almacenamiento cifrados en servidores, ordenadores de sobremesa y port\u00e1tiles.  Las copias de seguridad de los datos de los clientes est\u00e1n cifradas. Tambi\u00e9n utilizamos servicios de almacenamiento en la nube de Google para el correo electr\u00f3nico y el almacenamiento de archivos.  Todos los datos se cifran en tr\u00e1nsito y en almacenamiento.  Utilizamos un sistema de gesti\u00f3n de relaciones con los clientes de Salesforce.  Todos los datos de los clientes est\u00e1n cifrados en tr\u00e1nsito y en reposo.<\/p>\n<p>Nuestra Empresa conservar\u00e1 sus datos de cliente y de pedido durante varios periodos seg\u00fan lo exijan los organismos reguladores.   Metadatos como el tipo de navegador, el sistema operativo y la direcci\u00f3n IP se almacenan autom\u00e1ticamente en archivos de registro.  Estos archivos se mantienen durante dos a\u00f1os o menos y luego se eliminan.\u00a0<\/p>\n<p><strong>Marketing<br \/><\/strong><br \/>Nuestra empresa desea enviarle informaci\u00f3n sobre nuestros productos y servicios que consideramos de su inter\u00e9s.  Si ha aceptado recibir comunicaciones de marketing, siempre puede optar por no recibirlas m\u00e1s adelante.<\/p>\n<p>Usted tiene derecho a impedir en cualquier momento que Nuestra Empresa se ponga en contacto con usted con fines de marketing o que facilite sus datos a otros miembros del Grupo Nuestra Empresa.<\/p>\n<p><strong>\u00bfCu\u00e1les son sus derechos en materia de protecci\u00f3n de datos?<br \/><\/strong><br \/>Nuestra empresa desea asegurarse de que usted es plenamente consciente de todos sus derechos en materia de protecci\u00f3n de datos. Todo usuario tiene derecho a lo siguiente:<\/p>\n<ul>\n<li>Derecho de acceso - Tiene derecho a solicitar a nuestra empresa copias de sus datos personales.<\/li>\n<li>Derecho de rectificaci\u00f3n - Usted tiene derecho a solicitar que nuestra empresa corrija cualquier informaci\u00f3n que considere inexacta. Tambi\u00e9n tiene derecho a solicitar a nuestra empresa que complete la informaci\u00f3n que considere incompleta.<\/li>\n<li>Derecho de supresi\u00f3n - Usted tiene derecho a solicitar a Nuestra Empresa que suprima sus datos personales, en determinadas condiciones.<\/li>\n<li>Derecho a restringir el tratamiento - Usted tiene derecho a solicitar que Nuestra Empresa restrinja el tratamiento de sus datos personales, en determinadas condiciones.<\/li>\n<li>Derecho a oponerse al tratamiento - Tiene derecho a oponerse al tratamiento de sus datos personales por parte de nuestra empresa, en determinadas condiciones.<\/li>\n<li>Derecho a la portabilidad de los datos - Usted tiene derecho a solicitar que Nuestra Empresa transfiera los datos que hemos recopilado a otra organizaci\u00f3n, o directamente a usted, en determinadas condiciones.<\/li>\n<\/ul>\n<p>Si realiza una solicitud, disponemos de un mes para responderle. Si desea ejercer alguno de estos derechos, p\u00f3ngase en contacto con nosotros:<\/p>\n<ul>\n<li>utilizar el sitio web <a href=\"https:\/\/aircraftrecovery.com\/es\/contact-us\/\">Formulario de contacto<\/a><\/li>\n<li>Ll\u00e1menos al Reino Unido: +44 20 3289 9320 o US: +1 626 243 5253<\/li>\n<li>O escr\u00edbanos:\n<ul>\n<li>\n<p>AMS Aircraft Recovery Ltd<br \/>Aeropuerto de Farnborough, Farnborough<br \/>Hampshire GU14 7JF, Reino Unido<\/p>\n<\/li>\n<li>\n<p>AGE Logistics Corp.<br \/>426 East Duarte Road<br \/>Monrovia, CA 91016 USA<\/p>\n<\/li>\n<\/ul>\n<\/li>\n<\/ul>\n<p><strong>Cookies<br \/><\/strong><br \/>Las cookies son archivos de texto que se colocan en su ordenador para recopilar informaci\u00f3n de registro est\u00e1ndar de Internet e informaci\u00f3n sobre el comportamiento de los visitantes. Cuando visita nuestros sitios web, podemos recopilar informaci\u00f3n autom\u00e1ticamente a trav\u00e9s de cookies o tecnolog\u00edas similares.<\/p>\n<p>\u00bfC\u00f3mo utilizamos las cookies?<br \/><br \/>Nuestra empresa utiliza cookies de diversas maneras para mejorar su experiencia en nuestro sitio web, incluida la comprensi\u00f3n de c\u00f3mo utiliza nuestro sitio web.  Hay varios tipos diferentes de cookies, sin embargo, nuestro sitio web utiliza:<\/p>\n<p>Funcionalidad - Nuestra empresa utiliza estas cookies para que podamos reconocerle en nuestro sitio web y recordar sus preferencias previamente seleccionadas. Estas podr\u00edan incluir el idioma que prefiere y la ubicaci\u00f3n en la que se encuentra.\u00a0<\/p>\n<p>Analytics - Nuestra empresa utiliza estas cookies y fragmentos de c\u00f3digo para medir cu\u00e1ntos visitantes utilizan el sitio web, los tipos de navegadores que utilizan y la ubicaci\u00f3n desde la que nos visita.<br \/><br \/>C\u00f3mo gestionar las cookies<br \/>Puede configurar su navegador para que no acepte cookies.  Nuestro sitio web deber\u00eda funcionar normalmente con esta configuraci\u00f3n, aunque es posible que no siempre lo haga.<\/p>\n<p><strong>Pol\u00edticas de privacidad de otros sitios web<br \/><\/strong><br \/>El sitio web AircraftRecovery.comy contiene enlaces a otros sitios web. Nuestra pol\u00edtica de privacidad s\u00f3lo se aplica a nuestro sitio web, por lo que si hace clic en un enlace a otro sitio web, debe leer su pol\u00edtica de privacidad.<\/p>\n<p><strong>Cambios en nuestra pol\u00edtica de privacidad<br \/><\/strong><br \/>Nuestra empresa revisa peri\u00f3dicamente su pol\u00edtica de privacidad y publica cualquier actualizaci\u00f3n en esta p\u00e1gina web. Esta pol\u00edtica de privacidad se actualiz\u00f3 por \u00faltima vez el 30 de enero de 2023.<\/p>\n<p><strong>C\u00f3mo ponerse en contacto con nosotros<br \/><\/strong><br \/>Si tiene alguna pregunta sobre la pol\u00edtica de privacidad de Nuestra Empresa, los datos que tenemos sobre usted o desea ejercer alguno de sus derechos de protecci\u00f3n de datos, no dude en ponerse en contacto con nosotros.<\/p>\n<ul>\n<li>utilizar el sitio web <a href=\"https:\/\/aircraftrecovery.com\/es\/contact-us\/\">Formulario de contacto<\/a><\/li>\n<li>Ll\u00e1menos al Reino Unido: +44 20 3289 9320 o US: +1 626 243 5253<\/li>\n<li>O escr\u00edbanos:\n<ul>\n<li>\n<p>AMS Aircraft Recovery Ltd<br \/>Aeropuerto de Farnborough, Farnborough<br \/>Hampshire GU14 7JF, Reino Unido<\/p>\n<\/li>\n<li>\n<p>AGE Logistics Corp.<br \/>426 East Duarte Road<br \/>Monrovia, CA 91016 USA<\/p>\n<\/li>\n<\/ul>\n<\/li>\n<\/ul>\n<p><strong>C\u00f3mo ponerse en contacto con la autoridad competente<br \/><\/strong><\/p>\n<p>UE<\/p>\n<p>Si desea presentar una reclamaci\u00f3n o si considera que Nuestra Empresa no ha resuelto su problema de forma satisfactoria, puede ponerse en contacto con la Autoridad de Protecci\u00f3n de Datos del Estado miembro de la UE en el que tenga su sede su empresa\/organizaci\u00f3n.  Puede encontrar una lista de APD en <a href=\"https:\/\/edpb.europa.eu\/about-edpb\/about-edpb\/members_en\">https:\/\/edpb.europa.eu\/about-edpb\/about-edpb\/members_en<\/a>.<\/p>\n<p>California\u00a0<\/p>\n<p>La Ley de Privacidad del Consumidor de California (CCPA) establece derechos espec\u00edficos de privacidad de datos para los residentes de California.  Los residentes de California pueden ponerse en contacto con la oficina del Fiscal General de California <a href=\"https:\/\/oag.ca.gov\/privacy\/ccpa\">https:\/\/oag.ca.gov\/privacy\/ccpa<\/a><\/p>\n<p>Comisi\u00f3n Federal de Comercio<\/p>\n<p><a href=\"https:\/\/www.ftc.gov\/news-events\/topics\/protecting-consumer-privacy-security\">https:\/\/www.ftc.gov\/news-events\/topics\/protecting-consumer-privacy-security<\/a><\/p>\n<p>\u00a0<\/p>\n<p><\/p>\t\t\t\t\t\t\t\t<\/div>\n\t\t\t\t<\/div>\n\t\t\t\t\t<\/div>\n\t\t<\/div>\n\t\t\t\t\t<\/div>\n\t\t<\/section>\n\t\t\t\t<\/div>","protected":false},"excerpt":{"rendered":"<p>Our Company Privacy Policy This privacy policy will explain how AMS Aircraft Recovery Ltd and AGE Logistics Corporation d.b.a. AMS Aircraft Recovery use the personal data we collect from you when you use our website.\u00a0 Our website address is: http:\/\/aircraftrecovery.com. Topics: What data do we collect? How do we collect your data? How will we [&hellip;]<\/p>\n","protected":false},"author":1,"featured_media":0,"parent":0,"menu_order":0,"comment_status":"closed","ping_status":"closed","template":"","meta":{"footnotes":""},"categories":[],"tags":[],"class_list":["post-37","page","type-page","status-publish","hentry"],"yoast_head":"<!-- This site is optimized with the Yoast SEO Premium plugin v27.3 (Yoast SEO v27.3) - https:\/\/yoast.com\/product\/yoast-seo-premium-wordpress\/ -->\n<title>Privacy Policy - AMS Aircraft Recovery<\/title>\n<meta name=\"robots\" content=\"index, follow, max-snippet:-1, max-image-preview:large, max-video-preview:-1\" \/>\n<link rel=\"canonical\" href=\"https:\/\/aircraftrecovery.com\/es\/privacy-policy\/\" \/>\n<meta property=\"og:locale\" content=\"es_ES\" \/>\n<meta property=\"og:type\" content=\"article\" \/>\n<meta property=\"og:title\" content=\"Privacy Policy\" \/>\n<meta property=\"og:description\" content=\"Our Company Privacy Policy This privacy policy will explain how AMS Aircraft Recovery Ltd and AGE Logistics Corporation d.b.a. AMS Aircraft Recovery use the personal data we collect from you when you use our website.\u00a0 Our website address is: http:\/\/aircraftrecovery.com. Topics: What data do we collect? How do we collect your data? How will we [&hellip;]\" \/>\n<meta property=\"og:url\" content=\"https:\/\/aircraftrecovery.com\/es\/privacy-policy\/\" \/>\n<meta property=\"og:site_name\" content=\"AMS Aircraft Recovery\" \/>\n<meta property=\"article:modified_time\" content=\"2023-06-10T00:00:13+00:00\" \/>\n<meta name=\"twitter:card\" content=\"summary_large_image\" \/>\n<script type=\"application\/ld+json\" class=\"yoast-schema-graph\">{\"@context\":\"https:\\\/\\\/schema.org\",\"@graph\":[{\"@type\":\"WebPage\",\"@id\":\"https:\\\/\\\/aircraftrecovery.com\\\/privacy-policy\\\/\",\"url\":\"https:\\\/\\\/aircraftrecovery.com\\\/privacy-policy\\\/\",\"name\":\"Privacy Policy - AMS Aircraft Recovery\",\"isPartOf\":{\"@id\":\"https:\\\/\\\/aircraftrecovery.com\\\/de\\\/#website\"},\"datePublished\":\"2023-01-29T23:09:35+00:00\",\"dateModified\":\"2023-06-10T00:00:13+00:00\",\"breadcrumb\":{\"@id\":\"https:\\\/\\\/aircraftrecovery.com\\\/privacy-policy\\\/#breadcrumb\"},\"inLanguage\":\"es\",\"potentialAction\":[{\"@type\":\"ReadAction\",\"target\":[\"https:\\\/\\\/aircraftrecovery.com\\\/privacy-policy\\\/\"]}]},{\"@type\":\"BreadcrumbList\",\"@id\":\"https:\\\/\\\/aircraftrecovery.com\\\/privacy-policy\\\/#breadcrumb\",\"itemListElement\":[{\"@type\":\"ListItem\",\"position\":1,\"name\":\"Home\",\"item\":\"https:\\\/\\\/aircraftrecovery.com\\\/\"},{\"@type\":\"ListItem\",\"position\":2,\"name\":\"Privacy Policy\"}]},{\"@type\":\"WebSite\",\"@id\":\"https:\\\/\\\/aircraftrecovery.com\\\/de\\\/#website\",\"url\":\"https:\\\/\\\/aircraftrecovery.com\\\/de\\\/\",\"name\":\"AMS Aircraft Recovery\",\"description\":\"LIFTING - TOWING - TRANSPORT - TRAINING\",\"publisher\":{\"@id\":\"https:\\\/\\\/aircraftrecovery.com\\\/de\\\/#organization\"},\"potentialAction\":[{\"@type\":\"SearchAction\",\"target\":{\"@type\":\"EntryPoint\",\"urlTemplate\":\"https:\\\/\\\/aircraftrecovery.com\\\/de\\\/?s={search_term_string}\"},\"query-input\":{\"@type\":\"PropertyValueSpecification\",\"valueRequired\":true,\"valueName\":\"search_term_string\"}}],\"inLanguage\":\"es\"},{\"@type\":\"Organization\",\"@id\":\"https:\\\/\\\/aircraftrecovery.com\\\/de\\\/#organization\",\"name\":\"AMS Aircraft Recovery\",\"alternateName\":\"AGE Logistics Corporation\",\"url\":\"https:\\\/\\\/aircraftrecovery.com\\\/de\\\/\",\"logo\":{\"@type\":\"ImageObject\",\"inLanguage\":\"es\",\"@id\":\"https:\\\/\\\/aircraftrecovery.com\\\/de\\\/#\\\/schema\\\/logo\\\/image\\\/\",\"url\":\"https:\\\/\\\/aircraftrecovery.com\\\/wp-content\\\/uploads\\\/cropped-AMS-icon-logo.png\",\"contentUrl\":\"https:\\\/\\\/aircraftrecovery.com\\\/wp-content\\\/uploads\\\/cropped-AMS-icon-logo.png\",\"width\":512,\"height\":512,\"caption\":\"AMS Aircraft Recovery\"},\"image\":{\"@id\":\"https:\\\/\\\/aircraftrecovery.com\\\/de\\\/#\\\/schema\\\/logo\\\/image\\\/\"},\"sameAs\":[\"https:\\\/\\\/www.linkedin.com\\\/company\\\/ams-aircraft-recovery\\\/\"]}]}<\/script>\n<!-- \/ Yoast SEO Premium plugin. -->","yoast_head_json":{"title":"Pol\u00edtica de privacidad - AMS Aircraft Recovery","robots":{"index":"index","follow":"follow","max-snippet":"max-snippet:-1","max-image-preview":"max-image-preview:large","max-video-preview":"max-video-preview:-1"},"canonical":"https:\/\/aircraftrecovery.com\/es\/privacy-policy\/","og_locale":"es_ES","og_type":"article","og_title":"Privacy Policy","og_description":"Our Company Privacy Policy This privacy policy will explain how AMS Aircraft Recovery Ltd and AGE Logistics Corporation d.b.a. AMS Aircraft Recovery use the personal data we collect from you when you use our website.\u00a0 Our website address is: http:\/\/aircraftrecovery.com. Topics: What data do we collect? How do we collect your data? How will we [&hellip;]","og_url":"https:\/\/aircraftrecovery.com\/es\/privacy-policy\/","og_site_name":"AMS Aircraft Recovery","article_modified_time":"2023-06-10T00:00:13+00:00","twitter_card":"summary_large_image","schema":{"@context":"https:\/\/schema.org","@graph":[{"@type":"WebPage","@id":"https:\/\/aircraftrecovery.com\/privacy-policy\/","url":"https:\/\/aircraftrecovery.com\/privacy-policy\/","name":"Pol\u00edtica de privacidad - AMS Aircraft Recovery","isPartOf":{"@id":"https:\/\/aircraftrecovery.com\/de\/#website"},"datePublished":"2023-01-29T23:09:35+00:00","dateModified":"2023-06-10T00:00:13+00:00","breadcrumb":{"@id":"https:\/\/aircraftrecovery.com\/privacy-policy\/#breadcrumb"},"inLanguage":"es","potentialAction":[{"@type":"ReadAction","target":["https:\/\/aircraftrecovery.com\/privacy-policy\/"]}]},{"@type":"BreadcrumbList","@id":"https:\/\/aircraftrecovery.com\/privacy-policy\/#breadcrumb","itemListElement":[{"@type":"ListItem","position":1,"name":"Home","item":"https:\/\/aircraftrecovery.com\/"},{"@type":"ListItem","position":2,"name":"Privacy Policy"}]},{"@type":"WebSite","@id":"https:\/\/aircraftrecovery.com\/de\/#website","url":"https:\/\/aircraftrecovery.com\/de\/","name":"Recuperaci\u00f3n de aeronaves AMS","description":"ELEVACI\u00d3N - REMOLQUE - TRANSPORTE - FORMACI\u00d3N","publisher":{"@id":"https:\/\/aircraftrecovery.com\/de\/#organization"},"potentialAction":[{"@type":"SearchAction","target":{"@type":"EntryPoint","urlTemplate":"https:\/\/aircraftrecovery.com\/de\/?s={search_term_string}"},"query-input":{"@type":"PropertyValueSpecification","valueRequired":true,"valueName":"search_term_string"}}],"inLanguage":"es"},{"@type":"Organization","@id":"https:\/\/aircraftrecovery.com\/de\/#organization","name":"Recuperaci\u00f3n de aeronaves AMS","alternateName":"AGE Logistics Corporation","url":"https:\/\/aircraftrecovery.com\/de\/","logo":{"@type":"ImageObject","inLanguage":"es","@id":"https:\/\/aircraftrecovery.com\/de\/#\/schema\/logo\/image\/","url":"https:\/\/aircraftrecovery.com\/wp-content\/uploads\/cropped-AMS-icon-logo.png","contentUrl":"https:\/\/aircraftrecovery.com\/wp-content\/uploads\/cropped-AMS-icon-logo.png","width":512,"height":512,"caption":"AMS Aircraft Recovery"},"image":{"@id":"https:\/\/aircraftrecovery.com\/de\/#\/schema\/logo\/image\/"},"sameAs":["https:\/\/www.linkedin.com\/company\/ams-aircraft-recovery\/"]}]}},"_links":{"self":[{"href":"https:\/\/aircraftrecovery.com\/es\/wp-json\/wp\/v2\/pages\/37","targetHints":{"allow":["GET"]}}],"collection":[{"href":"https:\/\/aircraftrecovery.com\/es\/wp-json\/wp\/v2\/pages"}],"about":[{"href":"https:\/\/aircraftrecovery.com\/es\/wp-json\/wp\/v2\/types\/page"}],"author":[{"embeddable":true,"href":"https:\/\/aircraftrecovery.com\/es\/wp-json\/wp\/v2\/users\/1"}],"replies":[{"embeddable":true,"href":"https:\/\/aircraftrecovery.com\/es\/wp-json\/wp\/v2\/comments?post=37"}],"version-history":[{"count":0,"href":"https:\/\/aircraftrecovery.com\/es\/wp-json\/wp\/v2\/pages\/37\/revisions"}],"wp:attachment":[{"href":"https:\/\/aircraftrecovery.com\/es\/wp-json\/wp\/v2\/media?parent=37"}],"wp:term":[{"taxonomy":"category","embeddable":true,"href":"https:\/\/aircraftrecovery.com\/es\/wp-json\/wp\/v2\/categories?post=37"},{"taxonomy":"post_tag","embeddable":true,"href":"https:\/\/aircraftrecovery.com\/es\/wp-json\/wp\/v2\/tags?post=37"}],"curies":[{"name":"wp","href":"https:\/\/api.w.org\/{rel}","templated":true}]}}