{"id":2471,"date":"2022-10-23T00:28:54","date_gmt":"2022-10-23T00:28:54","guid":{"rendered":"https:\/\/dev.aircraftrecovery.com\/?page_id=2471"},"modified":"2024-10-16T18:42:57","modified_gmt":"2024-10-16T18:42:57","slug":"video-resources","status":"publish","type":"page","link":"https:\/\/aircraftrecovery.com\/fr\/video-resources\/","title":{"rendered":"Ressources vid\u00e9o"},"content":{"rendered":"<div data-elementor-type=\"wp-page\" data-elementor-id=\"2471\" class=\"elementor elementor-2471\" data-elementor-post-type=\"page\">\n\t\t\t\t\t\t<section class=\"elementor-section elementor-top-section elementor-element elementor-element-59b6f7c elementor-section-boxed elementor-section-height-default elementor-section-height-default\" data-id=\"59b6f7c\" data-element_type=\"section\" data-e-type=\"section\">\n\t\t\t\t\t\t<div class=\"elementor-container elementor-column-gap-default\">\n\t\t\t\t\t<div class=\"elementor-column elementor-col-100 elementor-top-column elementor-element elementor-element-57fb42f\" data-id=\"57fb42f\" data-element_type=\"column\" data-e-type=\"column\">\n\t\t\t<div class=\"elementor-widget-wrap elementor-element-populated\">\n\t\t\t\t\t\t<div class=\"elementor-element elementor-element-e37afcb elementor-widget elementor-widget-heading\" data-id=\"e37afcb\" data-element_type=\"widget\" data-e-type=\"widget\" data-widget_type=\"heading.default\">\n\t\t\t\t<div class=\"elementor-widget-container\">\n\t\t\t\t\t<h2 class=\"elementor-heading-title elementor-size-default\">Ressources vid\u00e9o sur la r\u00e9cup\u00e9ration des a\u00e9ronefs<\/h2>\t\t\t\t<\/div>\n\t\t\t\t<\/div>\n\t\t\t\t\t<\/div>\n\t\t<\/div>\n\t\t\t\t\t<\/div>\n\t\t<\/section>\n\t\t\t\t<section class=\"elementor-section elementor-top-section elementor-element elementor-element-8cbef02 elementor-section-full_width elementor-section-height-default elementor-section-height-default\" data-id=\"8cbef02\" data-element_type=\"section\" data-e-type=\"section\">\n\t\t\t\t\t\t<div class=\"elementor-container elementor-column-gap-default\">\n\t\t\t\t\t<div class=\"elementor-column elementor-col-100 elementor-top-column elementor-element elementor-element-c2ea301\" data-id=\"c2ea301\" data-element_type=\"column\" data-e-type=\"column\">\n\t\t\t<div class=\"elementor-widget-wrap elementor-element-populated\">\n\t\t\t\t\t\t<div class=\"elementor-element elementor-element-c3bb078 elementor-grid-3 elementor-grid-tablet-2 elementor-grid-mobile-1 elementor-posts--thumbnail-top elementor-card-shadow-yes elementor-posts__hover-gradient elementor-widget elementor-widget-posts\" data-id=\"c3bb078\" data-element_type=\"widget\" data-e-type=\"widget\" data-settings=\"{&quot;pagination_type&quot;:&quot;prev_next&quot;,&quot;cards_columns&quot;:&quot;3&quot;,&quot;cards_columns_tablet&quot;:&quot;2&quot;,&quot;cards_columns_mobile&quot;:&quot;1&quot;,&quot;cards_row_gap&quot;:{&quot;unit&quot;:&quot;px&quot;,&quot;size&quot;:35,&quot;sizes&quot;:[]},&quot;cards_row_gap_tablet&quot;:{&quot;unit&quot;:&quot;px&quot;,&quot;size&quot;:&quot;&quot;,&quot;sizes&quot;:[]},&quot;cards_row_gap_mobile&quot;:{&quot;unit&quot;:&quot;px&quot;,&quot;size&quot;:&quot;&quot;,&quot;sizes&quot;:[]}}\" data-widget_type=\"posts.cards\">\n\t\t\t\t<div class=\"elementor-widget-container\">\n\t\t\t\t\t\t\t<div class=\"elementor-posts-container elementor-posts elementor-posts--skin-cards elementor-grid\" role=\"list\">\n\t\t\t\t<article class=\"elementor-post elementor-grid-item post-4693 post type-post status-publish format-standard has-post-thumbnail hentry category-aircraft-recovery category-aircraft-recovery-training category-video\" role=\"listitem\">\n\t\t\t<div class=\"elementor-post__card\">\n\t\t\t\t<a class=\"elementor-post__thumbnail__link\" href=\"https:\/\/aircraftrecovery.com\/fr\/air-national-guard-and-active-duty-airmen-have-what-it-takes-to-clear-their-runway-of-disabled-aircraft\/\" tabindex=\"-1\" ><div class=\"elementor-post__thumbnail\"><img fetchpriority=\"high\" decoding=\"async\" width=\"2270\" height=\"1272\" src=\"https:\/\/aircraftrecovery.com\/wp-content\/uploads\/Screenshot-2024-10-17-at-5.08.08\u202fPM.png\" class=\"attachment-full size-full wp-image-4702\" alt=\"\" srcset=\"https:\/\/aircraftrecovery.com\/wp-content\/uploads\/Screenshot-2024-10-17-at-5.08.08\u202fPM.png 2270w, https:\/\/aircraftrecovery.com\/wp-content\/uploads\/Screenshot-2024-10-17-at-5.08.08\u202fPM-300x168.png 300w, https:\/\/aircraftrecovery.com\/wp-content\/uploads\/Screenshot-2024-10-17-at-5.08.08\u202fPM-1024x574.png 1024w, https:\/\/aircraftrecovery.com\/wp-content\/uploads\/Screenshot-2024-10-17-at-5.08.08\u202fPM-768x430.png 768w, https:\/\/aircraftrecovery.com\/wp-content\/uploads\/Screenshot-2024-10-17-at-5.08.08\u202fPM-1536x861.png 1536w, https:\/\/aircraftrecovery.com\/wp-content\/uploads\/Screenshot-2024-10-17-at-5.08.08\u202fPM-2048x1148.png 2048w, https:\/\/aircraftrecovery.com\/wp-content\/uploads\/Screenshot-2024-10-17-at-5.08.08\u202fPM-18x10.png 18w\" sizes=\"(max-width: 2270px) 100vw, 2270px\" \/><\/div><\/a>\n\t\t\t\t<div class=\"elementor-post__badge\">R\u00e9cup\u00e9ration d'a\u00e9ronefs<\/div>\n\t\t\t\t<div class=\"elementor-post__text\">\n\t\t\t\t<h3 class=\"elementor-post__title\">\n\t\t\t<a href=\"https:\/\/aircraftrecovery.com\/fr\/air-national-guard-and-active-duty-airmen-have-what-it-takes-to-clear-their-runway-of-disabled-aircraft\/\" >\n\t\t\t\tLes membres de la Garde nationale a\u00e9rienne et les aviateurs en service actif ont ce qu'il faut pour d\u00e9barrasser leur piste d'atterrissage des avions en panne.\t\t\t<\/a>\n\t\t<\/h3>\n\t\t\t\t<div class=\"elementor-post__excerpt\">\n\t\t\t<p>HAWAII, \u00c9TATS-UNIS 01.14.2015 \u00c0 Hickam Field, si un avion est d\u00e9sempar\u00e9 \u00e0 l'atterrissage, une \u00e9quipe d'aviateurs de la Hawaii Air National Guard et de l'arm\u00e9e de l'air hawa\u00efenne est charg\u00e9e de l'aider \u00e0 se pr\u00e9parer \u00e0 l'atterrissage.<\/p>\n\t\t<\/div>\n\t\t\n\t\t<a class=\"elementor-post__read-more\" href=\"https:\/\/aircraftrecovery.com\/fr\/air-national-guard-and-active-duty-airmen-have-what-it-takes-to-clear-their-runway-of-disabled-aircraft\/\" aria-label=\"En savoir plus sur Les membres de la Garde nationale a\u00e9rienne et les aviateurs en service actif ont tout ce qu&#039;il faut pour d\u00e9barrasser leur piste d&#039;atterrissage des a\u00e9ronefs en panne.\" tabindex=\"-1\" >\n\t\t\tLire plus \"\t\t<\/a>\n\n\t\t\t\t<\/div>\n\t\t\t\t\t<\/div>\n\t\t<\/article>\n\t\t\t\t<article class=\"elementor-post elementor-grid-item post-2887 post type-post status-publish format-standard has-post-thumbnail hentry category-lift category-aircraft-recovery category-aircraft-transport category-commercial category-video\" role=\"listitem\">\n\t\t\t<div class=\"elementor-post__card\">\n\t\t\t\t<a class=\"elementor-post__thumbnail__link\" href=\"https:\/\/aircraftrecovery.com\/fr\/fuselage-lifting-system-turntable-by-ams-3\/\" tabindex=\"-1\" ><div class=\"elementor-post__thumbnail\"><img decoding=\"async\" width=\"915\" height=\"416\" src=\"https:\/\/aircraftrecovery.com\/wp-content\/uploads\/Screenshot-2024-10-17-at-10.26.09 AM.png\" class=\"attachment-full size-full wp-image-4675\" alt=\"\" srcset=\"https:\/\/aircraftrecovery.com\/wp-content\/uploads\/Screenshot-2024-10-17-at-10.26.09\u202fAM.png 915w, https:\/\/aircraftrecovery.com\/wp-content\/uploads\/Screenshot-2024-10-17-at-10.26.09\u202fAM-300x136.png 300w, https:\/\/aircraftrecovery.com\/wp-content\/uploads\/Screenshot-2024-10-17-at-10.26.09\u202fAM-768x349.png 768w, https:\/\/aircraftrecovery.com\/wp-content\/uploads\/Screenshot-2024-10-17-at-10.26.09\u202fAM-18x8.png 18w\" sizes=\"(max-width: 915px) 100vw, 915px\" \/><\/div><\/a>\n\t\t\t\t<div class=\"elementor-post__badge\">Levage d'a\u00e9ronefs<\/div>\n\t\t\t\t<div class=\"elementor-post__text\">\n\t\t\t\t<h3 class=\"elementor-post__title\">\n\t\t\t<a href=\"https:\/\/aircraftrecovery.com\/fr\/fuselage-lifting-system-turntable-by-ams-3\/\" >\n\t\t\t\tSyst\u00e8me de levage du fuselage et table tournante par AMS\t\t\t<\/a>\n\t\t<\/h3>\n\t\t\t\t<div class=\"elementor-post__excerpt\">\n\t\t\t<p>Syst\u00e8me de levage de fuselage et table tournante par AMS Le syst\u00e8me de levage de fuselage a \u00e9t\u00e9 d\u00e9ploy\u00e9 pour soulever le nez d'un avion \u00e0 r\u00e9action \u00e0 fuselage large avant de l'abaisser sur une table tournante de 50 pieds.<\/p>\n\t\t<\/div>\n\t\t\n\t\t<a class=\"elementor-post__read-more\" href=\"https:\/\/aircraftrecovery.com\/fr\/fuselage-lifting-system-turntable-by-ams-3\/\" aria-label=\"En savoir plus sur Syst\u00e8me de levage de fuselage et table tournante par AMS\" tabindex=\"-1\" >\n\t\t\tLire plus \"\t\t<\/a>\n\n\t\t\t\t<\/div>\n\t\t\t\t\t<\/div>\n\t\t<\/article>\n\t\t\t\t<article class=\"elementor-post elementor-grid-item post-3361 post type-post status-publish format-standard has-post-thumbnail hentry category-aircraft-recovery category-commercial category-video\" role=\"listitem\">\n\t\t\t<div class=\"elementor-post__card\">\n\t\t\t\t<a class=\"elementor-post__thumbnail__link\" href=\"https:\/\/aircraftrecovery.com\/fr\/aircraft-lifting-and-recovery-demonstration-by-ams\/\" tabindex=\"-1\" ><div class=\"elementor-post__thumbnail\"><img decoding=\"async\" width=\"1884\" height=\"1058\" src=\"https:\/\/aircraftrecovery.com\/wp-content\/uploads\/AMS_Aircraft_Lifting_2013-1.png\" class=\"attachment-full size-full wp-image-3364\" alt=\"Vid\u00e9o de levage d&#039;avions AMS Aircraft Recovery en allemand\" srcset=\"https:\/\/aircraftrecovery.com\/wp-content\/uploads\/AMS_Aircraft_Lifting_2013-1.png 1884w, https:\/\/aircraftrecovery.com\/wp-content\/uploads\/AMS_Aircraft_Lifting_2013-1-300x168.png 300w, https:\/\/aircraftrecovery.com\/wp-content\/uploads\/AMS_Aircraft_Lifting_2013-1-1024x575.png 1024w, https:\/\/aircraftrecovery.com\/wp-content\/uploads\/AMS_Aircraft_Lifting_2013-1-768x431.png 768w, https:\/\/aircraftrecovery.com\/wp-content\/uploads\/AMS_Aircraft_Lifting_2013-1-1536x863.png 1536w, https:\/\/aircraftrecovery.com\/wp-content\/uploads\/AMS_Aircraft_Lifting_2013-1-18x10.png 18w\" sizes=\"(max-width: 1884px) 100vw, 1884px\" \/><\/div><\/a>\n\t\t\t\t<div class=\"elementor-post__badge\">R\u00e9cup\u00e9ration d'a\u00e9ronefs<\/div>\n\t\t\t\t<div class=\"elementor-post__text\">\n\t\t\t\t<h3 class=\"elementor-post__title\">\n\t\t\t<a href=\"https:\/\/aircraftrecovery.com\/fr\/aircraft-lifting-and-recovery-demonstration-by-ams\/\" >\n\t\t\t\tD\u00e9monstration de levage et de r\u00e9cup\u00e9ration d'a\u00e9ronefs par AMS\t\t\t<\/a>\n\t\t<\/h3>\n\t\t\t\t<div class=\"elementor-post__excerpt\">\n\t\t\t<p>Levage complet d'un avion avec coussins d'air et d\u00e9placement du transporteur sur un avion Trident 3 par AMS, sp\u00e9cialiste de la r\u00e9cup\u00e9ration d'avions. La vid\u00e9o montre la pr\u00e9paration<\/p>\n\t\t<\/div>\n\t\t\n\t\t<a class=\"elementor-post__read-more\" href=\"https:\/\/aircraftrecovery.com\/fr\/aircraft-lifting-and-recovery-demonstration-by-ams\/\" aria-label=\"En savoir plus sur D\u00e9monstration de levage et de r\u00e9cup\u00e9ration d&#039;a\u00e9ronefs par AMS\" tabindex=\"-1\" >\n\t\t\tLire plus \"\t\t<\/a>\n\n\t\t\t\t<\/div>\n\t\t\t\t\t<\/div>\n\t\t<\/article>\n\t\t\t\t<article class=\"elementor-post elementor-grid-item post-2849 post type-post status-publish format-standard has-post-thumbnail hentry category-aircraft-recovery category-aircraft-recovery-training category-video\" role=\"listitem\">\n\t\t\t<div class=\"elementor-post__card\">\n\t\t\t\t<a class=\"elementor-post__thumbnail__link\" href=\"https:\/\/aircraftrecovery.com\/fr\/aircraft-recovery-equipment-training-exercise-by-ams-specialists-in-aircraft-recovery-training-and-aircraft-recovery-equipment\/\" tabindex=\"-1\" ><div class=\"elementor-post__thumbnail\"><img loading=\"lazy\" decoding=\"async\" width=\"1480\" height=\"904\" src=\"https:\/\/aircraftrecovery.com\/wp-content\/uploads\/Screenshot-2023-01-08-at-4.13.14-PM.png\" class=\"attachment-full size-full wp-image-2854\" alt=\"Vid\u00e9o de formation \u00e0 la r\u00e9cup\u00e9ration d&#039;a\u00e9ronefs AMS\" srcset=\"https:\/\/aircraftrecovery.com\/wp-content\/uploads\/Screenshot-2023-01-08-at-4.13.14-PM.png 1480w, https:\/\/aircraftrecovery.com\/wp-content\/uploads\/Screenshot-2023-01-08-at-4.13.14-PM-300x183.png 300w, https:\/\/aircraftrecovery.com\/wp-content\/uploads\/Screenshot-2023-01-08-at-4.13.14-PM-1024x625.png 1024w, https:\/\/aircraftrecovery.com\/wp-content\/uploads\/Screenshot-2023-01-08-at-4.13.14-PM-768x469.png 768w, https:\/\/aircraftrecovery.com\/wp-content\/uploads\/Screenshot-2023-01-08-at-4.13.14-PM-18x12.png 18w\" sizes=\"(max-width: 1480px) 100vw, 1480px\" \/><\/div><\/a>\n\t\t\t\t<div class=\"elementor-post__badge\">R\u00e9cup\u00e9ration d'a\u00e9ronefs<\/div>\n\t\t\t\t<div class=\"elementor-post__text\">\n\t\t\t\t<h3 class=\"elementor-post__title\">\n\t\t\t<a href=\"https:\/\/aircraftrecovery.com\/fr\/aircraft-recovery-equipment-training-exercise-by-ams-specialists-in-aircraft-recovery-training-and-aircraft-recovery-equipment\/\" >\n\t\t\t\tFormation sur les \u00e9quipements de r\u00e9cup\u00e9ration par AMS\t\t\t<\/a>\n\t\t<\/h3>\n\t\t\t\t<div class=\"elementor-post__excerpt\">\n\t\t\t<p>La vid\u00e9o montre l'un des exercices pratiques dont b\u00e9n\u00e9ficient les \u00e9tudiants dans le centre de formation d\u00e9di\u00e9 d'AMS au Royaume-Uni. Dans cet exemple, les \u00e9tudiants d\u00e9ploient des airbags pour soulever le fuselage d'un B737 qui a \u00e9t\u00e9 configur\u00e9 pour repr\u00e9senter une d\u00e9faillance du train d'atterrissage avant. <\/p>\n\t\t<\/div>\n\t\t\n\t\t<a class=\"elementor-post__read-more\" href=\"https:\/\/aircraftrecovery.com\/fr\/aircraft-recovery-equipment-training-exercise-by-ams-specialists-in-aircraft-recovery-training-and-aircraft-recovery-equipment\/\" aria-label=\"En savoir plus sur Formation sur les \u00e9quipements de r\u00e9cup\u00e9ration par AMS\" tabindex=\"-1\" >\n\t\t\tLire plus \"\t\t<\/a>\n\n\t\t\t\t<\/div>\n\t\t\t\t\t<\/div>\n\t\t<\/article>\n\t\t\t\t<article class=\"elementor-post elementor-grid-item post-2461 post type-post status-publish format-standard has-post-thumbnail hentry category-aircraft-recovery category-commercial category-video\" role=\"listitem\">\n\t\t\t<div class=\"elementor-post__card\">\n\t\t\t\t<a class=\"elementor-post__thumbnail__link\" href=\"https:\/\/aircraftrecovery.com\/fr\/sledge-recovery-video\/\" tabindex=\"-1\" ><div class=\"elementor-post__thumbnail\"><img loading=\"lazy\" decoding=\"async\" width=\"2670\" height=\"1552\" src=\"https:\/\/aircraftrecovery.com\/wp-content\/uploads\/AMS-Sledge-Video.png\" class=\"attachment-full size-full wp-image-2491\" alt=\"Vid\u00e9o sur le syst\u00e8me AMS Sledge\" srcset=\"https:\/\/aircraftrecovery.com\/wp-content\/uploads\/AMS-Sledge-Video.png 2670w, https:\/\/aircraftrecovery.com\/wp-content\/uploads\/AMS-Sledge-Video-300x174.png 300w, https:\/\/aircraftrecovery.com\/wp-content\/uploads\/AMS-Sledge-Video-1024x595.png 1024w, https:\/\/aircraftrecovery.com\/wp-content\/uploads\/AMS-Sledge-Video-768x446.png 768w, https:\/\/aircraftrecovery.com\/wp-content\/uploads\/AMS-Sledge-Video-1536x893.png 1536w, https:\/\/aircraftrecovery.com\/wp-content\/uploads\/AMS-Sledge-Video-2048x1190.png 2048w, https:\/\/aircraftrecovery.com\/wp-content\/uploads\/AMS-Sledge-Video-18x10.png 18w\" sizes=\"(max-width: 2670px) 100vw, 2670px\" \/><\/div><\/a>\n\t\t\t\t<div class=\"elementor-post__badge\">R\u00e9cup\u00e9ration d'a\u00e9ronefs<\/div>\n\t\t\t\t<div class=\"elementor-post__text\">\n\t\t\t\t<h3 class=\"elementor-post__title\">\n\t\t\t<a href=\"https:\/\/aircraftrecovery.com\/fr\/sledge-recovery-video\/\" >\n\t\t\t\tSyst\u00e8me de d\u00e9placement de luge AMS pour la r\u00e9cup\u00e9ration d'a\u00e9ronefs\t\t\t<\/a>\n\t\t<\/h3>\n\t\t\t\t<div class=\"elementor-post__excerpt\">\n\t\t\t<p>Syst\u00e8me de mouvement du tra\u00eeneau d'AMS pour la r\u00e9cup\u00e9ration des avions Cette vid\u00e9o est pr\u00e9sent\u00e9e par Jerry Paluszek, ing\u00e9nieur principal en chef chez Boeing. Elle montre le syst\u00e8me de mouvement de tra\u00eeneau d'AMS<\/p>\n\t\t<\/div>\n\t\t\n\t\t<a class=\"elementor-post__read-more\" href=\"https:\/\/aircraftrecovery.com\/fr\/sledge-recovery-video\/\" aria-label=\"En savoir plus sur AMS Sledge Movement System for Aircraft Recovery (Syst\u00e8me de mouvement de luge pour la r\u00e9cup\u00e9ration d&#039;a\u00e9ronefs)\" tabindex=\"-1\" >\n\t\t\tLire plus \"\t\t<\/a>\n\n\t\t\t\t<\/div>\n\t\t\t\t\t<\/div>\n\t\t<\/article>\n\t\t\t\t<\/div>\n\t\t\n\t\t\t\t\t\t<\/div>\n\t\t\t\t<\/div>\n\t\t\t\t\t<\/div>\n\t\t<\/div>\n\t\t\t\t\t<\/div>\n\t\t<\/section>\n\t\t\t\t<\/div>","protected":false},"excerpt":{"rendered":"<p>Ressources vid\u00e9o sur la r\u00e9cup\u00e9ration des a\u00e9ronefs<\/p>","protected":false},"author":1,"featured_media":0,"parent":0,"menu_order":0,"comment_status":"closed","ping_status":"closed","template":"","meta":{"footnotes":""},"categories":[],"tags":[],"class_list":["post-2471","page","type-page","status-publish","hentry"],"yoast_head":"<!-- This site is optimized with the Yoast SEO Premium plugin v27.3 (Yoast SEO v27.3) - https:\/\/yoast.com\/product\/yoast-seo-premium-wordpress\/ -->\n<title>Video Resources - AMS Aircraft Recovery<\/title>\n<meta name=\"description\" content=\"Aircraft Recovery Video Resources from AMS Aircraft Recovery\" \/>\n<meta name=\"robots\" content=\"index, follow, max-snippet:-1, max-image-preview:large, max-video-preview:-1\" \/>\n<link rel=\"canonical\" href=\"https:\/\/aircraftrecovery.com\/fr\/video-resources\/\" \/>\n<meta property=\"og:locale\" content=\"fr_FR\" \/>\n<meta property=\"og:type\" content=\"article\" \/>\n<meta property=\"og:title\" content=\"Video Resources\" \/>\n<meta property=\"og:description\" content=\"Aircraft Recovery Video Resources from AMS Aircraft Recovery\" \/>\n<meta property=\"og:url\" content=\"https:\/\/aircraftrecovery.com\/fr\/video-resources\/\" \/>\n<meta property=\"og:site_name\" content=\"AMS Aircraft Recovery\" \/>\n<meta property=\"article:modified_time\" content=\"2024-10-16T18:42:57+00:00\" \/>\n<meta name=\"twitter:card\" content=\"summary_large_image\" \/>\n<meta name=\"twitter:label1\" content=\"Dur\u00e9e de lecture estim\u00e9e\" \/>\n\t<meta name=\"twitter:data1\" content=\"2 minutes\" \/>\n<script type=\"application\/ld+json\" class=\"yoast-schema-graph\">{\"@context\":\"https:\\\/\\\/schema.org\",\"@graph\":[{\"@type\":\"WebPage\",\"@id\":\"https:\\\/\\\/aircraftrecovery.com\\\/video-resources\\\/\",\"url\":\"https:\\\/\\\/aircraftrecovery.com\\\/video-resources\\\/\",\"name\":\"Video Resources - AMS Aircraft Recovery\",\"isPartOf\":{\"@id\":\"https:\\\/\\\/aircraftrecovery.com\\\/de\\\/#website\"},\"datePublished\":\"2022-10-23T00:28:54+00:00\",\"dateModified\":\"2024-10-16T18:42:57+00:00\",\"description\":\"Aircraft Recovery Video Resources from AMS Aircraft Recovery\",\"breadcrumb\":{\"@id\":\"https:\\\/\\\/aircraftrecovery.com\\\/video-resources\\\/#breadcrumb\"},\"inLanguage\":\"fr-FR\",\"potentialAction\":[{\"@type\":\"ReadAction\",\"target\":[\"https:\\\/\\\/aircraftrecovery.com\\\/video-resources\\\/\"]}]},{\"@type\":\"BreadcrumbList\",\"@id\":\"https:\\\/\\\/aircraftrecovery.com\\\/video-resources\\\/#breadcrumb\",\"itemListElement\":[{\"@type\":\"ListItem\",\"position\":1,\"name\":\"Home\",\"item\":\"https:\\\/\\\/aircraftrecovery.com\\\/\"},{\"@type\":\"ListItem\",\"position\":2,\"name\":\"Video Resources\"}]},{\"@type\":\"WebSite\",\"@id\":\"https:\\\/\\\/aircraftrecovery.com\\\/de\\\/#website\",\"url\":\"https:\\\/\\\/aircraftrecovery.com\\\/de\\\/\",\"name\":\"AMS Aircraft Recovery\",\"description\":\"LIFTING - TOWING - TRANSPORT - TRAINING\",\"publisher\":{\"@id\":\"https:\\\/\\\/aircraftrecovery.com\\\/de\\\/#organization\"},\"potentialAction\":[{\"@type\":\"SearchAction\",\"target\":{\"@type\":\"EntryPoint\",\"urlTemplate\":\"https:\\\/\\\/aircraftrecovery.com\\\/de\\\/?s={search_term_string}\"},\"query-input\":{\"@type\":\"PropertyValueSpecification\",\"valueRequired\":true,\"valueName\":\"search_term_string\"}}],\"inLanguage\":\"fr-FR\"},{\"@type\":\"Organization\",\"@id\":\"https:\\\/\\\/aircraftrecovery.com\\\/de\\\/#organization\",\"name\":\"AMS Aircraft Recovery\",\"alternateName\":\"AGE Logistics Corporation\",\"url\":\"https:\\\/\\\/aircraftrecovery.com\\\/de\\\/\",\"logo\":{\"@type\":\"ImageObject\",\"inLanguage\":\"fr-FR\",\"@id\":\"https:\\\/\\\/aircraftrecovery.com\\\/de\\\/#\\\/schema\\\/logo\\\/image\\\/\",\"url\":\"https:\\\/\\\/aircraftrecovery.com\\\/wp-content\\\/uploads\\\/cropped-AMS-icon-logo.png\",\"contentUrl\":\"https:\\\/\\\/aircraftrecovery.com\\\/wp-content\\\/uploads\\\/cropped-AMS-icon-logo.png\",\"width\":512,\"height\":512,\"caption\":\"AMS Aircraft Recovery\"},\"image\":{\"@id\":\"https:\\\/\\\/aircraftrecovery.com\\\/de\\\/#\\\/schema\\\/logo\\\/image\\\/\"},\"sameAs\":[\"https:\\\/\\\/www.linkedin.com\\\/company\\\/ams-aircraft-recovery\\\/\"]}]}<\/script>\n<!-- \/ Yoast SEO Premium plugin. -->","yoast_head_json":{"title":"Ressources vid\u00e9o - AMS Aircraft Recovery","description":"Ressources vid\u00e9o sur la r\u00e9cup\u00e9ration d'a\u00e9ronefs d'AMS Aircraft Recovery","robots":{"index":"index","follow":"follow","max-snippet":"max-snippet:-1","max-image-preview":"max-image-preview:large","max-video-preview":"max-video-preview:-1"},"canonical":"https:\/\/aircraftrecovery.com\/fr\/video-resources\/","og_locale":"fr_FR","og_type":"article","og_title":"Video Resources","og_description":"Aircraft Recovery Video Resources from AMS Aircraft Recovery","og_url":"https:\/\/aircraftrecovery.com\/fr\/video-resources\/","og_site_name":"AMS Aircraft Recovery","article_modified_time":"2024-10-16T18:42:57+00:00","twitter_card":"summary_large_image","twitter_misc":{"Dur\u00e9e de lecture estim\u00e9e":"2 minutes"},"schema":{"@context":"https:\/\/schema.org","@graph":[{"@type":"WebPage","@id":"https:\/\/aircraftrecovery.com\/video-resources\/","url":"https:\/\/aircraftrecovery.com\/video-resources\/","name":"Ressources vid\u00e9o - AMS Aircraft Recovery","isPartOf":{"@id":"https:\/\/aircraftrecovery.com\/de\/#website"},"datePublished":"2022-10-23T00:28:54+00:00","dateModified":"2024-10-16T18:42:57+00:00","description":"Ressources vid\u00e9o sur la r\u00e9cup\u00e9ration d'a\u00e9ronefs d'AMS Aircraft Recovery","breadcrumb":{"@id":"https:\/\/aircraftrecovery.com\/video-resources\/#breadcrumb"},"inLanguage":"fr-FR","potentialAction":[{"@type":"ReadAction","target":["https:\/\/aircraftrecovery.com\/video-resources\/"]}]},{"@type":"BreadcrumbList","@id":"https:\/\/aircraftrecovery.com\/video-resources\/#breadcrumb","itemListElement":[{"@type":"ListItem","position":1,"name":"Home","item":"https:\/\/aircraftrecovery.com\/"},{"@type":"ListItem","position":2,"name":"Video Resources"}]},{"@type":"WebSite","@id":"https:\/\/aircraftrecovery.com\/de\/#website","url":"https:\/\/aircraftrecovery.com\/de\/","name":"AMS R\u00e9cup\u00e9ration d'a\u00e9ronefs","description":"LEVAGE - REMORQUAGE - TRANSPORT - FORMATION","publisher":{"@id":"https:\/\/aircraftrecovery.com\/de\/#organization"},"potentialAction":[{"@type":"SearchAction","target":{"@type":"EntryPoint","urlTemplate":"https:\/\/aircraftrecovery.com\/de\/?s={search_term_string}"},"query-input":{"@type":"PropertyValueSpecification","valueRequired":true,"valueName":"search_term_string"}}],"inLanguage":"fr-FR"},{"@type":"Organization","@id":"https:\/\/aircraftrecovery.com\/de\/#organization","name":"AMS R\u00e9cup\u00e9ration d'a\u00e9ronefs","alternateName":"AGE Logistics Corporation","url":"https:\/\/aircraftrecovery.com\/de\/","logo":{"@type":"ImageObject","inLanguage":"fr-FR","@id":"https:\/\/aircraftrecovery.com\/de\/#\/schema\/logo\/image\/","url":"https:\/\/aircraftrecovery.com\/wp-content\/uploads\/cropped-AMS-icon-logo.png","contentUrl":"https:\/\/aircraftrecovery.com\/wp-content\/uploads\/cropped-AMS-icon-logo.png","width":512,"height":512,"caption":"AMS Aircraft Recovery"},"image":{"@id":"https:\/\/aircraftrecovery.com\/de\/#\/schema\/logo\/image\/"},"sameAs":["https:\/\/www.linkedin.com\/company\/ams-aircraft-recovery\/"]}]}},"_links":{"self":[{"href":"https:\/\/aircraftrecovery.com\/fr\/wp-json\/wp\/v2\/pages\/2471","targetHints":{"allow":["GET"]}}],"collection":[{"href":"https:\/\/aircraftrecovery.com\/fr\/wp-json\/wp\/v2\/pages"}],"about":[{"href":"https:\/\/aircraftrecovery.com\/fr\/wp-json\/wp\/v2\/types\/page"}],"author":[{"embeddable":true,"href":"https:\/\/aircraftrecovery.com\/fr\/wp-json\/wp\/v2\/users\/1"}],"replies":[{"embeddable":true,"href":"https:\/\/aircraftrecovery.com\/fr\/wp-json\/wp\/v2\/comments?post=2471"}],"version-history":[{"count":10,"href":"https:\/\/aircraftrecovery.com\/fr\/wp-json\/wp\/v2\/pages\/2471\/revisions"}],"predecessor-version":[{"id":4654,"href":"https:\/\/aircraftrecovery.com\/fr\/wp-json\/wp\/v2\/pages\/2471\/revisions\/4654"}],"wp:attachment":[{"href":"https:\/\/aircraftrecovery.com\/fr\/wp-json\/wp\/v2\/media?parent=2471"}],"wp:term":[{"taxonomy":"category","embeddable":true,"href":"https:\/\/aircraftrecovery.com\/fr\/wp-json\/wp\/v2\/categories?post=2471"},{"taxonomy":"post_tag","embeddable":true,"href":"https:\/\/aircraftrecovery.com\/fr\/wp-json\/wp\/v2\/tags?post=2471"}],"curies":[{"name":"wp","href":"https:\/\/api.w.org\/{rel}","templated":true}]}}