{"id":2644,"date":"2022-10-24T03:33:30","date_gmt":"2022-10-24T03:33:30","guid":{"rendered":"https:\/\/aircraftrecovery.com\/?page_id=2644"},"modified":"2026-02-17T14:42:08","modified_gmt":"2026-02-17T22:42:08","slug":"about-ams-aircraft-recovery","status":"publish","type":"page","link":"https:\/\/aircraftrecovery.com\/fr\/about-ams-aircraft-recovery\/","title":{"rendered":"\u00c0 propos de"},"content":{"rendered":"<div data-elementor-type=\"wp-page\" data-elementor-id=\"2644\" class=\"elementor elementor-2644\" data-elementor-post-type=\"page\">\n\t\t\t\t\t\t<section class=\"elementor-section elementor-top-section elementor-element elementor-element-b302906 elementor-section-boxed elementor-section-height-default elementor-section-height-default\" data-id=\"b302906\" data-element_type=\"section\" data-e-type=\"section\">\n\t\t\t\t\t\t<div class=\"elementor-container elementor-column-gap-default\">\n\t\t\t\t\t<div class=\"elementor-column elementor-col-100 elementor-top-column elementor-element elementor-element-e5cb2f5\" data-id=\"e5cb2f5\" data-element_type=\"column\" data-e-type=\"column\">\n\t\t\t<div class=\"elementor-widget-wrap elementor-element-populated\">\n\t\t\t\t\t\t<div class=\"elementor-element elementor-element-d797e3d elementor-widget elementor-widget-spacer\" data-id=\"d797e3d\" data-element_type=\"widget\" data-e-type=\"widget\" data-widget_type=\"spacer.default\">\n\t\t\t\t<div class=\"elementor-widget-container\">\n\t\t\t\t\t\t\t<div class=\"elementor-spacer\">\n\t\t\t<div class=\"elementor-spacer-inner\"><\/div>\n\t\t<\/div>\n\t\t\t\t\t\t<\/div>\n\t\t\t\t<\/div>\n\t\t\t\t<div class=\"elementor-element elementor-element-1003f83 elementor-widget elementor-widget-heading\" data-id=\"1003f83\" data-element_type=\"widget\" data-e-type=\"widget\" data-widget_type=\"heading.default\">\n\t\t\t\t<div class=\"elementor-widget-container\">\n\t\t\t\t\t<h2 class=\"elementor-heading-title elementor-size-default\">\u00c0 propos d'AMS Aircraft Recovery<\/h2>\t\t\t\t<\/div>\n\t\t\t\t<\/div>\n\t\t\t\t<div class=\"elementor-element elementor-element-835465e elementor-widget elementor-widget-text-editor\" data-id=\"835465e\" data-element_type=\"widget\" data-e-type=\"widget\" data-widget_type=\"text-editor.default\">\n\t\t\t\t<div class=\"elementor-widget-container\">\n\t\t\t\t\t\t\t\t\t<p><span style=\"font-weight: 400;\">Depuis sa cr\u00e9ation en 1988, AMS a servi la communaut\u00e9 a\u00e9ronautique mondiale en proposant des solutions innovantes et robustes aux incidents et sc\u00e9narios de r\u00e9cup\u00e9ration d'avions accident\u00e9s.\u00a0<\/span><\/p><p><span style=\"font-weight: 400;\">Au fil des ans, nous sommes devenus le premier fournisseur d'\u00e9quipements de r\u00e9cup\u00e9ration d'a\u00e9ronefs accident\u00e9s et hors d'usage (CDDAR) pour l'arm\u00e9e et un fournisseur-partenaire de confiance pour les a\u00e9roports commerciaux et les compagnies a\u00e9riennes du monde entier.<\/span><\/p><p><span style=\"font-weight: 400;\">Tout au long de nos ann\u00e9es d'activit\u00e9, nous avons \u00e9t\u00e9 guid\u00e9s par nos principes :<\/span><\/p><ul><li><span style=\"font-weight: 400;\">S'engager avec honn\u00eatet\u00e9 et int\u00e9grit\u00e9 aupr\u00e8s de nos clients et, ensemble, parvenir \u00e0 des solutions qui soient techniquement solides, s\u00fbres pour le personnel et d'une valeur exceptionnelle.<\/span><\/li><li style=\"font-weight: 400;\" aria-level=\"1\"><span style=\"font-weight: 400;\">Respecter \u00e0 tout moment les normes de s\u00e9curit\u00e9 et les normes techniques, y compris les manuels et documents de r\u00e9cup\u00e9ration des a\u00e9ronefs (ARM\/ARD) fournis par les avionneurs.<\/span><\/li><li style=\"font-weight: 400;\" aria-level=\"1\"><span style=\"font-weight: 400;\">Soutenir nos \u00e9quipements avec un support technique de classe mondiale.<\/span><\/li><li style=\"font-weight: 400;\" aria-level=\"1\"><span style=\"font-weight: 400;\">Soutenir nos clients par des formations en classe et des formations pratiques dans notre centre de formation au Royaume-Uni et sur les sites des clients dans le monde entier.<\/span><\/li><li style=\"font-weight: 400;\" aria-level=\"1\"><span style=\"font-weight: 400;\">Innover et d\u00e9velopper de nouvelles m\u00e9thodes et de nouveaux outils de r\u00e9cup\u00e9ration des a\u00e9ronefs afin de satisfaire et de d\u00e9passer les exigences d'un environnement a\u00e9ronautique en mutation.<\/span><\/li><\/ul><p><br \/>En 2020, nous avons fusionn\u00e9 avec AGE Logistics Corp, le principal fournisseur d'\u00e9quipements CDDAR \u00e0 l'arm\u00e9e am\u00e9ricaine et aux forces a\u00e9riennes des alli\u00e9s du monde entier. En tant que soci\u00e9t\u00e9 unique, nous sommes heureux de vous servir \u00e0 partir de nos sites aux \u00c9tats-Unis et au Royaume-Uni, ainsi que par le biais de notre r\u00e9seau de distributeurs et d'agents dans le monde entier.<\/p>\t\t\t\t\t\t\t\t<\/div>\n\t\t\t\t<\/div>\n\t\t\t\t<div class=\"elementor-element elementor-element-5e12117 elementor-widget elementor-widget-premium-addon-person\" data-id=\"5e12117\" data-element_type=\"widget\" data-e-type=\"widget\" data-settings=\"{&quot;persons_per_row&quot;:&quot;25%&quot;,&quot;persons_per_row_tablet&quot;:&quot;100%&quot;,&quot;persons_per_row_mobile&quot;:&quot;100%&quot;}\" data-widget_type=\"premium-addon-person.default\">\n\t\t\t\t<div class=\"elementor-widget-container\">\n\t\t\t\t\t\t\t<div class=\"premium-persons-container premium-person-style2 multiple-persons\" data-persons-equal=\"yes\">\n\t\t\t\t\t\t\t\t<div class=\"premium-person-container premium-person-zoomin-effect\">\n\t\t\t\t\t\t<div class=\"premium-person-image-container\">\n\t\t\t\t\t\t<img fetchpriority=\"high\" decoding=\"async\" width=\"300\" height=\"300\" src=\"https:\/\/aircraftrecovery.com\/wp-content\/uploads\/Jim-Sameth-Photo-300x300.jpg\" class=\"attachment-medium size-medium wp-image-2392\" alt=\"\" srcset=\"https:\/\/aircraftrecovery.com\/wp-content\/uploads\/Jim-Sameth-Photo-300x300.jpg 300w, https:\/\/aircraftrecovery.com\/wp-content\/uploads\/Jim-Sameth-Photo-150x150.jpg 150w, https:\/\/aircraftrecovery.com\/wp-content\/uploads\/Jim-Sameth-Photo-12x12.jpg 12w, https:\/\/aircraftrecovery.com\/wp-content\/uploads\/Jim-Sameth-Photo.jpg 361w\" sizes=\"(max-width: 300px) 100vw, 300px\" \/>\t\t\t\t\t\t\t\t\t\t\t\t\t<\/div>\n\t\t\t\t\t\t<div class=\"premium-person-info\">\n\t\t\t\t\t\t\t\t\t\t<div class=\"premium-person-info-container\">\n\t\t\t\t\t\t\t\t\t<h2 class=\"premium-person-name\">JAMES SAMETH<\/h2>\n\t\t\t\t\t\t\t\t\t\t\t<h4 class=\"premium-person-title\">\n\t\t\t\t\t\t\t<span>Pr\u00e9sident<\/span>\n\t\t\t\t\t\t<\/h4>\n\t\t\t\t\t\t\t\t<\/div>\n\t\t\t\t\t\t\t\t\t<\/div>\n\t\t\t\t\t<\/div>\n\t\t\t\t\t\t\t\t\t\t<div class=\"premium-person-container premium-person-zoomin-effect\">\n\t\t\t\t\t\t<div class=\"premium-person-image-container\">\n\t\t\t\t\t\t<img decoding=\"async\" width=\"300\" height=\"293\" src=\"https:\/\/aircraftrecovery.com\/wp-content\/uploads\/Yudie-Fishman-Photo-300x293.jpg\" class=\"attachment-medium size-medium wp-image-2399\" alt=\"Yudie Fishman AMS \/ AGE Logistics\" srcset=\"https:\/\/aircraftrecovery.com\/wp-content\/uploads\/Yudie-Fishman-Photo-300x293.jpg 300w, https:\/\/aircraftrecovery.com\/wp-content\/uploads\/Yudie-Fishman-Photo-1024x999.jpg 1024w, https:\/\/aircraftrecovery.com\/wp-content\/uploads\/Yudie-Fishman-Photo-768x749.jpg 768w, https:\/\/aircraftrecovery.com\/wp-content\/uploads\/Yudie-Fishman-Photo-1536x1499.jpg 1536w, https:\/\/aircraftrecovery.com\/wp-content\/uploads\/Yudie-Fishman-Photo-2048x1998.jpg 2048w, https:\/\/aircraftrecovery.com\/wp-content\/uploads\/Yudie-Fishman-Photo-12x12.jpg 12w\" sizes=\"(max-width: 300px) 100vw, 300px\" \/>\t\t\t\t\t\t\t\t\t\t\t\t\t\t\t<div class=\"premium-person-social\">\n\t\t\t\t\t\t\t\t\t<ul class=\"premium-person-social-list\"><\/ul>\t\t\t\t\t\t\t\t<\/div>\n\t\t\t\t\t\t\t\t\t\t\t\t\t<\/div>\n\t\t\t\t\t\t<div class=\"premium-person-info\">\n\t\t\t\t\t\t\t\t\t\t<div class=\"premium-person-info-container\">\n\t\t\t\t\t\t\t\t\t<h2 class=\"premium-person-name\">YUDIE FISHMAN<\/h2>\n\t\t\t\t\t\t\t\t\t\t\t<h4 class=\"premium-person-title\">\n\t\t\t\t\t\t\t<span>Directeur g\u00e9n\u00e9ral<\/span>\n\t\t\t\t\t\t<\/h4>\n\t\t\t\t\t\t\t\t<\/div>\n\t\t\t\t\t\t\t\t\t<\/div>\n\t\t\t\t\t<\/div>\n\t\t\t\t\t\t\t\t\t\t<div class=\"premium-person-container premium-person-zoomin-effect\">\n\t\t\t\t\t\t<div class=\"premium-person-image-container\">\n\t\t\t\t\t\t<img decoding=\"async\" width=\"300\" height=\"300\" src=\"https:\/\/aircraftrecovery.com\/wp-content\/uploads\/Mark_Knight-300x300.jpg\" class=\"attachment-medium size-medium wp-image-2735\" alt=\"Photo de Mark Knight AMS Aircraft Recovery\" srcset=\"https:\/\/aircraftrecovery.com\/wp-content\/uploads\/Mark_Knight-300x300.jpg 300w, https:\/\/aircraftrecovery.com\/wp-content\/uploads\/Mark_Knight-150x150.jpg 150w, https:\/\/aircraftrecovery.com\/wp-content\/uploads\/Mark_Knight-768x767.jpg 768w, https:\/\/aircraftrecovery.com\/wp-content\/uploads\/Mark_Knight-12x12.jpg 12w, https:\/\/aircraftrecovery.com\/wp-content\/uploads\/Mark_Knight.jpg 1024w\" sizes=\"(max-width: 300px) 100vw, 300px\" \/>\t\t\t\t\t\t\t\t\t\t\t\t\t<\/div>\n\t\t\t\t\t\t<div class=\"premium-person-info\">\n\t\t\t\t\t\t\t\t\t\t<div class=\"premium-person-info-container\">\n\t\t\t\t\t\t\t\t\t<h2 class=\"premium-person-name\">MARK KNIGHT<\/h2>\n\t\t\t\t\t\t\t\t\t\t\t<h4 class=\"premium-person-title\">\n\t\t\t\t\t\t\t<span>Directeur technique<\/span>\n\t\t\t\t\t\t<\/h4>\n\t\t\t\t\t\t\t\t<\/div>\n\t\t\t\t\t\t\t\t\t<\/div>\n\t\t\t\t\t<\/div>\n\t\t\t\t\t\t\t\t\t\t<div class=\"premium-person-container premium-person-zoomin-effect\">\n\t\t\t\t\t\t<div class=\"premium-person-image-container\">\n\t\t\t\t\t\t<img loading=\"lazy\" decoding=\"async\" width=\"300\" height=\"300\" src=\"https:\/\/aircraftrecovery.com\/wp-content\/uploads\/Paul-Yder-Profile-Picture-1-300x300.jpg\" class=\"attachment-medium size-medium wp-image-2378\" alt=\"\" srcset=\"https:\/\/aircraftrecovery.com\/wp-content\/uploads\/Paul-Yder-Profile-Picture-1-300x300.jpg 300w, https:\/\/aircraftrecovery.com\/wp-content\/uploads\/Paul-Yder-Profile-Picture-1-1024x1024.jpg 1024w, https:\/\/aircraftrecovery.com\/wp-content\/uploads\/Paul-Yder-Profile-Picture-1-150x150.jpg 150w, https:\/\/aircraftrecovery.com\/wp-content\/uploads\/Paul-Yder-Profile-Picture-1-768x769.jpg 768w, https:\/\/aircraftrecovery.com\/wp-content\/uploads\/Paul-Yder-Profile-Picture-1-12x12.jpg 12w, https:\/\/aircraftrecovery.com\/wp-content\/uploads\/Paul-Yder-Profile-Picture-1.jpg 1395w\" sizes=\"(max-width: 300px) 100vw, 300px\" \/>\t\t\t\t\t\t\t\t\t\t\t\t\t<\/div>\n\t\t\t\t\t\t<div class=\"premium-person-info\">\n\t\t\t\t\t\t\t\t\t\t<div class=\"premium-person-info-container\">\n\t\t\t\t\t\t\t\t\t<h2 class=\"premium-person-name\">PAUL RYDER<\/h2>\n\t\t\t\t\t\t\t\t\t\t\t<h4 class=\"premium-person-title\">\n\t\t\t\t\t\t\t<span>Directeur des ventes<\/span>\n\t\t\t\t\t\t<\/h4>\n\t\t\t\t\t\t\t\t<\/div>\n\t\t\t\t\t\t\t\t\t<\/div>\n\t\t\t\t\t<\/div>\n\t\t\t\t\t\t\t<\/div>\n\t\t\t\t\t\t<\/div>\n\t\t\t\t<\/div>\n\t\t\t\t<div class=\"elementor-element elementor-element-1a0b709 elementor-widget elementor-widget-spacer\" data-id=\"1a0b709\" data-element_type=\"widget\" data-e-type=\"widget\" data-widget_type=\"spacer.default\">\n\t\t\t\t<div class=\"elementor-widget-container\">\n\t\t\t\t\t\t\t<div class=\"elementor-spacer\">\n\t\t\t<div class=\"elementor-spacer-inner\"><\/div>\n\t\t<\/div>\n\t\t\t\t\t\t<\/div>\n\t\t\t\t<\/div>\n\t\t\t\t\t<\/div>\n\t\t<\/div>\n\t\t\t\t\t<\/div>\n\t\t<\/section>\n\t\t\t\t<section class=\"elementor-section elementor-top-section elementor-element elementor-element-d872e03 elementor-section-boxed elementor-section-height-default elementor-section-height-default\" data-id=\"d872e03\" data-element_type=\"section\" data-e-type=\"section\">\n\t\t\t\t\t\t<div class=\"elementor-container elementor-column-gap-default\">\n\t\t\t\t\t<div class=\"elementor-column elementor-col-100 elementor-top-column elementor-element elementor-element-e2313b1\" data-id=\"e2313b1\" data-element_type=\"column\" data-e-type=\"column\">\n\t\t\t<div class=\"elementor-widget-wrap elementor-element-populated\">\n\t\t\t\t\t\t<div class=\"elementor-element elementor-element-7273029 elementor-widget elementor-widget-text-editor\" data-id=\"7273029\" data-element_type=\"widget\" data-e-type=\"widget\" data-widget_type=\"text-editor.default\">\n\t\t\t\t<div class=\"elementor-widget-container\">\n\t\t\t\t\t\t\t\t\t<h3><span style=\"color: #022368;\">Normes de qualit\u00e9 chez AMS Aircraft Recovery Limited<\/span><\/h3><p>Chez AMS Aircraft Recovery Limited, nous nous engageons \u00e0 atteindre l'excellence dans la conception, le d\u00e9veloppement et la fourniture de solutions de r\u00e9cup\u00e9ration d'a\u00e9ronefs sur mesure. Notre engagement \u00e0 maintenir les normes industrielles les plus \u00e9lev\u00e9es est soutenu par notre certification ISO 9001:2015, qui valide notre solide syst\u00e8me de gestion de la qualit\u00e9.<br \/><br \/>Nos activit\u00e9s sont \u00e9valu\u00e9es par un organisme de certification accr\u00e9dit\u00e9 par l'UKAS afin de garantir que nos processus de qualit\u00e9 r\u00e9pondent \u00e0 des crit\u00e8res internationaux rigoureux. Le certificat est disponible sur demande.<\/p>\t\t\t\t\t\t\t\t<\/div>\n\t\t\t\t<\/div>\n\t\t\t\t\t<\/div>\n\t\t<\/div>\n\t\t\t\t\t<\/div>\n\t\t<\/section>\n\t\t\t\t<\/div>","protected":false},"excerpt":{"rendered":"<p>About AMS Aircraft Recovery Since our founding in 1988, AMS has served the Worldwide Aviation Community with innovative and robust solutions to Aircraft Crash Recovery Incidents and Scenarios.\u00a0 Over the years, we have become the leading supplier of Crash Damaged &amp; Disabled Aircraft Recovery (CDDAR) equipment to the military and a trusted supplier-partner to commercial [&hellip;]<\/p>\n","protected":false},"author":1,"featured_media":2729,"parent":0,"menu_order":0,"comment_status":"closed","ping_status":"closed","template":"","meta":{"footnotes":""},"categories":[],"tags":[],"class_list":["post-2644","page","type-page","status-publish","has-post-thumbnail","hentry"],"yoast_head":"<!-- This site is optimized with the Yoast SEO Premium plugin v27.4 (Yoast SEO v27.4) - https:\/\/yoast.com\/product\/yoast-seo-premium-wordpress\/ -->\n<title>About - AMS Aircraft Recovery<\/title>\n<meta name=\"description\" content=\"Since our founding in 1988, AMS has served the Worldwide Aviation Community with innovative and robust solutions to Aircraft Crash Recovery Incidents and Scenarios.\" \/>\n<meta name=\"robots\" content=\"index, follow, max-snippet:-1, max-image-preview:large, max-video-preview:-1\" \/>\n<link rel=\"canonical\" href=\"https:\/\/aircraftrecovery.com\/fr\/about-ams-aircraft-recovery\/\" \/>\n<meta property=\"og:locale\" content=\"fr_FR\" \/>\n<meta property=\"og:type\" content=\"article\" \/>\n<meta property=\"og:title\" content=\"About\" \/>\n<meta property=\"og:description\" content=\"Since our founding in 1988, AMS has served the Worldwide Aviation Community with innovative and robust solutions to Aircraft Crash Recovery Incidents and Scenarios.\" \/>\n<meta property=\"og:url\" content=\"https:\/\/aircraftrecovery.com\/fr\/about-ams-aircraft-recovery\/\" \/>\n<meta property=\"og:site_name\" content=\"AMS Aircraft Recovery\" \/>\n<meta property=\"article:modified_time\" content=\"2026-02-17T22:42:08+00:00\" \/>\n<meta property=\"og:image\" content=\"https:\/\/aircraftrecovery.com\/wp-content\/uploads\/cropped-AMS-icon-logo.png\" \/>\n\t<meta property=\"og:image:width\" content=\"512\" \/>\n\t<meta property=\"og:image:height\" content=\"512\" \/>\n\t<meta property=\"og:image:type\" content=\"image\/png\" \/>\n<meta name=\"twitter:card\" content=\"summary_large_image\" \/>\n<meta name=\"twitter:label1\" content=\"Dur\u00e9e de lecture estim\u00e9e\" \/>\n\t<meta name=\"twitter:data1\" content=\"3 minutes\" \/>\n<script type=\"application\/ld+json\" class=\"yoast-schema-graph\">{\"@context\":\"https:\\\/\\\/schema.org\",\"@graph\":[{\"@type\":\"WebPage\",\"@id\":\"https:\\\/\\\/aircraftrecovery.com\\\/about-ams-aircraft-recovery\\\/\",\"url\":\"https:\\\/\\\/aircraftrecovery.com\\\/about-ams-aircraft-recovery\\\/\",\"name\":\"About - AMS Aircraft Recovery\",\"isPartOf\":{\"@id\":\"https:\\\/\\\/aircraftrecovery.com\\\/de\\\/#website\"},\"primaryImageOfPage\":{\"@id\":\"https:\\\/\\\/aircraftrecovery.com\\\/about-ams-aircraft-recovery\\\/#primaryimage\"},\"image\":{\"@id\":\"https:\\\/\\\/aircraftrecovery.com\\\/about-ams-aircraft-recovery\\\/#primaryimage\"},\"thumbnailUrl\":\"https:\\\/\\\/aircraftrecovery.com\\\/wp-content\\\/uploads\\\/cropped-AMS-icon-logo.png\",\"datePublished\":\"2022-10-24T03:33:30+00:00\",\"dateModified\":\"2026-02-17T22:42:08+00:00\",\"description\":\"Since our founding in 1988, AMS has served the Worldwide Aviation Community with innovative and robust solutions to Aircraft Crash Recovery Incidents and Scenarios.\",\"breadcrumb\":{\"@id\":\"https:\\\/\\\/aircraftrecovery.com\\\/about-ams-aircraft-recovery\\\/#breadcrumb\"},\"inLanguage\":\"fr-FR\",\"potentialAction\":[{\"@type\":\"ReadAction\",\"target\":[\"https:\\\/\\\/aircraftrecovery.com\\\/about-ams-aircraft-recovery\\\/\"]}]},{\"@type\":\"ImageObject\",\"inLanguage\":\"fr-FR\",\"@id\":\"https:\\\/\\\/aircraftrecovery.com\\\/about-ams-aircraft-recovery\\\/#primaryimage\",\"url\":\"https:\\\/\\\/aircraftrecovery.com\\\/wp-content\\\/uploads\\\/cropped-AMS-icon-logo.png\",\"contentUrl\":\"https:\\\/\\\/aircraftrecovery.com\\\/wp-content\\\/uploads\\\/cropped-AMS-icon-logo.png\",\"width\":512,\"height\":512},{\"@type\":\"BreadcrumbList\",\"@id\":\"https:\\\/\\\/aircraftrecovery.com\\\/about-ams-aircraft-recovery\\\/#breadcrumb\",\"itemListElement\":[{\"@type\":\"ListItem\",\"position\":1,\"name\":\"Home\",\"item\":\"https:\\\/\\\/aircraftrecovery.com\\\/\"},{\"@type\":\"ListItem\",\"position\":2,\"name\":\"About\"}]},{\"@type\":\"WebSite\",\"@id\":\"https:\\\/\\\/aircraftrecovery.com\\\/de\\\/#website\",\"url\":\"https:\\\/\\\/aircraftrecovery.com\\\/de\\\/\",\"name\":\"AMS Aircraft Recovery\",\"description\":\"LIFTING - TOWING - TRANSPORT - TRAINING\",\"publisher\":{\"@id\":\"https:\\\/\\\/aircraftrecovery.com\\\/de\\\/#organization\"},\"potentialAction\":[{\"@type\":\"SearchAction\",\"target\":{\"@type\":\"EntryPoint\",\"urlTemplate\":\"https:\\\/\\\/aircraftrecovery.com\\\/de\\\/?s={search_term_string}\"},\"query-input\":{\"@type\":\"PropertyValueSpecification\",\"valueRequired\":true,\"valueName\":\"search_term_string\"}}],\"inLanguage\":\"fr-FR\"},{\"@type\":\"Organization\",\"@id\":\"https:\\\/\\\/aircraftrecovery.com\\\/de\\\/#organization\",\"name\":\"AMS Aircraft Recovery\",\"alternateName\":\"AGE Logistics Corporation\",\"url\":\"https:\\\/\\\/aircraftrecovery.com\\\/de\\\/\",\"logo\":{\"@type\":\"ImageObject\",\"inLanguage\":\"fr-FR\",\"@id\":\"https:\\\/\\\/aircraftrecovery.com\\\/de\\\/#\\\/schema\\\/logo\\\/image\\\/\",\"url\":\"https:\\\/\\\/aircraftrecovery.com\\\/wp-content\\\/uploads\\\/cropped-AMS-icon-logo.png\",\"contentUrl\":\"https:\\\/\\\/aircraftrecovery.com\\\/wp-content\\\/uploads\\\/cropped-AMS-icon-logo.png\",\"width\":512,\"height\":512,\"caption\":\"AMS Aircraft Recovery\"},\"image\":{\"@id\":\"https:\\\/\\\/aircraftrecovery.com\\\/de\\\/#\\\/schema\\\/logo\\\/image\\\/\"},\"sameAs\":[\"https:\\\/\\\/www.linkedin.com\\\/company\\\/ams-aircraft-recovery\\\/\"]}]}<\/script>\n<!-- \/ Yoast SEO Premium plugin. -->","yoast_head_json":{"title":"\u00c0 propos - AMS Aircraft Recovery","description":"Depuis sa cr\u00e9ation en 1988, AMS a servi la communaut\u00e9 a\u00e9ronautique mondiale en proposant des solutions innovantes et robustes aux incidents et sc\u00e9narios de r\u00e9cup\u00e9ration d'avions accident\u00e9s.","robots":{"index":"index","follow":"follow","max-snippet":"max-snippet:-1","max-image-preview":"max-image-preview:large","max-video-preview":"max-video-preview:-1"},"canonical":"https:\/\/aircraftrecovery.com\/fr\/about-ams-aircraft-recovery\/","og_locale":"fr_FR","og_type":"article","og_title":"About","og_description":"Since our founding in 1988, AMS has served the Worldwide Aviation Community with innovative and robust solutions to Aircraft Crash Recovery Incidents and Scenarios.","og_url":"https:\/\/aircraftrecovery.com\/fr\/about-ams-aircraft-recovery\/","og_site_name":"AMS Aircraft Recovery","article_modified_time":"2026-02-17T22:42:08+00:00","og_image":[{"width":512,"height":512,"url":"https:\/\/aircraftrecovery.com\/wp-content\/uploads\/cropped-AMS-icon-logo.png","type":"image\/png"}],"twitter_card":"summary_large_image","twitter_misc":{"Dur\u00e9e de lecture estim\u00e9e":"3 minutes"},"schema":{"@context":"https:\/\/schema.org","@graph":[{"@type":"WebPage","@id":"https:\/\/aircraftrecovery.com\/about-ams-aircraft-recovery\/","url":"https:\/\/aircraftrecovery.com\/about-ams-aircraft-recovery\/","name":"\u00c0 propos - AMS Aircraft Recovery","isPartOf":{"@id":"https:\/\/aircraftrecovery.com\/de\/#website"},"primaryImageOfPage":{"@id":"https:\/\/aircraftrecovery.com\/about-ams-aircraft-recovery\/#primaryimage"},"image":{"@id":"https:\/\/aircraftrecovery.com\/about-ams-aircraft-recovery\/#primaryimage"},"thumbnailUrl":"https:\/\/aircraftrecovery.com\/wp-content\/uploads\/cropped-AMS-icon-logo.png","datePublished":"2022-10-24T03:33:30+00:00","dateModified":"2026-02-17T22:42:08+00:00","description":"Depuis sa cr\u00e9ation en 1988, AMS a servi la communaut\u00e9 a\u00e9ronautique mondiale en proposant des solutions innovantes et robustes aux incidents et sc\u00e9narios de r\u00e9cup\u00e9ration d'avions accident\u00e9s.","breadcrumb":{"@id":"https:\/\/aircraftrecovery.com\/about-ams-aircraft-recovery\/#breadcrumb"},"inLanguage":"fr-FR","potentialAction":[{"@type":"ReadAction","target":["https:\/\/aircraftrecovery.com\/about-ams-aircraft-recovery\/"]}]},{"@type":"ImageObject","inLanguage":"fr-FR","@id":"https:\/\/aircraftrecovery.com\/about-ams-aircraft-recovery\/#primaryimage","url":"https:\/\/aircraftrecovery.com\/wp-content\/uploads\/cropped-AMS-icon-logo.png","contentUrl":"https:\/\/aircraftrecovery.com\/wp-content\/uploads\/cropped-AMS-icon-logo.png","width":512,"height":512},{"@type":"BreadcrumbList","@id":"https:\/\/aircraftrecovery.com\/about-ams-aircraft-recovery\/#breadcrumb","itemListElement":[{"@type":"ListItem","position":1,"name":"Home","item":"https:\/\/aircraftrecovery.com\/"},{"@type":"ListItem","position":2,"name":"About"}]},{"@type":"WebSite","@id":"https:\/\/aircraftrecovery.com\/de\/#website","url":"https:\/\/aircraftrecovery.com\/de\/","name":"AMS R\u00e9cup\u00e9ration d'a\u00e9ronefs","description":"LEVAGE - REMORQUAGE - TRANSPORT - FORMATION","publisher":{"@id":"https:\/\/aircraftrecovery.com\/de\/#organization"},"potentialAction":[{"@type":"SearchAction","target":{"@type":"EntryPoint","urlTemplate":"https:\/\/aircraftrecovery.com\/de\/?s={search_term_string}"},"query-input":{"@type":"PropertyValueSpecification","valueRequired":true,"valueName":"search_term_string"}}],"inLanguage":"fr-FR"},{"@type":"Organization","@id":"https:\/\/aircraftrecovery.com\/de\/#organization","name":"AMS R\u00e9cup\u00e9ration d'a\u00e9ronefs","alternateName":"AGE Logistics Corporation","url":"https:\/\/aircraftrecovery.com\/de\/","logo":{"@type":"ImageObject","inLanguage":"fr-FR","@id":"https:\/\/aircraftrecovery.com\/de\/#\/schema\/logo\/image\/","url":"https:\/\/aircraftrecovery.com\/wp-content\/uploads\/cropped-AMS-icon-logo.png","contentUrl":"https:\/\/aircraftrecovery.com\/wp-content\/uploads\/cropped-AMS-icon-logo.png","width":512,"height":512,"caption":"AMS Aircraft Recovery"},"image":{"@id":"https:\/\/aircraftrecovery.com\/de\/#\/schema\/logo\/image\/"},"sameAs":["https:\/\/www.linkedin.com\/company\/ams-aircraft-recovery\/"]}]}},"_links":{"self":[{"href":"https:\/\/aircraftrecovery.com\/fr\/wp-json\/wp\/v2\/pages\/2644","targetHints":{"allow":["GET"]}}],"collection":[{"href":"https:\/\/aircraftrecovery.com\/fr\/wp-json\/wp\/v2\/pages"}],"about":[{"href":"https:\/\/aircraftrecovery.com\/fr\/wp-json\/wp\/v2\/types\/page"}],"author":[{"embeddable":true,"href":"https:\/\/aircraftrecovery.com\/fr\/wp-json\/wp\/v2\/users\/1"}],"replies":[{"embeddable":true,"href":"https:\/\/aircraftrecovery.com\/fr\/wp-json\/wp\/v2\/comments?post=2644"}],"version-history":[{"count":10,"href":"https:\/\/aircraftrecovery.com\/fr\/wp-json\/wp\/v2\/pages\/2644\/revisions"}],"predecessor-version":[{"id":5558,"href":"https:\/\/aircraftrecovery.com\/fr\/wp-json\/wp\/v2\/pages\/2644\/revisions\/5558"}],"wp:featuredmedia":[{"embeddable":true,"href":"https:\/\/aircraftrecovery.com\/fr\/wp-json\/wp\/v2\/media\/2729"}],"wp:attachment":[{"href":"https:\/\/aircraftrecovery.com\/fr\/wp-json\/wp\/v2\/media?parent=2644"}],"wp:term":[{"taxonomy":"category","embeddable":true,"href":"https:\/\/aircraftrecovery.com\/fr\/wp-json\/wp\/v2\/categories?post=2644"},{"taxonomy":"post_tag","embeddable":true,"href":"https:\/\/aircraftrecovery.com\/fr\/wp-json\/wp\/v2\/tags?post=2644"}],"curies":[{"name":"wp","href":"https:\/\/api.w.org\/{rel}","templated":true}]}}