{"id":3565,"date":"2023-05-20T00:15:03","date_gmt":"2023-05-20T00:15:03","guid":{"rendered":"https:\/\/aircraftrecovery.com\/?page_id=3565"},"modified":"2023-05-29T17:10:40","modified_gmt":"2023-05-29T17:10:40","slug":"ams-online-calculator-tool","status":"publish","type":"page","link":"https:\/\/aircraftrecovery.com\/fr\/ams-online-calculator-tool\/","title":{"rendered":"OUTIL DE CALCUL EN LIGNE DE L'AMS"},"content":{"rendered":"<div data-elementor-type=\"wp-page\" data-elementor-id=\"3565\" class=\"elementor elementor-3565\" data-elementor-post-type=\"page\">\n\t\t\t\t\t\t<section class=\"elementor-section elementor-top-section elementor-element elementor-element-31d5a4e0 elementor-section-boxed elementor-section-height-default elementor-section-height-default\" data-id=\"31d5a4e0\" data-element_type=\"section\" data-e-type=\"section\">\n\t\t\t\t\t\t<div class=\"elementor-container elementor-column-gap-default\">\n\t\t\t\t\t<div class=\"elementor-column elementor-col-100 elementor-top-column elementor-element elementor-element-431632c2\" data-id=\"431632c2\" data-element_type=\"column\" data-e-type=\"column\">\n\t\t\t<div class=\"elementor-widget-wrap elementor-element-populated\">\n\t\t\t\t\t\t<div class=\"elementor-element elementor-element-483c19c1 elementor-widget elementor-widget-text-editor\" data-id=\"483c19c1\" data-element_type=\"widget\" data-e-type=\"widget\" data-widget_type=\"text-editor.default\">\n\t\t\t\t<div class=\"elementor-widget-container\">\n\t\t\t\t\t\t\t\t\t\t\t\t\t\t\t\t\t<\/div>\n\t\t\t\t<\/div>\n\t\t\t\t\t<\/div>\n\t\t<\/div>\n\t\t\t\t\t<\/div>\n\t\t<\/section>\n\t\t\t\t<section class=\"elementor-section elementor-top-section elementor-element elementor-element-51c4fba elementor-section-boxed elementor-section-height-default elementor-section-height-default\" data-id=\"51c4fba\" data-element_type=\"section\" data-e-type=\"section\">\n\t\t\t\t\t\t<div class=\"elementor-container elementor-column-gap-default\">\n\t\t\t\t\t<div class=\"elementor-column elementor-col-100 elementor-top-column elementor-element elementor-element-f60a810\" data-id=\"f60a810\" data-element_type=\"column\" data-e-type=\"column\">\n\t\t\t<div class=\"elementor-widget-wrap elementor-element-populated\">\n\t\t\t\t\t\t<div class=\"elementor-element elementor-element-849ec28 elementor-widget elementor-widget-heading\" data-id=\"849ec28\" data-element_type=\"widget\" data-e-type=\"widget\" data-widget_type=\"heading.default\">\n\t\t\t\t<div class=\"elementor-widget-container\">\n\t\t\t\t\t<h2 class=\"elementor-heading-title elementor-size-default\">Calculateur de charge pour la r\u00e9cup\u00e9ration des a\u00e9ronefs AMS<\/h2>\t\t\t\t<\/div>\n\t\t\t\t<\/div>\n\t\t\t\t<div class=\"elementor-element elementor-element-82e83fa elementor-widget elementor-widget-image\" data-id=\"82e83fa\" data-element_type=\"widget\" data-e-type=\"widget\" data-widget_type=\"image.default\">\n\t\t\t\t<div class=\"elementor-widget-container\">\n\t\t\t\t\t\t\t\t\t\t\t\t\t\t\t<img fetchpriority=\"high\" decoding=\"async\" width=\"1280\" height=\"462\" src=\"https:\/\/aircraftrecovery.com\/wp-content\/uploads\/Zircraft-Lifting-Calculation.png\" class=\"attachment-full size-full wp-image-3662\" alt=\"Calculateur de charge pour la r\u00e9cup\u00e9ration des a\u00e9ronefs Image\" srcset=\"https:\/\/aircraftrecovery.com\/wp-content\/uploads\/Zircraft-Lifting-Calculation.png 1280w, https:\/\/aircraftrecovery.com\/wp-content\/uploads\/Zircraft-Lifting-Calculation-300x108.png 300w, https:\/\/aircraftrecovery.com\/wp-content\/uploads\/Zircraft-Lifting-Calculation-1024x370.png 1024w, https:\/\/aircraftrecovery.com\/wp-content\/uploads\/Zircraft-Lifting-Calculation-768x277.png 768w, https:\/\/aircraftrecovery.com\/wp-content\/uploads\/Zircraft-Lifting-Calculation-18x6.png 18w\" sizes=\"(max-width: 1280px) 100vw, 1280px\" \/>\t\t\t\t\t\t\t\t\t\t\t\t\t\t\t<\/div>\n\t\t\t\t<\/div>\n\t\t\t\t<div class=\"elementor-element elementor-element-0c60a87 elementor-tabs-view-horizontal elementor-widget elementor-widget-tabs\" data-id=\"0c60a87\" data-element_type=\"widget\" data-e-type=\"widget\" data-widget_type=\"tabs.default\">\n\t\t\t\t<div class=\"elementor-widget-container\">\n\t\t\t\t\t\t\t<div class=\"elementor-tabs\">\n\t\t\t<div class=\"elementor-tabs-wrapper\" role=\"tablist\" >\n\t\t\t\t\t\t\t\t\t<div id=\"elementor-tab-title-1291\" class=\"elementor-tab-title elementor-tab-desktop-title\" aria-selected=\"true\" data-tab=\"1\" role=\"tab\" tabindex=\"0\" aria-controls=\"elementor-tab-content-1291\" aria-expanded=\"false\">Calculateur de charge d'airbag<\/div>\n\t\t\t\t\t\t\t\t\t<div id=\"elementor-tab-title-1292\" class=\"elementor-tab-title elementor-tab-desktop-title\" aria-selected=\"false\" data-tab=\"2\" role=\"tab\" tabindex=\"-1\" aria-controls=\"elementor-tab-content-1292\" aria-expanded=\"false\">Calculateur de charge de harnais<\/div>\n\t\t\t\t\t\t\t<\/div>\n\t\t\t<div class=\"elementor-tabs-content-wrapper\" role=\"tablist\" aria-orientation=\"vertical\">\n\t\t\t\t\t\t\t\t\t<div class=\"elementor-tab-title elementor-tab-mobile-title\" aria-selected=\"true\" data-tab=\"1\" role=\"tab\" tabindex=\"0\" aria-controls=\"elementor-tab-content-1291\" aria-expanded=\"false\">Calculateur de charge d'airbag<\/div>\n\t\t\t\t\t<div id=\"elementor-tab-content-1291\" class=\"elementor-tab-content elementor-clearfix\" data-tab=\"1\" role=\"tabpanel\" aria-labelledby=\"elementor-tab-title-1291\" tabindex=\"0\" hidden=\"false\"><p><iframe style=\"border: 0px #ffffff none;\" src=\" https:\/\/danfish.github.io\/AMS-Calculator-Airbag\/\" name=\"myiFrame\" width=\"600px\" height=\"450px\" frameborder=\"1\" marginwidth=\"0px\" marginheight=\"0px\" scrolling=\"yes\" allowfullscreen=\"allowfullscreen\"><\/iframe><\/p><\/div>\n\t\t\t\t\t\t\t\t\t<div class=\"elementor-tab-title elementor-tab-mobile-title\" aria-selected=\"false\" data-tab=\"2\" role=\"tab\" tabindex=\"-1\" aria-controls=\"elementor-tab-content-1292\" aria-expanded=\"false\">Calculateur de charge de harnais<\/div>\n\t\t\t\t\t<div id=\"elementor-tab-content-1292\" class=\"elementor-tab-content elementor-clearfix\" data-tab=\"2\" role=\"tabpanel\" aria-labelledby=\"elementor-tab-title-1292\" tabindex=\"0\" hidden=\"hidden\"><p><iframe style=\"border: 0px #ffffff none;\" src=\"https:\/\/danfish.github.io\/AMS-Calculator-Sling\/\" name=\"myiFrame\" width=\"600px\" height=\"450px\" frameborder=\"1\" marginwidth=\"0px\" marginheight=\"0px\" scrolling=\"no\" allowfullscreen=\"allowfullscreen\"><\/iframe><\/p><\/div>\n\t\t\t\t\t\t\t<\/div>\n\t\t<\/div>\n\t\t\t\t\t\t<\/div>\n\t\t\t\t<\/div>\n\t\t\t\t\t<\/div>\n\t\t<\/div>\n\t\t\t\t\t<\/div>\n\t\t<\/section>\n\t\t\t\t<\/div>","protected":false},"excerpt":{"rendered":"<p>AMS Calculateur de charge pour la r\u00e9cup\u00e9ration des a\u00e9ronefs Calculateur de charge pour les coussins d'air Calculateur de charge pour les harnais Calculateur de charge pour les coussins d'air Calculateur de charge pour les harnais<\/p>","protected":false},"author":1,"featured_media":0,"parent":0,"menu_order":0,"comment_status":"closed","ping_status":"closed","template":"","meta":{"footnotes":""},"categories":[],"tags":[],"class_list":["post-3565","page","type-page","status-publish","hentry"],"yoast_head":"<!-- This site is optimized with the Yoast SEO Premium plugin v27.3 (Yoast SEO v27.3) - https:\/\/yoast.com\/product\/yoast-seo-premium-wordpress\/ -->\n<title>AMS ONLINE CALCULATOR TOOL - AMS Aircraft Recovery<\/title>\n<meta name=\"robots\" content=\"index, follow, max-snippet:-1, max-image-preview:large, max-video-preview:-1\" \/>\n<link rel=\"canonical\" href=\"https:\/\/aircraftrecovery.com\/fr\/ams-online-calculator-tool\/\" \/>\n<meta property=\"og:locale\" content=\"fr_FR\" \/>\n<meta property=\"og:type\" content=\"article\" \/>\n<meta property=\"og:title\" content=\"AMS ONLINE CALCULATOR TOOL\" \/>\n<meta property=\"og:description\" content=\"AMS Aircraft Recovery Load Calculator Airbag Load Calculator Sling Load Calculator Airbag Load Calculator Sling Load Calculator\" \/>\n<meta property=\"og:url\" content=\"https:\/\/aircraftrecovery.com\/fr\/ams-online-calculator-tool\/\" \/>\n<meta property=\"og:site_name\" content=\"AMS Aircraft Recovery\" \/>\n<meta property=\"article:modified_time\" content=\"2023-05-29T17:10:40+00:00\" \/>\n<meta property=\"og:image\" content=\"https:\/\/aircraftrecovery.com\/wp-content\/uploads\/Zircraft-Lifting-Calculation.png\" \/>\n<meta name=\"twitter:card\" content=\"summary_large_image\" \/>\n<meta name=\"twitter:label1\" content=\"Dur\u00e9e de lecture estim\u00e9e\" \/>\n\t<meta name=\"twitter:data1\" content=\"1 minute\" \/>\n<script type=\"application\/ld+json\" class=\"yoast-schema-graph\">{\"@context\":\"https:\\\/\\\/schema.org\",\"@graph\":[{\"@type\":\"WebPage\",\"@id\":\"https:\\\/\\\/aircraftrecovery.com\\\/ams-online-calculator-tool\\\/\",\"url\":\"https:\\\/\\\/aircraftrecovery.com\\\/ams-online-calculator-tool\\\/\",\"name\":\"AMS ONLINE CALCULATOR TOOL - AMS Aircraft Recovery\",\"isPartOf\":{\"@id\":\"https:\\\/\\\/aircraftrecovery.com\\\/de\\\/#website\"},\"primaryImageOfPage\":{\"@id\":\"https:\\\/\\\/aircraftrecovery.com\\\/ams-online-calculator-tool\\\/#primaryimage\"},\"image\":{\"@id\":\"https:\\\/\\\/aircraftrecovery.com\\\/ams-online-calculator-tool\\\/#primaryimage\"},\"thumbnailUrl\":\"https:\\\/\\\/aircraftrecovery.com\\\/wp-content\\\/uploads\\\/Zircraft-Lifting-Calculation.png\",\"datePublished\":\"2023-05-20T00:15:03+00:00\",\"dateModified\":\"2023-05-29T17:10:40+00:00\",\"breadcrumb\":{\"@id\":\"https:\\\/\\\/aircraftrecovery.com\\\/ams-online-calculator-tool\\\/#breadcrumb\"},\"inLanguage\":\"fr-FR\",\"potentialAction\":[{\"@type\":\"ReadAction\",\"target\":[\"https:\\\/\\\/aircraftrecovery.com\\\/ams-online-calculator-tool\\\/\"]}]},{\"@type\":\"ImageObject\",\"inLanguage\":\"fr-FR\",\"@id\":\"https:\\\/\\\/aircraftrecovery.com\\\/ams-online-calculator-tool\\\/#primaryimage\",\"url\":\"https:\\\/\\\/aircraftrecovery.com\\\/wp-content\\\/uploads\\\/Zircraft-Lifting-Calculation.png\",\"contentUrl\":\"https:\\\/\\\/aircraftrecovery.com\\\/wp-content\\\/uploads\\\/Zircraft-Lifting-Calculation.png\"},{\"@type\":\"BreadcrumbList\",\"@id\":\"https:\\\/\\\/aircraftrecovery.com\\\/ams-online-calculator-tool\\\/#breadcrumb\",\"itemListElement\":[{\"@type\":\"ListItem\",\"position\":1,\"name\":\"Home\",\"item\":\"https:\\\/\\\/aircraftrecovery.com\\\/\"},{\"@type\":\"ListItem\",\"position\":2,\"name\":\"AMS ONLINE CALCULATOR TOOL\"}]},{\"@type\":\"WebSite\",\"@id\":\"https:\\\/\\\/aircraftrecovery.com\\\/de\\\/#website\",\"url\":\"https:\\\/\\\/aircraftrecovery.com\\\/de\\\/\",\"name\":\"AMS Aircraft Recovery\",\"description\":\"LIFTING - TOWING - TRANSPORT - TRAINING\",\"publisher\":{\"@id\":\"https:\\\/\\\/aircraftrecovery.com\\\/de\\\/#organization\"},\"potentialAction\":[{\"@type\":\"SearchAction\",\"target\":{\"@type\":\"EntryPoint\",\"urlTemplate\":\"https:\\\/\\\/aircraftrecovery.com\\\/de\\\/?s={search_term_string}\"},\"query-input\":{\"@type\":\"PropertyValueSpecification\",\"valueRequired\":true,\"valueName\":\"search_term_string\"}}],\"inLanguage\":\"fr-FR\"},{\"@type\":\"Organization\",\"@id\":\"https:\\\/\\\/aircraftrecovery.com\\\/de\\\/#organization\",\"name\":\"AMS Aircraft Recovery\",\"alternateName\":\"AGE Logistics Corporation\",\"url\":\"https:\\\/\\\/aircraftrecovery.com\\\/de\\\/\",\"logo\":{\"@type\":\"ImageObject\",\"inLanguage\":\"fr-FR\",\"@id\":\"https:\\\/\\\/aircraftrecovery.com\\\/de\\\/#\\\/schema\\\/logo\\\/image\\\/\",\"url\":\"https:\\\/\\\/aircraftrecovery.com\\\/wp-content\\\/uploads\\\/cropped-AMS-icon-logo.png\",\"contentUrl\":\"https:\\\/\\\/aircraftrecovery.com\\\/wp-content\\\/uploads\\\/cropped-AMS-icon-logo.png\",\"width\":512,\"height\":512,\"caption\":\"AMS Aircraft Recovery\"},\"image\":{\"@id\":\"https:\\\/\\\/aircraftrecovery.com\\\/de\\\/#\\\/schema\\\/logo\\\/image\\\/\"},\"sameAs\":[\"https:\\\/\\\/www.linkedin.com\\\/company\\\/ams-aircraft-recovery\\\/\"]}]}<\/script>\n<!-- \/ Yoast SEO Premium plugin. -->","yoast_head_json":{"title":"OUTIL DE CALCUL AMS EN LIGNE - AMS Aircraft Recovery","robots":{"index":"index","follow":"follow","max-snippet":"max-snippet:-1","max-image-preview":"max-image-preview:large","max-video-preview":"max-video-preview:-1"},"canonical":"https:\/\/aircraftrecovery.com\/fr\/ams-online-calculator-tool\/","og_locale":"fr_FR","og_type":"article","og_title":"AMS ONLINE CALCULATOR TOOL","og_description":"AMS Aircraft Recovery Load Calculator Airbag Load Calculator Sling Load Calculator Airbag Load Calculator Sling Load Calculator","og_url":"https:\/\/aircraftrecovery.com\/fr\/ams-online-calculator-tool\/","og_site_name":"AMS Aircraft Recovery","article_modified_time":"2023-05-29T17:10:40+00:00","og_image":[{"url":"https:\/\/aircraftrecovery.com\/wp-content\/uploads\/Zircraft-Lifting-Calculation.png","type":"","width":"","height":""}],"twitter_card":"summary_large_image","twitter_misc":{"Dur\u00e9e de lecture estim\u00e9e":"1 minute"},"schema":{"@context":"https:\/\/schema.org","@graph":[{"@type":"WebPage","@id":"https:\/\/aircraftrecovery.com\/ams-online-calculator-tool\/","url":"https:\/\/aircraftrecovery.com\/ams-online-calculator-tool\/","name":"OUTIL DE CALCUL AMS EN LIGNE - AMS Aircraft Recovery","isPartOf":{"@id":"https:\/\/aircraftrecovery.com\/de\/#website"},"primaryImageOfPage":{"@id":"https:\/\/aircraftrecovery.com\/ams-online-calculator-tool\/#primaryimage"},"image":{"@id":"https:\/\/aircraftrecovery.com\/ams-online-calculator-tool\/#primaryimage"},"thumbnailUrl":"https:\/\/aircraftrecovery.com\/wp-content\/uploads\/Zircraft-Lifting-Calculation.png","datePublished":"2023-05-20T00:15:03+00:00","dateModified":"2023-05-29T17:10:40+00:00","breadcrumb":{"@id":"https:\/\/aircraftrecovery.com\/ams-online-calculator-tool\/#breadcrumb"},"inLanguage":"fr-FR","potentialAction":[{"@type":"ReadAction","target":["https:\/\/aircraftrecovery.com\/ams-online-calculator-tool\/"]}]},{"@type":"ImageObject","inLanguage":"fr-FR","@id":"https:\/\/aircraftrecovery.com\/ams-online-calculator-tool\/#primaryimage","url":"https:\/\/aircraftrecovery.com\/wp-content\/uploads\/Zircraft-Lifting-Calculation.png","contentUrl":"https:\/\/aircraftrecovery.com\/wp-content\/uploads\/Zircraft-Lifting-Calculation.png"},{"@type":"BreadcrumbList","@id":"https:\/\/aircraftrecovery.com\/ams-online-calculator-tool\/#breadcrumb","itemListElement":[{"@type":"ListItem","position":1,"name":"Home","item":"https:\/\/aircraftrecovery.com\/"},{"@type":"ListItem","position":2,"name":"AMS ONLINE CALCULATOR TOOL"}]},{"@type":"WebSite","@id":"https:\/\/aircraftrecovery.com\/de\/#website","url":"https:\/\/aircraftrecovery.com\/de\/","name":"AMS R\u00e9cup\u00e9ration d'a\u00e9ronefs","description":"LEVAGE - REMORQUAGE - TRANSPORT - FORMATION","publisher":{"@id":"https:\/\/aircraftrecovery.com\/de\/#organization"},"potentialAction":[{"@type":"SearchAction","target":{"@type":"EntryPoint","urlTemplate":"https:\/\/aircraftrecovery.com\/de\/?s={search_term_string}"},"query-input":{"@type":"PropertyValueSpecification","valueRequired":true,"valueName":"search_term_string"}}],"inLanguage":"fr-FR"},{"@type":"Organization","@id":"https:\/\/aircraftrecovery.com\/de\/#organization","name":"AMS R\u00e9cup\u00e9ration d'a\u00e9ronefs","alternateName":"AGE Logistics Corporation","url":"https:\/\/aircraftrecovery.com\/de\/","logo":{"@type":"ImageObject","inLanguage":"fr-FR","@id":"https:\/\/aircraftrecovery.com\/de\/#\/schema\/logo\/image\/","url":"https:\/\/aircraftrecovery.com\/wp-content\/uploads\/cropped-AMS-icon-logo.png","contentUrl":"https:\/\/aircraftrecovery.com\/wp-content\/uploads\/cropped-AMS-icon-logo.png","width":512,"height":512,"caption":"AMS Aircraft Recovery"},"image":{"@id":"https:\/\/aircraftrecovery.com\/de\/#\/schema\/logo\/image\/"},"sameAs":["https:\/\/www.linkedin.com\/company\/ams-aircraft-recovery\/"]}]}},"_links":{"self":[{"href":"https:\/\/aircraftrecovery.com\/fr\/wp-json\/wp\/v2\/pages\/3565","targetHints":{"allow":["GET"]}}],"collection":[{"href":"https:\/\/aircraftrecovery.com\/fr\/wp-json\/wp\/v2\/pages"}],"about":[{"href":"https:\/\/aircraftrecovery.com\/fr\/wp-json\/wp\/v2\/types\/page"}],"author":[{"embeddable":true,"href":"https:\/\/aircraftrecovery.com\/fr\/wp-json\/wp\/v2\/users\/1"}],"replies":[{"embeddable":true,"href":"https:\/\/aircraftrecovery.com\/fr\/wp-json\/wp\/v2\/comments?post=3565"}],"version-history":[{"count":0,"href":"https:\/\/aircraftrecovery.com\/fr\/wp-json\/wp\/v2\/pages\/3565\/revisions"}],"wp:attachment":[{"href":"https:\/\/aircraftrecovery.com\/fr\/wp-json\/wp\/v2\/media?parent=3565"}],"wp:term":[{"taxonomy":"category","embeddable":true,"href":"https:\/\/aircraftrecovery.com\/fr\/wp-json\/wp\/v2\/categories?post=3565"},{"taxonomy":"post_tag","embeddable":true,"href":"https:\/\/aircraftrecovery.com\/fr\/wp-json\/wp\/v2\/tags?post=3565"}],"curies":[{"name":"wp","href":"https:\/\/api.w.org\/{rel}","templated":true}]}}