{"id":37,"date":"2023-01-29T23:09:35","date_gmt":"2023-01-29T23:09:35","guid":{"rendered":"https:\/\/dev.aircraftrecovery.com\/?page_id=37"},"modified":"2023-06-10T00:00:13","modified_gmt":"2023-06-10T00:00:13","slug":"privacy-policy","status":"publish","type":"page","link":"https:\/\/aircraftrecovery.com\/fr\/privacy-policy\/","title":{"rendered":"Politique de confidentialit\u00e9"},"content":{"rendered":"<div data-elementor-type=\"wp-page\" data-elementor-id=\"37\" class=\"elementor elementor-37\" data-elementor-post-type=\"page\">\n\t\t\t\t\t\t<section class=\"elementor-section elementor-top-section elementor-element elementor-element-fd1cd15 elementor-section-boxed elementor-section-height-default elementor-section-height-default\" data-id=\"fd1cd15\" data-element_type=\"section\" data-e-type=\"section\">\n\t\t\t\t\t\t<div class=\"elementor-container elementor-column-gap-default\">\n\t\t\t\t\t<div class=\"elementor-column elementor-col-100 elementor-top-column elementor-element elementor-element-56e00af6\" data-id=\"56e00af6\" data-element_type=\"column\" data-e-type=\"column\">\n\t\t\t<div class=\"elementor-widget-wrap elementor-element-populated\">\n\t\t\t\t\t\t<div class=\"elementor-element elementor-element-8ce2ebc elementor-widget elementor-widget-heading\" data-id=\"8ce2ebc\" data-element_type=\"widget\" data-e-type=\"widget\" data-widget_type=\"heading.default\">\n\t\t\t\t<div class=\"elementor-widget-container\">\n\t\t\t\t\t<h2 class=\"elementor-heading-title elementor-size-default\">Politique de confidentialit\u00e9 de notre entreprise<\/h2>\t\t\t\t<\/div>\n\t\t\t\t<\/div>\n\t\t\t\t<div class=\"elementor-element elementor-element-4eb85e60 elementor-widget elementor-widget-text-editor\" data-id=\"4eb85e60\" data-element_type=\"widget\" data-e-type=\"widget\" data-widget_type=\"text-editor.default\">\n\t\t\t\t<div class=\"elementor-widget-container\">\n\t\t\t\t\t\t\t\t\t<p><\/p>\n<p><span style=\"color: var( --e-global-color-f5164e3 );\"> Cette politique de confidentialit\u00e9 explique comment AMS Aircraft Recovery Ltd et AGE Logistics Corporation d.b.a. AMS Aircraft Recovery utilisent les donn\u00e9es personnelles que nous recueillons aupr\u00e8s de vous lorsque vous utilisez notre site web.<\/span>\u00a0 L'adresse de notre site web est la suivante : http:\/\/aircraftrecovery.com.<\/p>\n<p><strong>Sujets :<\/strong><\/p>\n<ul>\n<li>Quelles sont les donn\u00e9es que nous collectons ?<\/li>\n<li>Comment recueillons-nous vos donn\u00e9es ?<\/li>\n<li>Comment allons-nous utiliser vos donn\u00e9es ?<\/li>\n<li>Comment conservons-nous vos donn\u00e9es ?<\/li>\n<li>Marketing<\/li>\n<li>Quels sont vos droits en mati\u00e8re de protection des donn\u00e9es ?<\/li>\n<li>Que sont les cookies et comment les utilisons-nous ?<\/li>\n<li>Quels types de cookies utilisons-nous ?<\/li>\n<li>Comment g\u00e9rer vos cookies<\/li>\n<li>Politiques de confidentialit\u00e9 d'autres sites web<\/li>\n<li>Modifications de notre politique de confidentialit\u00e9<\/li>\n<li>Comment nous contacter<\/li>\n<li>Comment contacter les autorit\u00e9s comp\u00e9tentes<\/li>\n<\/ul>\n<div>\u00a0<\/div>\n<p><strong>Quelles sont les donn\u00e9es que nous collectons ?<\/strong><\/p>\n<p>Notre soci\u00e9t\u00e9 collecte les donn\u00e9es suivantes : Informations d'identification personnelle (Nom, nom de l'entreprise, adresse e-mail, num\u00e9ro de t\u00e9l\u00e9phone, demandes d'informations, etc.)  Nous recueillons \u00e9galement des informations sur votre appareil et votre utilisation de nos sites web ou de nos e-mails (telles que les adresses de protocole Internet (IP) ou autres identifiants),<br \/><br \/><strong>Comment recueillons-nous vos donn\u00e9es ?<br \/><\/strong><br \/>Vous fournissez directement \u00e0 notre soci\u00e9t\u00e9 la plupart des donn\u00e9es que nous collectons. Nous collectons des donn\u00e9es et traitons des donn\u00e9es lorsque vous :<\/p>\n<ul>\n<li>Soumettez un formulaire de Contact AMS Aircraft Recovery sur notre site web.<\/li>\n<li>R\u00e9pondre volontairement \u00e0 une enqu\u00eate aupr\u00e8s des clients ou fournir des commentaires sur l'une de nos pages de m\u00e9dias sociaux ou par courriel.<\/li>\n<li>Utiliser ou consulter notre site web via les cookies de votre navigateur.<br \/><br \/><\/li>\n<\/ul>\n<p>Notre soci\u00e9t\u00e9 peut \u00e9galement recevoir vos donn\u00e9es de mani\u00e8re indirecte \u00e0 partir des sources suivantes :<\/p>\n<ul>\n<li>Annuaires commerciaux<\/li>\n<li>Salons professionnels \/ expositions<\/li>\n<li>Soci\u00e9t\u00e9s professionnelles et conf\u00e9rences<br \/><br \/><\/li>\n<\/ul>\n<p><strong>Comment allons-nous utiliser vos donn\u00e9es ?<br \/><br \/><\/strong>Notre soci\u00e9t\u00e9 collecte vos donn\u00e9es afin que nous puissions :<\/p>\n<ul>\n<li>Traiter votre commande et g\u00e9rer votre compte.<\/li>\n<li>Vous contacter par t\u00e9l\u00e9phone ou par courrier \u00e9lectronique au sujet de vos commandes.<\/li>\n<li>Vous envoyer par courrier \u00e9lectronique des informations sur les produits ou services que vous avez achet\u00e9s ou pour lesquels vous avez manifest\u00e9 un int\u00e9r\u00eat, ou sur des produits et services connexes.<\/li>\n<li>Envoyer des bulletins d'information occasionnels qui, selon nous, pourraient vous int\u00e9resser.  Vous pouvez vous d\u00e9sabonner \u00e0 tout moment.<\/li>\n<\/ul>\n<p><br \/>Lorsque notre soci\u00e9t\u00e9 traite votre commande, elle peut envoyer des demandes d'informations et recueillir des informations aupr\u00e8s d'agences gouvernementales et d'agences de r\u00e9f\u00e9rence de cr\u00e9dit afin de se conformer aux r\u00e9glementations applicables et de pr\u00e9venir les achats frauduleux.<\/p>\n<p><strong>Comment conservons-nous vos donn\u00e9es ?<br \/><\/strong><br \/>Notre soci\u00e9t\u00e9 stocke vos donn\u00e9es en toute s\u00e9curit\u00e9 dans ses bureaux aux \u00c9tats-Unis et au Royaume-Uni.   Nous employons un environnement de serveur s\u00e9curis\u00e9 qui utilise un pare-feu et d'autres technologies avanc\u00e9es pour emp\u00eacher toute interf\u00e9rence ou tout acc\u00e8s par des intrus ext\u00e9rieurs.  Les donn\u00e9es des clients sont stock\u00e9es sur des dispositifs de stockage crypt\u00e9s sur des serveurs, des ordinateurs de bureau et des ordinateurs portables.  Les sauvegardes des donn\u00e9es des clients sont crypt\u00e9es. Nous utilisons \u00e9galement les services de stockage en nuage de Google pour le stockage des courriels et des fichiers.  Toutes les donn\u00e9es sont crypt\u00e9es en transit et en stockage.  Nous utilisons un syst\u00e8me de gestion de la relation client de Salesforce.  Toutes les donn\u00e9es des clients sont crypt\u00e9es en transit et au repos.<\/p>\n<p>Notre soci\u00e9t\u00e9 conservera les donn\u00e9es relatives \u00e0 vos clients et \u00e0 vos commandes pendant diverses p\u00e9riodes, conform\u00e9ment aux exigences des organismes de r\u00e9glementation.   Les m\u00e9tadonn\u00e9es telles que le type de navigateur, le syst\u00e8me d'exploitation et l'adresse IP sont automatiquement stock\u00e9es dans des fichiers journaux.  Ces fichiers sont conserv\u00e9s pendant deux ans ou moins et sont ensuite supprim\u00e9s.\u00a0<\/p>\n<p><strong>Marketing<br \/><\/strong><br \/>Notre soci\u00e9t\u00e9 souhaite vous envoyer des informations sur ses produits et services qui, selon nous, pourraient vous int\u00e9resser.  Si vous avez accept\u00e9 de recevoir des communications commerciales, vous pouvez toujours vous d\u00e9sengager \u00e0 une date ult\u00e9rieure.<\/p>\n<p>Vous avez le droit, \u00e0 tout moment, d'emp\u00eacher notre soci\u00e9t\u00e9 de vous contacter \u00e0 des fins de marketing ou de communiquer vos donn\u00e9es \u00e0 d'autres membres du groupe Our Company.<\/p>\n<p><strong>Quels sont vos droits en mati\u00e8re de protection des donn\u00e9es ?<br \/><\/strong><br \/>Notre soci\u00e9t\u00e9 souhaite s'assurer que vous \u00eates pleinement conscient de tous vos droits en mati\u00e8re de protection des donn\u00e9es. Chaque utilisateur a les droits suivants :<\/p>\n<ul>\n<li>Le droit d'acc\u00e8s - Vous avez le droit de demander \u00e0 notre soci\u00e9t\u00e9 des copies de vos donn\u00e9es personnelles.<\/li>\n<li>Le droit de rectification - Vous avez le droit de demander \u00e0 notre soci\u00e9t\u00e9 de corriger toute information que vous jugez inexacte. Vous avez \u00e9galement le droit de demander \u00e0 notre soci\u00e9t\u00e9 de compl\u00e9ter les informations qui, selon vous, sont incompl\u00e8tes.<\/li>\n<li>Le droit \u00e0 l'effacement - Vous avez le droit de demander \u00e0 Notre Soci\u00e9t\u00e9 d'effacer vos donn\u00e9es personnelles, sous certaines conditions.<\/li>\n<li>Le droit de restreindre le traitement - Vous avez le droit de demander \u00e0 Notre Soci\u00e9t\u00e9 de restreindre le traitement de vos donn\u00e9es personnelles, sous certaines conditions.<\/li>\n<li>Le droit de s'opposer au traitement - Vous avez le droit de vous opposer au traitement de vos donn\u00e9es personnelles par Notre Soci\u00e9t\u00e9, sous certaines conditions.<\/li>\n<li>Le droit \u00e0 la portabilit\u00e9 des donn\u00e9es - Vous avez le droit de demander \u00e0 Notre Soci\u00e9t\u00e9 de transf\u00e9rer les donn\u00e9es que nous avons collect\u00e9es \u00e0 une autre organisation, ou directement \u00e0 vous, sous certaines conditions.<\/li>\n<\/ul>\n<p>Si vous faites une demande, nous avons un mois pour vous r\u00e9pondre. Si vous souhaitez exercer l'un de ces droits, veuillez nous contacter :<\/p>\n<ul>\n<li>utiliser le site web <a href=\"https:\/\/aircraftrecovery.com\/fr\/contact-us\/\">Formulaire de contact<\/a><\/li>\n<li>Appelez-nous au Royaume-Uni : +44 20 3289 9320 ou US : +1 626 243 5253<\/li>\n<li>Ou \u00e9crivez-nous :\n<ul>\n<li>\n<p>AMS Aircraft Recovery Ltd<br \/>A\u00e9roport de Farnborough, Farnborough<br \/>Hampshire GU14 7JF, Royaume-Uni<\/p>\n<\/li>\n<li>\n<p>AGE Logistics Corp.<br \/>426 East Duarte Road<br \/>Monrovia, CA 91016 USA<\/p>\n<\/li>\n<\/ul>\n<\/li>\n<\/ul>\n<p><strong>Cookies<br \/><\/strong><br \/>Les cookies sont des fichiers texte plac\u00e9s sur votre ordinateur pour recueillir des informations standard sur les journaux Internet et le comportement des visiteurs. Lorsque vous visitez nos sites web, nous pouvons recueillir automatiquement des informations vous concernant par le biais de cookies ou de technologies similaires.<\/p>\n<p>Comment utilisons-nous les cookies ?<br \/><br \/>Notre soci\u00e9t\u00e9 utilise des cookies de diff\u00e9rentes mani\u00e8res afin d'am\u00e9liorer votre exp\u00e9rience sur notre site web, notamment pour comprendre comment vous utilisez notre site web.  Il existe un certain nombre de types de cookies diff\u00e9rents, cependant, notre site web utilise :<\/p>\n<p>Fonctionnalit\u00e9 - Notre soci\u00e9t\u00e9 utilise ces cookies afin de vous reconna\u00eetre sur notre site web et de se souvenir de vos pr\u00e9f\u00e9rences pr\u00e9c\u00e9demment s\u00e9lectionn\u00e9es. Celles-ci peuvent inclure la langue que vous pr\u00e9f\u00e9rez et l'endroit o\u00f9 vous vous trouvez.\u00a0<\/p>\n<p>Analytique - Notre soci\u00e9t\u00e9 utilise ces cookies et extraits de code pour mesurer le nombre de visiteurs qui utilisent le site web, les types de navigateurs qu'ils utilisent et le lieu depuis lequel vous visitez le site.<br \/><br \/>Comment g\u00e9rer les cookies<br \/>Vous pouvez configurer votre navigateur pour qu'il n'accepte pas les cookies.  Notre site web devrait, mais pas toujours, fonctionner normalement avec ce param\u00e8tre.<\/p>\n<p><strong>Politiques de confidentialit\u00e9 d'autres sites web<br \/><\/strong><br \/>Le site AircraftRecovery.comy contient des liens vers d'autres sites web. Notre politique de confidentialit\u00e9 s'applique uniquement \u00e0 notre site web, donc si vous cliquez sur un lien vers un autre site web, vous devez lire leur politique de confidentialit\u00e9.<\/p>\n<p><strong>Modifications de notre politique de confidentialit\u00e9<br \/><\/strong><br \/>Notre soci\u00e9t\u00e9 r\u00e9vise r\u00e9guli\u00e8rement sa politique de confidentialit\u00e9 et publie toute mise \u00e0 jour sur cette page web. Cette politique de confidentialit\u00e9 a \u00e9t\u00e9 mise \u00e0 jour pour la derni\u00e8re fois le 30 janvier 2023.<\/p>\n<p><strong>Comment nous contacter<br \/><\/strong><br \/>Si vous avez des questions concernant la politique de confidentialit\u00e9 de Notre Soci\u00e9t\u00e9, les donn\u00e9es que nous d\u00e9tenons sur vous, ou si vous souhaitez exercer l'un de vos droits en mati\u00e8re de protection des donn\u00e9es, n'h\u00e9sitez pas \u00e0 nous contacter.<\/p>\n<ul>\n<li>utiliser le site web <a href=\"https:\/\/aircraftrecovery.com\/fr\/contact-us\/\">Formulaire de contact<\/a><\/li>\n<li>Appelez-nous au Royaume-Uni : +44 20 3289 9320 ou US : +1 626 243 5253<\/li>\n<li>Ou \u00e9crivez-nous :\n<ul>\n<li>\n<p>AMS Aircraft Recovery Ltd<br \/>A\u00e9roport de Farnborough, Farnborough<br \/>Hampshire GU14 7JF, Royaume-Uni<\/p>\n<\/li>\n<li>\n<p>AGE Logistics Corp.<br \/>426 East Duarte Road<br \/>Monrovia, CA 91016 USA<\/p>\n<\/li>\n<\/ul>\n<\/li>\n<\/ul>\n<p><strong>Comment contacter l'autorit\u00e9 comp\u00e9tente<br \/><\/strong><\/p>\n<p>UE<\/p>\n<p>Si vous souhaitez d\u00e9poser une plainte ou si vous estimez que Notre Soci\u00e9t\u00e9 n'a pas r\u00e9pondu \u00e0 votre pr\u00e9occupation de mani\u00e8re satisfaisante, vous pouvez contacter l'autorit\u00e9 de protection des donn\u00e9es de l'\u00c9tat membre de l'UE o\u00f9 votre entreprise\/organisation est bas\u00e9e.  Vous trouverez une liste des autorit\u00e9s de protection des donn\u00e9es \u00e0 l'adresse suivante <a href=\"https:\/\/edpb.europa.eu\/about-edpb\/about-edpb\/members_en\">https:\/\/edpb.europa.eu\/about-edpb\/about-edpb\/members_en<\/a>.<\/p>\n<p>Californie\u00a0<\/p>\n<p>La loi californienne sur la protection de la vie priv\u00e9e des consommateurs (CCPA) pr\u00e9voit des droits sp\u00e9cifiques en mati\u00e8re de confidentialit\u00e9 des donn\u00e9es pour les r\u00e9sidents de Californie.  Les r\u00e9sidents californiens peuvent contacter le bureau du procureur g\u00e9n\u00e9ral de Californie. <a href=\"https:\/\/oag.ca.gov\/privacy\/ccpa\">https:\/\/oag.ca.gov\/privacy\/ccpa<\/a><\/p>\n<p>Commission f\u00e9d\u00e9rale du commerce<\/p>\n<p><a href=\"https:\/\/www.ftc.gov\/news-events\/topics\/protecting-consumer-privacy-security\">https:\/\/www.ftc.gov\/news-events\/topics\/protecting-consumer-privacy-security<\/a><\/p>\n<p>\u00a0<\/p>\n<p><\/p>\t\t\t\t\t\t\t\t<\/div>\n\t\t\t\t<\/div>\n\t\t\t\t\t<\/div>\n\t\t<\/div>\n\t\t\t\t\t<\/div>\n\t\t<\/section>\n\t\t\t\t<\/div>","protected":false},"excerpt":{"rendered":"<p>Our Company Privacy Policy This privacy policy will explain how AMS Aircraft Recovery Ltd and AGE Logistics Corporation d.b.a. AMS Aircraft Recovery use the personal data we collect from you when you use our website.\u00a0 Our website address is: http:\/\/aircraftrecovery.com. Topics: What data do we collect? How do we collect your data? How will we [&hellip;]<\/p>\n","protected":false},"author":1,"featured_media":0,"parent":0,"menu_order":0,"comment_status":"closed","ping_status":"closed","template":"","meta":{"footnotes":""},"categories":[],"tags":[],"class_list":["post-37","page","type-page","status-publish","hentry"],"yoast_head":"<!-- This site is optimized with the Yoast SEO Premium plugin v27.3 (Yoast SEO v27.3) - https:\/\/yoast.com\/product\/yoast-seo-premium-wordpress\/ -->\n<title>Privacy Policy - AMS Aircraft Recovery<\/title>\n<meta name=\"robots\" content=\"index, follow, max-snippet:-1, max-image-preview:large, max-video-preview:-1\" \/>\n<link rel=\"canonical\" href=\"https:\/\/aircraftrecovery.com\/fr\/privacy-policy\/\" \/>\n<meta property=\"og:locale\" content=\"fr_FR\" \/>\n<meta property=\"og:type\" content=\"article\" \/>\n<meta property=\"og:title\" content=\"Privacy Policy\" \/>\n<meta property=\"og:description\" content=\"Our Company Privacy Policy This privacy policy will explain how AMS Aircraft Recovery Ltd and AGE Logistics Corporation d.b.a. AMS Aircraft Recovery use the personal data we collect from you when you use our website.\u00a0 Our website address is: http:\/\/aircraftrecovery.com. Topics: What data do we collect? How do we collect your data? How will we [&hellip;]\" \/>\n<meta property=\"og:url\" content=\"https:\/\/aircraftrecovery.com\/fr\/privacy-policy\/\" \/>\n<meta property=\"og:site_name\" content=\"AMS Aircraft Recovery\" \/>\n<meta property=\"article:modified_time\" content=\"2023-06-10T00:00:13+00:00\" \/>\n<meta name=\"twitter:card\" content=\"summary_large_image\" \/>\n<script type=\"application\/ld+json\" class=\"yoast-schema-graph\">{\"@context\":\"https:\\\/\\\/schema.org\",\"@graph\":[{\"@type\":\"WebPage\",\"@id\":\"https:\\\/\\\/aircraftrecovery.com\\\/privacy-policy\\\/\",\"url\":\"https:\\\/\\\/aircraftrecovery.com\\\/privacy-policy\\\/\",\"name\":\"Privacy Policy - AMS Aircraft Recovery\",\"isPartOf\":{\"@id\":\"https:\\\/\\\/aircraftrecovery.com\\\/de\\\/#website\"},\"datePublished\":\"2023-01-29T23:09:35+00:00\",\"dateModified\":\"2023-06-10T00:00:13+00:00\",\"breadcrumb\":{\"@id\":\"https:\\\/\\\/aircraftrecovery.com\\\/privacy-policy\\\/#breadcrumb\"},\"inLanguage\":\"fr-FR\",\"potentialAction\":[{\"@type\":\"ReadAction\",\"target\":[\"https:\\\/\\\/aircraftrecovery.com\\\/privacy-policy\\\/\"]}]},{\"@type\":\"BreadcrumbList\",\"@id\":\"https:\\\/\\\/aircraftrecovery.com\\\/privacy-policy\\\/#breadcrumb\",\"itemListElement\":[{\"@type\":\"ListItem\",\"position\":1,\"name\":\"Home\",\"item\":\"https:\\\/\\\/aircraftrecovery.com\\\/\"},{\"@type\":\"ListItem\",\"position\":2,\"name\":\"Privacy Policy\"}]},{\"@type\":\"WebSite\",\"@id\":\"https:\\\/\\\/aircraftrecovery.com\\\/de\\\/#website\",\"url\":\"https:\\\/\\\/aircraftrecovery.com\\\/de\\\/\",\"name\":\"AMS Aircraft Recovery\",\"description\":\"LIFTING - TOWING - TRANSPORT - TRAINING\",\"publisher\":{\"@id\":\"https:\\\/\\\/aircraftrecovery.com\\\/de\\\/#organization\"},\"potentialAction\":[{\"@type\":\"SearchAction\",\"target\":{\"@type\":\"EntryPoint\",\"urlTemplate\":\"https:\\\/\\\/aircraftrecovery.com\\\/de\\\/?s={search_term_string}\"},\"query-input\":{\"@type\":\"PropertyValueSpecification\",\"valueRequired\":true,\"valueName\":\"search_term_string\"}}],\"inLanguage\":\"fr-FR\"},{\"@type\":\"Organization\",\"@id\":\"https:\\\/\\\/aircraftrecovery.com\\\/de\\\/#organization\",\"name\":\"AMS Aircraft Recovery\",\"alternateName\":\"AGE Logistics Corporation\",\"url\":\"https:\\\/\\\/aircraftrecovery.com\\\/de\\\/\",\"logo\":{\"@type\":\"ImageObject\",\"inLanguage\":\"fr-FR\",\"@id\":\"https:\\\/\\\/aircraftrecovery.com\\\/de\\\/#\\\/schema\\\/logo\\\/image\\\/\",\"url\":\"https:\\\/\\\/aircraftrecovery.com\\\/wp-content\\\/uploads\\\/cropped-AMS-icon-logo.png\",\"contentUrl\":\"https:\\\/\\\/aircraftrecovery.com\\\/wp-content\\\/uploads\\\/cropped-AMS-icon-logo.png\",\"width\":512,\"height\":512,\"caption\":\"AMS Aircraft Recovery\"},\"image\":{\"@id\":\"https:\\\/\\\/aircraftrecovery.com\\\/de\\\/#\\\/schema\\\/logo\\\/image\\\/\"},\"sameAs\":[\"https:\\\/\\\/www.linkedin.com\\\/company\\\/ams-aircraft-recovery\\\/\"]}]}<\/script>\n<!-- \/ Yoast SEO Premium plugin. -->","yoast_head_json":{"title":"Politique de confidentialit\u00e9 - AMS Aircraft Recovery","robots":{"index":"index","follow":"follow","max-snippet":"max-snippet:-1","max-image-preview":"max-image-preview:large","max-video-preview":"max-video-preview:-1"},"canonical":"https:\/\/aircraftrecovery.com\/fr\/privacy-policy\/","og_locale":"fr_FR","og_type":"article","og_title":"Privacy Policy","og_description":"Our Company Privacy Policy This privacy policy will explain how AMS Aircraft Recovery Ltd and AGE Logistics Corporation d.b.a. AMS Aircraft Recovery use the personal data we collect from you when you use our website.\u00a0 Our website address is: http:\/\/aircraftrecovery.com. Topics: What data do we collect? How do we collect your data? How will we [&hellip;]","og_url":"https:\/\/aircraftrecovery.com\/fr\/privacy-policy\/","og_site_name":"AMS Aircraft Recovery","article_modified_time":"2023-06-10T00:00:13+00:00","twitter_card":"summary_large_image","schema":{"@context":"https:\/\/schema.org","@graph":[{"@type":"WebPage","@id":"https:\/\/aircraftrecovery.com\/privacy-policy\/","url":"https:\/\/aircraftrecovery.com\/privacy-policy\/","name":"Politique de confidentialit\u00e9 - AMS Aircraft Recovery","isPartOf":{"@id":"https:\/\/aircraftrecovery.com\/de\/#website"},"datePublished":"2023-01-29T23:09:35+00:00","dateModified":"2023-06-10T00:00:13+00:00","breadcrumb":{"@id":"https:\/\/aircraftrecovery.com\/privacy-policy\/#breadcrumb"},"inLanguage":"fr-FR","potentialAction":[{"@type":"ReadAction","target":["https:\/\/aircraftrecovery.com\/privacy-policy\/"]}]},{"@type":"BreadcrumbList","@id":"https:\/\/aircraftrecovery.com\/privacy-policy\/#breadcrumb","itemListElement":[{"@type":"ListItem","position":1,"name":"Home","item":"https:\/\/aircraftrecovery.com\/"},{"@type":"ListItem","position":2,"name":"Privacy Policy"}]},{"@type":"WebSite","@id":"https:\/\/aircraftrecovery.com\/de\/#website","url":"https:\/\/aircraftrecovery.com\/de\/","name":"AMS R\u00e9cup\u00e9ration d'a\u00e9ronefs","description":"LEVAGE - REMORQUAGE - TRANSPORT - FORMATION","publisher":{"@id":"https:\/\/aircraftrecovery.com\/de\/#organization"},"potentialAction":[{"@type":"SearchAction","target":{"@type":"EntryPoint","urlTemplate":"https:\/\/aircraftrecovery.com\/de\/?s={search_term_string}"},"query-input":{"@type":"PropertyValueSpecification","valueRequired":true,"valueName":"search_term_string"}}],"inLanguage":"fr-FR"},{"@type":"Organization","@id":"https:\/\/aircraftrecovery.com\/de\/#organization","name":"AMS R\u00e9cup\u00e9ration d'a\u00e9ronefs","alternateName":"AGE Logistics Corporation","url":"https:\/\/aircraftrecovery.com\/de\/","logo":{"@type":"ImageObject","inLanguage":"fr-FR","@id":"https:\/\/aircraftrecovery.com\/de\/#\/schema\/logo\/image\/","url":"https:\/\/aircraftrecovery.com\/wp-content\/uploads\/cropped-AMS-icon-logo.png","contentUrl":"https:\/\/aircraftrecovery.com\/wp-content\/uploads\/cropped-AMS-icon-logo.png","width":512,"height":512,"caption":"AMS Aircraft Recovery"},"image":{"@id":"https:\/\/aircraftrecovery.com\/de\/#\/schema\/logo\/image\/"},"sameAs":["https:\/\/www.linkedin.com\/company\/ams-aircraft-recovery\/"]}]}},"_links":{"self":[{"href":"https:\/\/aircraftrecovery.com\/fr\/wp-json\/wp\/v2\/pages\/37","targetHints":{"allow":["GET"]}}],"collection":[{"href":"https:\/\/aircraftrecovery.com\/fr\/wp-json\/wp\/v2\/pages"}],"about":[{"href":"https:\/\/aircraftrecovery.com\/fr\/wp-json\/wp\/v2\/types\/page"}],"author":[{"embeddable":true,"href":"https:\/\/aircraftrecovery.com\/fr\/wp-json\/wp\/v2\/users\/1"}],"replies":[{"embeddable":true,"href":"https:\/\/aircraftrecovery.com\/fr\/wp-json\/wp\/v2\/comments?post=37"}],"version-history":[{"count":0,"href":"https:\/\/aircraftrecovery.com\/fr\/wp-json\/wp\/v2\/pages\/37\/revisions"}],"wp:attachment":[{"href":"https:\/\/aircraftrecovery.com\/fr\/wp-json\/wp\/v2\/media?parent=37"}],"wp:term":[{"taxonomy":"category","embeddable":true,"href":"https:\/\/aircraftrecovery.com\/fr\/wp-json\/wp\/v2\/categories?post=37"},{"taxonomy":"post_tag","embeddable":true,"href":"https:\/\/aircraftrecovery.com\/fr\/wp-json\/wp\/v2\/tags?post=37"}],"curies":[{"name":"wp","href":"https:\/\/api.w.org\/{rel}","templated":true}]}}