{"id":3759,"date":"2023-07-01T00:05:21","date_gmt":"2023-07-01T00:05:21","guid":{"rendered":"https:\/\/aircraftrecovery.com\/?page_id=3759"},"modified":"2025-02-04T13:28:18","modified_gmt":"2025-02-04T21:28:18","slug":"resources-tools","status":"publish","type":"page","link":"https:\/\/aircraftrecovery.com\/fr\/resources-tools\/","title":{"rendered":"Ressources et outils"},"content":{"rendered":"<div data-elementor-type=\"wp-page\" data-elementor-id=\"3759\" class=\"elementor elementor-3759\" data-elementor-post-type=\"page\">\n\t\t\t\t\t\t<section class=\"elementor-section elementor-top-section elementor-element elementor-element-01468fe elementor-section-full_width elementor-section-height-default elementor-section-height-default\" data-id=\"01468fe\" data-element_type=\"section\" data-e-type=\"section\">\n\t\t\t\t\t\t<div class=\"elementor-container elementor-column-gap-default\">\n\t\t\t\t\t<div class=\"elementor-column elementor-col-100 elementor-top-column elementor-element elementor-element-aa8fa72\" data-id=\"aa8fa72\" data-element_type=\"column\" data-e-type=\"column\">\n\t\t\t<div class=\"elementor-widget-wrap elementor-element-populated\">\n\t\t\t\t\t\t<div class=\"elementor-element elementor-element-4a07761 elementor-grid-2 elementor-grid-tablet-2 elementor-grid-mobile-1 elementor-posts--thumbnail-top elementor-card-shadow-yes elementor-posts__hover-gradient elementor-widget elementor-widget-posts\" data-id=\"4a07761\" data-element_type=\"widget\" data-e-type=\"widget\" data-settings=\"{&quot;pagination_type&quot;:&quot;prev_next&quot;,&quot;cards_columns&quot;:&quot;2&quot;,&quot;cards_columns_tablet&quot;:&quot;2&quot;,&quot;cards_columns_mobile&quot;:&quot;1&quot;,&quot;cards_row_gap&quot;:{&quot;unit&quot;:&quot;px&quot;,&quot;size&quot;:35,&quot;sizes&quot;:[]},&quot;cards_row_gap_tablet&quot;:{&quot;unit&quot;:&quot;px&quot;,&quot;size&quot;:&quot;&quot;,&quot;sizes&quot;:[]},&quot;cards_row_gap_mobile&quot;:{&quot;unit&quot;:&quot;px&quot;,&quot;size&quot;:&quot;&quot;,&quot;sizes&quot;:[]}}\" data-widget_type=\"posts.cards\">\n\t\t\t\t<div class=\"elementor-widget-container\">\n\t\t\t\t\t\t\t<div class=\"elementor-posts-container elementor-posts elementor-posts--skin-cards elementor-grid\" role=\"list\">\n\t\t\t\t<article class=\"elementor-post elementor-grid-item post-5164 post type-post status-publish format-standard has-post-thumbnail hentry category-aircraft-recovery category-resources category-tools\" role=\"listitem\">\n\t\t\t<div class=\"elementor-post__card\">\n\t\t\t\t<a class=\"elementor-post__thumbnail__link\" href=\"https:\/\/aircraftrecovery.com\/fr\/arm-quick-guide\/\" tabindex=\"-1\" ><div class=\"elementor-post__thumbnail\"><img fetchpriority=\"high\" decoding=\"async\" width=\"1000\" height=\"667\" src=\"https:\/\/aircraftrecovery.com\/wp-content\/uploads\/2021\/12\/aircraft-lifting-airbags-2.jpg\" class=\"attachment-full size-full wp-image-776\" alt=\"coussins gonflables de levage pour avions\" srcset=\"https:\/\/aircraftrecovery.com\/wp-content\/uploads\/2021\/12\/aircraft-lifting-airbags-2.jpg 1000w, https:\/\/aircraftrecovery.com\/wp-content\/uploads\/2021\/12\/aircraft-lifting-airbags-2-300x200.jpg 300w, https:\/\/aircraftrecovery.com\/wp-content\/uploads\/2021\/12\/aircraft-lifting-airbags-2-768x512.jpg 768w\" sizes=\"(max-width: 1000px) 100vw, 1000px\" \/><\/div><\/a>\n\t\t\t\t<div class=\"elementor-post__badge\">R\u00e9cup\u00e9ration d'a\u00e9ronefs<\/div>\n\t\t\t\t<div class=\"elementor-post__text\">\n\t\t\t\t<h3 class=\"elementor-post__title\">\n\t\t\t<a href=\"https:\/\/aircraftrecovery.com\/fr\/arm-quick-guide\/\" >\n\t\t\t\tChapitre ARM Guide rapide\t\t\t<\/a>\n\t\t<\/h3>\n\t\t\t\t<div class=\"elementor-post__excerpt\">\n\t\t\t<p>Guide rapide des chapitres de l'ARM T\u00e9l\u00e9chargez le guide rapide des chapitres du manuel de r\u00e9cup\u00e9ration des a\u00e9ronefs de l'AMS - Un guide de r\u00e9f\u00e9rence rapide pour trouver les informations cl\u00e9s sur la r\u00e9cup\u00e9ration par type d'a\u00e9ronef dans le manuel concern\u00e9. T\u00e9l\u00e9charger le PDF<\/p>\n\t\t<\/div>\n\t\t\n\t\t<a class=\"elementor-post__read-more\" href=\"https:\/\/aircraftrecovery.com\/fr\/arm-quick-guide\/\" aria-label=\"En savoir plus sur Guide rapide du chapitre ARM\" tabindex=\"-1\" >\n\t\t\tLire plus \"\t\t<\/a>\n\n\t\t\t\t<\/div>\n\t\t\t\t\t<\/div>\n\t\t<\/article>\n\t\t\t\t<article class=\"elementor-post elementor-grid-item post-4926 post type-post status-publish format-standard has-post-thumbnail hentry category-tools\" role=\"listitem\">\n\t\t\t<div class=\"elementor-post__card\">\n\t\t\t\t<a class=\"elementor-post__thumbnail__link\" href=\"https:\/\/aircraftrecovery.com\/fr\/quick-guide-to-airbag-heights-under-aircraft\/\" tabindex=\"-1\" ><div class=\"elementor-post__thumbnail\"><img decoding=\"async\" width=\"1592\" height=\"650\" src=\"https:\/\/aircraftrecovery.com\/wp-content\/uploads\/Screenshot-2024-11-19-at-2.57.47 PM.png\" class=\"attachment-full size-full wp-image-4928\" alt=\"GUIDE RAPIDE DE LA HAUTEUR DES AIRBAGS SOUS LES AVIONS Image\" srcset=\"https:\/\/aircraftrecovery.com\/wp-content\/uploads\/Screenshot-2024-11-19-at-2.57.47\u202fPM.png 1592w, https:\/\/aircraftrecovery.com\/wp-content\/uploads\/Screenshot-2024-11-19-at-2.57.47\u202fPM-300x122.png 300w, https:\/\/aircraftrecovery.com\/wp-content\/uploads\/Screenshot-2024-11-19-at-2.57.47\u202fPM-1024x418.png 1024w, https:\/\/aircraftrecovery.com\/wp-content\/uploads\/Screenshot-2024-11-19-at-2.57.47\u202fPM-768x314.png 768w, https:\/\/aircraftrecovery.com\/wp-content\/uploads\/Screenshot-2024-11-19-at-2.57.47\u202fPM-1536x627.png 1536w, https:\/\/aircraftrecovery.com\/wp-content\/uploads\/Screenshot-2024-11-19-at-2.57.47\u202fPM-18x7.png 18w\" sizes=\"(max-width: 1592px) 100vw, 1592px\" \/><\/div><\/a>\n\t\t\t\t<div class=\"elementor-post__badge\">Outils<\/div>\n\t\t\t\t<div class=\"elementor-post__text\">\n\t\t\t\t<h3 class=\"elementor-post__title\">\n\t\t\t<a href=\"https:\/\/aircraftrecovery.com\/fr\/quick-guide-to-airbag-heights-under-aircraft\/\" >\n\t\t\t\tGUIDE RAPIDE SUR LA HAUTEUR DES AIRBAGS SOUS LES AVIONS\t\t\t<\/a>\n\t\t<\/h3>\n\t\t\t\t<div class=\"elementor-post__excerpt\">\n\t\t\t<p>QUICK GUIDE TO AIRBAG HEIGHTS UNDER AIRCRAFT T\u00e9l\u00e9charger le Quick Guide to Aircraft Heights Under Aircraft de l'AMS - Un guide de r\u00e9f\u00e9rence rapide pour d\u00e9terminer les hauteurs et les charges des airbags en fonction du type et de l'emplacement de l'AC. T\u00e9l\u00e9charger le PDF<\/p>\n\t\t<\/div>\n\t\t\n\t\t<a class=\"elementor-post__read-more\" href=\"https:\/\/aircraftrecovery.com\/fr\/quick-guide-to-airbag-heights-under-aircraft\/\" aria-label=\"En savoir plus sur GUIDE RAPIDE SUR LA HAUTEUR DES AIRBAGS SOUS LES AVIONS\" tabindex=\"-1\" >\n\t\t\tLire plus \"\t\t<\/a>\n\n\t\t\t\t<\/div>\n\t\t\t\t\t<\/div>\n\t\t<\/article>\n\t\t\t\t<article class=\"elementor-post elementor-grid-item post-3773 post type-post status-publish format-standard has-post-thumbnail hentry category-tools\" role=\"listitem\">\n\t\t\t<div class=\"elementor-post__card\">\n\t\t\t\t<a class=\"elementor-post__thumbnail__link\" href=\"https:\/\/aircraftrecovery.com\/fr\/aircraft-recovery-load-calculator\/\" tabindex=\"-1\" ><div class=\"elementor-post__thumbnail\"><img decoding=\"async\" width=\"1280\" height=\"462\" src=\"https:\/\/aircraftrecovery.com\/wp-content\/uploads\/Zircraft-Lifting-Calculation.png\" class=\"attachment-full size-full wp-image-3662\" alt=\"Calculateur de charge pour la r\u00e9cup\u00e9ration des a\u00e9ronefs Image\" srcset=\"https:\/\/aircraftrecovery.com\/wp-content\/uploads\/Zircraft-Lifting-Calculation.png 1280w, https:\/\/aircraftrecovery.com\/wp-content\/uploads\/Zircraft-Lifting-Calculation-300x108.png 300w, https:\/\/aircraftrecovery.com\/wp-content\/uploads\/Zircraft-Lifting-Calculation-1024x370.png 1024w, https:\/\/aircraftrecovery.com\/wp-content\/uploads\/Zircraft-Lifting-Calculation-768x277.png 768w, https:\/\/aircraftrecovery.com\/wp-content\/uploads\/Zircraft-Lifting-Calculation-18x6.png 18w\" sizes=\"(max-width: 1280px) 100vw, 1280px\" \/><\/div><\/a>\n\t\t\t\t<div class=\"elementor-post__badge\">Outils<\/div>\n\t\t\t\t<div class=\"elementor-post__text\">\n\t\t\t\t<h3 class=\"elementor-post__title\">\n\t\t\t<a href=\"https:\/\/aircraftrecovery.com\/fr\/aircraft-recovery-load-calculator\/\" >\n\t\t\t\tCalculateur de charge pour la r\u00e9cup\u00e9ration des a\u00e9ronefs\t\t\t<\/a>\n\t\t<\/h3>\n\t\t\t\t<div class=\"elementor-post__excerpt\">\n\t\t\t<p>AMS Aircraft Recovery Load Calculator Pour soulever et d\u00e9placer un avion en toute s\u00e9curit\u00e9, vous devez conna\u00eetre les charges aux points de levage. Notre outil en ligne AMS gratuit vous facilite la t\u00e2che.  Utiliser le calculateur de charge<\/p>\n\t\t<\/div>\n\t\t\n\t\t<a class=\"elementor-post__read-more\" href=\"https:\/\/aircraftrecovery.com\/fr\/aircraft-recovery-load-calculator\/\" aria-label=\"En savoir plus sur Calculateur de charge pour la r\u00e9cup\u00e9ration des avions\" tabindex=\"-1\" >\n\t\t\tLire plus \"\t\t<\/a>\n\n\t\t\t\t<\/div>\n\t\t\t\t\t<\/div>\n\t\t<\/article>\n\t\t\t\t<\/div>\n\t\t\n\t\t\t\t\t\t<\/div>\n\t\t\t\t<\/div>\n\t\t\t\t<div class=\"elementor-element elementor-element-dbe0c8c elementor-widget elementor-widget-spacer\" data-id=\"dbe0c8c\" data-element_type=\"widget\" data-e-type=\"widget\" data-widget_type=\"spacer.default\">\n\t\t\t\t<div class=\"elementor-widget-container\">\n\t\t\t\t\t\t\t<div class=\"elementor-spacer\">\n\t\t\t<div class=\"elementor-spacer-inner\"><\/div>\n\t\t<\/div>\n\t\t\t\t\t\t<\/div>\n\t\t\t\t<\/div>\n\t\t\t\t\t<\/div>\n\t\t<\/div>\n\t\t\t\t\t<\/div>\n\t\t<\/section>\n\t\t\t\t<\/div>","protected":false},"excerpt":{"rendered":"","protected":false},"author":1,"featured_media":0,"parent":0,"menu_order":0,"comment_status":"closed","ping_status":"closed","template":"","meta":{"footnotes":""},"categories":[],"tags":[],"class_list":["post-3759","page","type-page","status-publish","hentry"],"yoast_head":"<!-- This site is optimized with the Yoast SEO Premium plugin v27.3 (Yoast SEO v27.3) - https:\/\/yoast.com\/product\/yoast-seo-premium-wordpress\/ -->\n<title>Resources &amp; Tools - AMS Aircraft Recovery<\/title>\n<meta name=\"robots\" content=\"index, follow, max-snippet:-1, max-image-preview:large, max-video-preview:-1\" \/>\n<link rel=\"canonical\" href=\"https:\/\/aircraftrecovery.com\/fr\/resources-tools\/\" \/>\n<meta property=\"og:locale\" content=\"fr_FR\" \/>\n<meta property=\"og:type\" content=\"article\" \/>\n<meta property=\"og:title\" content=\"Resources &amp; Tools\" \/>\n<meta property=\"og:url\" content=\"https:\/\/aircraftrecovery.com\/fr\/resources-tools\/\" \/>\n<meta property=\"og:site_name\" content=\"AMS Aircraft Recovery\" \/>\n<meta property=\"article:modified_time\" content=\"2025-02-04T21:28:18+00:00\" \/>\n<meta name=\"twitter:card\" content=\"summary_large_image\" \/>\n<script type=\"application\/ld+json\" class=\"yoast-schema-graph\">{\"@context\":\"https:\\\/\\\/schema.org\",\"@graph\":[{\"@type\":\"WebPage\",\"@id\":\"https:\\\/\\\/aircraftrecovery.com\\\/resources-tools\\\/\",\"url\":\"https:\\\/\\\/aircraftrecovery.com\\\/resources-tools\\\/\",\"name\":\"Resources & Tools - AMS Aircraft Recovery\",\"isPartOf\":{\"@id\":\"https:\\\/\\\/aircraftrecovery.com\\\/de\\\/#website\"},\"datePublished\":\"2023-07-01T00:05:21+00:00\",\"dateModified\":\"2025-02-04T21:28:18+00:00\",\"breadcrumb\":{\"@id\":\"https:\\\/\\\/aircraftrecovery.com\\\/resources-tools\\\/#breadcrumb\"},\"inLanguage\":\"fr-FR\",\"potentialAction\":[{\"@type\":\"ReadAction\",\"target\":[\"https:\\\/\\\/aircraftrecovery.com\\\/resources-tools\\\/\"]}]},{\"@type\":\"BreadcrumbList\",\"@id\":\"https:\\\/\\\/aircraftrecovery.com\\\/resources-tools\\\/#breadcrumb\",\"itemListElement\":[{\"@type\":\"ListItem\",\"position\":1,\"name\":\"Home\",\"item\":\"https:\\\/\\\/aircraftrecovery.com\\\/\"},{\"@type\":\"ListItem\",\"position\":2,\"name\":\"Resources &#038; Tools\"}]},{\"@type\":\"WebSite\",\"@id\":\"https:\\\/\\\/aircraftrecovery.com\\\/de\\\/#website\",\"url\":\"https:\\\/\\\/aircraftrecovery.com\\\/de\\\/\",\"name\":\"AMS Aircraft Recovery\",\"description\":\"LIFTING - TOWING - TRANSPORT - TRAINING\",\"publisher\":{\"@id\":\"https:\\\/\\\/aircraftrecovery.com\\\/de\\\/#organization\"},\"potentialAction\":[{\"@type\":\"SearchAction\",\"target\":{\"@type\":\"EntryPoint\",\"urlTemplate\":\"https:\\\/\\\/aircraftrecovery.com\\\/de\\\/?s={search_term_string}\"},\"query-input\":{\"@type\":\"PropertyValueSpecification\",\"valueRequired\":true,\"valueName\":\"search_term_string\"}}],\"inLanguage\":\"fr-FR\"},{\"@type\":\"Organization\",\"@id\":\"https:\\\/\\\/aircraftrecovery.com\\\/de\\\/#organization\",\"name\":\"AMS Aircraft Recovery\",\"alternateName\":\"AGE Logistics Corporation\",\"url\":\"https:\\\/\\\/aircraftrecovery.com\\\/de\\\/\",\"logo\":{\"@type\":\"ImageObject\",\"inLanguage\":\"fr-FR\",\"@id\":\"https:\\\/\\\/aircraftrecovery.com\\\/de\\\/#\\\/schema\\\/logo\\\/image\\\/\",\"url\":\"https:\\\/\\\/aircraftrecovery.com\\\/wp-content\\\/uploads\\\/cropped-AMS-icon-logo.png\",\"contentUrl\":\"https:\\\/\\\/aircraftrecovery.com\\\/wp-content\\\/uploads\\\/cropped-AMS-icon-logo.png\",\"width\":512,\"height\":512,\"caption\":\"AMS Aircraft Recovery\"},\"image\":{\"@id\":\"https:\\\/\\\/aircraftrecovery.com\\\/de\\\/#\\\/schema\\\/logo\\\/image\\\/\"},\"sameAs\":[\"https:\\\/\\\/www.linkedin.com\\\/company\\\/ams-aircraft-recovery\\\/\"]}]}<\/script>\n<!-- \/ Yoast SEO Premium plugin. -->","yoast_head_json":{"title":"Ressources et outils - AMS Aircraft Recovery","robots":{"index":"index","follow":"follow","max-snippet":"max-snippet:-1","max-image-preview":"max-image-preview:large","max-video-preview":"max-video-preview:-1"},"canonical":"https:\/\/aircraftrecovery.com\/fr\/resources-tools\/","og_locale":"fr_FR","og_type":"article","og_title":"Resources & Tools","og_url":"https:\/\/aircraftrecovery.com\/fr\/resources-tools\/","og_site_name":"AMS Aircraft Recovery","article_modified_time":"2025-02-04T21:28:18+00:00","twitter_card":"summary_large_image","schema":{"@context":"https:\/\/schema.org","@graph":[{"@type":"WebPage","@id":"https:\/\/aircraftrecovery.com\/resources-tools\/","url":"https:\/\/aircraftrecovery.com\/resources-tools\/","name":"Ressources et outils - AMS Aircraft Recovery","isPartOf":{"@id":"https:\/\/aircraftrecovery.com\/de\/#website"},"datePublished":"2023-07-01T00:05:21+00:00","dateModified":"2025-02-04T21:28:18+00:00","breadcrumb":{"@id":"https:\/\/aircraftrecovery.com\/resources-tools\/#breadcrumb"},"inLanguage":"fr-FR","potentialAction":[{"@type":"ReadAction","target":["https:\/\/aircraftrecovery.com\/resources-tools\/"]}]},{"@type":"BreadcrumbList","@id":"https:\/\/aircraftrecovery.com\/resources-tools\/#breadcrumb","itemListElement":[{"@type":"ListItem","position":1,"name":"Home","item":"https:\/\/aircraftrecovery.com\/"},{"@type":"ListItem","position":2,"name":"Resources &#038; Tools"}]},{"@type":"WebSite","@id":"https:\/\/aircraftrecovery.com\/de\/#website","url":"https:\/\/aircraftrecovery.com\/de\/","name":"AMS R\u00e9cup\u00e9ration d'a\u00e9ronefs","description":"LEVAGE - REMORQUAGE - TRANSPORT - FORMATION","publisher":{"@id":"https:\/\/aircraftrecovery.com\/de\/#organization"},"potentialAction":[{"@type":"SearchAction","target":{"@type":"EntryPoint","urlTemplate":"https:\/\/aircraftrecovery.com\/de\/?s={search_term_string}"},"query-input":{"@type":"PropertyValueSpecification","valueRequired":true,"valueName":"search_term_string"}}],"inLanguage":"fr-FR"},{"@type":"Organization","@id":"https:\/\/aircraftrecovery.com\/de\/#organization","name":"AMS R\u00e9cup\u00e9ration d'a\u00e9ronefs","alternateName":"AGE Logistics Corporation","url":"https:\/\/aircraftrecovery.com\/de\/","logo":{"@type":"ImageObject","inLanguage":"fr-FR","@id":"https:\/\/aircraftrecovery.com\/de\/#\/schema\/logo\/image\/","url":"https:\/\/aircraftrecovery.com\/wp-content\/uploads\/cropped-AMS-icon-logo.png","contentUrl":"https:\/\/aircraftrecovery.com\/wp-content\/uploads\/cropped-AMS-icon-logo.png","width":512,"height":512,"caption":"AMS Aircraft Recovery"},"image":{"@id":"https:\/\/aircraftrecovery.com\/de\/#\/schema\/logo\/image\/"},"sameAs":["https:\/\/www.linkedin.com\/company\/ams-aircraft-recovery\/"]}]}},"_links":{"self":[{"href":"https:\/\/aircraftrecovery.com\/fr\/wp-json\/wp\/v2\/pages\/3759","targetHints":{"allow":["GET"]}}],"collection":[{"href":"https:\/\/aircraftrecovery.com\/fr\/wp-json\/wp\/v2\/pages"}],"about":[{"href":"https:\/\/aircraftrecovery.com\/fr\/wp-json\/wp\/v2\/types\/page"}],"author":[{"embeddable":true,"href":"https:\/\/aircraftrecovery.com\/fr\/wp-json\/wp\/v2\/users\/1"}],"replies":[{"embeddable":true,"href":"https:\/\/aircraftrecovery.com\/fr\/wp-json\/wp\/v2\/comments?post=3759"}],"version-history":[{"count":11,"href":"https:\/\/aircraftrecovery.com\/fr\/wp-json\/wp\/v2\/pages\/3759\/revisions"}],"predecessor-version":[{"id":5212,"href":"https:\/\/aircraftrecovery.com\/fr\/wp-json\/wp\/v2\/pages\/3759\/revisions\/5212"}],"wp:attachment":[{"href":"https:\/\/aircraftrecovery.com\/fr\/wp-json\/wp\/v2\/media?parent=3759"}],"wp:term":[{"taxonomy":"category","embeddable":true,"href":"https:\/\/aircraftrecovery.com\/fr\/wp-json\/wp\/v2\/categories?post=3759"},{"taxonomy":"post_tag","embeddable":true,"href":"https:\/\/aircraftrecovery.com\/fr\/wp-json\/wp\/v2\/tags?post=3759"}],"curies":[{"name":"wp","href":"https:\/\/api.w.org\/{rel}","templated":true}]}}