{"id":4720,"date":"2024-10-20T20:57:45","date_gmt":"2024-10-20T20:57:45","guid":{"rendered":"https:\/\/aircraftrecovery.com\/?page_id=4720"},"modified":"2024-10-21T19:43:41","modified_gmt":"2024-10-21T19:43:41","slug":"white-papers","status":"publish","type":"page","link":"https:\/\/aircraftrecovery.com\/fr\/white-papers\/","title":{"rendered":"Livres blancs"},"content":{"rendered":"<div data-elementor-type=\"wp-page\" data-elementor-id=\"4720\" class=\"elementor elementor-4720\" data-elementor-post-type=\"page\">\n\t\t\t\t\t\t<section class=\"elementor-section elementor-top-section elementor-element elementor-element-59cfd69 elementor-section-full_width elementor-section-height-default elementor-section-height-default\" data-id=\"59cfd69\" data-element_type=\"section\" data-e-type=\"section\">\n\t\t\t\t\t\t<div class=\"elementor-container elementor-column-gap-default\">\n\t\t\t\t\t<div class=\"elementor-column elementor-col-100 elementor-top-column elementor-element elementor-element-1141dd1\" data-id=\"1141dd1\" data-element_type=\"column\" data-e-type=\"column\">\n\t\t\t<div class=\"elementor-widget-wrap\">\n\t\t\t\t\t\t\t<\/div>\n\t\t<\/div>\n\t\t\t\t\t<\/div>\n\t\t<\/section>\n\t\t\t\t<section class=\"elementor-section elementor-top-section elementor-element elementor-element-caffaec elementor-section-full_width elementor-section-height-default elementor-section-height-default\" data-id=\"caffaec\" data-element_type=\"section\" data-e-type=\"section\">\n\t\t\t\t\t\t<div class=\"elementor-container elementor-column-gap-default\">\n\t\t\t\t\t<div class=\"elementor-column elementor-col-100 elementor-top-column elementor-element elementor-element-b3c0d22\" data-id=\"b3c0d22\" data-element_type=\"column\" data-e-type=\"column\">\n\t\t\t<div class=\"elementor-widget-wrap elementor-element-populated\">\n\t\t\t\t\t\t<div class=\"elementor-element elementor-element-3125469 elementor-grid-3 elementor-grid-tablet-2 elementor-grid-mobile-1 elementor-posts--thumbnail-top elementor-card-shadow-yes elementor-posts__hover-gradient elementor-widget elementor-widget-posts\" data-id=\"3125469\" data-element_type=\"widget\" data-e-type=\"widget\" data-settings=\"{&quot;pagination_type&quot;:&quot;prev_next&quot;,&quot;cards_columns&quot;:&quot;3&quot;,&quot;cards_columns_tablet&quot;:&quot;2&quot;,&quot;cards_columns_mobile&quot;:&quot;1&quot;,&quot;cards_row_gap&quot;:{&quot;unit&quot;:&quot;px&quot;,&quot;size&quot;:35,&quot;sizes&quot;:[]},&quot;cards_row_gap_tablet&quot;:{&quot;unit&quot;:&quot;px&quot;,&quot;size&quot;:&quot;&quot;,&quot;sizes&quot;:[]},&quot;cards_row_gap_mobile&quot;:{&quot;unit&quot;:&quot;px&quot;,&quot;size&quot;:&quot;&quot;,&quot;sizes&quot;:[]}}\" data-widget_type=\"posts.cards\">\n\t\t\t\t<div class=\"elementor-widget-container\">\n\t\t\t\t\t\t\t<div class=\"elementor-posts-container elementor-posts elementor-posts--skin-cards elementor-grid\" role=\"list\">\n\t\t\t\t<article class=\"elementor-post elementor-grid-item post-5279 post type-post status-publish format-standard has-post-thumbnail hentry category-whitepaper\" role=\"listitem\">\n\t\t\t<div class=\"elementor-post__card\">\n\t\t\t\t<a class=\"elementor-post__thumbnail__link\" href=\"https:\/\/aircraftrecovery.com\/fr\/taxi\/\" tabindex=\"-1\" ><div class=\"elementor-post__thumbnail\"><img fetchpriority=\"high\" decoding=\"async\" width=\"1158\" height=\"811\" src=\"https:\/\/aircraftrecovery.com\/wp-content\/uploads\/CASESTUDY-THUMBNAIL_Page_1.png\" class=\"attachment-full size-full wp-image-5257\" alt=\"Livre blanc gratuit. r\u00e9cup\u00e9ration de l&#039;excursion de la voie de circulation \u00e0 luton londres\" srcset=\"https:\/\/aircraftrecovery.com\/wp-content\/uploads\/CASESTUDY-THUMBNAIL_Page_1.png 1158w, https:\/\/aircraftrecovery.com\/wp-content\/uploads\/CASESTUDY-THUMBNAIL_Page_1-300x210.png 300w, https:\/\/aircraftrecovery.com\/wp-content\/uploads\/CASESTUDY-THUMBNAIL_Page_1-1024x717.png 1024w, https:\/\/aircraftrecovery.com\/wp-content\/uploads\/CASESTUDY-THUMBNAIL_Page_1-768x538.png 768w, https:\/\/aircraftrecovery.com\/wp-content\/uploads\/CASESTUDY-THUMBNAIL_Page_1-18x12.png 18w\" sizes=\"(max-width: 1158px) 100vw, 1158px\" \/><\/div><\/a>\n\t\t\t\t<div class=\"elementor-post__badge\">Livre blanc<\/div>\n\t\t\t\t<div class=\"elementor-post__text\">\n\t\t\t\t<h3 class=\"elementor-post__title\">\n\t\t\t<a href=\"https:\/\/aircraftrecovery.com\/fr\/taxi\/\" >\n\t\t\t\tR\u00c9CUP\u00c9RATION DE L'EXCURSION DE LA VOIE DE CIRCULATION \u00c0 LUTON LONDON\t\t\t<\/a>\n\t\t<\/h3>\n\t\t\t\t<div class=\"elementor-post__excerpt\">\n\t\t\t<p>Livre blanc gratuit R\u00e9cup\u00e9ration d'une sortie de voie de circulation \u00e0 Luton London Nous examinons la r\u00e9ponse \u00e0 une sortie de voie de circulation mineure et analysons le d\u00e9lai de r\u00e9cup\u00e9ration. Envoyez-moi le livre blanc par courriel<\/p>\n\t\t<\/div>\n\t\t\n\t\t<a class=\"elementor-post__read-more\" href=\"https:\/\/aircraftrecovery.com\/fr\/taxi\/\" aria-label=\"En savoir plus sur TAXIWAY EXCURSION RECOVERY AT LUTON LONDON\" tabindex=\"-1\" >\n\t\t\tLire plus \"\t\t<\/a>\n\n\t\t\t\t<\/div>\n\t\t\t\t\t<\/div>\n\t\t<\/article>\n\t\t\t\t<article class=\"elementor-post elementor-grid-item post-4730 post type-post status-publish format-standard has-post-thumbnail hentry category-whitepaper\" role=\"listitem\">\n\t\t\t<div class=\"elementor-post__card\">\n\t\t\t\t<a class=\"elementor-post__thumbnail__link\" href=\"https:\/\/aircraftrecovery.com\/fr\/collaboration-is-key-whitepaper\/\" tabindex=\"-1\" ><div class=\"elementor-post__thumbnail\"><img decoding=\"async\" width=\"800\" height=\"1131\" src=\"https:\/\/aircraftrecovery.com\/wp-content\/uploads\/AMS762_White-Paper-Collaboration_v3_Page_1-e1729555541289.jpg\" class=\"attachment-full size-full wp-image-4742\" alt=\"\" \/><\/div><\/a>\n\t\t\t\t<div class=\"elementor-post__badge\">Livre blanc<\/div>\n\t\t\t\t<div class=\"elementor-post__text\">\n\t\t\t\t<h3 class=\"elementor-post__title\">\n\t\t\t<a href=\"https:\/\/aircraftrecovery.com\/fr\/collaboration-is-key-whitepaper\/\" >\n\t\t\t\tR\u00c9CUP\u00c9RATION D'A\u00c9RONEFS - LA COLLABORATION EST ESSENTIELLE\t\t\t<\/a>\n\t\t<\/h3>\n\t\t\t\t<div class=\"elementor-post__excerpt\">\n\t\t\t<p>Livre blanc gratuit R\u00e9cup\u00e9ration d'a\u00e9ronefs - LA COLLABORATION EST LA CL\u00c9 Envoyez-moi le livre blanc par courriel<\/p>\n\t\t<\/div>\n\t\t\n\t\t<a class=\"elementor-post__read-more\" href=\"https:\/\/aircraftrecovery.com\/fr\/collaboration-is-key-whitepaper\/\" aria-label=\"En savoir plus sur R\u00e9cup\u00e9ration d&#039;a\u00e9ronefs - LA COLLABORATION EST LA CLEF\" tabindex=\"-1\" >\n\t\t\tLire plus \"\t\t<\/a>\n\n\t\t\t\t<\/div>\n\t\t\t\t\t<\/div>\n\t\t<\/article>\n\t\t\t\t<\/div>\n\t\t\n\t\t\t\t\t\t<\/div>\n\t\t\t\t<\/div>\n\t\t\t\t\t<\/div>\n\t\t<\/div>\n\t\t\t\t\t<\/div>\n\t\t<\/section>\n\t\t\t\t<\/div>","protected":false},"excerpt":{"rendered":"","protected":false},"author":1,"featured_media":0,"parent":0,"menu_order":0,"comment_status":"closed","ping_status":"closed","template":"","meta":{"footnotes":""},"categories":[],"tags":[],"class_list":["post-4720","page","type-page","status-publish","hentry"],"yoast_head":"<!-- This site is optimized with the Yoast SEO Premium plugin v27.3 (Yoast SEO v27.3) - https:\/\/yoast.com\/product\/yoast-seo-premium-wordpress\/ -->\n<title>White Papers - AMS Aircraft Recovery<\/title>\n<meta name=\"robots\" content=\"index, follow, max-snippet:-1, max-image-preview:large, max-video-preview:-1\" \/>\n<link rel=\"canonical\" href=\"https:\/\/aircraftrecovery.com\/fr\/white-papers\/\" \/>\n<meta property=\"og:locale\" content=\"fr_FR\" \/>\n<meta property=\"og:type\" content=\"article\" \/>\n<meta property=\"og:title\" content=\"White Papers\" \/>\n<meta property=\"og:url\" content=\"https:\/\/aircraftrecovery.com\/fr\/white-papers\/\" \/>\n<meta property=\"og:site_name\" content=\"AMS Aircraft Recovery\" \/>\n<meta property=\"article:modified_time\" content=\"2024-10-21T19:43:41+00:00\" \/>\n<meta name=\"twitter:card\" content=\"summary_large_image\" \/>\n<meta name=\"twitter:label1\" content=\"Dur\u00e9e de lecture estim\u00e9e\" \/>\n\t<meta name=\"twitter:data1\" content=\"1 minute\" \/>\n<script type=\"application\/ld+json\" class=\"yoast-schema-graph\">{\"@context\":\"https:\\\/\\\/schema.org\",\"@graph\":[{\"@type\":\"WebPage\",\"@id\":\"https:\\\/\\\/aircraftrecovery.com\\\/white-papers\\\/\",\"url\":\"https:\\\/\\\/aircraftrecovery.com\\\/white-papers\\\/\",\"name\":\"White Papers - AMS Aircraft Recovery\",\"isPartOf\":{\"@id\":\"https:\\\/\\\/aircraftrecovery.com\\\/de\\\/#website\"},\"datePublished\":\"2024-10-20T20:57:45+00:00\",\"dateModified\":\"2024-10-21T19:43:41+00:00\",\"breadcrumb\":{\"@id\":\"https:\\\/\\\/aircraftrecovery.com\\\/white-papers\\\/#breadcrumb\"},\"inLanguage\":\"fr-FR\",\"potentialAction\":[{\"@type\":\"ReadAction\",\"target\":[\"https:\\\/\\\/aircraftrecovery.com\\\/white-papers\\\/\"]}]},{\"@type\":\"BreadcrumbList\",\"@id\":\"https:\\\/\\\/aircraftrecovery.com\\\/white-papers\\\/#breadcrumb\",\"itemListElement\":[{\"@type\":\"ListItem\",\"position\":1,\"name\":\"Home\",\"item\":\"https:\\\/\\\/aircraftrecovery.com\\\/\"},{\"@type\":\"ListItem\",\"position\":2,\"name\":\"White Papers\"}]},{\"@type\":\"WebSite\",\"@id\":\"https:\\\/\\\/aircraftrecovery.com\\\/de\\\/#website\",\"url\":\"https:\\\/\\\/aircraftrecovery.com\\\/de\\\/\",\"name\":\"AMS Aircraft Recovery\",\"description\":\"LIFTING - TOWING - TRANSPORT - TRAINING\",\"publisher\":{\"@id\":\"https:\\\/\\\/aircraftrecovery.com\\\/de\\\/#organization\"},\"potentialAction\":[{\"@type\":\"SearchAction\",\"target\":{\"@type\":\"EntryPoint\",\"urlTemplate\":\"https:\\\/\\\/aircraftrecovery.com\\\/de\\\/?s={search_term_string}\"},\"query-input\":{\"@type\":\"PropertyValueSpecification\",\"valueRequired\":true,\"valueName\":\"search_term_string\"}}],\"inLanguage\":\"fr-FR\"},{\"@type\":\"Organization\",\"@id\":\"https:\\\/\\\/aircraftrecovery.com\\\/de\\\/#organization\",\"name\":\"AMS Aircraft Recovery\",\"alternateName\":\"AGE Logistics Corporation\",\"url\":\"https:\\\/\\\/aircraftrecovery.com\\\/de\\\/\",\"logo\":{\"@type\":\"ImageObject\",\"inLanguage\":\"fr-FR\",\"@id\":\"https:\\\/\\\/aircraftrecovery.com\\\/de\\\/#\\\/schema\\\/logo\\\/image\\\/\",\"url\":\"https:\\\/\\\/aircraftrecovery.com\\\/wp-content\\\/uploads\\\/cropped-AMS-icon-logo.png\",\"contentUrl\":\"https:\\\/\\\/aircraftrecovery.com\\\/wp-content\\\/uploads\\\/cropped-AMS-icon-logo.png\",\"width\":512,\"height\":512,\"caption\":\"AMS Aircraft Recovery\"},\"image\":{\"@id\":\"https:\\\/\\\/aircraftrecovery.com\\\/de\\\/#\\\/schema\\\/logo\\\/image\\\/\"},\"sameAs\":[\"https:\\\/\\\/www.linkedin.com\\\/company\\\/ams-aircraft-recovery\\\/\"]}]}<\/script>\n<!-- \/ Yoast SEO Premium plugin. -->","yoast_head_json":{"title":"Livres blancs - AMS Aircraft Recovery","robots":{"index":"index","follow":"follow","max-snippet":"max-snippet:-1","max-image-preview":"max-image-preview:large","max-video-preview":"max-video-preview:-1"},"canonical":"https:\/\/aircraftrecovery.com\/fr\/white-papers\/","og_locale":"fr_FR","og_type":"article","og_title":"White Papers","og_url":"https:\/\/aircraftrecovery.com\/fr\/white-papers\/","og_site_name":"AMS Aircraft Recovery","article_modified_time":"2024-10-21T19:43:41+00:00","twitter_card":"summary_large_image","twitter_misc":{"Dur\u00e9e de lecture estim\u00e9e":"1 minute"},"schema":{"@context":"https:\/\/schema.org","@graph":[{"@type":"WebPage","@id":"https:\/\/aircraftrecovery.com\/white-papers\/","url":"https:\/\/aircraftrecovery.com\/white-papers\/","name":"Livres blancs - AMS Aircraft Recovery","isPartOf":{"@id":"https:\/\/aircraftrecovery.com\/de\/#website"},"datePublished":"2024-10-20T20:57:45+00:00","dateModified":"2024-10-21T19:43:41+00:00","breadcrumb":{"@id":"https:\/\/aircraftrecovery.com\/white-papers\/#breadcrumb"},"inLanguage":"fr-FR","potentialAction":[{"@type":"ReadAction","target":["https:\/\/aircraftrecovery.com\/white-papers\/"]}]},{"@type":"BreadcrumbList","@id":"https:\/\/aircraftrecovery.com\/white-papers\/#breadcrumb","itemListElement":[{"@type":"ListItem","position":1,"name":"Home","item":"https:\/\/aircraftrecovery.com\/"},{"@type":"ListItem","position":2,"name":"White Papers"}]},{"@type":"WebSite","@id":"https:\/\/aircraftrecovery.com\/de\/#website","url":"https:\/\/aircraftrecovery.com\/de\/","name":"AMS R\u00e9cup\u00e9ration d'a\u00e9ronefs","description":"LEVAGE - REMORQUAGE - TRANSPORT - FORMATION","publisher":{"@id":"https:\/\/aircraftrecovery.com\/de\/#organization"},"potentialAction":[{"@type":"SearchAction","target":{"@type":"EntryPoint","urlTemplate":"https:\/\/aircraftrecovery.com\/de\/?s={search_term_string}"},"query-input":{"@type":"PropertyValueSpecification","valueRequired":true,"valueName":"search_term_string"}}],"inLanguage":"fr-FR"},{"@type":"Organization","@id":"https:\/\/aircraftrecovery.com\/de\/#organization","name":"AMS R\u00e9cup\u00e9ration d'a\u00e9ronefs","alternateName":"AGE Logistics Corporation","url":"https:\/\/aircraftrecovery.com\/de\/","logo":{"@type":"ImageObject","inLanguage":"fr-FR","@id":"https:\/\/aircraftrecovery.com\/de\/#\/schema\/logo\/image\/","url":"https:\/\/aircraftrecovery.com\/wp-content\/uploads\/cropped-AMS-icon-logo.png","contentUrl":"https:\/\/aircraftrecovery.com\/wp-content\/uploads\/cropped-AMS-icon-logo.png","width":512,"height":512,"caption":"AMS Aircraft Recovery"},"image":{"@id":"https:\/\/aircraftrecovery.com\/de\/#\/schema\/logo\/image\/"},"sameAs":["https:\/\/www.linkedin.com\/company\/ams-aircraft-recovery\/"]}]}},"_links":{"self":[{"href":"https:\/\/aircraftrecovery.com\/fr\/wp-json\/wp\/v2\/pages\/4720","targetHints":{"allow":["GET"]}}],"collection":[{"href":"https:\/\/aircraftrecovery.com\/fr\/wp-json\/wp\/v2\/pages"}],"about":[{"href":"https:\/\/aircraftrecovery.com\/fr\/wp-json\/wp\/v2\/types\/page"}],"author":[{"embeddable":true,"href":"https:\/\/aircraftrecovery.com\/fr\/wp-json\/wp\/v2\/users\/1"}],"replies":[{"embeddable":true,"href":"https:\/\/aircraftrecovery.com\/fr\/wp-json\/wp\/v2\/comments?post=4720"}],"version-history":[{"count":10,"href":"https:\/\/aircraftrecovery.com\/fr\/wp-json\/wp\/v2\/pages\/4720\/revisions"}],"predecessor-version":[{"id":4757,"href":"https:\/\/aircraftrecovery.com\/fr\/wp-json\/wp\/v2\/pages\/4720\/revisions\/4757"}],"wp:attachment":[{"href":"https:\/\/aircraftrecovery.com\/fr\/wp-json\/wp\/v2\/media?parent=4720"}],"wp:term":[{"taxonomy":"category","embeddable":true,"href":"https:\/\/aircraftrecovery.com\/fr\/wp-json\/wp\/v2\/categories?post=4720"},{"taxonomy":"post_tag","embeddable":true,"href":"https:\/\/aircraftrecovery.com\/fr\/wp-json\/wp\/v2\/tags?post=4720"}],"curies":[{"name":"wp","href":"https:\/\/api.w.org\/{rel}","templated":true}]}}