{"id":4915,"date":"2024-11-19T20:27:23","date_gmt":"2024-11-19T20:27:23","guid":{"rendered":"https:\/\/aircraftrecovery.com\/?page_id=4915"},"modified":"2025-12-06T13:50:23","modified_gmt":"2025-12-06T21:50:23","slug":"aircraft-recovery-dolly-38-tonne-capacity","status":"publish","type":"page","link":"https:\/\/aircraftrecovery.com\/fr\/aircraft-recovery-dolly-38-tonne-capacity\/","title":{"rendered":"Chariot de r\u00e9cup\u00e9ration d'a\u00e9ronefs - capacit\u00e9 de 38 tonnes"},"content":{"rendered":"<h2>T\u00e9l\u00e9charger la fiche technique du chariot de r\u00e9cup\u00e9ration d'a\u00e9ronefs AMS d'une capacit\u00e9 de 38 tonnes\n<\/h2>\t\t\n\t\t<p>L'\u00e9clatement ou l'endommagement des pneus et des roues est \u00e0 l'origine de la plupart des incidents li\u00e9s \u00e0 la r\u00e9cup\u00e9ration des a\u00e9ronefs. Le chariot de r\u00e9cup\u00e9ration AMS est un outil autonome qui permet aux a\u00e9roports et aux op\u00e9rateurs de d\u00e9gager les pistes sans retard tout en minimisant les dommages secondaires \u00e0 l'avion ou \u00e0 la piste.<\/p>\n<p><!-- \/wp:post-content --><!-- wp:paragraph --><\/p>\n<p>Le chariot de r\u00e9cup\u00e9ration AMS d'une capacit\u00e9 de 38 tonnes pr\u00e9sente les caract\u00e9ristiques suivantes :<\/p>\n<ul>\n<li style=\"text-align: left;\">\u00c9quipement de course pour un transport rapide sur le site de l'incident<br \/><\/li>\n<!-- \/wp:paragraph --><!-- wp:list-item -->\n<li style=\"text-align: left;\">Hydraulique pour l'abaissement du pont au sol<\/li>\n<!-- \/wp:list-item --><!-- wp:list-item -->\n<li style=\"text-align: left;\">Remorquer vers l'avant ou repousser pour d\u00e9gager rapidement la piste<\/li>\n<!-- \/wp:list-item --><!-- wp:list-item -->\n<li style=\"text-align: left;\">Capacit\u00e9 de 38 tonnes pour l'ensemble du train avant et le train principal \u00e0 un seul essieu<\/li>\n<\/ul>\n<p>\u00a0<\/p>\n<p>Equipez votre a\u00e9roport du chariot de r\u00e9cup\u00e9ration d'avions AMS pour garantir une r\u00e9ponse rapide, des temps d'arr\u00eat r\u00e9duits et un d\u00e9gagement efficace des pistes d'atterrissage.\u00a0<\/p>\n<p><!-- \/wp:list-item --><!-- wp:paragraph --><\/p>\n<p>Contactez-nous d\u00e8s aujourd'hui pour en savoir plus et d\u00e9couvrir comment nous pouvons vous aider \u00e0 am\u00e9liorer vos op\u00e9rations de r\u00e9cup\u00e9ration de pistes.<\/p>\n<p><!-- \/wp:paragraph --><!-- wp:image {\"id\":4949,\"sizeSlug\":\"large\",\"linkDestination\":\"none\"} \/--><!-- wp:paragraph --><\/p>\n<p><!-- \/wp:paragraph --><\/p>\t\t\n\t\t\t<figure class='gallery-item'>\n\t\t\t\t<a data-elementor-open-lightbox=\"yes\" data-elementor-lightbox-slideshow=\"175fc1f\" data-elementor-lightbox-title=\"10060-243 - 38t Dolly, Landing Gear Strapped\" data-e-action-hash=\"#elementor-action%3Aaction%3Dlightbox%26settings%3DeyJpZCI6NDk0OSwidXJsIjoiaHR0cHM6XC9cL2FpcmNyYWZ0cmVjb3ZlcnkuY29tXC93cC1jb250ZW50XC91cGxvYWRzXC9JTUdfMzIwOC0xLXNjYWxlZC5qcGciLCJzbGlkZXNob3ciOiIxNzVmYzFmIn0%3D\" href='https:\/\/aircraftrecovery.com\/wp-content\/uploads\/IMG_3208-1-scaled.jpg'><img fetchpriority=\"high\" width=\"2560\" height=\"1920\" src=\"https:\/\/aircraftrecovery.com\/wp-content\/uploads\/IMG_3208-1-scaled.jpg\" alt=\"Chariot de r\u00e9cup\u00e9ration d&#039;avion\" decoding=\"async\" srcset=\"https:\/\/aircraftrecovery.com\/wp-content\/uploads\/IMG_3208-1-scaled.jpg 2560w, https:\/\/aircraftrecovery.com\/wp-content\/uploads\/IMG_3208-1-300x225.jpg 300w, https:\/\/aircraftrecovery.com\/wp-content\/uploads\/IMG_3208-1-1024x768.jpg 1024w, https:\/\/aircraftrecovery.com\/wp-content\/uploads\/IMG_3208-1-768x576.jpg 768w, https:\/\/aircraftrecovery.com\/wp-content\/uploads\/IMG_3208-1-1536x1152.jpg 1536w, https:\/\/aircraftrecovery.com\/wp-content\/uploads\/IMG_3208-1-2048x1536.jpg 2048w, https:\/\/aircraftrecovery.com\/wp-content\/uploads\/IMG_3208-1-16x12.jpg 16w\" sizes=\"(max-width: 2560px) 100vw, 2560px\" \/><\/a>\n\t\t\t<\/figure><figure class='gallery-item'>\n\t\t\t\t<a data-elementor-open-lightbox=\"yes\" data-elementor-lightbox-slideshow=\"175fc1f\" data-elementor-lightbox-title=\"10060-243 - 38t Dolly, Running Gear\" data-e-action-hash=\"#elementor-action%3Aaction%3Dlightbox%26settings%3DeyJpZCI6NDk0NCwidXJsIjoiaHR0cHM6XC9cL2FpcmNyYWZ0cmVjb3ZlcnkuY29tXC93cC1jb250ZW50XC91cGxvYWRzXC8xMDA2MC0yNDMtMzh0LURvbGx5LVJ1bm5pbmctR2Vhci1zY2FsZWQuanBnIiwic2xpZGVzaG93IjoiMTc1ZmMxZiJ9\" href='https:\/\/aircraftrecovery.com\/wp-content\/uploads\/10060-243-38t-Dolly-Running-Gear-scaled.jpg'><img width=\"2560\" height=\"1928\" src=\"https:\/\/aircraftrecovery.com\/wp-content\/uploads\/10060-243-38t-Dolly-Running-Gear-scaled.jpg\" alt=\"\" decoding=\"async\" srcset=\"https:\/\/aircraftrecovery.com\/wp-content\/uploads\/10060-243-38t-Dolly-Running-Gear-scaled.jpg 2560w, https:\/\/aircraftrecovery.com\/wp-content\/uploads\/10060-243-38t-Dolly-Running-Gear-300x226.jpg 300w, https:\/\/aircraftrecovery.com\/wp-content\/uploads\/10060-243-38t-Dolly-Running-Gear-1024x771.jpg 1024w, https:\/\/aircraftrecovery.com\/wp-content\/uploads\/10060-243-38t-Dolly-Running-Gear-768x578.jpg 768w, https:\/\/aircraftrecovery.com\/wp-content\/uploads\/10060-243-38t-Dolly-Running-Gear-1536x1157.jpg 1536w, https:\/\/aircraftrecovery.com\/wp-content\/uploads\/10060-243-38t-Dolly-Running-Gear-2048x1542.jpg 2048w, https:\/\/aircraftrecovery.com\/wp-content\/uploads\/10060-243-38t-Dolly-Running-Gear-16x12.jpg 16w\" sizes=\"(max-width: 2560px) 100vw, 2560px\" \/><\/a>\n\t\t\t<\/figure>","protected":false},"excerpt":{"rendered":"<p>Download the AMS 38 Tonne Capacity Aircraft Recovery Dolly Technical Data Sheet Burst or damaged tires and wheels account for most Aircraft Recovery incidents. The AMS Recovery Dolly is a self-contained tool empowering Airports and Operators to clear runways without delays while minimizing secondary damage to the Aircraft or Runway. The AMS 38-tonne Capacity Recovery [&hellip;]<\/p>\n","protected":false},"author":1,"featured_media":0,"parent":0,"menu_order":0,"comment_status":"closed","ping_status":"closed","template":"","meta":{"footnotes":""},"categories":[28,56],"tags":[],"class_list":["post-4915","page","type-page","status-publish","hentry","category-aircraft-towing","category-news"],"yoast_head":"<!-- This site is optimized with the Yoast SEO Premium plugin v27.3 (Yoast SEO v27.4) - https:\/\/yoast.com\/product\/yoast-seo-premium-wordpress\/ -->\n<title>Aircraft Recovery Dolly - 38 Tonne Capacity - AMS Aircraft Recovery<\/title>\n<meta name=\"robots\" content=\"index, follow, max-snippet:-1, max-image-preview:large, max-video-preview:-1\" \/>\n<link rel=\"canonical\" href=\"https:\/\/aircraftrecovery.com\/fr\/aircraft-recovery-dolly-38-tonne-capacity\/\" \/>\n<meta property=\"og:locale\" content=\"fr_FR\" \/>\n<meta property=\"og:type\" content=\"article\" \/>\n<meta property=\"og:title\" content=\"Aircraft Recovery Dolly - 38 Tonne Capacity\" \/>\n<meta property=\"og:description\" content=\"Download the AMS 38 Tonne Capacity Aircraft Recovery Dolly Technical Data Sheet Burst or damaged tires and wheels account for most Aircraft Recovery incidents. The AMS Recovery Dolly is a self-contained tool empowering Airports and Operators to clear runways without delays while minimizing secondary damage to the Aircraft or Runway. The AMS 38-tonne Capacity Recovery [&hellip;]\" \/>\n<meta property=\"og:url\" content=\"https:\/\/aircraftrecovery.com\/fr\/aircraft-recovery-dolly-38-tonne-capacity\/\" \/>\n<meta property=\"og:site_name\" content=\"AMS Aircraft Recovery\" \/>\n<meta property=\"article:modified_time\" content=\"2025-12-06T21:50:23+00:00\" \/>\n<meta property=\"og:image\" content=\"https:\/\/aircraftrecovery.com\/wp-content\/uploads\/IMG_3208-1-scaled.jpg\" \/>\n<meta name=\"twitter:card\" content=\"summary_large_image\" \/>\n<meta name=\"twitter:label1\" content=\"Dur\u00e9e de lecture estim\u00e9e\" \/>\n\t<meta name=\"twitter:data1\" content=\"1 minute\" \/>\n<script type=\"application\/ld+json\" class=\"yoast-schema-graph\">{\"@context\":\"https:\\\/\\\/schema.org\",\"@graph\":[{\"@type\":\"WebPage\",\"@id\":\"https:\\\/\\\/aircraftrecovery.com\\\/aircraft-recovery-dolly-38-tonne-capacity\\\/\",\"url\":\"https:\\\/\\\/aircraftrecovery.com\\\/aircraft-recovery-dolly-38-tonne-capacity\\\/\",\"name\":\"Aircraft Recovery Dolly - 38 Tonne Capacity - AMS Aircraft Recovery\",\"isPartOf\":{\"@id\":\"https:\\\/\\\/aircraftrecovery.com\\\/de\\\/#website\"},\"primaryImageOfPage\":{\"@id\":\"https:\\\/\\\/aircraftrecovery.com\\\/aircraft-recovery-dolly-38-tonne-capacity\\\/#primaryimage\"},\"image\":{\"@id\":\"https:\\\/\\\/aircraftrecovery.com\\\/aircraft-recovery-dolly-38-tonne-capacity\\\/#primaryimage\"},\"thumbnailUrl\":\"https:\\\/\\\/aircraftrecovery.com\\\/wp-content\\\/uploads\\\/IMG_3208-1-scaled.jpg\",\"datePublished\":\"2024-11-19T20:27:23+00:00\",\"dateModified\":\"2025-12-06T21:50:23+00:00\",\"breadcrumb\":{\"@id\":\"https:\\\/\\\/aircraftrecovery.com\\\/aircraft-recovery-dolly-38-tonne-capacity\\\/#breadcrumb\"},\"inLanguage\":\"fr-FR\",\"potentialAction\":[{\"@type\":\"ReadAction\",\"target\":[\"https:\\\/\\\/aircraftrecovery.com\\\/aircraft-recovery-dolly-38-tonne-capacity\\\/\"]}]},{\"@type\":\"ImageObject\",\"inLanguage\":\"fr-FR\",\"@id\":\"https:\\\/\\\/aircraftrecovery.com\\\/aircraft-recovery-dolly-38-tonne-capacity\\\/#primaryimage\",\"url\":\"https:\\\/\\\/aircraftrecovery.com\\\/wp-content\\\/uploads\\\/IMG_3208-1-scaled.jpg\",\"contentUrl\":\"https:\\\/\\\/aircraftrecovery.com\\\/wp-content\\\/uploads\\\/IMG_3208-1-scaled.jpg\"},{\"@type\":\"BreadcrumbList\",\"@id\":\"https:\\\/\\\/aircraftrecovery.com\\\/aircraft-recovery-dolly-38-tonne-capacity\\\/#breadcrumb\",\"itemListElement\":[{\"@type\":\"ListItem\",\"position\":1,\"name\":\"Home\",\"item\":\"https:\\\/\\\/aircraftrecovery.com\\\/\"},{\"@type\":\"ListItem\",\"position\":2,\"name\":\"Aircraft Recovery Dolly &#8211; 38 Tonne Capacity\"}]},{\"@type\":\"WebSite\",\"@id\":\"https:\\\/\\\/aircraftrecovery.com\\\/de\\\/#website\",\"url\":\"https:\\\/\\\/aircraftrecovery.com\\\/de\\\/\",\"name\":\"AMS Aircraft Recovery\",\"description\":\"LIFTING - TOWING - TRANSPORT - TRAINING\",\"publisher\":{\"@id\":\"https:\\\/\\\/aircraftrecovery.com\\\/de\\\/#organization\"},\"potentialAction\":[{\"@type\":\"SearchAction\",\"target\":{\"@type\":\"EntryPoint\",\"urlTemplate\":\"https:\\\/\\\/aircraftrecovery.com\\\/de\\\/?s={search_term_string}\"},\"query-input\":{\"@type\":\"PropertyValueSpecification\",\"valueRequired\":true,\"valueName\":\"search_term_string\"}}],\"inLanguage\":\"fr-FR\"},{\"@type\":\"Organization\",\"@id\":\"https:\\\/\\\/aircraftrecovery.com\\\/de\\\/#organization\",\"name\":\"AMS Aircraft Recovery\",\"alternateName\":\"AGE Logistics Corporation\",\"url\":\"https:\\\/\\\/aircraftrecovery.com\\\/de\\\/\",\"logo\":{\"@type\":\"ImageObject\",\"inLanguage\":\"fr-FR\",\"@id\":\"https:\\\/\\\/aircraftrecovery.com\\\/de\\\/#\\\/schema\\\/logo\\\/image\\\/\",\"url\":\"https:\\\/\\\/aircraftrecovery.com\\\/wp-content\\\/uploads\\\/cropped-AMS-icon-logo.png\",\"contentUrl\":\"https:\\\/\\\/aircraftrecovery.com\\\/wp-content\\\/uploads\\\/cropped-AMS-icon-logo.png\",\"width\":512,\"height\":512,\"caption\":\"AMS Aircraft Recovery\"},\"image\":{\"@id\":\"https:\\\/\\\/aircraftrecovery.com\\\/de\\\/#\\\/schema\\\/logo\\\/image\\\/\"},\"sameAs\":[\"https:\\\/\\\/www.linkedin.com\\\/company\\\/ams-aircraft-recovery\\\/\"]}]}<\/script>\n<!-- \/ Yoast SEO Premium plugin. -->","yoast_head_json":{"title":"Dolly de r\u00e9cup\u00e9ration d'a\u00e9ronefs - capacit\u00e9 de 38 tonnes - AMS Aircraft Recovery","robots":{"index":"index","follow":"follow","max-snippet":"max-snippet:-1","max-image-preview":"max-image-preview:large","max-video-preview":"max-video-preview:-1"},"canonical":"https:\/\/aircraftrecovery.com\/fr\/aircraft-recovery-dolly-38-tonne-capacity\/","og_locale":"fr_FR","og_type":"article","og_title":"Aircraft Recovery Dolly - 38 Tonne Capacity","og_description":"Download the AMS 38 Tonne Capacity Aircraft Recovery Dolly Technical Data Sheet Burst or damaged tires and wheels account for most Aircraft Recovery incidents. The AMS Recovery Dolly is a self-contained tool empowering Airports and Operators to clear runways without delays while minimizing secondary damage to the Aircraft or Runway. The AMS 38-tonne Capacity Recovery [&hellip;]","og_url":"https:\/\/aircraftrecovery.com\/fr\/aircraft-recovery-dolly-38-tonne-capacity\/","og_site_name":"AMS Aircraft Recovery","article_modified_time":"2025-12-06T21:50:23+00:00","og_image":[{"url":"https:\/\/aircraftrecovery.com\/wp-content\/uploads\/IMG_3208-1-scaled.jpg","type":"","width":"","height":""}],"twitter_card":"summary_large_image","twitter_misc":{"Dur\u00e9e de lecture estim\u00e9e":"1 minute"},"schema":{"@context":"https:\/\/schema.org","@graph":[{"@type":"WebPage","@id":"https:\/\/aircraftrecovery.com\/aircraft-recovery-dolly-38-tonne-capacity\/","url":"https:\/\/aircraftrecovery.com\/aircraft-recovery-dolly-38-tonne-capacity\/","name":"Dolly de r\u00e9cup\u00e9ration d'a\u00e9ronefs - capacit\u00e9 de 38 tonnes - AMS Aircraft Recovery","isPartOf":{"@id":"https:\/\/aircraftrecovery.com\/de\/#website"},"primaryImageOfPage":{"@id":"https:\/\/aircraftrecovery.com\/aircraft-recovery-dolly-38-tonne-capacity\/#primaryimage"},"image":{"@id":"https:\/\/aircraftrecovery.com\/aircraft-recovery-dolly-38-tonne-capacity\/#primaryimage"},"thumbnailUrl":"https:\/\/aircraftrecovery.com\/wp-content\/uploads\/IMG_3208-1-scaled.jpg","datePublished":"2024-11-19T20:27:23+00:00","dateModified":"2025-12-06T21:50:23+00:00","breadcrumb":{"@id":"https:\/\/aircraftrecovery.com\/aircraft-recovery-dolly-38-tonne-capacity\/#breadcrumb"},"inLanguage":"fr-FR","potentialAction":[{"@type":"ReadAction","target":["https:\/\/aircraftrecovery.com\/aircraft-recovery-dolly-38-tonne-capacity\/"]}]},{"@type":"ImageObject","inLanguage":"fr-FR","@id":"https:\/\/aircraftrecovery.com\/aircraft-recovery-dolly-38-tonne-capacity\/#primaryimage","url":"https:\/\/aircraftrecovery.com\/wp-content\/uploads\/IMG_3208-1-scaled.jpg","contentUrl":"https:\/\/aircraftrecovery.com\/wp-content\/uploads\/IMG_3208-1-scaled.jpg"},{"@type":"BreadcrumbList","@id":"https:\/\/aircraftrecovery.com\/aircraft-recovery-dolly-38-tonne-capacity\/#breadcrumb","itemListElement":[{"@type":"ListItem","position":1,"name":"Home","item":"https:\/\/aircraftrecovery.com\/"},{"@type":"ListItem","position":2,"name":"Aircraft Recovery Dolly &#8211; 38 Tonne Capacity"}]},{"@type":"WebSite","@id":"https:\/\/aircraftrecovery.com\/de\/#website","url":"https:\/\/aircraftrecovery.com\/de\/","name":"AMS R\u00e9cup\u00e9ration d'a\u00e9ronefs","description":"LEVAGE - REMORQUAGE - TRANSPORT - FORMATION","publisher":{"@id":"https:\/\/aircraftrecovery.com\/de\/#organization"},"potentialAction":[{"@type":"SearchAction","target":{"@type":"EntryPoint","urlTemplate":"https:\/\/aircraftrecovery.com\/de\/?s={search_term_string}"},"query-input":{"@type":"PropertyValueSpecification","valueRequired":true,"valueName":"search_term_string"}}],"inLanguage":"fr-FR"},{"@type":"Organization","@id":"https:\/\/aircraftrecovery.com\/de\/#organization","name":"AMS R\u00e9cup\u00e9ration d'a\u00e9ronefs","alternateName":"AGE Logistics Corporation","url":"https:\/\/aircraftrecovery.com\/de\/","logo":{"@type":"ImageObject","inLanguage":"fr-FR","@id":"https:\/\/aircraftrecovery.com\/de\/#\/schema\/logo\/image\/","url":"https:\/\/aircraftrecovery.com\/wp-content\/uploads\/cropped-AMS-icon-logo.png","contentUrl":"https:\/\/aircraftrecovery.com\/wp-content\/uploads\/cropped-AMS-icon-logo.png","width":512,"height":512,"caption":"AMS Aircraft Recovery"},"image":{"@id":"https:\/\/aircraftrecovery.com\/de\/#\/schema\/logo\/image\/"},"sameAs":["https:\/\/www.linkedin.com\/company\/ams-aircraft-recovery\/"]}]}},"_links":{"self":[{"href":"https:\/\/aircraftrecovery.com\/fr\/wp-json\/wp\/v2\/pages\/4915","targetHints":{"allow":["GET"]}}],"collection":[{"href":"https:\/\/aircraftrecovery.com\/fr\/wp-json\/wp\/v2\/pages"}],"about":[{"href":"https:\/\/aircraftrecovery.com\/fr\/wp-json\/wp\/v2\/types\/page"}],"author":[{"embeddable":true,"href":"https:\/\/aircraftrecovery.com\/fr\/wp-json\/wp\/v2\/users\/1"}],"replies":[{"embeddable":true,"href":"https:\/\/aircraftrecovery.com\/fr\/wp-json\/wp\/v2\/comments?post=4915"}],"version-history":[{"count":10,"href":"https:\/\/aircraftrecovery.com\/fr\/wp-json\/wp\/v2\/pages\/4915\/revisions"}],"predecessor-version":[{"id":5529,"href":"https:\/\/aircraftrecovery.com\/fr\/wp-json\/wp\/v2\/pages\/4915\/revisions\/5529"}],"wp:attachment":[{"href":"https:\/\/aircraftrecovery.com\/fr\/wp-json\/wp\/v2\/media?parent=4915"}],"wp:term":[{"taxonomy":"category","embeddable":true,"href":"https:\/\/aircraftrecovery.com\/fr\/wp-json\/wp\/v2\/categories?post=4915"},{"taxonomy":"post_tag","embeddable":true,"href":"https:\/\/aircraftrecovery.com\/fr\/wp-json\/wp\/v2\/tags?post=4915"}],"curies":[{"name":"wp","href":"https:\/\/api.w.org\/{rel}","templated":true}]}}