{"id":5097,"date":"2024-12-04T15:50:54","date_gmt":"2024-12-04T23:50:54","guid":{"rendered":"https:\/\/aircraftrecovery.com\/?page_id=5097"},"modified":"2024-12-05T09:16:25","modified_gmt":"2024-12-05T17:16:25","slug":"introducing-ams-aircraft-recovery-dolly","status":"publish","type":"page","link":"https:\/\/aircraftrecovery.com\/fr\/introducing-ams-aircraft-recovery-dolly\/","title":{"rendered":"PR\u00c9SENTATION DU CHARIOT DE R\u00c9CUP\u00c9RATION D'A\u00c9RONEFS AMS"},"content":{"rendered":"<div data-elementor-type=\"wp-page\" data-elementor-id=\"5097\" class=\"elementor elementor-5097\" data-elementor-post-type=\"page\">\n\t\t\t\t\t\t<section class=\"elementor-section elementor-top-section elementor-element elementor-element-d50197f elementor-section-boxed elementor-section-height-default elementor-section-height-default\" data-id=\"d50197f\" data-element_type=\"section\" data-e-type=\"section\">\n\t\t\t\t\t\t<div class=\"elementor-container elementor-column-gap-default\">\n\t\t\t\t\t<div class=\"elementor-column elementor-col-100 elementor-top-column elementor-element elementor-element-31a2650\" data-id=\"31a2650\" data-element_type=\"column\" data-e-type=\"column\">\n\t\t\t<div class=\"elementor-widget-wrap elementor-element-populated\">\n\t\t\t\t\t\t<div class=\"elementor-element elementor-element-068fe33 elementor-widget elementor-widget-image\" data-id=\"068fe33\" data-element_type=\"widget\" data-e-type=\"widget\" data-widget_type=\"image.default\">\n\t\t\t\t<div class=\"elementor-widget-container\">\n\t\t\t\t\t\t\t\t\t\t\t\t\t\t\t\t<a href=\"https:\/\/aircraftrecovery.com\/fr\/aircraft-recovery-dolly-38-tonne-capacity\/?utm_source=ws&#038;utm_medium=web&#038;utm_campaign=dolly38&#038;utm_content=dolly38\">\n\t\t\t\t\t\t\t<img fetchpriority=\"high\" decoding=\"async\" width=\"800\" height=\"600\" src=\"https:\/\/aircraftrecovery.com\/wp-content\/uploads\/IMG_3208-1-1024x768.jpg\" class=\"attachment-large size-large wp-image-4949\" alt=\"Image du chariot de r\u00e9cup\u00e9ration d&#039;a\u00e9ronefs AMS pour tous les types d&#039;a\u00e9ronefs\" srcset=\"https:\/\/aircraftrecovery.com\/wp-content\/uploads\/IMG_3208-1-1024x768.jpg 1024w, https:\/\/aircraftrecovery.com\/wp-content\/uploads\/IMG_3208-1-300x225.jpg 300w, https:\/\/aircraftrecovery.com\/wp-content\/uploads\/IMG_3208-1-768x576.jpg 768w, https:\/\/aircraftrecovery.com\/wp-content\/uploads\/IMG_3208-1-1536x1152.jpg 1536w, https:\/\/aircraftrecovery.com\/wp-content\/uploads\/IMG_3208-1-2048x1536.jpg 2048w, https:\/\/aircraftrecovery.com\/wp-content\/uploads\/IMG_3208-1-16x12.jpg 16w\" sizes=\"(max-width: 800px) 100vw, 800px\" \/>\t\t\t\t\t\t\t\t<\/a>\n\t\t\t\t\t\t\t\t\t\t\t\t\t\t\t<\/div>\n\t\t\t\t<\/div>\n\t\t\t\t<div class=\"elementor-element elementor-element-08a55b5 elementor-widget elementor-widget-text-editor\" data-id=\"08a55b5\" data-element_type=\"widget\" data-e-type=\"widget\" data-widget_type=\"text-editor.default\">\n\t\t\t\t<div class=\"elementor-widget-container\">\n\t\t\t\t\t\t\t\t\t<p><span style=\"font-weight: 400; color: #062368;\">AMS annonce un chariot de r\u00e9cup\u00e9ration d'a\u00e9ronefs de 38 tonnes qui change la donne. Le chariot de r\u00e9cup\u00e9ration AMS est un outil autonome qui permet aux a\u00e9roports et aux op\u00e9rateurs de d\u00e9gager les pistes sans retard tout en minimisant les dommages secondaires \u00e0 l'avion ou \u00e0 la piste.\u00a0<\/span><\/p><p><a href=\"https:\/\/aircraftrecovery.com\/fr\/aircraft-recovery-dolly-38-tonne-capacity\/?utm_source=ws&amp;utm_medium=web&amp;utm_campaign=dolly38&amp;utm_content=dolly38\"><strong><span style=\"color: #062368;\">LIRE LA SUITE<\/span><\/strong><\/a><\/p>\t\t\t\t\t\t\t\t<\/div>\n\t\t\t\t<\/div>\n\t\t\t\t\t<\/div>\n\t\t<\/div>\n\t\t\t\t\t<\/div>\n\t\t<\/section>\n\t\t\t\t<\/div>","protected":false},"excerpt":{"rendered":"<p>AMS annonce un chariot de r\u00e9cup\u00e9ration d'a\u00e9ronefs de 38 tonnes qui change la donne. Le chariot de r\u00e9cup\u00e9ration AMS est un outil autonome qui permet aux a\u00e9roports et aux op\u00e9rateurs de d\u00e9gager les pistes sans retard tout en minimisant les dommages secondaires \u00e0 l'avion ou \u00e0 la piste.  LIRE LA SUITE<\/p>","protected":false},"author":1,"featured_media":0,"parent":0,"menu_order":0,"comment_status":"closed","ping_status":"closed","template":"","meta":{"footnotes":""},"categories":[28,56],"tags":[],"class_list":["post-5097","page","type-page","status-publish","hentry","category-aircraft-towing","category-news"],"yoast_head":"<!-- This site is optimized with the Yoast SEO Premium plugin v27.4 (Yoast SEO v27.4) - https:\/\/yoast.com\/product\/yoast-seo-premium-wordpress\/ -->\n<title>INTRODUCING AMS AIRCRAFT RECOVERY DOLLY - AMS Aircraft Recovery<\/title>\n<meta name=\"robots\" content=\"index, follow, max-snippet:-1, max-image-preview:large, max-video-preview:-1\" \/>\n<link rel=\"canonical\" href=\"https:\/\/aircraftrecovery.com\/fr\/introducing-ams-aircraft-recovery-dolly\/\" \/>\n<meta property=\"og:locale\" content=\"fr_FR\" \/>\n<meta property=\"og:type\" content=\"article\" \/>\n<meta property=\"og:title\" content=\"INTRODUCING AMS AIRCRAFT RECOVERY DOLLY\" \/>\n<meta property=\"og:description\" content=\"AMS announces game changing 38 tonne aircraft recovery dolly. The AMS Recovery Dolly is a self-contained tool empowering Airports and Operators to clear runways without delays while minimizing secondary damage to the Aircraft or Runway.\u00a0 READ MORE\" \/>\n<meta property=\"og:url\" content=\"https:\/\/aircraftrecovery.com\/fr\/introducing-ams-aircraft-recovery-dolly\/\" \/>\n<meta property=\"og:site_name\" content=\"AMS Aircraft Recovery\" \/>\n<meta property=\"article:modified_time\" content=\"2024-12-05T17:16:25+00:00\" \/>\n<meta property=\"og:image\" content=\"https:\/\/aircraftrecovery.com\/wp-content\/uploads\/IMG_3208-1-1024x768.jpg\" \/>\n<meta name=\"twitter:card\" content=\"summary_large_image\" \/>\n<meta name=\"twitter:label1\" content=\"Dur\u00e9e de lecture estim\u00e9e\" \/>\n\t<meta name=\"twitter:data1\" content=\"1 minute\" \/>\n<script type=\"application\/ld+json\" class=\"yoast-schema-graph\">{\"@context\":\"https:\\\/\\\/schema.org\",\"@graph\":[{\"@type\":\"WebPage\",\"@id\":\"https:\\\/\\\/aircraftrecovery.com\\\/introducing-ams-aircraft-recovery-dolly\\\/\",\"url\":\"https:\\\/\\\/aircraftrecovery.com\\\/introducing-ams-aircraft-recovery-dolly\\\/\",\"name\":\"INTRODUCING AMS AIRCRAFT RECOVERY DOLLY - AMS Aircraft Recovery\",\"isPartOf\":{\"@id\":\"https:\\\/\\\/aircraftrecovery.com\\\/de\\\/#website\"},\"primaryImageOfPage\":{\"@id\":\"https:\\\/\\\/aircraftrecovery.com\\\/introducing-ams-aircraft-recovery-dolly\\\/#primaryimage\"},\"image\":{\"@id\":\"https:\\\/\\\/aircraftrecovery.com\\\/introducing-ams-aircraft-recovery-dolly\\\/#primaryimage\"},\"thumbnailUrl\":\"https:\\\/\\\/aircraftrecovery.com\\\/wp-content\\\/uploads\\\/IMG_3208-1-1024x768.jpg\",\"datePublished\":\"2024-12-04T23:50:54+00:00\",\"dateModified\":\"2024-12-05T17:16:25+00:00\",\"breadcrumb\":{\"@id\":\"https:\\\/\\\/aircraftrecovery.com\\\/introducing-ams-aircraft-recovery-dolly\\\/#breadcrumb\"},\"inLanguage\":\"fr-FR\",\"potentialAction\":[{\"@type\":\"ReadAction\",\"target\":[\"https:\\\/\\\/aircraftrecovery.com\\\/introducing-ams-aircraft-recovery-dolly\\\/\"]}]},{\"@type\":\"ImageObject\",\"inLanguage\":\"fr-FR\",\"@id\":\"https:\\\/\\\/aircraftrecovery.com\\\/introducing-ams-aircraft-recovery-dolly\\\/#primaryimage\",\"url\":\"https:\\\/\\\/aircraftrecovery.com\\\/wp-content\\\/uploads\\\/IMG_3208-1-1024x768.jpg\",\"contentUrl\":\"https:\\\/\\\/aircraftrecovery.com\\\/wp-content\\\/uploads\\\/IMG_3208-1-1024x768.jpg\"},{\"@type\":\"BreadcrumbList\",\"@id\":\"https:\\\/\\\/aircraftrecovery.com\\\/introducing-ams-aircraft-recovery-dolly\\\/#breadcrumb\",\"itemListElement\":[{\"@type\":\"ListItem\",\"position\":1,\"name\":\"Home\",\"item\":\"https:\\\/\\\/aircraftrecovery.com\\\/\"},{\"@type\":\"ListItem\",\"position\":2,\"name\":\"INTRODUCING AMS AIRCRAFT RECOVERY DOLLY\"}]},{\"@type\":\"WebSite\",\"@id\":\"https:\\\/\\\/aircraftrecovery.com\\\/de\\\/#website\",\"url\":\"https:\\\/\\\/aircraftrecovery.com\\\/de\\\/\",\"name\":\"AMS Aircraft Recovery\",\"description\":\"LIFTING - TOWING - TRANSPORT - TRAINING\",\"publisher\":{\"@id\":\"https:\\\/\\\/aircraftrecovery.com\\\/de\\\/#organization\"},\"potentialAction\":[{\"@type\":\"SearchAction\",\"target\":{\"@type\":\"EntryPoint\",\"urlTemplate\":\"https:\\\/\\\/aircraftrecovery.com\\\/de\\\/?s={search_term_string}\"},\"query-input\":{\"@type\":\"PropertyValueSpecification\",\"valueRequired\":true,\"valueName\":\"search_term_string\"}}],\"inLanguage\":\"fr-FR\"},{\"@type\":\"Organization\",\"@id\":\"https:\\\/\\\/aircraftrecovery.com\\\/de\\\/#organization\",\"name\":\"AMS Aircraft Recovery\",\"alternateName\":\"AGE Logistics Corporation\",\"url\":\"https:\\\/\\\/aircraftrecovery.com\\\/de\\\/\",\"logo\":{\"@type\":\"ImageObject\",\"inLanguage\":\"fr-FR\",\"@id\":\"https:\\\/\\\/aircraftrecovery.com\\\/de\\\/#\\\/schema\\\/logo\\\/image\\\/\",\"url\":\"https:\\\/\\\/aircraftrecovery.com\\\/wp-content\\\/uploads\\\/cropped-AMS-icon-logo.png\",\"contentUrl\":\"https:\\\/\\\/aircraftrecovery.com\\\/wp-content\\\/uploads\\\/cropped-AMS-icon-logo.png\",\"width\":512,\"height\":512,\"caption\":\"AMS Aircraft Recovery\"},\"image\":{\"@id\":\"https:\\\/\\\/aircraftrecovery.com\\\/de\\\/#\\\/schema\\\/logo\\\/image\\\/\"},\"sameAs\":[\"https:\\\/\\\/www.linkedin.com\\\/company\\\/ams-aircraft-recovery\\\/\"]}]}<\/script>\n<!-- \/ Yoast SEO Premium plugin. -->","yoast_head_json":{"title":"PR\u00c9SENTATION DE AMS AIRCRAFT RECOVERY DOLLY - AMS Aircraft Recovery","robots":{"index":"index","follow":"follow","max-snippet":"max-snippet:-1","max-image-preview":"max-image-preview:large","max-video-preview":"max-video-preview:-1"},"canonical":"https:\/\/aircraftrecovery.com\/fr\/introducing-ams-aircraft-recovery-dolly\/","og_locale":"fr_FR","og_type":"article","og_title":"INTRODUCING AMS AIRCRAFT RECOVERY DOLLY","og_description":"AMS announces game changing 38 tonne aircraft recovery dolly. The AMS Recovery Dolly is a self-contained tool empowering Airports and Operators to clear runways without delays while minimizing secondary damage to the Aircraft or Runway.\u00a0 READ MORE","og_url":"https:\/\/aircraftrecovery.com\/fr\/introducing-ams-aircraft-recovery-dolly\/","og_site_name":"AMS Aircraft Recovery","article_modified_time":"2024-12-05T17:16:25+00:00","og_image":[{"url":"https:\/\/aircraftrecovery.com\/wp-content\/uploads\/IMG_3208-1-1024x768.jpg","type":"","width":"","height":""}],"twitter_card":"summary_large_image","twitter_misc":{"Dur\u00e9e de lecture estim\u00e9e":"1 minute"},"schema":{"@context":"https:\/\/schema.org","@graph":[{"@type":"WebPage","@id":"https:\/\/aircraftrecovery.com\/introducing-ams-aircraft-recovery-dolly\/","url":"https:\/\/aircraftrecovery.com\/introducing-ams-aircraft-recovery-dolly\/","name":"PR\u00c9SENTATION DE AMS AIRCRAFT RECOVERY DOLLY - AMS Aircraft Recovery","isPartOf":{"@id":"https:\/\/aircraftrecovery.com\/de\/#website"},"primaryImageOfPage":{"@id":"https:\/\/aircraftrecovery.com\/introducing-ams-aircraft-recovery-dolly\/#primaryimage"},"image":{"@id":"https:\/\/aircraftrecovery.com\/introducing-ams-aircraft-recovery-dolly\/#primaryimage"},"thumbnailUrl":"https:\/\/aircraftrecovery.com\/wp-content\/uploads\/IMG_3208-1-1024x768.jpg","datePublished":"2024-12-04T23:50:54+00:00","dateModified":"2024-12-05T17:16:25+00:00","breadcrumb":{"@id":"https:\/\/aircraftrecovery.com\/introducing-ams-aircraft-recovery-dolly\/#breadcrumb"},"inLanguage":"fr-FR","potentialAction":[{"@type":"ReadAction","target":["https:\/\/aircraftrecovery.com\/introducing-ams-aircraft-recovery-dolly\/"]}]},{"@type":"ImageObject","inLanguage":"fr-FR","@id":"https:\/\/aircraftrecovery.com\/introducing-ams-aircraft-recovery-dolly\/#primaryimage","url":"https:\/\/aircraftrecovery.com\/wp-content\/uploads\/IMG_3208-1-1024x768.jpg","contentUrl":"https:\/\/aircraftrecovery.com\/wp-content\/uploads\/IMG_3208-1-1024x768.jpg"},{"@type":"BreadcrumbList","@id":"https:\/\/aircraftrecovery.com\/introducing-ams-aircraft-recovery-dolly\/#breadcrumb","itemListElement":[{"@type":"ListItem","position":1,"name":"Home","item":"https:\/\/aircraftrecovery.com\/"},{"@type":"ListItem","position":2,"name":"INTRODUCING AMS AIRCRAFT RECOVERY DOLLY"}]},{"@type":"WebSite","@id":"https:\/\/aircraftrecovery.com\/de\/#website","url":"https:\/\/aircraftrecovery.com\/de\/","name":"AMS R\u00e9cup\u00e9ration d'a\u00e9ronefs","description":"LEVAGE - REMORQUAGE - TRANSPORT - FORMATION","publisher":{"@id":"https:\/\/aircraftrecovery.com\/de\/#organization"},"potentialAction":[{"@type":"SearchAction","target":{"@type":"EntryPoint","urlTemplate":"https:\/\/aircraftrecovery.com\/de\/?s={search_term_string}"},"query-input":{"@type":"PropertyValueSpecification","valueRequired":true,"valueName":"search_term_string"}}],"inLanguage":"fr-FR"},{"@type":"Organization","@id":"https:\/\/aircraftrecovery.com\/de\/#organization","name":"AMS R\u00e9cup\u00e9ration d'a\u00e9ronefs","alternateName":"AGE Logistics Corporation","url":"https:\/\/aircraftrecovery.com\/de\/","logo":{"@type":"ImageObject","inLanguage":"fr-FR","@id":"https:\/\/aircraftrecovery.com\/de\/#\/schema\/logo\/image\/","url":"https:\/\/aircraftrecovery.com\/wp-content\/uploads\/cropped-AMS-icon-logo.png","contentUrl":"https:\/\/aircraftrecovery.com\/wp-content\/uploads\/cropped-AMS-icon-logo.png","width":512,"height":512,"caption":"AMS Aircraft Recovery"},"image":{"@id":"https:\/\/aircraftrecovery.com\/de\/#\/schema\/logo\/image\/"},"sameAs":["https:\/\/www.linkedin.com\/company\/ams-aircraft-recovery\/"]}]}},"_links":{"self":[{"href":"https:\/\/aircraftrecovery.com\/fr\/wp-json\/wp\/v2\/pages\/5097","targetHints":{"allow":["GET"]}}],"collection":[{"href":"https:\/\/aircraftrecovery.com\/fr\/wp-json\/wp\/v2\/pages"}],"about":[{"href":"https:\/\/aircraftrecovery.com\/fr\/wp-json\/wp\/v2\/types\/page"}],"author":[{"embeddable":true,"href":"https:\/\/aircraftrecovery.com\/fr\/wp-json\/wp\/v2\/users\/1"}],"replies":[{"embeddable":true,"href":"https:\/\/aircraftrecovery.com\/fr\/wp-json\/wp\/v2\/comments?post=5097"}],"version-history":[{"count":10,"href":"https:\/\/aircraftrecovery.com\/fr\/wp-json\/wp\/v2\/pages\/5097\/revisions"}],"predecessor-version":[{"id":5120,"href":"https:\/\/aircraftrecovery.com\/fr\/wp-json\/wp\/v2\/pages\/5097\/revisions\/5120"}],"wp:attachment":[{"href":"https:\/\/aircraftrecovery.com\/fr\/wp-json\/wp\/v2\/media?parent=5097"}],"wp:term":[{"taxonomy":"category","embeddable":true,"href":"https:\/\/aircraftrecovery.com\/fr\/wp-json\/wp\/v2\/categories?post=5097"},{"taxonomy":"post_tag","embeddable":true,"href":"https:\/\/aircraftrecovery.com\/fr\/wp-json\/wp\/v2\/tags?post=5097"}],"curies":[{"name":"wp","href":"https:\/\/api.w.org\/{rel}","templated":true}]}}