{"id":2644,"date":"2022-10-24T03:33:30","date_gmt":"2022-10-24T03:33:30","guid":{"rendered":"https:\/\/aircraftrecovery.com\/?page_id=2644"},"modified":"2026-02-17T14:42:08","modified_gmt":"2026-02-17T22:42:08","slug":"about-ams-aircraft-recovery","status":"publish","type":"page","link":"https:\/\/aircraftrecovery.com\/it\/about-ams-aircraft-recovery\/","title":{"rendered":"Circa"},"content":{"rendered":"<div data-elementor-type=\"wp-page\" data-elementor-id=\"2644\" class=\"elementor elementor-2644\" data-elementor-post-type=\"page\">\n\t\t\t\t\t\t<section class=\"elementor-section elementor-top-section elementor-element elementor-element-b302906 elementor-section-boxed elementor-section-height-default elementor-section-height-default\" data-id=\"b302906\" data-element_type=\"section\" data-e-type=\"section\">\n\t\t\t\t\t\t<div class=\"elementor-container elementor-column-gap-default\">\n\t\t\t\t\t<div class=\"elementor-column elementor-col-100 elementor-top-column elementor-element elementor-element-e5cb2f5\" data-id=\"e5cb2f5\" data-element_type=\"column\" data-e-type=\"column\">\n\t\t\t<div class=\"elementor-widget-wrap elementor-element-populated\">\n\t\t\t\t\t\t<div class=\"elementor-element elementor-element-d797e3d elementor-widget elementor-widget-spacer\" data-id=\"d797e3d\" data-element_type=\"widget\" data-e-type=\"widget\" data-widget_type=\"spacer.default\">\n\t\t\t\t<div class=\"elementor-widget-container\">\n\t\t\t\t\t\t\t<div class=\"elementor-spacer\">\n\t\t\t<div class=\"elementor-spacer-inner\"><\/div>\n\t\t<\/div>\n\t\t\t\t\t\t<\/div>\n\t\t\t\t<\/div>\n\t\t\t\t<div class=\"elementor-element elementor-element-1003f83 elementor-widget elementor-widget-heading\" data-id=\"1003f83\" data-element_type=\"widget\" data-e-type=\"widget\" data-widget_type=\"heading.default\">\n\t\t\t\t<div class=\"elementor-widget-container\">\n\t\t\t\t\t<h2 class=\"elementor-heading-title elementor-size-default\">Informazioni su AMS Aircraft Recovery<\/h2>\t\t\t\t<\/div>\n\t\t\t\t<\/div>\n\t\t\t\t<div class=\"elementor-element elementor-element-835465e elementor-widget elementor-widget-text-editor\" data-id=\"835465e\" data-element_type=\"widget\" data-e-type=\"widget\" data-widget_type=\"text-editor.default\">\n\t\t\t\t<div class=\"elementor-widget-container\">\n\t\t\t\t\t\t\t\t\t<p><span style=\"font-weight: 400;\">Sin dalla sua fondazione nel 1988, AMS ha servito la comunit\u00e0 aeronautica mondiale con soluzioni innovative e solide per il recupero di incidenti e scenari di incidenti aerei.\u00a0<\/span><\/p><p><span style=\"font-weight: 400;\">Nel corso degli anni, siamo diventati il fornitore leader di attrezzature per il recupero di aeromobili danneggiati e disabili (CDDAR) per le forze armate e un fornitore-partner di fiducia per gli aeroporti commerciali e le compagnie aeree di tutto il mondo.<\/span><\/p><p><span style=\"font-weight: 400;\">In tutti questi anni di attivit\u00e0, siamo stati guidati dai nostri principi:<\/span><\/p><ul><li><span style=\"font-weight: 400;\">Impegnarci con onest\u00e0 e integrit\u00e0 con i nostri clienti e insieme arrivare a soluzioni che siano tecnicamente valide, sicure per il personale e che forniscano un valore eccezionale.<\/span><\/li><li style=\"font-weight: 400;\" aria-level=\"1\"><span style=\"font-weight: 400;\">Rispettare sempre gli standard tecnici e di sicurezza, compresi i manuali e i documenti di recupero degli aeromobili (ARM\/ARD) forniti dai produttori di cellule.<\/span><\/li><li style=\"font-weight: 400;\" aria-level=\"1\"><span style=\"font-weight: 400;\">Sostenere le nostre apparecchiature con un'assistenza tecnica di prim'ordine.<\/span><\/li><li style=\"font-weight: 400;\" aria-level=\"1\"><span style=\"font-weight: 400;\">Supportare i nostri clienti con corsi di formazione in aula e pratici presso il nostro Centro di formazione nel Regno Unito e presso le sedi dei clienti in tutto il mondo.<\/span><\/li><li style=\"font-weight: 400;\" aria-level=\"1\"><span style=\"font-weight: 400;\">Innovare e sviluppare nuovi metodi e strumenti di recupero degli aeromobili per soddisfare e superare i requisiti di un ambiente aeronautico in continua evoluzione.<\/span><\/li><\/ul><p><br \/>Nel 2020 ci siamo fusi con AGE Logistics Corp., il principale fornitore di apparecchiature CDDAR per le forze armate statunitensi e le forze aeree degli alleati di tutto il mondo. Come un'unica azienda, siamo lieti di servirvi dalle nostre sedi negli Stati Uniti e nel Regno Unito, nonch\u00e9 attraverso la nostra rete di distributori e agenti in tutto il mondo.<\/p>\t\t\t\t\t\t\t\t<\/div>\n\t\t\t\t<\/div>\n\t\t\t\t<div class=\"elementor-element elementor-element-5e12117 elementor-widget elementor-widget-premium-addon-person\" data-id=\"5e12117\" data-element_type=\"widget\" data-e-type=\"widget\" data-settings=\"{&quot;persons_per_row&quot;:&quot;25%&quot;,&quot;persons_per_row_tablet&quot;:&quot;100%&quot;,&quot;persons_per_row_mobile&quot;:&quot;100%&quot;}\" data-widget_type=\"premium-addon-person.default\">\n\t\t\t\t<div class=\"elementor-widget-container\">\n\t\t\t\t\t\t\t<div class=\"premium-persons-container premium-person-style2 multiple-persons\" data-persons-equal=\"yes\">\n\t\t\t\t\t\t\t\t<div class=\"premium-person-container premium-person-zoomin-effect\">\n\t\t\t\t\t\t<div class=\"premium-person-image-container\">\n\t\t\t\t\t\t<img fetchpriority=\"high\" decoding=\"async\" width=\"300\" height=\"300\" src=\"https:\/\/aircraftrecovery.com\/wp-content\/uploads\/Jim-Sameth-Photo-300x300.jpg\" class=\"attachment-medium size-medium wp-image-2392\" alt=\"\" srcset=\"https:\/\/aircraftrecovery.com\/wp-content\/uploads\/Jim-Sameth-Photo-300x300.jpg 300w, https:\/\/aircraftrecovery.com\/wp-content\/uploads\/Jim-Sameth-Photo-150x150.jpg 150w, https:\/\/aircraftrecovery.com\/wp-content\/uploads\/Jim-Sameth-Photo-12x12.jpg 12w, https:\/\/aircraftrecovery.com\/wp-content\/uploads\/Jim-Sameth-Photo.jpg 361w\" sizes=\"(max-width: 300px) 100vw, 300px\" \/>\t\t\t\t\t\t\t\t\t\t\t\t\t<\/div>\n\t\t\t\t\t\t<div class=\"premium-person-info\">\n\t\t\t\t\t\t\t\t\t\t<div class=\"premium-person-info-container\">\n\t\t\t\t\t\t\t\t\t<h2 class=\"premium-person-name\">JAMES SAMETH<\/h2>\n\t\t\t\t\t\t\t\t\t\t\t<h4 class=\"premium-person-title\">\n\t\t\t\t\t\t\t<span>Presidente<\/span>\n\t\t\t\t\t\t<\/h4>\n\t\t\t\t\t\t\t\t<\/div>\n\t\t\t\t\t\t\t\t\t<\/div>\n\t\t\t\t\t<\/div>\n\t\t\t\t\t\t\t\t\t\t<div class=\"premium-person-container premium-person-zoomin-effect\">\n\t\t\t\t\t\t<div class=\"premium-person-image-container\">\n\t\t\t\t\t\t<img decoding=\"async\" width=\"300\" height=\"293\" src=\"https:\/\/aircraftrecovery.com\/wp-content\/uploads\/Yudie-Fishman-Photo-300x293.jpg\" class=\"attachment-medium size-medium wp-image-2399\" alt=\"Yudie Fishman AMS \/ AGE Logistica\" srcset=\"https:\/\/aircraftrecovery.com\/wp-content\/uploads\/Yudie-Fishman-Photo-300x293.jpg 300w, https:\/\/aircraftrecovery.com\/wp-content\/uploads\/Yudie-Fishman-Photo-1024x999.jpg 1024w, https:\/\/aircraftrecovery.com\/wp-content\/uploads\/Yudie-Fishman-Photo-768x749.jpg 768w, https:\/\/aircraftrecovery.com\/wp-content\/uploads\/Yudie-Fishman-Photo-1536x1499.jpg 1536w, https:\/\/aircraftrecovery.com\/wp-content\/uploads\/Yudie-Fishman-Photo-2048x1998.jpg 2048w, https:\/\/aircraftrecovery.com\/wp-content\/uploads\/Yudie-Fishman-Photo-12x12.jpg 12w\" sizes=\"(max-width: 300px) 100vw, 300px\" \/>\t\t\t\t\t\t\t\t\t\t\t\t\t\t\t<div class=\"premium-person-social\">\n\t\t\t\t\t\t\t\t\t<ul class=\"premium-person-social-list\"><\/ul>\t\t\t\t\t\t\t\t<\/div>\n\t\t\t\t\t\t\t\t\t\t\t\t\t<\/div>\n\t\t\t\t\t\t<div class=\"premium-person-info\">\n\t\t\t\t\t\t\t\t\t\t<div class=\"premium-person-info-container\">\n\t\t\t\t\t\t\t\t\t<h2 class=\"premium-person-name\">YUDIE FISHMAN<\/h2>\n\t\t\t\t\t\t\t\t\t\t\t<h4 class=\"premium-person-title\">\n\t\t\t\t\t\t\t<span>Direttore generale<\/span>\n\t\t\t\t\t\t<\/h4>\n\t\t\t\t\t\t\t\t<\/div>\n\t\t\t\t\t\t\t\t\t<\/div>\n\t\t\t\t\t<\/div>\n\t\t\t\t\t\t\t\t\t\t<div class=\"premium-person-container premium-person-zoomin-effect\">\n\t\t\t\t\t\t<div class=\"premium-person-image-container\">\n\t\t\t\t\t\t<img decoding=\"async\" width=\"300\" height=\"300\" src=\"https:\/\/aircraftrecovery.com\/wp-content\/uploads\/Mark_Knight-300x300.jpg\" class=\"attachment-medium size-medium wp-image-2735\" alt=\"Immagine di Mark Knight AMS Aircraft Recovery\" srcset=\"https:\/\/aircraftrecovery.com\/wp-content\/uploads\/Mark_Knight-300x300.jpg 300w, https:\/\/aircraftrecovery.com\/wp-content\/uploads\/Mark_Knight-150x150.jpg 150w, https:\/\/aircraftrecovery.com\/wp-content\/uploads\/Mark_Knight-768x767.jpg 768w, https:\/\/aircraftrecovery.com\/wp-content\/uploads\/Mark_Knight-12x12.jpg 12w, https:\/\/aircraftrecovery.com\/wp-content\/uploads\/Mark_Knight.jpg 1024w\" sizes=\"(max-width: 300px) 100vw, 300px\" \/>\t\t\t\t\t\t\t\t\t\t\t\t\t<\/div>\n\t\t\t\t\t\t<div class=\"premium-person-info\">\n\t\t\t\t\t\t\t\t\t\t<div class=\"premium-person-info-container\">\n\t\t\t\t\t\t\t\t\t<h2 class=\"premium-person-name\">MARK KNIGHT<\/h2>\n\t\t\t\t\t\t\t\t\t\t\t<h4 class=\"premium-person-title\">\n\t\t\t\t\t\t\t<span>Direttore tecnico<\/span>\n\t\t\t\t\t\t<\/h4>\n\t\t\t\t\t\t\t\t<\/div>\n\t\t\t\t\t\t\t\t\t<\/div>\n\t\t\t\t\t<\/div>\n\t\t\t\t\t\t\t\t\t\t<div class=\"premium-person-container premium-person-zoomin-effect\">\n\t\t\t\t\t\t<div class=\"premium-person-image-container\">\n\t\t\t\t\t\t<img loading=\"lazy\" decoding=\"async\" width=\"300\" height=\"300\" src=\"https:\/\/aircraftrecovery.com\/wp-content\/uploads\/Paul-Yder-Profile-Picture-1-300x300.jpg\" class=\"attachment-medium size-medium wp-image-2378\" alt=\"\" srcset=\"https:\/\/aircraftrecovery.com\/wp-content\/uploads\/Paul-Yder-Profile-Picture-1-300x300.jpg 300w, https:\/\/aircraftrecovery.com\/wp-content\/uploads\/Paul-Yder-Profile-Picture-1-1024x1024.jpg 1024w, https:\/\/aircraftrecovery.com\/wp-content\/uploads\/Paul-Yder-Profile-Picture-1-150x150.jpg 150w, https:\/\/aircraftrecovery.com\/wp-content\/uploads\/Paul-Yder-Profile-Picture-1-768x769.jpg 768w, https:\/\/aircraftrecovery.com\/wp-content\/uploads\/Paul-Yder-Profile-Picture-1-12x12.jpg 12w, https:\/\/aircraftrecovery.com\/wp-content\/uploads\/Paul-Yder-Profile-Picture-1.jpg 1395w\" sizes=\"(max-width: 300px) 100vw, 300px\" \/>\t\t\t\t\t\t\t\t\t\t\t\t\t<\/div>\n\t\t\t\t\t\t<div class=\"premium-person-info\">\n\t\t\t\t\t\t\t\t\t\t<div class=\"premium-person-info-container\">\n\t\t\t\t\t\t\t\t\t<h2 class=\"premium-person-name\">PAUL RYDER<\/h2>\n\t\t\t\t\t\t\t\t\t\t\t<h4 class=\"premium-person-title\">\n\t\t\t\t\t\t\t<span>Direttore vendite<\/span>\n\t\t\t\t\t\t<\/h4>\n\t\t\t\t\t\t\t\t<\/div>\n\t\t\t\t\t\t\t\t\t<\/div>\n\t\t\t\t\t<\/div>\n\t\t\t\t\t\t\t<\/div>\n\t\t\t\t\t\t<\/div>\n\t\t\t\t<\/div>\n\t\t\t\t<div class=\"elementor-element elementor-element-1a0b709 elementor-widget elementor-widget-spacer\" data-id=\"1a0b709\" data-element_type=\"widget\" data-e-type=\"widget\" data-widget_type=\"spacer.default\">\n\t\t\t\t<div class=\"elementor-widget-container\">\n\t\t\t\t\t\t\t<div class=\"elementor-spacer\">\n\t\t\t<div class=\"elementor-spacer-inner\"><\/div>\n\t\t<\/div>\n\t\t\t\t\t\t<\/div>\n\t\t\t\t<\/div>\n\t\t\t\t\t<\/div>\n\t\t<\/div>\n\t\t\t\t\t<\/div>\n\t\t<\/section>\n\t\t\t\t<section class=\"elementor-section elementor-top-section elementor-element elementor-element-d872e03 elementor-section-boxed elementor-section-height-default elementor-section-height-default\" data-id=\"d872e03\" data-element_type=\"section\" data-e-type=\"section\">\n\t\t\t\t\t\t<div class=\"elementor-container elementor-column-gap-default\">\n\t\t\t\t\t<div class=\"elementor-column elementor-col-100 elementor-top-column elementor-element elementor-element-e2313b1\" data-id=\"e2313b1\" data-element_type=\"column\" data-e-type=\"column\">\n\t\t\t<div class=\"elementor-widget-wrap elementor-element-populated\">\n\t\t\t\t\t\t<div class=\"elementor-element elementor-element-7273029 elementor-widget elementor-widget-text-editor\" data-id=\"7273029\" data-element_type=\"widget\" data-e-type=\"widget\" data-widget_type=\"text-editor.default\">\n\t\t\t\t<div class=\"elementor-widget-container\">\n\t\t\t\t\t\t\t\t\t<h3><span style=\"color: #022368;\">Standard di qualit\u00e0 in AMS Aircraft Recovery Limited<\/span><\/h3><p>Noi di AMS Aircraft Recovery Limited ci impegniamo a raggiungere l'eccellenza nella progettazione, nello sviluppo e nella fornitura di soluzioni su misura per il recupero degli aeromobili. La nostra dedizione al mantenimento degli standard industriali pi\u00f9 elevati \u00e8 supportata dalla certificazione ISO 9001:2015, che convalida il nostro solido sistema di gestione della qualit\u00e0.<br \/><br \/>Le nostre operazioni sono valutate da un organismo di certificazione accreditato UKAS per garantire che i nostri processi di qualit\u00e0 soddisfino i rigorosi parametri internazionali. Il certificato \u00e8 disponibile su richiesta.<\/p>\t\t\t\t\t\t\t\t<\/div>\n\t\t\t\t<\/div>\n\t\t\t\t\t<\/div>\n\t\t<\/div>\n\t\t\t\t\t<\/div>\n\t\t<\/section>\n\t\t\t\t<\/div>","protected":false},"excerpt":{"rendered":"<p>About AMS Aircraft Recovery Since our founding in 1988, AMS has served the Worldwide Aviation Community with innovative and robust solutions to Aircraft Crash Recovery Incidents and Scenarios.\u00a0 Over the years, we have become the leading supplier of Crash Damaged &amp; Disabled Aircraft Recovery (CDDAR) equipment to the military and a trusted supplier-partner to commercial [&hellip;]<\/p>\n","protected":false},"author":1,"featured_media":2729,"parent":0,"menu_order":0,"comment_status":"closed","ping_status":"closed","template":"","meta":{"footnotes":""},"categories":[],"tags":[],"class_list":["post-2644","page","type-page","status-publish","has-post-thumbnail","hentry"],"yoast_head":"<!-- This site is optimized with the Yoast SEO Premium plugin v27.4 (Yoast SEO v27.4) - https:\/\/yoast.com\/product\/yoast-seo-premium-wordpress\/ -->\n<title>About - AMS Aircraft Recovery<\/title>\n<meta name=\"description\" content=\"Since our founding in 1988, AMS has served the Worldwide Aviation Community with innovative and robust solutions to Aircraft Crash Recovery Incidents and Scenarios.\" \/>\n<meta name=\"robots\" content=\"index, follow, max-snippet:-1, max-image-preview:large, max-video-preview:-1\" \/>\n<link rel=\"canonical\" href=\"https:\/\/aircraftrecovery.com\/it\/about-ams-aircraft-recovery\/\" \/>\n<meta property=\"og:locale\" content=\"it_IT\" \/>\n<meta property=\"og:type\" content=\"article\" \/>\n<meta property=\"og:title\" content=\"About\" \/>\n<meta property=\"og:description\" content=\"Since our founding in 1988, AMS has served the Worldwide Aviation Community with innovative and robust solutions to Aircraft Crash Recovery Incidents and Scenarios.\" \/>\n<meta property=\"og:url\" content=\"https:\/\/aircraftrecovery.com\/it\/about-ams-aircraft-recovery\/\" \/>\n<meta property=\"og:site_name\" content=\"AMS Aircraft Recovery\" \/>\n<meta property=\"article:modified_time\" content=\"2026-02-17T22:42:08+00:00\" \/>\n<meta property=\"og:image\" content=\"https:\/\/aircraftrecovery.com\/wp-content\/uploads\/cropped-AMS-icon-logo.png\" \/>\n\t<meta property=\"og:image:width\" content=\"512\" \/>\n\t<meta property=\"og:image:height\" content=\"512\" \/>\n\t<meta property=\"og:image:type\" content=\"image\/png\" \/>\n<meta name=\"twitter:card\" content=\"summary_large_image\" \/>\n<meta name=\"twitter:label1\" content=\"Tempo di lettura stimato\" \/>\n\t<meta name=\"twitter:data1\" content=\"3 minuti\" \/>\n<script type=\"application\/ld+json\" class=\"yoast-schema-graph\">{\"@context\":\"https:\\\/\\\/schema.org\",\"@graph\":[{\"@type\":\"WebPage\",\"@id\":\"https:\\\/\\\/aircraftrecovery.com\\\/about-ams-aircraft-recovery\\\/\",\"url\":\"https:\\\/\\\/aircraftrecovery.com\\\/about-ams-aircraft-recovery\\\/\",\"name\":\"About - AMS Aircraft Recovery\",\"isPartOf\":{\"@id\":\"https:\\\/\\\/aircraftrecovery.com\\\/de\\\/#website\"},\"primaryImageOfPage\":{\"@id\":\"https:\\\/\\\/aircraftrecovery.com\\\/about-ams-aircraft-recovery\\\/#primaryimage\"},\"image\":{\"@id\":\"https:\\\/\\\/aircraftrecovery.com\\\/about-ams-aircraft-recovery\\\/#primaryimage\"},\"thumbnailUrl\":\"https:\\\/\\\/aircraftrecovery.com\\\/wp-content\\\/uploads\\\/cropped-AMS-icon-logo.png\",\"datePublished\":\"2022-10-24T03:33:30+00:00\",\"dateModified\":\"2026-02-17T22:42:08+00:00\",\"description\":\"Since our founding in 1988, AMS has served the Worldwide Aviation Community with innovative and robust solutions to Aircraft Crash Recovery Incidents and Scenarios.\",\"breadcrumb\":{\"@id\":\"https:\\\/\\\/aircraftrecovery.com\\\/about-ams-aircraft-recovery\\\/#breadcrumb\"},\"inLanguage\":\"it-IT\",\"potentialAction\":[{\"@type\":\"ReadAction\",\"target\":[\"https:\\\/\\\/aircraftrecovery.com\\\/about-ams-aircraft-recovery\\\/\"]}]},{\"@type\":\"ImageObject\",\"inLanguage\":\"it-IT\",\"@id\":\"https:\\\/\\\/aircraftrecovery.com\\\/about-ams-aircraft-recovery\\\/#primaryimage\",\"url\":\"https:\\\/\\\/aircraftrecovery.com\\\/wp-content\\\/uploads\\\/cropped-AMS-icon-logo.png\",\"contentUrl\":\"https:\\\/\\\/aircraftrecovery.com\\\/wp-content\\\/uploads\\\/cropped-AMS-icon-logo.png\",\"width\":512,\"height\":512},{\"@type\":\"BreadcrumbList\",\"@id\":\"https:\\\/\\\/aircraftrecovery.com\\\/about-ams-aircraft-recovery\\\/#breadcrumb\",\"itemListElement\":[{\"@type\":\"ListItem\",\"position\":1,\"name\":\"Home\",\"item\":\"https:\\\/\\\/aircraftrecovery.com\\\/\"},{\"@type\":\"ListItem\",\"position\":2,\"name\":\"About\"}]},{\"@type\":\"WebSite\",\"@id\":\"https:\\\/\\\/aircraftrecovery.com\\\/de\\\/#website\",\"url\":\"https:\\\/\\\/aircraftrecovery.com\\\/de\\\/\",\"name\":\"AMS Aircraft Recovery\",\"description\":\"LIFTING - TOWING - TRANSPORT - TRAINING\",\"publisher\":{\"@id\":\"https:\\\/\\\/aircraftrecovery.com\\\/de\\\/#organization\"},\"potentialAction\":[{\"@type\":\"SearchAction\",\"target\":{\"@type\":\"EntryPoint\",\"urlTemplate\":\"https:\\\/\\\/aircraftrecovery.com\\\/de\\\/?s={search_term_string}\"},\"query-input\":{\"@type\":\"PropertyValueSpecification\",\"valueRequired\":true,\"valueName\":\"search_term_string\"}}],\"inLanguage\":\"it-IT\"},{\"@type\":\"Organization\",\"@id\":\"https:\\\/\\\/aircraftrecovery.com\\\/de\\\/#organization\",\"name\":\"AMS Aircraft Recovery\",\"alternateName\":\"AGE Logistics Corporation\",\"url\":\"https:\\\/\\\/aircraftrecovery.com\\\/de\\\/\",\"logo\":{\"@type\":\"ImageObject\",\"inLanguage\":\"it-IT\",\"@id\":\"https:\\\/\\\/aircraftrecovery.com\\\/de\\\/#\\\/schema\\\/logo\\\/image\\\/\",\"url\":\"https:\\\/\\\/aircraftrecovery.com\\\/wp-content\\\/uploads\\\/cropped-AMS-icon-logo.png\",\"contentUrl\":\"https:\\\/\\\/aircraftrecovery.com\\\/wp-content\\\/uploads\\\/cropped-AMS-icon-logo.png\",\"width\":512,\"height\":512,\"caption\":\"AMS Aircraft Recovery\"},\"image\":{\"@id\":\"https:\\\/\\\/aircraftrecovery.com\\\/de\\\/#\\\/schema\\\/logo\\\/image\\\/\"},\"sameAs\":[\"https:\\\/\\\/www.linkedin.com\\\/company\\\/ams-aircraft-recovery\\\/\"]}]}<\/script>\n<!-- \/ Yoast SEO Premium plugin. -->","yoast_head_json":{"title":"Chi siamo - AMS Aircraft Recovery","description":"Sin dalla sua fondazione nel 1988, AMS ha servito la comunit\u00e0 aeronautica mondiale con soluzioni innovative e solide per il recupero di incidenti e scenari di incidenti aerei.","robots":{"index":"index","follow":"follow","max-snippet":"max-snippet:-1","max-image-preview":"max-image-preview:large","max-video-preview":"max-video-preview:-1"},"canonical":"https:\/\/aircraftrecovery.com\/it\/about-ams-aircraft-recovery\/","og_locale":"it_IT","og_type":"article","og_title":"About","og_description":"Since our founding in 1988, AMS has served the Worldwide Aviation Community with innovative and robust solutions to Aircraft Crash Recovery Incidents and Scenarios.","og_url":"https:\/\/aircraftrecovery.com\/it\/about-ams-aircraft-recovery\/","og_site_name":"AMS Aircraft Recovery","article_modified_time":"2026-02-17T22:42:08+00:00","og_image":[{"width":512,"height":512,"url":"https:\/\/aircraftrecovery.com\/wp-content\/uploads\/cropped-AMS-icon-logo.png","type":"image\/png"}],"twitter_card":"summary_large_image","twitter_misc":{"Tempo di lettura stimato":"3 minuti"},"schema":{"@context":"https:\/\/schema.org","@graph":[{"@type":"WebPage","@id":"https:\/\/aircraftrecovery.com\/about-ams-aircraft-recovery\/","url":"https:\/\/aircraftrecovery.com\/about-ams-aircraft-recovery\/","name":"Chi siamo - AMS Aircraft Recovery","isPartOf":{"@id":"https:\/\/aircraftrecovery.com\/de\/#website"},"primaryImageOfPage":{"@id":"https:\/\/aircraftrecovery.com\/about-ams-aircraft-recovery\/#primaryimage"},"image":{"@id":"https:\/\/aircraftrecovery.com\/about-ams-aircraft-recovery\/#primaryimage"},"thumbnailUrl":"https:\/\/aircraftrecovery.com\/wp-content\/uploads\/cropped-AMS-icon-logo.png","datePublished":"2022-10-24T03:33:30+00:00","dateModified":"2026-02-17T22:42:08+00:00","description":"Sin dalla sua fondazione nel 1988, AMS ha servito la comunit\u00e0 aeronautica mondiale con soluzioni innovative e solide per il recupero di incidenti e scenari di incidenti aerei.","breadcrumb":{"@id":"https:\/\/aircraftrecovery.com\/about-ams-aircraft-recovery\/#breadcrumb"},"inLanguage":"it-IT","potentialAction":[{"@type":"ReadAction","target":["https:\/\/aircraftrecovery.com\/about-ams-aircraft-recovery\/"]}]},{"@type":"ImageObject","inLanguage":"it-IT","@id":"https:\/\/aircraftrecovery.com\/about-ams-aircraft-recovery\/#primaryimage","url":"https:\/\/aircraftrecovery.com\/wp-content\/uploads\/cropped-AMS-icon-logo.png","contentUrl":"https:\/\/aircraftrecovery.com\/wp-content\/uploads\/cropped-AMS-icon-logo.png","width":512,"height":512},{"@type":"BreadcrumbList","@id":"https:\/\/aircraftrecovery.com\/about-ams-aircraft-recovery\/#breadcrumb","itemListElement":[{"@type":"ListItem","position":1,"name":"Home","item":"https:\/\/aircraftrecovery.com\/"},{"@type":"ListItem","position":2,"name":"About"}]},{"@type":"WebSite","@id":"https:\/\/aircraftrecovery.com\/de\/#website","url":"https:\/\/aircraftrecovery.com\/de\/","name":"AMS Recupero aeromobili","description":"SOLLEVAMENTO - TRAINO - TRASPORTO - FORMAZIONE","publisher":{"@id":"https:\/\/aircraftrecovery.com\/de\/#organization"},"potentialAction":[{"@type":"SearchAction","target":{"@type":"EntryPoint","urlTemplate":"https:\/\/aircraftrecovery.com\/de\/?s={search_term_string}"},"query-input":{"@type":"PropertyValueSpecification","valueRequired":true,"valueName":"search_term_string"}}],"inLanguage":"it-IT"},{"@type":"Organization","@id":"https:\/\/aircraftrecovery.com\/de\/#organization","name":"AMS Recupero aeromobili","alternateName":"AGE Logistics Corporation","url":"https:\/\/aircraftrecovery.com\/de\/","logo":{"@type":"ImageObject","inLanguage":"it-IT","@id":"https:\/\/aircraftrecovery.com\/de\/#\/schema\/logo\/image\/","url":"https:\/\/aircraftrecovery.com\/wp-content\/uploads\/cropped-AMS-icon-logo.png","contentUrl":"https:\/\/aircraftrecovery.com\/wp-content\/uploads\/cropped-AMS-icon-logo.png","width":512,"height":512,"caption":"AMS Aircraft Recovery"},"image":{"@id":"https:\/\/aircraftrecovery.com\/de\/#\/schema\/logo\/image\/"},"sameAs":["https:\/\/www.linkedin.com\/company\/ams-aircraft-recovery\/"]}]}},"_links":{"self":[{"href":"https:\/\/aircraftrecovery.com\/it\/wp-json\/wp\/v2\/pages\/2644","targetHints":{"allow":["GET"]}}],"collection":[{"href":"https:\/\/aircraftrecovery.com\/it\/wp-json\/wp\/v2\/pages"}],"about":[{"href":"https:\/\/aircraftrecovery.com\/it\/wp-json\/wp\/v2\/types\/page"}],"author":[{"embeddable":true,"href":"https:\/\/aircraftrecovery.com\/it\/wp-json\/wp\/v2\/users\/1"}],"replies":[{"embeddable":true,"href":"https:\/\/aircraftrecovery.com\/it\/wp-json\/wp\/v2\/comments?post=2644"}],"version-history":[{"count":10,"href":"https:\/\/aircraftrecovery.com\/it\/wp-json\/wp\/v2\/pages\/2644\/revisions"}],"predecessor-version":[{"id":5558,"href":"https:\/\/aircraftrecovery.com\/it\/wp-json\/wp\/v2\/pages\/2644\/revisions\/5558"}],"wp:featuredmedia":[{"embeddable":true,"href":"https:\/\/aircraftrecovery.com\/it\/wp-json\/wp\/v2\/media\/2729"}],"wp:attachment":[{"href":"https:\/\/aircraftrecovery.com\/it\/wp-json\/wp\/v2\/media?parent=2644"}],"wp:term":[{"taxonomy":"category","embeddable":true,"href":"https:\/\/aircraftrecovery.com\/it\/wp-json\/wp\/v2\/categories?post=2644"},{"taxonomy":"post_tag","embeddable":true,"href":"https:\/\/aircraftrecovery.com\/it\/wp-json\/wp\/v2\/tags?post=2644"}],"curies":[{"name":"wp","href":"https:\/\/api.w.org\/{rel}","templated":true}]}}