{"id":37,"date":"2023-01-29T23:09:35","date_gmt":"2023-01-29T23:09:35","guid":{"rendered":"https:\/\/dev.aircraftrecovery.com\/?page_id=37"},"modified":"2023-06-10T00:00:13","modified_gmt":"2023-06-10T00:00:13","slug":"privacy-policy","status":"publish","type":"page","link":"https:\/\/aircraftrecovery.com\/it\/privacy-policy\/","title":{"rendered":"Informativa sulla privacy"},"content":{"rendered":"<div data-elementor-type=\"wp-page\" data-elementor-id=\"37\" class=\"elementor elementor-37\" data-elementor-post-type=\"page\">\n\t\t\t\t\t\t<section class=\"elementor-section elementor-top-section elementor-element elementor-element-fd1cd15 elementor-section-boxed elementor-section-height-default elementor-section-height-default\" data-id=\"fd1cd15\" data-element_type=\"section\" data-e-type=\"section\">\n\t\t\t\t\t\t<div class=\"elementor-container elementor-column-gap-default\">\n\t\t\t\t\t<div class=\"elementor-column elementor-col-100 elementor-top-column elementor-element elementor-element-56e00af6\" data-id=\"56e00af6\" data-element_type=\"column\" data-e-type=\"column\">\n\t\t\t<div class=\"elementor-widget-wrap elementor-element-populated\">\n\t\t\t\t\t\t<div class=\"elementor-element elementor-element-8ce2ebc elementor-widget elementor-widget-heading\" data-id=\"8ce2ebc\" data-element_type=\"widget\" data-e-type=\"widget\" data-widget_type=\"heading.default\">\n\t\t\t\t<div class=\"elementor-widget-container\">\n\t\t\t\t\t<h2 class=\"elementor-heading-title elementor-size-default\">La nostra politica sulla privacy<\/h2>\t\t\t\t<\/div>\n\t\t\t\t<\/div>\n\t\t\t\t<div class=\"elementor-element elementor-element-4eb85e60 elementor-widget elementor-widget-text-editor\" data-id=\"4eb85e60\" data-element_type=\"widget\" data-e-type=\"widget\" data-widget_type=\"text-editor.default\">\n\t\t\t\t<div class=\"elementor-widget-container\">\n\t\t\t\t\t\t\t\t\t<p><\/p>\n<p><span style=\"color: var( --e-global-color-f5164e3 );\"> La presente informativa sulla privacy spiega come AMS Aircraft Recovery Ltd e AGE Logistics Corporation d.b.a. AMS Aircraft Recovery utilizzano i dati personali raccolti dall'utente quando utilizza il nostro sito web.<\/span>\u00a0 L'indirizzo del nostro sito web \u00e8: http:\/\/aircraftrecovery.com.<\/p>\n<p><strong>Argomenti:<\/strong><\/p>\n<ul>\n<li>Quali dati raccogliamo?<\/li>\n<li>Come raccogliamo i vostri dati?<\/li>\n<li>Come utilizzeremo i vostri dati?<\/li>\n<li>Come conserviamo i vostri dati?<\/li>\n<li>Marketing<\/li>\n<li>Quali sono i vostri diritti in materia di protezione dei dati?<\/li>\n<li>Cosa sono i cookie e come li utilizziamo?<\/li>\n<li>Quali tipi di cookie utilizziamo?<\/li>\n<li>Come gestire i cookie<\/li>\n<li>Politiche sulla privacy di altri siti web<\/li>\n<li>Modifiche alla nostra politica sulla privacy<\/li>\n<li>Come contattarci<\/li>\n<li>Come contattare le autorit\u00e0 competenti<\/li>\n<\/ul>\n<div>\u00a0<\/div>\n<p><strong>Quali dati raccogliamo?<\/strong><\/p>\n<p>La nostra azienda raccoglie i seguenti dati: Informazioni di identificazione personale (nome, ragione sociale, indirizzo e-mail, numero di telefono, richieste di informazioni, ecc.)  Raccogliamo inoltre informazioni sul dispositivo dell'utente e sul suo utilizzo dei nostri siti web o delle nostre e-mail (come gli indirizzi IP o altri identificatori),<br \/><br \/><strong>Come raccogliamo i vostri dati?<br \/><\/strong><br \/>Siete voi a fornire direttamente alla nostra azienda la maggior parte dei dati che raccogliamo. Raccogliamo ed elaboriamo i dati quando:<\/p>\n<ul>\n<li>Inviate il modulo Contatta AMS Aircraft Recovery sul nostro sito web.<\/li>\n<li>Completare volontariamente un sondaggio sui clienti o fornire un feedback su una qualsiasi delle nostre pagine di social media o via e-mail.<\/li>\n<li>Utilizzare o visualizzare il nostro sito web tramite i cookie del vostro browser.<br \/><br \/><\/li>\n<\/ul>\n<p>La nostra Societ\u00e0 pu\u00f2 ricevere i vostri dati anche indirettamente dalle seguenti fonti:<\/p>\n<ul>\n<li>Elenchi commerciali<\/li>\n<li>Fiere \/ esposizioni<\/li>\n<li>Societ\u00e0 professionali e conferenze<br \/><br \/><\/li>\n<\/ul>\n<p><strong>Come utilizzeremo i vostri dati?<br \/><br \/><\/strong>La nostra azienda raccoglie i vostri dati per poter:<\/p>\n<ul>\n<li>Elaborare l'ordine e gestire l'account.<\/li>\n<li>Contattarvi telefonicamente o via e-mail in merito ai vostri ordini.<\/li>\n<li>Inviarvi via e-mail informazioni su prodotti o servizi che avete acquistato o per i quali avete espresso interesse, o su prodotti e servizi correlati.<\/li>\n<li>Inviare occasionalmente newsletter che riteniamo possano essere di vostro interesse.  L'utente pu\u00f2 rinunciare in qualsiasi momento.<\/li>\n<\/ul>\n<p><br \/>Quando la Nostra Societ\u00e0 elabora l'ordine dell'utente, pu\u00f2 inviare richieste di informazioni e raccogliere informazioni da agenzie governative e di riferimento creditizio per conformarsi alle normative vigenti e per prevenire acquisti fraudolenti.<\/p>\n<p><strong>Come conserviamo i vostri dati?<br \/><\/strong><br \/>La nostra Societ\u00e0 archivia in modo sicuro i dati degli utenti presso i propri uffici negli Stati Uniti e nel Regno Unito.   Utilizziamo un ambiente server sicuro che utilizza un firewall e altre tecnologie avanzate per prevenire interferenze o accessi da parte di intrusi esterni.  I dati dei clienti sono memorizzati su dispositivi di archiviazione criptati su server, desktop e laptop.  I backup dei dati dei clienti sono criptati. Utilizziamo anche servizi di cloud storage di Google per l'archiviazione di e-mail e file.  Tutti i dati vengono crittografati durante il transito e l'archiviazione.  Utilizziamo un sistema di gestione delle relazioni con i clienti di Salesforce.  Tutti i dati dei clienti sono crittografati in transito e a riposo.<\/p>\n<p>La nostra azienda conserver\u00e0 i dati dei clienti e degli ordini per vari periodi, come richiesto dalle agenzie di regolamentazione.   Metadati quali il tipo di browser, il sistema operativo e l'indirizzo IP vengono automaticamente memorizzati in file di log.  Questi file vengono conservati per un periodo massimo di due anni e poi vengono eliminati.\u00a0<\/p>\n<p><strong>Marketing<br \/><\/strong><br \/>La nostra azienda desidera inviarvi informazioni su prodotti e servizi che riteniamo possano essere di vostro interesse.  Se l'utente ha acconsentito a ricevere comunicazioni di marketing, pu\u00f2 sempre rinunciare in un secondo momento.<\/p>\n<p>Avete il diritto di impedire in qualsiasi momento che la nostra azienda vi contatti per scopi di marketing o che fornisca i vostri dati ad altri membri del gruppo Our Company.<\/p>\n<p><strong>Quali sono i vostri diritti in materia di protezione dei dati?<br \/><\/strong><br \/>La nostra azienda desidera assicurarsi che l'utente sia pienamente consapevole di tutti i suoi diritti in materia di protezione dei dati. Ogni utente ha diritto a quanto segue:<\/p>\n<ul>\n<li>Diritto di accesso - L'utente ha il diritto di richiedere alla nostra azienda copie dei propri dati personali.<\/li>\n<li>Diritto di rettifica - L'utente ha il diritto di chiedere alla nostra azienda di correggere le informazioni che ritiene inesatte. Avete anche il diritto di chiedere alla nostra azienda di completare le informazioni che ritenete incomplete.<\/li>\n<li>Diritto alla cancellazione - L'utente ha il diritto di richiedere alla nostra azienda la cancellazione dei propri dati personali, a determinate condizioni.<\/li>\n<li>Diritto di limitare l'elaborazione - L'utente ha il diritto di chiedere alla nostra azienda di limitare l'elaborazione dei suoi dati personali, a determinate condizioni.<\/li>\n<li>Diritto di opporsi al trattamento - Avete il diritto di opporvi al trattamento dei vostri dati personali da parte della nostra azienda, a determinate condizioni.<\/li>\n<li>Diritto alla portabilit\u00e0 dei dati - L'utente ha il diritto di richiedere che la nostra azienda trasferisca i dati raccolti a un'altra organizzazione o direttamente all'utente, a determinate condizioni.<\/li>\n<\/ul>\n<p>In caso di richiesta, abbiamo un mese di tempo per rispondere. Se desiderate esercitare uno di questi diritti, contattateci:<\/p>\n<ul>\n<li>utilizzando il sito web <a href=\"https:\/\/aircraftrecovery.com\/it\/contact-us\/\">Modulo di contatto<\/a><\/li>\n<li>Chiamateci nel Regno Unito: +44 20 3289 9320 o US: +1 626 243 5253<\/li>\n<li>Oppure scriveteci:\n<ul>\n<li>\n<p>AMS Aircraft Recovery Ltd<br \/>Aeroporto di Farnborough, Farnborough<br \/>Hampshire GU14 7JF, Regno Unito<\/p>\n<\/li>\n<li>\n<p>AGE Logistics Corp.<br \/>426 Strada Duarte Est<br \/>Monrovia, CA 91016 USA<\/p>\n<\/li>\n<\/ul>\n<\/li>\n<\/ul>\n<p><strong>Biscotti<br \/><\/strong><br \/>I cookie sono file di testo installati sul computer dell'utente per raccogliere informazioni di registro standard su Internet e informazioni sul comportamento dei visitatori. Quando visitate i nostri siti web, possiamo raccogliere automaticamente informazioni da voi attraverso i cookie o tecnologie simili.<\/p>\n<p>Come utilizziamo i cookie?<br \/><br \/>La nostra azienda utilizza i cookie in diversi modi per migliorare la vostra esperienza sul nostro sito web, anche per capire come utilizzate il nostro sito.  Esistono diversi tipi di cookie, tuttavia il nostro sito web utilizza:<\/p>\n<p>Funzionalit\u00e0 - La nostra azienda utilizza questi cookie per riconoscere l'utente sul nostro sito web e ricordare le preferenze selezionate in precedenza. Queste possono includere la lingua preferita e la localit\u00e0 in cui vi trovate.\u00a0<\/p>\n<p>Analytics - La nostra azienda utilizza questi cookie e snippet di codice per misurare il numero di visitatori che utilizzano il sito web, i tipi di browser che utilizzano e la posizione da cui viene effettuata la visita.<br \/><br \/>Come gestire i cookie<br \/>\u00c8 possibile impostare il proprio browser in modo che non accetti i cookie.  Il nostro sito web dovrebbe funzionare normalmente ma non sempre con questa impostazione.<\/p>\n<p><strong>Politiche sulla privacy di altri siti web<br \/><\/strong><br \/>Il sito web AircraftRecovery.comy contiene collegamenti ad altri siti web. La nostra politica sulla privacy si applica solo al nostro sito web, quindi se si fa clic su un link a un altro sito web, \u00e8 necessario leggere la sua politica sulla privacy.<\/p>\n<p><strong>Modifiche alla nostra politica sulla privacy<br \/><\/strong><br \/>La nostra azienda sottopone a regolare revisione la propria politica sulla privacy e pubblica gli eventuali aggiornamenti su questa pagina web. L'ultimo aggiornamento della presente informativa sulla privacy risale al 30 gennaio 2023.<\/p>\n<p><strong>Come contattarci<br \/><\/strong><br \/>Se avete domande sulla politica sulla privacy della nostra azienda, sui dati in nostro possesso o se volete esercitare uno dei vostri diritti di protezione dei dati, non esitate a contattarci.<\/p>\n<ul>\n<li>utilizzando il sito web <a href=\"https:\/\/aircraftrecovery.com\/it\/contact-us\/\">Modulo di contatto<\/a><\/li>\n<li>Chiamateci nel Regno Unito: +44 20 3289 9320 o US: +1 626 243 5253<\/li>\n<li>Oppure scriveteci:\n<ul>\n<li>\n<p>AMS Aircraft Recovery Ltd<br \/>Aeroporto di Farnborough, Farnborough<br \/>Hampshire GU14 7JF, Regno Unito<\/p>\n<\/li>\n<li>\n<p>AGE Logistics Corp.<br \/>426 Strada Duarte Est<br \/>Monrovia, CA 91016 USA<\/p>\n<\/li>\n<\/ul>\n<\/li>\n<\/ul>\n<p><strong>Come contattare l'autorit\u00e0 competente<br \/><\/strong><\/p>\n<p>UE<\/p>\n<p>Se desiderate segnalare un reclamo o se ritenete che la Nostra Societ\u00e0 non abbia affrontato il vostro problema in modo soddisfacente, potete contattare l'Autorit\u00e0 per la protezione dei dati nello Stato membro dell'UE in cui ha sede la vostra societ\u00e0\/organizzazione.  L'elenco delle autorit\u00e0 di protezione dei dati \u00e8 disponibile al seguente indirizzo <a href=\"https:\/\/edpb.europa.eu\/about-edpb\/about-edpb\/members_en\">https:\/\/edpb.europa.eu\/about-edpb\/about-edpb\/members_en<\/a>.<\/p>\n<p>California\u00a0<\/p>\n<p>La legge sulla privacy dei consumatori della California (CCPA) prevede diritti specifici sulla privacy dei dati per i residenti in California.  I residenti in California possono contattare l'ufficio del Procuratore Generale della California <a href=\"https:\/\/oag.ca.gov\/privacy\/ccpa\">https:\/\/oag.ca.gov\/privacy\/ccpa<\/a><\/p>\n<p>Commissione federale del commercio<\/p>\n<p><a href=\"https:\/\/www.ftc.gov\/news-events\/topics\/protecting-consumer-privacy-security\">https:\/\/www.ftc.gov\/news-events\/topics\/protecting-consumer-privacy-security<\/a><\/p>\n<p>\u00a0<\/p>\n<p><\/p>\t\t\t\t\t\t\t\t<\/div>\n\t\t\t\t<\/div>\n\t\t\t\t\t<\/div>\n\t\t<\/div>\n\t\t\t\t\t<\/div>\n\t\t<\/section>\n\t\t\t\t<\/div>","protected":false},"excerpt":{"rendered":"<p>Our Company Privacy Policy This privacy policy will explain how AMS Aircraft Recovery Ltd and AGE Logistics Corporation d.b.a. AMS Aircraft Recovery use the personal data we collect from you when you use our website.\u00a0 Our website address is: http:\/\/aircraftrecovery.com. Topics: What data do we collect? How do we collect your data? How will we [&hellip;]<\/p>\n","protected":false},"author":1,"featured_media":0,"parent":0,"menu_order":0,"comment_status":"closed","ping_status":"closed","template":"","meta":{"footnotes":""},"categories":[],"tags":[],"class_list":["post-37","page","type-page","status-publish","hentry"],"yoast_head":"<!-- This site is optimized with the Yoast SEO Premium plugin v27.5 (Yoast SEO v27.5) - https:\/\/yoast.com\/product\/yoast-seo-premium-wordpress\/ -->\n<title>Privacy Policy - AMS Aircraft Recovery<\/title>\n<meta name=\"robots\" content=\"index, follow, max-snippet:-1, max-image-preview:large, max-video-preview:-1\" \/>\n<link rel=\"canonical\" href=\"https:\/\/aircraftrecovery.com\/it\/privacy-policy\/\" \/>\n<meta property=\"og:locale\" content=\"it_IT\" \/>\n<meta property=\"og:type\" content=\"article\" \/>\n<meta property=\"og:title\" content=\"Privacy Policy\" \/>\n<meta property=\"og:description\" content=\"Our Company Privacy Policy This privacy policy will explain how AMS Aircraft Recovery Ltd and AGE Logistics Corporation d.b.a. AMS Aircraft Recovery use the personal data we collect from you when you use our website.\u00a0 Our website address is: http:\/\/aircraftrecovery.com. Topics: What data do we collect? How do we collect your data? How will we [&hellip;]\" \/>\n<meta property=\"og:url\" content=\"https:\/\/aircraftrecovery.com\/it\/privacy-policy\/\" \/>\n<meta property=\"og:site_name\" content=\"AMS Aircraft Recovery\" \/>\n<meta property=\"article:modified_time\" content=\"2023-06-10T00:00:13+00:00\" \/>\n<meta name=\"twitter:card\" content=\"summary_large_image\" \/>\n<script type=\"application\/ld+json\" class=\"yoast-schema-graph\">{\"@context\":\"https:\\\/\\\/schema.org\",\"@graph\":[{\"@type\":\"WebPage\",\"@id\":\"https:\\\/\\\/aircraftrecovery.com\\\/privacy-policy\\\/\",\"url\":\"https:\\\/\\\/aircraftrecovery.com\\\/privacy-policy\\\/\",\"name\":\"Privacy Policy - AMS Aircraft Recovery\",\"isPartOf\":{\"@id\":\"https:\\\/\\\/aircraftrecovery.com\\\/de\\\/#website\"},\"datePublished\":\"2023-01-29T23:09:35+00:00\",\"dateModified\":\"2023-06-10T00:00:13+00:00\",\"breadcrumb\":{\"@id\":\"https:\\\/\\\/aircraftrecovery.com\\\/privacy-policy\\\/#breadcrumb\"},\"inLanguage\":\"it-IT\",\"potentialAction\":[{\"@type\":\"ReadAction\",\"target\":[\"https:\\\/\\\/aircraftrecovery.com\\\/privacy-policy\\\/\"]}]},{\"@type\":\"BreadcrumbList\",\"@id\":\"https:\\\/\\\/aircraftrecovery.com\\\/privacy-policy\\\/#breadcrumb\",\"itemListElement\":[{\"@type\":\"ListItem\",\"position\":1,\"name\":\"Home\",\"item\":\"https:\\\/\\\/aircraftrecovery.com\\\/\"},{\"@type\":\"ListItem\",\"position\":2,\"name\":\"Privacy Policy\"}]},{\"@type\":\"WebSite\",\"@id\":\"https:\\\/\\\/aircraftrecovery.com\\\/de\\\/#website\",\"url\":\"https:\\\/\\\/aircraftrecovery.com\\\/de\\\/\",\"name\":\"AMS Aircraft Recovery\",\"description\":\"LIFTING - TOWING - TRANSPORT - TRAINING\",\"publisher\":{\"@id\":\"https:\\\/\\\/aircraftrecovery.com\\\/de\\\/#organization\"},\"potentialAction\":[{\"@type\":\"SearchAction\",\"target\":{\"@type\":\"EntryPoint\",\"urlTemplate\":\"https:\\\/\\\/aircraftrecovery.com\\\/de\\\/?s={search_term_string}\"},\"query-input\":{\"@type\":\"PropertyValueSpecification\",\"valueRequired\":true,\"valueName\":\"search_term_string\"}}],\"inLanguage\":\"it-IT\"},{\"@type\":\"Organization\",\"@id\":\"https:\\\/\\\/aircraftrecovery.com\\\/de\\\/#organization\",\"name\":\"AMS Aircraft Recovery\",\"alternateName\":\"AGE Logistics Corporation\",\"url\":\"https:\\\/\\\/aircraftrecovery.com\\\/de\\\/\",\"logo\":{\"@type\":\"ImageObject\",\"inLanguage\":\"it-IT\",\"@id\":\"https:\\\/\\\/aircraftrecovery.com\\\/de\\\/#\\\/schema\\\/logo\\\/image\\\/\",\"url\":\"https:\\\/\\\/aircraftrecovery.com\\\/wp-content\\\/uploads\\\/cropped-AMS-icon-logo.png\",\"contentUrl\":\"https:\\\/\\\/aircraftrecovery.com\\\/wp-content\\\/uploads\\\/cropped-AMS-icon-logo.png\",\"width\":512,\"height\":512,\"caption\":\"AMS Aircraft Recovery\"},\"image\":{\"@id\":\"https:\\\/\\\/aircraftrecovery.com\\\/de\\\/#\\\/schema\\\/logo\\\/image\\\/\"},\"sameAs\":[\"https:\\\/\\\/www.linkedin.com\\\/company\\\/ams-aircraft-recovery\\\/\"]}]}<\/script>\n<!-- \/ Yoast SEO Premium plugin. -->","yoast_head_json":{"title":"Informativa sulla privacy - AMS Aircraft Recovery","robots":{"index":"index","follow":"follow","max-snippet":"max-snippet:-1","max-image-preview":"max-image-preview:large","max-video-preview":"max-video-preview:-1"},"canonical":"https:\/\/aircraftrecovery.com\/it\/privacy-policy\/","og_locale":"it_IT","og_type":"article","og_title":"Privacy Policy","og_description":"Our Company Privacy Policy This privacy policy will explain how AMS Aircraft Recovery Ltd and AGE Logistics Corporation d.b.a. AMS Aircraft Recovery use the personal data we collect from you when you use our website.\u00a0 Our website address is: http:\/\/aircraftrecovery.com. Topics: What data do we collect? How do we collect your data? How will we [&hellip;]","og_url":"https:\/\/aircraftrecovery.com\/it\/privacy-policy\/","og_site_name":"AMS Aircraft Recovery","article_modified_time":"2023-06-10T00:00:13+00:00","twitter_card":"summary_large_image","schema":{"@context":"https:\/\/schema.org","@graph":[{"@type":"WebPage","@id":"https:\/\/aircraftrecovery.com\/privacy-policy\/","url":"https:\/\/aircraftrecovery.com\/privacy-policy\/","name":"Informativa sulla privacy - AMS Aircraft Recovery","isPartOf":{"@id":"https:\/\/aircraftrecovery.com\/de\/#website"},"datePublished":"2023-01-29T23:09:35+00:00","dateModified":"2023-06-10T00:00:13+00:00","breadcrumb":{"@id":"https:\/\/aircraftrecovery.com\/privacy-policy\/#breadcrumb"},"inLanguage":"it-IT","potentialAction":[{"@type":"ReadAction","target":["https:\/\/aircraftrecovery.com\/privacy-policy\/"]}]},{"@type":"BreadcrumbList","@id":"https:\/\/aircraftrecovery.com\/privacy-policy\/#breadcrumb","itemListElement":[{"@type":"ListItem","position":1,"name":"Home","item":"https:\/\/aircraftrecovery.com\/"},{"@type":"ListItem","position":2,"name":"Privacy Policy"}]},{"@type":"WebSite","@id":"https:\/\/aircraftrecovery.com\/de\/#website","url":"https:\/\/aircraftrecovery.com\/de\/","name":"AMS Recupero aeromobili","description":"SOLLEVAMENTO - TRAINO - TRASPORTO - FORMAZIONE","publisher":{"@id":"https:\/\/aircraftrecovery.com\/de\/#organization"},"potentialAction":[{"@type":"SearchAction","target":{"@type":"EntryPoint","urlTemplate":"https:\/\/aircraftrecovery.com\/de\/?s={search_term_string}"},"query-input":{"@type":"PropertyValueSpecification","valueRequired":true,"valueName":"search_term_string"}}],"inLanguage":"it-IT"},{"@type":"Organization","@id":"https:\/\/aircraftrecovery.com\/de\/#organization","name":"AMS Recupero aeromobili","alternateName":"AGE Logistics Corporation","url":"https:\/\/aircraftrecovery.com\/de\/","logo":{"@type":"ImageObject","inLanguage":"it-IT","@id":"https:\/\/aircraftrecovery.com\/de\/#\/schema\/logo\/image\/","url":"https:\/\/aircraftrecovery.com\/wp-content\/uploads\/cropped-AMS-icon-logo.png","contentUrl":"https:\/\/aircraftrecovery.com\/wp-content\/uploads\/cropped-AMS-icon-logo.png","width":512,"height":512,"caption":"AMS Aircraft Recovery"},"image":{"@id":"https:\/\/aircraftrecovery.com\/de\/#\/schema\/logo\/image\/"},"sameAs":["https:\/\/www.linkedin.com\/company\/ams-aircraft-recovery\/"]}]}},"_links":{"self":[{"href":"https:\/\/aircraftrecovery.com\/it\/wp-json\/wp\/v2\/pages\/37","targetHints":{"allow":["GET"]}}],"collection":[{"href":"https:\/\/aircraftrecovery.com\/it\/wp-json\/wp\/v2\/pages"}],"about":[{"href":"https:\/\/aircraftrecovery.com\/it\/wp-json\/wp\/v2\/types\/page"}],"author":[{"embeddable":true,"href":"https:\/\/aircraftrecovery.com\/it\/wp-json\/wp\/v2\/users\/1"}],"replies":[{"embeddable":true,"href":"https:\/\/aircraftrecovery.com\/it\/wp-json\/wp\/v2\/comments?post=37"}],"version-history":[{"count":0,"href":"https:\/\/aircraftrecovery.com\/it\/wp-json\/wp\/v2\/pages\/37\/revisions"}],"wp:attachment":[{"href":"https:\/\/aircraftrecovery.com\/it\/wp-json\/wp\/v2\/media?parent=37"}],"wp:term":[{"taxonomy":"category","embeddable":true,"href":"https:\/\/aircraftrecovery.com\/it\/wp-json\/wp\/v2\/categories?post=37"},{"taxonomy":"post_tag","embeddable":true,"href":"https:\/\/aircraftrecovery.com\/it\/wp-json\/wp\/v2\/tags?post=37"}],"curies":[{"name":"wp","href":"https:\/\/api.w.org\/{rel}","templated":true}]}}